{"id":11247,"date":"2026-04-22T13:30:07","date_gmt":"2026-04-22T13:30:07","guid":{"rendered":"https:\/\/www.gero.lu\/produit\/mh-kinaesthetics-grundkurs"},"modified":"2026-04-22T13:30:07","modified_gmt":"2026-04-22T13:30:07","slug":"mh-kinaesthetics-grundkurs","status":"publish","type":"product","link":"https:\/\/www.gero.lu\/de\/produit\/mh-kinaesthetics-grundkurs","title":{"rendered":"MH Kinaesthetics &#8211; Grundkurs"},"content":{"rendered":"<p>W\u00e4hrend dieser Fortbildungstage werden Sie Konzepte kennenlernen, die Kinaesthetics f\u00fcr Ihre Bewegungskompetenz und Gesundheitsentwicklung bietet. Sie lernen, Ihren eigenen Bewegungsspielraum im Arbeitsalltag zu erkennen und zu erweitern \u2013 dabei ist keine besondere Bewegungsf\u00e4higkeit erforderlich. <\/p>\n<p>Zudem erfahren Sie, wie Sie Ihre Bewegungen an die Bed\u00fcrfnisse und M\u00f6glichkeiten hilfsbed\u00fcrftiger \u00e4lterer Menschen anpassen k\u00f6nnen. Ein zentraler Aspekt ist der Umgang mit Gewicht: Sie entdecken neue Wege, um das Heben und Manipulieren zu meiden, den K\u00f6rper gezielt und leicht einzusetzen oder sanfte, begleitende Bewegungen zu nutzen. <\/p>\n<p>Das Lernen in Kinaesthetics-Kursen beginnt mit dem \u201eAchten auf sich selbst\u201c \u2013 durch eigene Erfahrungen und aktives Tun. Diese ungewohnte Art, Bewegung und Lernen zu verkn\u00fcpfen, erm\u00f6glicht es Ihnen, Ihre Annahmen \u00fcber Gesundheit bei sich selbst und bei hilfsbed\u00fcrftigen Menschen zu reflektieren und gegebenenfalls anzupassen. Sie vertiefen das Verst\u00e4ndnis f\u00fcr die Rolle der eigenen Bewegung in Gesundheits- und Lernprozessen und entwickeln Ihre Bewegungssensibilit\u00e4t sowie Handlings-Kompetenz im Umgang mit Bewohnern.<\/p>\n<p>Zielgruppe : Aide Socio-Familiale, Auxiliaire de Vie, Ergotherapeut*in, Erzieher*in, Krankenpfleger*in, Krankenpflegerhelfer*in, Physiotherapeut*in, Psycholog*in und andere relevante Berufsgruppen<\/p>\n","protected":false},"excerpt":{"rendered":"<p>W\u00e4hrend dieser Fortbildungstage werden Sie Konzepte kennenlernen, die Kinaesthetics f\u00fcr Ihre Bewegungskompetenz und Gesundheitsentwicklung bietet. Sie lernen, Ihren eigenen Bewegungsspielraum im Arbeitsalltag zu erkennen und zu erweitern \u2013 dabei ist keine besondere Bewegungsf\u00e4higkeit erforderlich. Zudem erfahren Sie, wie Sie Ihre Bewegungen an die Bed\u00fcrfnisse und M\u00f6glichkeiten hilfsbed\u00fcrftiger \u00e4lterer Menschen anpassen k\u00f6nnen. Ein zentraler Aspekt ist [&hellip;]<\/p>\n","protected":false},"featured_media":0,"comment_status":"","ping_status":"closed","template":"","meta":{"_acf_changed":false,"inline_featured_image":false},"product_brand":[],"product_cat":[239],"product_tag":[237],"class_list":{"0":"post-11247","1":"product","2":"type-product","3":"status-publish","5":"product_cat-cours-pro","6":"product_tag-soins-encadrement-therapie-pro","8":"first","9":"instock","10":"virtual","11":"purchasable","12":"product-type-simple"},"acf":[],"yoast_head":"<!-- This site is optimized with the Yoast SEO Premium plugin v27.4 (Yoast SEO v27.5) - https:\/\/yoast.com\/product\/yoast-seo-premium-wordpress\/ -->\n<title>MH Kinaesthetics - Grundkurs - GERO<\/title>\n<meta name=\"robots\" content=\"index, follow, max-snippet:-1, max-image-preview:large, max-video-preview:-1\" \/>\n<link rel=\"canonical\" href=\"https:\/\/www.gero.lu\/de\/produit\/mh-kinaesthetics-grundkurs\" \/>\n<meta property=\"og:locale\" content=\"de_DE\" \/>\n<meta property=\"og:type\" content=\"article\" \/>\n<meta property=\"og:title\" content=\"MH Kinaesthetics - Grundkurs\" \/>\n<meta property=\"og:description\" content=\"W\u00e4hrend dieser Fortbildungstage werden Sie Konzepte kennenlernen, die Kinaesthetics f\u00fcr Ihre Bewegungskompetenz und Gesundheitsentwicklung bietet. Sie lernen, Ihren eigenen Bewegungsspielraum im Arbeitsalltag zu erkennen und zu erweitern \u2013 dabei ist keine besondere Bewegungsf\u00e4higkeit erforderlich. Zudem erfahren Sie, wie Sie Ihre Bewegungen an die Bed\u00fcrfnisse und M\u00f6glichkeiten hilfsbed\u00fcrftiger \u00e4lterer Menschen anpassen k\u00f6nnen. Ein zentraler Aspekt ist [&hellip;]\" \/>\n<meta property=\"og:url\" content=\"https:\/\/www.gero.lu\/de\/produit\/mh-kinaesthetics-grundkurs\" \/>\n<meta property=\"og:site_name\" content=\"GERO\" \/>\n<meta property=\"article:publisher\" content=\"https:\/\/www.facebook.com\/Kompetenzzenter\/\" \/>\n<meta property=\"og:image\" content=\"https:\/\/www.gero.lu\/wp-content\/uploads\/2021\/08\/gettyimages-1135289130-2048x2048_RET-1.jpg\" \/>\n\t<meta property=\"og:image:width\" content=\"1227\" \/>\n\t<meta property=\"og:image:height\" content=\"802\" \/>\n\t<meta property=\"og:image:type\" content=\"image\/jpeg\" \/>\n<meta name=\"twitter:card\" content=\"summary_large_image\" \/>\n<meta name=\"twitter:label1\" content=\"Gesch\u00e4tzte Lesezeit\" \/>\n\t<meta name=\"twitter:data1\" content=\"1\u00a0Minute\" \/>\n<script type=\"application\/ld+json\" class=\"yoast-schema-graph\">{\"@context\":\"https:\\\/\\\/schema.org\",\"@graph\":[{\"@type\":\"WebPage\",\"@id\":\"https:\\\/\\\/www.gero.lu\\\/de\\\/produit\\\/mh-kinaesthetics-grundkurs\",\"url\":\"https:\\\/\\\/www.gero.lu\\\/de\\\/produit\\\/mh-kinaesthetics-grundkurs\",\"name\":\"MH Kinaesthetics - Grundkurs - GERO\",\"isPartOf\":{\"@id\":\"https:\\\/\\\/www.gero.lu\\\/de\\\/#website\"},\"datePublished\":\"2026-04-22T13:30:07+00:00\",\"breadcrumb\":{\"@id\":\"https:\\\/\\\/www.gero.lu\\\/de\\\/produit\\\/mh-kinaesthetics-grundkurs#breadcrumb\"},\"inLanguage\":\"de\",\"potentialAction\":[{\"@type\":\"ReadAction\",\"target\":[[\"https:\\\/\\\/www.gero.lu\\\/de\\\/produit\\\/mh-kinaesthetics-grundkurs\"]]}]},{\"@type\":\"BreadcrumbList\",\"@id\":\"https:\\\/\\\/www.gero.lu\\\/de\\\/produit\\\/mh-kinaesthetics-grundkurs#breadcrumb\",\"itemListElement\":[{\"@type\":\"ListItem\",\"position\":1,\"name\":\"Accueil\",\"item\":\"https:\\\/\\\/www.gero.lu\\\/de\\\/\"},{\"@type\":\"ListItem\",\"position\":2,\"name\":\"Shop\",\"item\":\"https:\\\/\\\/www.gero.lu\\\/de\\\/shop\"},{\"@type\":\"ListItem\",\"position\":3,\"name\":\"MH Kinaesthetics &#8211; Grundkurs\"}]},{\"@type\":\"WebSite\",\"@id\":\"https:\\\/\\\/www.gero.lu\\\/de\\\/#website\",\"url\":\"https:\\\/\\\/www.gero.lu\\\/de\\\/\",\"name\":\"Gero\",\"description\":\"Kompetenzzenter fir den Alter\",\"publisher\":{\"@id\":\"https:\\\/\\\/www.gero.lu\\\/de\\\/#organization\"},\"potentialAction\":[{\"@type\":\"SearchAction\",\"target\":{\"@type\":\"EntryPoint\",\"urlTemplate\":\"https:\\\/\\\/www.gero.lu\\\/de\\\/?s={search_term_string}\"},\"query-input\":{\"@type\":\"PropertyValueSpecification\",\"valueRequired\":true,\"valueName\":\"search_term_string\"}}],\"inLanguage\":\"de\"},{\"@type\":\"Organization\",\"@id\":\"https:\\\/\\\/www.gero.lu\\\/de\\\/#organization\",\"name\":\"Gero\",\"url\":\"https:\\\/\\\/www.gero.lu\\\/de\\\/\",\"logo\":{\"@type\":\"ImageObject\",\"inLanguage\":\"de\",\"@id\":\"https:\\\/\\\/www.gero.lu\\\/de\\\/#\\\/schema\\\/logo\\\/image\\\/\",\"url\":\"https:\\\/\\\/www.gero.lu\\\/wp-content\\\/uploads\\\/2024\\\/04\\\/logo.svg\",\"contentUrl\":\"https:\\\/\\\/www.gero.lu\\\/wp-content\\\/uploads\\\/2024\\\/04\\\/logo.svg\",\"width\":76,\"height\":30,\"caption\":\"Gero\"},\"image\":{\"@id\":\"https:\\\/\\\/www.gero.lu\\\/de\\\/#\\\/schema\\\/logo\\\/image\\\/\"},\"sameAs\":[\"https:\\\/\\\/www.facebook.com\\\/Kompetenzzenter\\\/\",\"https:\\\/\\\/www.instagram.com\\\/gero.kompetenzzenter\\\/\",\"https:\\\/\\\/linkedin.com\\\/company\\\/gero-kompetenzzenter-fir-den-alter\",\"https:\\\/\\\/www.youtube.com\\\/channel\\\/UCJvmJYSeHh3dYQsLHZupj-Q\"]}]}<\/script>\n<!-- \/ Yoast SEO Premium plugin. -->","yoast_head_json":{"title":"MH Kinaesthetics - Grundkurs - GERO","robots":{"index":"index","follow":"follow","max-snippet":"max-snippet:-1","max-image-preview":"max-image-preview:large","max-video-preview":"max-video-preview:-1"},"canonical":"https:\/\/www.gero.lu\/de\/produit\/mh-kinaesthetics-grundkurs","og_locale":"de_DE","og_type":"article","og_title":"MH Kinaesthetics - Grundkurs","og_description":"W\u00e4hrend dieser Fortbildungstage werden Sie Konzepte kennenlernen, die Kinaesthetics f\u00fcr Ihre Bewegungskompetenz und Gesundheitsentwicklung bietet. Sie lernen, Ihren eigenen Bewegungsspielraum im Arbeitsalltag zu erkennen und zu erweitern \u2013 dabei ist keine besondere Bewegungsf\u00e4higkeit erforderlich. Zudem erfahren Sie, wie Sie Ihre Bewegungen an die Bed\u00fcrfnisse und M\u00f6glichkeiten hilfsbed\u00fcrftiger \u00e4lterer Menschen anpassen k\u00f6nnen. Ein zentraler Aspekt ist [&hellip;]","og_url":"https:\/\/www.gero.lu\/de\/produit\/mh-kinaesthetics-grundkurs","og_site_name":"GERO","article_publisher":"https:\/\/www.facebook.com\/Kompetenzzenter\/","og_image":[{"width":1227,"height":802,"url":"https:\/\/www.gero.lu\/wp-content\/uploads\/2021\/08\/gettyimages-1135289130-2048x2048_RET-1.jpg","type":"image\/jpeg"}],"twitter_card":"summary_large_image","twitter_misc":{"Gesch\u00e4tzte Lesezeit":"1\u00a0Minute"},"schema":{"@context":"https:\/\/schema.org","@graph":[{"@type":"WebPage","@id":"https:\/\/www.gero.lu\/de\/produit\/mh-kinaesthetics-grundkurs","url":"https:\/\/www.gero.lu\/de\/produit\/mh-kinaesthetics-grundkurs","name":"MH Kinaesthetics - Grundkurs - GERO","isPartOf":{"@id":"https:\/\/www.gero.lu\/de\/#website"},"datePublished":"2026-04-22T13:30:07+00:00","breadcrumb":{"@id":"https:\/\/www.gero.lu\/de\/produit\/mh-kinaesthetics-grundkurs#breadcrumb"},"inLanguage":"de","potentialAction":[{"@type":"ReadAction","target":[["https:\/\/www.gero.lu\/de\/produit\/mh-kinaesthetics-grundkurs"]]}]},{"@type":"BreadcrumbList","@id":"https:\/\/www.gero.lu\/de\/produit\/mh-kinaesthetics-grundkurs#breadcrumb","itemListElement":[{"@type":"ListItem","position":1,"name":"Accueil","item":"https:\/\/www.gero.lu\/de\/"},{"@type":"ListItem","position":2,"name":"Shop","item":"https:\/\/www.gero.lu\/de\/shop"},{"@type":"ListItem","position":3,"name":"MH Kinaesthetics &#8211; Grundkurs"}]},{"@type":"WebSite","@id":"https:\/\/www.gero.lu\/de\/#website","url":"https:\/\/www.gero.lu\/de\/","name":"Gero","description":"Kompetenzzenter fir den Alter","publisher":{"@id":"https:\/\/www.gero.lu\/de\/#organization"},"potentialAction":[{"@type":"SearchAction","target":{"@type":"EntryPoint","urlTemplate":"https:\/\/www.gero.lu\/de\/?s={search_term_string}"},"query-input":{"@type":"PropertyValueSpecification","valueRequired":true,"valueName":"search_term_string"}}],"inLanguage":"de"},{"@type":"Organization","@id":"https:\/\/www.gero.lu\/de\/#organization","name":"Gero","url":"https:\/\/www.gero.lu\/de\/","logo":{"@type":"ImageObject","inLanguage":"de","@id":"https:\/\/www.gero.lu\/de\/#\/schema\/logo\/image\/","url":"https:\/\/www.gero.lu\/wp-content\/uploads\/2024\/04\/logo.svg","contentUrl":"https:\/\/www.gero.lu\/wp-content\/uploads\/2024\/04\/logo.svg","width":76,"height":30,"caption":"Gero"},"image":{"@id":"https:\/\/www.gero.lu\/de\/#\/schema\/logo\/image\/"},"sameAs":["https:\/\/www.facebook.com\/Kompetenzzenter\/","https:\/\/www.instagram.com\/gero.kompetenzzenter\/","https:\/\/linkedin.com\/company\/gero-kompetenzzenter-fir-den-alter","https:\/\/www.youtube.com\/channel\/UCJvmJYSeHh3dYQsLHZupj-Q"]}]}},"_links":{"self":[{"href":"https:\/\/www.gero.lu\/de\/wp-json\/wp\/v2\/product\/11247","targetHints":{"allow":["GET"]}}],"collection":[{"href":"https:\/\/www.gero.lu\/de\/wp-json\/wp\/v2\/product"}],"about":[{"href":"https:\/\/www.gero.lu\/de\/wp-json\/wp\/v2\/types\/product"}],"replies":[{"embeddable":true,"href":"https:\/\/www.gero.lu\/de\/wp-json\/wp\/v2\/comments?post=11247"}],"wp:attachment":[{"href":"https:\/\/www.gero.lu\/de\/wp-json\/wp\/v2\/media?parent=11247"}],"wp:term":[{"taxonomy":"product_brand","embeddable":true,"href":"https:\/\/www.gero.lu\/de\/wp-json\/wp\/v2\/product_brand?post=11247"},{"taxonomy":"product_cat","embeddable":true,"href":"https:\/\/www.gero.lu\/de\/wp-json\/wp\/v2\/product_cat?post=11247"},{"taxonomy":"product_tag","embeddable":true,"href":"https:\/\/www.gero.lu\/de\/wp-json\/wp\/v2\/product_tag?post=11247"}],"curies":[{"name":"wp","href":"https:\/\/api.w.org\/{rel}","templated":true}]}}