{"id":11246,"date":"2026-04-22T13:30:06","date_gmt":"2026-04-22T13:30:06","guid":{"rendered":"https:\/\/www.gero.lu\/produit\/ageman-comprendre-le-vieillissement-et-lexperimenter-sur-soi"},"modified":"2026-04-22T13:30:06","modified_gmt":"2026-04-22T13:30:06","slug":"ageman-comprendre-le-vieillissement-et-lexperimenter-sur-soi","status":"publish","type":"product","link":"https:\/\/www.gero.lu\/de\/produit\/ageman-comprendre-le-vieillissement-et-lexperimenter-sur-soi","title":{"rendered":"AgeMan\u00a9 Comprendre le vieillissement et l\u2019exp\u00e9rimenter sur soi"},"content":{"rendered":"<p>Cet atelier aborde la question de savoir qui sont aujourd\u2019hui les personnes \u00e2g\u00e9es, comment elles se d\u00e9finissent elles-m\u00eames et quelles valeurs elles repr\u00e9sentent. Les participant\u00b7e\u00b7s apprennent ainsi \u00e0 mieux comprendre et \u00e9valuer les personnes \u00e2g\u00e9es en tant que client\u00b7e\u00b7s, r\u00e9sident\u00b7e\u00b7s ou patient\u00b7e\u00b7s. <\/p>\n<p>\u00c0 l\u2019aide d\u2019une combinaison de simulation du vieillissement, comprenant plus de 20 effets li\u00e9s \u00e0 l\u2019\u00e2ge, les participant\u00b7e\u00b7s ont la possibilit\u00e9 de s\u2019immerger dans l\u2019univers exp\u00e9rientiel des personnes \u00e2g\u00e9es. Gr\u00e2ce aux limitations simul\u00e9es \u00e0 l\u2019aide de diff\u00e9rents outils, ils et elles ressentent concr\u00e8tement l\u2019impact des changements li\u00e9s \u00e0 l\u2019\u00e2ge sur la mobilit\u00e9, la force, la perception ou l\u2019humeur. Sont notamment simul\u00e9s : l\u2019instabilit\u00e9 et les limitations de la marche, les douleurs aux genoux et au dos, les tremblements, les paralysies, les acouph\u00e8nes et les maladies oculaires.<br \/>\nLe d\u00e9ambulateur et le fauteuil roulant sont \u00e9galement int\u00e9gr\u00e9s \u00e0 l\u2019auto-exp\u00e9rimentation. En bin\u00f4mes, des gestes simples du quotidien peuvent \u00eatre test\u00e9s. De cette mani\u00e8re, une repr\u00e9sentation concr\u00e8te et marquante du grand \u00e2ge peut \u00eatre transmise aux personnes plus jeunes. <\/p>\n<p>Au programme :<br \/>\n\uf02d\tLimites d\u2019\u00e2ge formelles et informelles<br \/>\n\uf02d\tLe vieillissement comme \u00ab processus \u00bb<br \/>\n\uf02d\tTendances d\u00e9mographiques et connaissances g\u00e9rontologiques<br \/>\n\uf02d\tChangements psychologiques et physiologiques li\u00e9s \u00e0 l\u2019\u00e2ge<\/p>\n<p>Public cible: Aide-soignant\u00b7e, Aide socio-familiale, Auxiliaire de vie, \u00c9ducateur\u00b7rice, Ergoth\u00e9rapeute, Infirmier\u00b7\u00e8re, Kin\u00e9sith\u00e9rapeute, Psychologue et autres professions pertinentes<\/p>\n","protected":false},"excerpt":{"rendered":"<p>Cet atelier aborde la question de savoir qui sont aujourd\u2019hui les personnes \u00e2g\u00e9es, comment elles se d\u00e9finissent elles-m\u00eames et quelles valeurs elles repr\u00e9sentent. Les participant\u00b7e\u00b7s apprennent ainsi \u00e0 mieux comprendre et \u00e9valuer les personnes \u00e2g\u00e9es en tant que client\u00b7e\u00b7s, r\u00e9sident\u00b7e\u00b7s ou patient\u00b7e\u00b7s. \u00c0 l\u2019aide d\u2019une combinaison de simulation du vieillissement, comprenant plus de 20 effets [&hellip;]<\/p>\n","protected":false},"featured_media":0,"comment_status":"","ping_status":"closed","template":"","meta":{"_acf_changed":false,"inline_featured_image":false},"product_brand":[],"product_cat":[241],"product_tag":[237],"class_list":{"0":"post-11246","1":"product","2":"type-product","3":"status-publish","5":"product_cat-workshop-pro","6":"product_tag-soins-encadrement-therapie-pro","8":"first","9":"instock","10":"virtual","11":"purchasable","12":"product-type-simple"},"acf":[],"yoast_head":"<!-- This site is optimized with the Yoast SEO Premium plugin v27.4 (Yoast SEO v27.5) - https:\/\/yoast.com\/product\/yoast-seo-premium-wordpress\/ -->\n<title>AgeMan\u00a9 Comprendre le vieillissement et l\u2019exp\u00e9rimenter sur soi - GERO<\/title>\n<meta name=\"robots\" content=\"index, follow, max-snippet:-1, max-image-preview:large, max-video-preview:-1\" \/>\n<link rel=\"canonical\" href=\"https:\/\/www.gero.lu\/de\/produit\/ageman-comprendre-le-vieillissement-et-lexperimenter-sur-soi\" \/>\n<meta property=\"og:locale\" content=\"de_DE\" \/>\n<meta property=\"og:type\" content=\"article\" \/>\n<meta property=\"og:title\" content=\"AgeMan\u00a9 Comprendre le vieillissement et l\u2019exp\u00e9rimenter sur soi\" \/>\n<meta property=\"og:description\" content=\"Cet atelier aborde la question de savoir qui sont aujourd\u2019hui les personnes \u00e2g\u00e9es, comment elles se d\u00e9finissent elles-m\u00eames et quelles valeurs elles repr\u00e9sentent. Les participant\u00b7e\u00b7s apprennent ainsi \u00e0 mieux comprendre et \u00e9valuer les personnes \u00e2g\u00e9es en tant que client\u00b7e\u00b7s, r\u00e9sident\u00b7e\u00b7s ou patient\u00b7e\u00b7s. \u00c0 l\u2019aide d\u2019une combinaison de simulation du vieillissement, comprenant plus de 20 effets [&hellip;]\" \/>\n<meta property=\"og:url\" content=\"https:\/\/www.gero.lu\/de\/produit\/ageman-comprendre-le-vieillissement-et-lexperimenter-sur-soi\" \/>\n<meta property=\"og:site_name\" content=\"GERO\" \/>\n<meta property=\"article:publisher\" content=\"https:\/\/www.facebook.com\/Kompetenzzenter\/\" \/>\n<meta property=\"og:image\" content=\"https:\/\/www.gero.lu\/wp-content\/uploads\/2021\/08\/gettyimages-1135289130-2048x2048_RET-1.jpg\" \/>\n\t<meta property=\"og:image:width\" content=\"1227\" \/>\n\t<meta property=\"og:image:height\" content=\"802\" \/>\n\t<meta property=\"og:image:type\" content=\"image\/jpeg\" \/>\n<meta name=\"twitter:card\" content=\"summary_large_image\" \/>\n<meta name=\"twitter:label1\" content=\"Gesch\u00e4tzte Lesezeit\" \/>\n\t<meta name=\"twitter:data1\" content=\"1\u00a0Minute\" \/>\n<script type=\"application\/ld+json\" class=\"yoast-schema-graph\">{\"@context\":\"https:\\\/\\\/schema.org\",\"@graph\":[{\"@type\":\"WebPage\",\"@id\":\"https:\\\/\\\/www.gero.lu\\\/de\\\/produit\\\/ageman-comprendre-le-vieillissement-et-lexperimenter-sur-soi\",\"url\":\"https:\\\/\\\/www.gero.lu\\\/de\\\/produit\\\/ageman-comprendre-le-vieillissement-et-lexperimenter-sur-soi\",\"name\":\"AgeMan\u00a9 Comprendre le vieillissement et l\u2019exp\u00e9rimenter sur soi - GERO\",\"isPartOf\":{\"@id\":\"https:\\\/\\\/www.gero.lu\\\/de\\\/#website\"},\"datePublished\":\"2026-04-22T13:30:06+00:00\",\"breadcrumb\":{\"@id\":\"https:\\\/\\\/www.gero.lu\\\/de\\\/produit\\\/ageman-comprendre-le-vieillissement-et-lexperimenter-sur-soi#breadcrumb\"},\"inLanguage\":\"de\",\"potentialAction\":[{\"@type\":\"ReadAction\",\"target\":[[\"https:\\\/\\\/www.gero.lu\\\/de\\\/produit\\\/ageman-comprendre-le-vieillissement-et-lexperimenter-sur-soi\"]]}]},{\"@type\":\"BreadcrumbList\",\"@id\":\"https:\\\/\\\/www.gero.lu\\\/de\\\/produit\\\/ageman-comprendre-le-vieillissement-et-lexperimenter-sur-soi#breadcrumb\",\"itemListElement\":[{\"@type\":\"ListItem\",\"position\":1,\"name\":\"Accueil\",\"item\":\"https:\\\/\\\/www.gero.lu\\\/de\\\/\"},{\"@type\":\"ListItem\",\"position\":2,\"name\":\"Shop\",\"item\":\"https:\\\/\\\/www.gero.lu\\\/de\\\/shop\"},{\"@type\":\"ListItem\",\"position\":3,\"name\":\"AgeMan\u00a9 Comprendre le vieillissement et l\u2019exp\u00e9rimenter sur soi\"}]},{\"@type\":\"WebSite\",\"@id\":\"https:\\\/\\\/www.gero.lu\\\/de\\\/#website\",\"url\":\"https:\\\/\\\/www.gero.lu\\\/de\\\/\",\"name\":\"Gero\",\"description\":\"Kompetenzzenter fir den Alter\",\"publisher\":{\"@id\":\"https:\\\/\\\/www.gero.lu\\\/de\\\/#organization\"},\"potentialAction\":[{\"@type\":\"SearchAction\",\"target\":{\"@type\":\"EntryPoint\",\"urlTemplate\":\"https:\\\/\\\/www.gero.lu\\\/de\\\/?s={search_term_string}\"},\"query-input\":{\"@type\":\"PropertyValueSpecification\",\"valueRequired\":true,\"valueName\":\"search_term_string\"}}],\"inLanguage\":\"de\"},{\"@type\":\"Organization\",\"@id\":\"https:\\\/\\\/www.gero.lu\\\/de\\\/#organization\",\"name\":\"Gero\",\"url\":\"https:\\\/\\\/www.gero.lu\\\/de\\\/\",\"logo\":{\"@type\":\"ImageObject\",\"inLanguage\":\"de\",\"@id\":\"https:\\\/\\\/www.gero.lu\\\/de\\\/#\\\/schema\\\/logo\\\/image\\\/\",\"url\":\"https:\\\/\\\/www.gero.lu\\\/wp-content\\\/uploads\\\/2024\\\/04\\\/logo.svg\",\"contentUrl\":\"https:\\\/\\\/www.gero.lu\\\/wp-content\\\/uploads\\\/2024\\\/04\\\/logo.svg\",\"width\":76,\"height\":30,\"caption\":\"Gero\"},\"image\":{\"@id\":\"https:\\\/\\\/www.gero.lu\\\/de\\\/#\\\/schema\\\/logo\\\/image\\\/\"},\"sameAs\":[\"https:\\\/\\\/www.facebook.com\\\/Kompetenzzenter\\\/\",\"https:\\\/\\\/www.instagram.com\\\/gero.kompetenzzenter\\\/\",\"https:\\\/\\\/linkedin.com\\\/company\\\/gero-kompetenzzenter-fir-den-alter\",\"https:\\\/\\\/www.youtube.com\\\/channel\\\/UCJvmJYSeHh3dYQsLHZupj-Q\"]}]}<\/script>\n<!-- \/ Yoast SEO Premium plugin. -->","yoast_head_json":{"title":"AgeMan\u00a9 Comprendre le vieillissement et l\u2019exp\u00e9rimenter sur soi - GERO","robots":{"index":"index","follow":"follow","max-snippet":"max-snippet:-1","max-image-preview":"max-image-preview:large","max-video-preview":"max-video-preview:-1"},"canonical":"https:\/\/www.gero.lu\/de\/produit\/ageman-comprendre-le-vieillissement-et-lexperimenter-sur-soi","og_locale":"de_DE","og_type":"article","og_title":"AgeMan\u00a9 Comprendre le vieillissement et l\u2019exp\u00e9rimenter sur soi","og_description":"Cet atelier aborde la question de savoir qui sont aujourd\u2019hui les personnes \u00e2g\u00e9es, comment elles se d\u00e9finissent elles-m\u00eames et quelles valeurs elles repr\u00e9sentent. Les participant\u00b7e\u00b7s apprennent ainsi \u00e0 mieux comprendre et \u00e9valuer les personnes \u00e2g\u00e9es en tant que client\u00b7e\u00b7s, r\u00e9sident\u00b7e\u00b7s ou patient\u00b7e\u00b7s. \u00c0 l\u2019aide d\u2019une combinaison de simulation du vieillissement, comprenant plus de 20 effets [&hellip;]","og_url":"https:\/\/www.gero.lu\/de\/produit\/ageman-comprendre-le-vieillissement-et-lexperimenter-sur-soi","og_site_name":"GERO","article_publisher":"https:\/\/www.facebook.com\/Kompetenzzenter\/","og_image":[{"width":1227,"height":802,"url":"https:\/\/www.gero.lu\/wp-content\/uploads\/2021\/08\/gettyimages-1135289130-2048x2048_RET-1.jpg","type":"image\/jpeg"}],"twitter_card":"summary_large_image","twitter_misc":{"Gesch\u00e4tzte Lesezeit":"1\u00a0Minute"},"schema":{"@context":"https:\/\/schema.org","@graph":[{"@type":"WebPage","@id":"https:\/\/www.gero.lu\/de\/produit\/ageman-comprendre-le-vieillissement-et-lexperimenter-sur-soi","url":"https:\/\/www.gero.lu\/de\/produit\/ageman-comprendre-le-vieillissement-et-lexperimenter-sur-soi","name":"AgeMan\u00a9 Comprendre le vieillissement et l\u2019exp\u00e9rimenter sur soi - GERO","isPartOf":{"@id":"https:\/\/www.gero.lu\/de\/#website"},"datePublished":"2026-04-22T13:30:06+00:00","breadcrumb":{"@id":"https:\/\/www.gero.lu\/de\/produit\/ageman-comprendre-le-vieillissement-et-lexperimenter-sur-soi#breadcrumb"},"inLanguage":"de","potentialAction":[{"@type":"ReadAction","target":[["https:\/\/www.gero.lu\/de\/produit\/ageman-comprendre-le-vieillissement-et-lexperimenter-sur-soi"]]}]},{"@type":"BreadcrumbList","@id":"https:\/\/www.gero.lu\/de\/produit\/ageman-comprendre-le-vieillissement-et-lexperimenter-sur-soi#breadcrumb","itemListElement":[{"@type":"ListItem","position":1,"name":"Accueil","item":"https:\/\/www.gero.lu\/de\/"},{"@type":"ListItem","position":2,"name":"Shop","item":"https:\/\/www.gero.lu\/de\/shop"},{"@type":"ListItem","position":3,"name":"AgeMan\u00a9 Comprendre le vieillissement et l\u2019exp\u00e9rimenter sur soi"}]},{"@type":"WebSite","@id":"https:\/\/www.gero.lu\/de\/#website","url":"https:\/\/www.gero.lu\/de\/","name":"Gero","description":"Kompetenzzenter fir den Alter","publisher":{"@id":"https:\/\/www.gero.lu\/de\/#organization"},"potentialAction":[{"@type":"SearchAction","target":{"@type":"EntryPoint","urlTemplate":"https:\/\/www.gero.lu\/de\/?s={search_term_string}"},"query-input":{"@type":"PropertyValueSpecification","valueRequired":true,"valueName":"search_term_string"}}],"inLanguage":"de"},{"@type":"Organization","@id":"https:\/\/www.gero.lu\/de\/#organization","name":"Gero","url":"https:\/\/www.gero.lu\/de\/","logo":{"@type":"ImageObject","inLanguage":"de","@id":"https:\/\/www.gero.lu\/de\/#\/schema\/logo\/image\/","url":"https:\/\/www.gero.lu\/wp-content\/uploads\/2024\/04\/logo.svg","contentUrl":"https:\/\/www.gero.lu\/wp-content\/uploads\/2024\/04\/logo.svg","width":76,"height":30,"caption":"Gero"},"image":{"@id":"https:\/\/www.gero.lu\/de\/#\/schema\/logo\/image\/"},"sameAs":["https:\/\/www.facebook.com\/Kompetenzzenter\/","https:\/\/www.instagram.com\/gero.kompetenzzenter\/","https:\/\/linkedin.com\/company\/gero-kompetenzzenter-fir-den-alter","https:\/\/www.youtube.com\/channel\/UCJvmJYSeHh3dYQsLHZupj-Q"]}]}},"_links":{"self":[{"href":"https:\/\/www.gero.lu\/de\/wp-json\/wp\/v2\/product\/11246","targetHints":{"allow":["GET"]}}],"collection":[{"href":"https:\/\/www.gero.lu\/de\/wp-json\/wp\/v2\/product"}],"about":[{"href":"https:\/\/www.gero.lu\/de\/wp-json\/wp\/v2\/types\/product"}],"replies":[{"embeddable":true,"href":"https:\/\/www.gero.lu\/de\/wp-json\/wp\/v2\/comments?post=11246"}],"wp:attachment":[{"href":"https:\/\/www.gero.lu\/de\/wp-json\/wp\/v2\/media?parent=11246"}],"wp:term":[{"taxonomy":"product_brand","embeddable":true,"href":"https:\/\/www.gero.lu\/de\/wp-json\/wp\/v2\/product_brand?post=11246"},{"taxonomy":"product_cat","embeddable":true,"href":"https:\/\/www.gero.lu\/de\/wp-json\/wp\/v2\/product_cat?post=11246"},{"taxonomy":"product_tag","embeddable":true,"href":"https:\/\/www.gero.lu\/de\/wp-json\/wp\/v2\/product_tag?post=11246"}],"curies":[{"name":"wp","href":"https:\/\/api.w.org\/{rel}","templated":true}]}}