{"id":11006,"date":"2026-03-11T11:22:52","date_gmt":"2026-03-11T11:22:52","guid":{"rendered":"https:\/\/www.gero.lu\/produit\/ich-bin-mitglied-der-gesellschaft-fcpg-i-agrement-2024-agr-05-001"},"modified":"2026-03-11T11:22:52","modified_gmt":"2026-03-11T11:22:52","slug":"ich-bin-mitglied-der-gesellschaft-fcpg-i-agrement-2024-agr-05-001","status":"publish","type":"product","link":"https:\/\/www.gero.lu\/de\/produit\/ich-bin-mitglied-der-gesellschaft-fcpg-i-agrement-2024-agr-05-001","title":{"rendered":"Ich bin Mitglied der Gesellschaft (FCPG I) (Agr\u00e9ment: 2024-AGR-05-001)"},"content":{"rendered":"<p>Formation continue agr\u00e9\u00e9 conform\u00e9ment \u00e0 l&#8217;article 12 de la loi modifi\u00e9e du 26 mars 1992 sur l&#8217;exercice et la revalorisation de certaines professions de sant\u00e9. Agr\u00e9ment MISA : Agr\u00e9ment: 2024-AGR-05-001<\/p>\n<p>Modul I der \u201eWeiterbildung Psychogeriatrie\u201c <\/p>\n<p>Der Mensch im Mittelpunkt<\/p>\n<p>Zentrale Themen dieses Moduls sind: der \u00e4ltere Mensch im Gemeinwesen, die Biografiearbeit und die bei \u00e4lteren Menschen vorhandenen Ressourcen. Dar\u00fcber hinaus geht es um die Kreativit\u00e4t der Mitarbeitenden, die es im professionellen Kontext mit \u00e4lteren Menschen zu tun haben. Ein vom Luxemburger Familienministerium in Zusammenarbeit mit verschiedenen Akteuren der Altenhilfe konzipiertes Plakat dient dabei als Leitfaden, um bei den Teilnehmenden ein positives Bild von \u00e4lteren Menschen und von den Prozessen des \u00c4lterwerdens zu entwickeln. <\/p>\n<p>Inhalte:<br \/>\n\u2022\tDifferenzierter Blick auf das \u00c4lterwerden und die Auseinandersetzung mit den eigenen Altersbildern<br \/>\n\u2022\tVermittlung von Wissen \u00fcber Alterungsprozesse<br \/>\n\u2022\tIn-Erfahrung-Bringen von Perspektiven \u00e4lterer Menschen: W\u00fcnsche und Hoffnungen, Erfahrungen<br \/>\n\u2022\tEntwickeln von Hintergrundwissen zur Gestaltung der Umgebung f\u00fcr Menschen mit Demenz<br \/>\n\u2022\tLeben in Pflegeeinrichtungen reflektieren: Wo sind Freir\u00e4ume m\u00f6glich, wo sind die Grenzen?<br \/>\n\u2022\tBiografie als \u201eSchl\u00fcssel\u201c, um \u00e4ltere Menschen besser verstehen zu k\u00f6nnen<br \/>\n\u2022\tErkennen, wie Emotionen, Gedanken und K\u00f6rperreaktionen mit Stressoren interagieren<br \/>\n\u2022\tDie Ressourcen: Gef\u00fchle \u201elesen\u201c. Begleiten der t\u00e4glichen Entscheidungen<br \/>\n\u2022\tKreative M\u00f6glichkeiten zur Tagesgestaltung hilfs- und pflegebed\u00fcrftiger Menschen <\/p>\n<p>Zielgruppe: Aide Socio-Familiale, Auxiliaire de Vie, Ergotherapeut*in, Erzieher*in, Krankenpfleger*in, Krankenpflegerhelfer*in, Physiotherapeut*in, Psycholog*in und andere relevante Berufsgruppen<\/p>\n","protected":false},"excerpt":{"rendered":"<p>Formation continue agr\u00e9\u00e9 conform\u00e9ment \u00e0 l&#8217;article 12 de la loi modifi\u00e9e du 26 mars 1992 sur l&#8217;exercice et la revalorisation de certaines professions de sant\u00e9. Agr\u00e9ment MISA : Agr\u00e9ment: 2024-AGR-05-001 Modul I der \u201eWeiterbildung Psychogeriatrie\u201c Der Mensch im Mittelpunkt Zentrale Themen dieses Moduls sind: der \u00e4ltere Mensch im Gemeinwesen, die Biografiearbeit und die bei \u00e4lteren [&hellip;]<\/p>\n","protected":false},"featured_media":0,"comment_status":"","ping_status":"closed","template":"","meta":{"_acf_changed":false,"inline_featured_image":false},"product_brand":[],"product_cat":[239],"product_tag":[237],"class_list":{"0":"post-11006","1":"product","2":"type-product","3":"status-publish","5":"product_cat-cours-pro","6":"product_tag-soins-encadrement-therapie-pro","8":"first","9":"instock","10":"virtual","11":"purchasable","12":"product-type-simple"},"acf":[],"yoast_head":"<!-- This site is optimized with the Yoast SEO Premium plugin v26.5 (Yoast SEO v26.5) - https:\/\/yoast.com\/wordpress\/plugins\/seo\/ -->\n<title>Ich bin Mitglied der Gesellschaft (FCPG I) (Agr\u00e9ment: 2024-AGR-05-001) - GERO<\/title>\n<meta name=\"robots\" content=\"index, follow, max-snippet:-1, max-image-preview:large, max-video-preview:-1\" \/>\n<link rel=\"canonical\" href=\"https:\/\/www.gero.lu\/de\/produit\/ich-bin-mitglied-der-gesellschaft-fcpg-i-agrement-2024-agr-05-001\" \/>\n<meta property=\"og:locale\" content=\"de_DE\" \/>\n<meta property=\"og:type\" content=\"article\" \/>\n<meta property=\"og:title\" content=\"Ich bin Mitglied der Gesellschaft (FCPG I) (Agr\u00e9ment: 2024-AGR-05-001)\" \/>\n<meta property=\"og:description\" content=\"Formation continue agr\u00e9\u00e9 conform\u00e9ment \u00e0 l&#8217;article 12 de la loi modifi\u00e9e du 26 mars 1992 sur l&#8217;exercice et la revalorisation de certaines professions de sant\u00e9. Agr\u00e9ment MISA : Agr\u00e9ment: 2024-AGR-05-001 Modul I der \u201eWeiterbildung Psychogeriatrie\u201c Der Mensch im Mittelpunkt Zentrale Themen dieses Moduls sind: der \u00e4ltere Mensch im Gemeinwesen, die Biografiearbeit und die bei \u00e4lteren [&hellip;]\" \/>\n<meta property=\"og:url\" content=\"https:\/\/www.gero.lu\/de\/produit\/ich-bin-mitglied-der-gesellschaft-fcpg-i-agrement-2024-agr-05-001\" \/>\n<meta property=\"og:site_name\" content=\"GERO\" \/>\n<meta property=\"article:publisher\" content=\"https:\/\/www.facebook.com\/Kompetenzzenter\/\" \/>\n<meta property=\"og:image\" content=\"https:\/\/www.gero.lu\/wp-content\/uploads\/2021\/08\/gettyimages-1135289130-2048x2048_RET-1.jpg\" \/>\n\t<meta property=\"og:image:width\" content=\"1227\" \/>\n\t<meta property=\"og:image:height\" content=\"802\" \/>\n\t<meta property=\"og:image:type\" content=\"image\/jpeg\" \/>\n<meta name=\"twitter:card\" content=\"summary_large_image\" \/>\n<meta name=\"twitter:label1\" content=\"Gesch\u00e4tzte Lesezeit\" \/>\n\t<meta name=\"twitter:data1\" content=\"1\u00a0Minute\" \/>\n<script type=\"application\/ld+json\" class=\"yoast-schema-graph\">{\"@context\":\"https:\/\/schema.org\",\"@graph\":[{\"@type\":\"WebPage\",\"@id\":\"https:\/\/www.gero.lu\/de\/produit\/ich-bin-mitglied-der-gesellschaft-fcpg-i-agrement-2024-agr-05-001\",\"url\":\"https:\/\/www.gero.lu\/de\/produit\/ich-bin-mitglied-der-gesellschaft-fcpg-i-agrement-2024-agr-05-001\",\"name\":\"Ich bin Mitglied der Gesellschaft (FCPG I) (Agr\u00e9ment: 2024-AGR-05-001) - GERO\",\"isPartOf\":{\"@id\":\"https:\/\/www.gero.lu\/de\/#website\"},\"datePublished\":\"2026-03-11T11:22:52+00:00\",\"breadcrumb\":{\"@id\":\"https:\/\/www.gero.lu\/de\/produit\/ich-bin-mitglied-der-gesellschaft-fcpg-i-agrement-2024-agr-05-001#breadcrumb\"},\"inLanguage\":\"de\",\"potentialAction\":[{\"@type\":\"ReadAction\",\"target\":[[\"https:\/\/www.gero.lu\/de\/produit\/ich-bin-mitglied-der-gesellschaft-fcpg-i-agrement-2024-agr-05-001\"]]}]},{\"@type\":\"BreadcrumbList\",\"@id\":\"https:\/\/www.gero.lu\/de\/produit\/ich-bin-mitglied-der-gesellschaft-fcpg-i-agrement-2024-agr-05-001#breadcrumb\",\"itemListElement\":[{\"@type\":\"ListItem\",\"position\":1,\"name\":\"Accueil\",\"item\":\"https:\/\/www.gero.lu\/de\/\"},{\"@type\":\"ListItem\",\"position\":2,\"name\":\"Shop\",\"item\":\"https:\/\/www.gero.lu\/de\/shop\"},{\"@type\":\"ListItem\",\"position\":3,\"name\":\"Ich bin Mitglied der Gesellschaft (FCPG I) (Agr\u00e9ment: 2024-AGR-05-001)\"}]},{\"@type\":\"WebSite\",\"@id\":\"https:\/\/www.gero.lu\/de\/#website\",\"url\":\"https:\/\/www.gero.lu\/de\/\",\"name\":\"Gero\",\"description\":\"Kompetenzzenter fir den Alter\",\"publisher\":{\"@id\":\"https:\/\/www.gero.lu\/de\/#organization\"},\"potentialAction\":[{\"@type\":\"SearchAction\",\"target\":{\"@type\":\"EntryPoint\",\"urlTemplate\":\"https:\/\/www.gero.lu\/de\/?s={search_term_string}\"},\"query-input\":{\"@type\":\"PropertyValueSpecification\",\"valueRequired\":true,\"valueName\":\"search_term_string\"}}],\"inLanguage\":\"de\"},{\"@type\":\"Organization\",\"@id\":\"https:\/\/www.gero.lu\/de\/#organization\",\"name\":\"Gero\",\"url\":\"https:\/\/www.gero.lu\/de\/\",\"logo\":{\"@type\":\"ImageObject\",\"inLanguage\":\"de\",\"@id\":\"https:\/\/www.gero.lu\/de\/#\/schema\/logo\/image\/\",\"url\":\"https:\/\/www.gero.lu\/wp-content\/uploads\/2024\/04\/logo.svg\",\"contentUrl\":\"https:\/\/www.gero.lu\/wp-content\/uploads\/2024\/04\/logo.svg\",\"width\":76,\"height\":30,\"caption\":\"Gero\"},\"image\":{\"@id\":\"https:\/\/www.gero.lu\/de\/#\/schema\/logo\/image\/\"},\"sameAs\":[\"https:\/\/www.facebook.com\/Kompetenzzenter\/\",\"https:\/\/www.instagram.com\/gero.kompetenzzenter\/\",\"https:\/\/linkedin.com\/company\/gero-kompetenzzenter-fir-den-alter\",\"https:\/\/www.youtube.com\/channel\/UCJvmJYSeHh3dYQsLHZupj-Q\"]}]}<\/script>\n<!-- \/ Yoast SEO Premium plugin. -->","yoast_head_json":{"title":"Ich bin Mitglied der Gesellschaft (FCPG I) (Agr\u00e9ment: 2024-AGR-05-001) - GERO","robots":{"index":"index","follow":"follow","max-snippet":"max-snippet:-1","max-image-preview":"max-image-preview:large","max-video-preview":"max-video-preview:-1"},"canonical":"https:\/\/www.gero.lu\/de\/produit\/ich-bin-mitglied-der-gesellschaft-fcpg-i-agrement-2024-agr-05-001","og_locale":"de_DE","og_type":"article","og_title":"Ich bin Mitglied der Gesellschaft (FCPG I) (Agr\u00e9ment: 2024-AGR-05-001)","og_description":"Formation continue agr\u00e9\u00e9 conform\u00e9ment \u00e0 l&#8217;article 12 de la loi modifi\u00e9e du 26 mars 1992 sur l&#8217;exercice et la revalorisation de certaines professions de sant\u00e9. Agr\u00e9ment MISA : Agr\u00e9ment: 2024-AGR-05-001 Modul I der \u201eWeiterbildung Psychogeriatrie\u201c Der Mensch im Mittelpunkt Zentrale Themen dieses Moduls sind: der \u00e4ltere Mensch im Gemeinwesen, die Biografiearbeit und die bei \u00e4lteren [&hellip;]","og_url":"https:\/\/www.gero.lu\/de\/produit\/ich-bin-mitglied-der-gesellschaft-fcpg-i-agrement-2024-agr-05-001","og_site_name":"GERO","article_publisher":"https:\/\/www.facebook.com\/Kompetenzzenter\/","og_image":[{"width":1227,"height":802,"url":"https:\/\/www.gero.lu\/wp-content\/uploads\/2021\/08\/gettyimages-1135289130-2048x2048_RET-1.jpg","type":"image\/jpeg"}],"twitter_card":"summary_large_image","twitter_misc":{"Gesch\u00e4tzte Lesezeit":"1\u00a0Minute"},"schema":{"@context":"https:\/\/schema.org","@graph":[{"@type":"WebPage","@id":"https:\/\/www.gero.lu\/de\/produit\/ich-bin-mitglied-der-gesellschaft-fcpg-i-agrement-2024-agr-05-001","url":"https:\/\/www.gero.lu\/de\/produit\/ich-bin-mitglied-der-gesellschaft-fcpg-i-agrement-2024-agr-05-001","name":"Ich bin Mitglied der Gesellschaft (FCPG I) (Agr\u00e9ment: 2024-AGR-05-001) - GERO","isPartOf":{"@id":"https:\/\/www.gero.lu\/de\/#website"},"datePublished":"2026-03-11T11:22:52+00:00","breadcrumb":{"@id":"https:\/\/www.gero.lu\/de\/produit\/ich-bin-mitglied-der-gesellschaft-fcpg-i-agrement-2024-agr-05-001#breadcrumb"},"inLanguage":"de","potentialAction":[{"@type":"ReadAction","target":[["https:\/\/www.gero.lu\/de\/produit\/ich-bin-mitglied-der-gesellschaft-fcpg-i-agrement-2024-agr-05-001"]]}]},{"@type":"BreadcrumbList","@id":"https:\/\/www.gero.lu\/de\/produit\/ich-bin-mitglied-der-gesellschaft-fcpg-i-agrement-2024-agr-05-001#breadcrumb","itemListElement":[{"@type":"ListItem","position":1,"name":"Accueil","item":"https:\/\/www.gero.lu\/de\/"},{"@type":"ListItem","position":2,"name":"Shop","item":"https:\/\/www.gero.lu\/de\/shop"},{"@type":"ListItem","position":3,"name":"Ich bin Mitglied der Gesellschaft (FCPG I) (Agr\u00e9ment: 2024-AGR-05-001)"}]},{"@type":"WebSite","@id":"https:\/\/www.gero.lu\/de\/#website","url":"https:\/\/www.gero.lu\/de\/","name":"Gero","description":"Kompetenzzenter fir den Alter","publisher":{"@id":"https:\/\/www.gero.lu\/de\/#organization"},"potentialAction":[{"@type":"SearchAction","target":{"@type":"EntryPoint","urlTemplate":"https:\/\/www.gero.lu\/de\/?s={search_term_string}"},"query-input":{"@type":"PropertyValueSpecification","valueRequired":true,"valueName":"search_term_string"}}],"inLanguage":"de"},{"@type":"Organization","@id":"https:\/\/www.gero.lu\/de\/#organization","name":"Gero","url":"https:\/\/www.gero.lu\/de\/","logo":{"@type":"ImageObject","inLanguage":"de","@id":"https:\/\/www.gero.lu\/de\/#\/schema\/logo\/image\/","url":"https:\/\/www.gero.lu\/wp-content\/uploads\/2024\/04\/logo.svg","contentUrl":"https:\/\/www.gero.lu\/wp-content\/uploads\/2024\/04\/logo.svg","width":76,"height":30,"caption":"Gero"},"image":{"@id":"https:\/\/www.gero.lu\/de\/#\/schema\/logo\/image\/"},"sameAs":["https:\/\/www.facebook.com\/Kompetenzzenter\/","https:\/\/www.instagram.com\/gero.kompetenzzenter\/","https:\/\/linkedin.com\/company\/gero-kompetenzzenter-fir-den-alter","https:\/\/www.youtube.com\/channel\/UCJvmJYSeHh3dYQsLHZupj-Q"]}]}},"_links":{"self":[{"href":"https:\/\/www.gero.lu\/de\/wp-json\/wp\/v2\/product\/11006","targetHints":{"allow":["GET"]}}],"collection":[{"href":"https:\/\/www.gero.lu\/de\/wp-json\/wp\/v2\/product"}],"about":[{"href":"https:\/\/www.gero.lu\/de\/wp-json\/wp\/v2\/types\/product"}],"replies":[{"embeddable":true,"href":"https:\/\/www.gero.lu\/de\/wp-json\/wp\/v2\/comments?post=11006"}],"wp:attachment":[{"href":"https:\/\/www.gero.lu\/de\/wp-json\/wp\/v2\/media?parent=11006"}],"wp:term":[{"taxonomy":"product_brand","embeddable":true,"href":"https:\/\/www.gero.lu\/de\/wp-json\/wp\/v2\/product_brand?post=11006"},{"taxonomy":"product_cat","embeddable":true,"href":"https:\/\/www.gero.lu\/de\/wp-json\/wp\/v2\/product_cat?post=11006"},{"taxonomy":"product_tag","embeddable":true,"href":"https:\/\/www.gero.lu\/de\/wp-json\/wp\/v2\/product_tag?post=11006"}],"curies":[{"name":"wp","href":"https:\/\/api.w.org\/{rel}","templated":true}]}}