{"id":10869,"date":"2026-02-20T12:22:17","date_gmt":"2026-02-20T12:22:17","guid":{"rendered":"https:\/\/www.gero.lu\/produit\/randonnee-avec-colette-lacrosse-depart-gero"},"modified":"2026-03-09T10:22:36","modified_gmt":"2026-03-09T10:22:36","slug":"randonnee-avec-colette-lacrosse-depart-gero","status":"publish","type":"product","link":"https:\/\/www.gero.lu\/de\/produit\/randonnee-avec-colette-lacrosse-depart-gero","title":{"rendered":"Randonn\u00e9e avec Colette Lacrosse &#8211; D\u00e9part: GERO"},"content":{"rendered":"<p>Colette Lacrosse, 71 ans accomplis et grande fan de randonn\u00e9e, vous invite \u00e0 partager des randonn\u00e9es \u00e0 Luxembourg et dans ses environs. Les randonn\u00e9es font environ 7 km de long et commencent toujours \u00e0 10h.<br \/>\nVeuillez pr\u00e9voir de bonnes chaussures, \u00e9ventuellement des b\u00e2tons et adapter votre tenue \u00e0 la m\u00e9t\u00e9o du jour.<\/p>\n","protected":false},"excerpt":{"rendered":"<p>Colette Lacrosse, 71 ans accomplis et grande fan de randonn\u00e9e, vous invite \u00e0 partager des randonn\u00e9es \u00e0 Luxembourg et dans ses environs. Les randonn\u00e9es font environ 7 km de long et commencent toujours \u00e0 10h. Veuillez pr\u00e9voir de bonnes chaussures, \u00e9ventuellement des b\u00e2tons et adapter votre tenue \u00e0 la m\u00e9t\u00e9o du jour.<\/p>\n","protected":false},"featured_media":0,"comment_status":"closed","ping_status":"closed","template":"","meta":{"_acf_changed":false,"inline_featured_image":false},"product_brand":[],"product_cat":[230],"product_tag":[200],"class_list":{"0":"post-10869","1":"product","2":"type-product","3":"status-publish","5":"product_cat-visite","6":"product_tag-sante-senior","8":"first","9":"instock","10":"virtual","11":"purchasable","12":"product-type-simple"},"acf":[],"yoast_head":"<!-- This site is optimized with the Yoast SEO Premium plugin v26.5 (Yoast SEO v26.5) - https:\/\/yoast.com\/wordpress\/plugins\/seo\/ -->\n<title>Randonn\u00e9e avec Colette Lacrosse - D\u00e9part: GERO - GERO<\/title>\n<meta name=\"robots\" content=\"index, follow, max-snippet:-1, max-image-preview:large, max-video-preview:-1\" \/>\n<link rel=\"canonical\" href=\"https:\/\/www.gero.lu\/de\/produit\/randonnee-avec-colette-lacrosse-depart-gero\" \/>\n<meta property=\"og:locale\" content=\"de_DE\" \/>\n<meta property=\"og:type\" content=\"article\" \/>\n<meta property=\"og:title\" content=\"Randonn\u00e9e avec Colette Lacrosse - D\u00e9part: GERO\" \/>\n<meta property=\"og:description\" content=\"Colette Lacrosse, 71 ans accomplis et grande fan de randonn\u00e9e, vous invite \u00e0 partager des randonn\u00e9es \u00e0 Luxembourg et dans ses environs. Les randonn\u00e9es font environ 7 km de long et commencent toujours \u00e0 10h. Veuillez pr\u00e9voir de bonnes chaussures, \u00e9ventuellement des b\u00e2tons et adapter votre tenue \u00e0 la m\u00e9t\u00e9o du jour.\" \/>\n<meta property=\"og:url\" content=\"https:\/\/www.gero.lu\/de\/produit\/randonnee-avec-colette-lacrosse-depart-gero\" \/>\n<meta property=\"og:site_name\" content=\"GERO\" \/>\n<meta property=\"article:publisher\" content=\"https:\/\/www.facebook.com\/Kompetenzzenter\/\" \/>\n<meta property=\"article:modified_time\" content=\"2026-03-09T10:22:36+00:00\" \/>\n<meta property=\"og:image\" content=\"https:\/\/www.gero.lu\/wp-content\/uploads\/2021\/08\/gettyimages-1135289130-2048x2048_RET-1.jpg\" \/>\n\t<meta property=\"og:image:width\" content=\"1227\" \/>\n\t<meta property=\"og:image:height\" content=\"802\" \/>\n\t<meta property=\"og:image:type\" content=\"image\/jpeg\" \/>\n<meta name=\"twitter:card\" content=\"summary_large_image\" \/>\n<script type=\"application\/ld+json\" class=\"yoast-schema-graph\">{\"@context\":\"https:\/\/schema.org\",\"@graph\":[{\"@type\":\"WebPage\",\"@id\":\"https:\/\/www.gero.lu\/de\/produit\/randonnee-avec-colette-lacrosse-depart-gero\",\"url\":\"https:\/\/www.gero.lu\/de\/produit\/randonnee-avec-colette-lacrosse-depart-gero\",\"name\":\"Randonn\u00e9e avec Colette Lacrosse - D\u00e9part: GERO - GERO\",\"isPartOf\":{\"@id\":\"https:\/\/www.gero.lu\/de\/#website\"},\"datePublished\":\"2026-02-20T12:22:17+00:00\",\"dateModified\":\"2026-03-09T10:22:36+00:00\",\"breadcrumb\":{\"@id\":\"https:\/\/www.gero.lu\/de\/produit\/randonnee-avec-colette-lacrosse-depart-gero#breadcrumb\"},\"inLanguage\":\"de\",\"potentialAction\":[{\"@type\":\"ReadAction\",\"target\":[[\"https:\/\/www.gero.lu\/de\/produit\/randonnee-avec-colette-lacrosse-depart-gero\"]]}]},{\"@type\":\"BreadcrumbList\",\"@id\":\"https:\/\/www.gero.lu\/de\/produit\/randonnee-avec-colette-lacrosse-depart-gero#breadcrumb\",\"itemListElement\":[{\"@type\":\"ListItem\",\"position\":1,\"name\":\"Accueil\",\"item\":\"https:\/\/www.gero.lu\/de\/\"},{\"@type\":\"ListItem\",\"position\":2,\"name\":\"Shop\",\"item\":\"https:\/\/www.gero.lu\/de\/shop\"},{\"@type\":\"ListItem\",\"position\":3,\"name\":\"Randonn\u00e9e avec Colette Lacrosse &#8211; D\u00e9part: GERO\"}]},{\"@type\":\"WebSite\",\"@id\":\"https:\/\/www.gero.lu\/de\/#website\",\"url\":\"https:\/\/www.gero.lu\/de\/\",\"name\":\"Gero\",\"description\":\"Kompetenzzenter fir den Alter\",\"publisher\":{\"@id\":\"https:\/\/www.gero.lu\/de\/#organization\"},\"potentialAction\":[{\"@type\":\"SearchAction\",\"target\":{\"@type\":\"EntryPoint\",\"urlTemplate\":\"https:\/\/www.gero.lu\/de\/?s={search_term_string}\"},\"query-input\":{\"@type\":\"PropertyValueSpecification\",\"valueRequired\":true,\"valueName\":\"search_term_string\"}}],\"inLanguage\":\"de\"},{\"@type\":\"Organization\",\"@id\":\"https:\/\/www.gero.lu\/de\/#organization\",\"name\":\"Gero\",\"url\":\"https:\/\/www.gero.lu\/de\/\",\"logo\":{\"@type\":\"ImageObject\",\"inLanguage\":\"de\",\"@id\":\"https:\/\/www.gero.lu\/de\/#\/schema\/logo\/image\/\",\"url\":\"https:\/\/www.gero.lu\/wp-content\/uploads\/2024\/04\/logo.svg\",\"contentUrl\":\"https:\/\/www.gero.lu\/wp-content\/uploads\/2024\/04\/logo.svg\",\"width\":76,\"height\":30,\"caption\":\"Gero\"},\"image\":{\"@id\":\"https:\/\/www.gero.lu\/de\/#\/schema\/logo\/image\/\"},\"sameAs\":[\"https:\/\/www.facebook.com\/Kompetenzzenter\/\",\"https:\/\/www.instagram.com\/gero.kompetenzzenter\/\",\"https:\/\/linkedin.com\/company\/gero-kompetenzzenter-fir-den-alter\",\"https:\/\/www.youtube.com\/channel\/UCJvmJYSeHh3dYQsLHZupj-Q\"]}]}<\/script>\n<!-- \/ Yoast SEO Premium plugin. -->","yoast_head_json":{"title":"Randonn\u00e9e avec Colette Lacrosse - D\u00e9part: GERO - GERO","robots":{"index":"index","follow":"follow","max-snippet":"max-snippet:-1","max-image-preview":"max-image-preview:large","max-video-preview":"max-video-preview:-1"},"canonical":"https:\/\/www.gero.lu\/de\/produit\/randonnee-avec-colette-lacrosse-depart-gero","og_locale":"de_DE","og_type":"article","og_title":"Randonn\u00e9e avec Colette Lacrosse - D\u00e9part: GERO","og_description":"Colette Lacrosse, 71 ans accomplis et grande fan de randonn\u00e9e, vous invite \u00e0 partager des randonn\u00e9es \u00e0 Luxembourg et dans ses environs. Les randonn\u00e9es font environ 7 km de long et commencent toujours \u00e0 10h. Veuillez pr\u00e9voir de bonnes chaussures, \u00e9ventuellement des b\u00e2tons et adapter votre tenue \u00e0 la m\u00e9t\u00e9o du jour.","og_url":"https:\/\/www.gero.lu\/de\/produit\/randonnee-avec-colette-lacrosse-depart-gero","og_site_name":"GERO","article_publisher":"https:\/\/www.facebook.com\/Kompetenzzenter\/","article_modified_time":"2026-03-09T10:22:36+00:00","og_image":[{"width":1227,"height":802,"url":"https:\/\/www.gero.lu\/wp-content\/uploads\/2021\/08\/gettyimages-1135289130-2048x2048_RET-1.jpg","type":"image\/jpeg"}],"twitter_card":"summary_large_image","schema":{"@context":"https:\/\/schema.org","@graph":[{"@type":"WebPage","@id":"https:\/\/www.gero.lu\/de\/produit\/randonnee-avec-colette-lacrosse-depart-gero","url":"https:\/\/www.gero.lu\/de\/produit\/randonnee-avec-colette-lacrosse-depart-gero","name":"Randonn\u00e9e avec Colette Lacrosse - D\u00e9part: GERO - GERO","isPartOf":{"@id":"https:\/\/www.gero.lu\/de\/#website"},"datePublished":"2026-02-20T12:22:17+00:00","dateModified":"2026-03-09T10:22:36+00:00","breadcrumb":{"@id":"https:\/\/www.gero.lu\/de\/produit\/randonnee-avec-colette-lacrosse-depart-gero#breadcrumb"},"inLanguage":"de","potentialAction":[{"@type":"ReadAction","target":[["https:\/\/www.gero.lu\/de\/produit\/randonnee-avec-colette-lacrosse-depart-gero"]]}]},{"@type":"BreadcrumbList","@id":"https:\/\/www.gero.lu\/de\/produit\/randonnee-avec-colette-lacrosse-depart-gero#breadcrumb","itemListElement":[{"@type":"ListItem","position":1,"name":"Accueil","item":"https:\/\/www.gero.lu\/de\/"},{"@type":"ListItem","position":2,"name":"Shop","item":"https:\/\/www.gero.lu\/de\/shop"},{"@type":"ListItem","position":3,"name":"Randonn\u00e9e avec Colette Lacrosse &#8211; D\u00e9part: GERO"}]},{"@type":"WebSite","@id":"https:\/\/www.gero.lu\/de\/#website","url":"https:\/\/www.gero.lu\/de\/","name":"Gero","description":"Kompetenzzenter fir den Alter","publisher":{"@id":"https:\/\/www.gero.lu\/de\/#organization"},"potentialAction":[{"@type":"SearchAction","target":{"@type":"EntryPoint","urlTemplate":"https:\/\/www.gero.lu\/de\/?s={search_term_string}"},"query-input":{"@type":"PropertyValueSpecification","valueRequired":true,"valueName":"search_term_string"}}],"inLanguage":"de"},{"@type":"Organization","@id":"https:\/\/www.gero.lu\/de\/#organization","name":"Gero","url":"https:\/\/www.gero.lu\/de\/","logo":{"@type":"ImageObject","inLanguage":"de","@id":"https:\/\/www.gero.lu\/de\/#\/schema\/logo\/image\/","url":"https:\/\/www.gero.lu\/wp-content\/uploads\/2024\/04\/logo.svg","contentUrl":"https:\/\/www.gero.lu\/wp-content\/uploads\/2024\/04\/logo.svg","width":76,"height":30,"caption":"Gero"},"image":{"@id":"https:\/\/www.gero.lu\/de\/#\/schema\/logo\/image\/"},"sameAs":["https:\/\/www.facebook.com\/Kompetenzzenter\/","https:\/\/www.instagram.com\/gero.kompetenzzenter\/","https:\/\/linkedin.com\/company\/gero-kompetenzzenter-fir-den-alter","https:\/\/www.youtube.com\/channel\/UCJvmJYSeHh3dYQsLHZupj-Q"]}]}},"_links":{"self":[{"href":"https:\/\/www.gero.lu\/de\/wp-json\/wp\/v2\/product\/10869","targetHints":{"allow":["GET"]}}],"collection":[{"href":"https:\/\/www.gero.lu\/de\/wp-json\/wp\/v2\/product"}],"about":[{"href":"https:\/\/www.gero.lu\/de\/wp-json\/wp\/v2\/types\/product"}],"replies":[{"embeddable":true,"href":"https:\/\/www.gero.lu\/de\/wp-json\/wp\/v2\/comments?post=10869"}],"wp:attachment":[{"href":"https:\/\/www.gero.lu\/de\/wp-json\/wp\/v2\/media?parent=10869"}],"wp:term":[{"taxonomy":"product_brand","embeddable":true,"href":"https:\/\/www.gero.lu\/de\/wp-json\/wp\/v2\/product_brand?post=10869"},{"taxonomy":"product_cat","embeddable":true,"href":"https:\/\/www.gero.lu\/de\/wp-json\/wp\/v2\/product_cat?post=10869"},{"taxonomy":"product_tag","embeddable":true,"href":"https:\/\/www.gero.lu\/de\/wp-json\/wp\/v2\/product_tag?post=10869"}],"curies":[{"name":"wp","href":"https:\/\/api.w.org\/{rel}","templated":true}]}}