{"id":10860,"date":"2026-02-20T11:21:58","date_gmt":"2026-02-20T11:21:58","guid":{"rendered":"https:\/\/www.gero.lu\/produit\/et-gett-een-net-als-grousseltere-gebuer"},"modified":"2026-02-20T11:21:58","modified_gmt":"2026-02-20T11:21:58","slug":"et-gett-een-net-als-grousseltere-gebuer","status":"publish","type":"product","link":"https:\/\/www.gero.lu\/de\/produit\/et-gett-een-net-als-grousseltere-gebuer","title":{"rendered":"Et g\u00ebtt een net als Grousseltere gebuer&#8230;"},"content":{"rendered":"<p>Grousseltere sinn \u2013 g\u00ebschter an haut. W\u00e9i eng Roll spille Grousselteren haut an eiser ver\u00e4nnerter Gesellschaft, eng Gesellschaft mat neien, anere Familljestrukturen? Wat g\u00ebtt vun hinnen erwaart? Wat sinn hir Erwaardungen u sech selwer? Firwat ass d\u2019Bez\u00e9iung zu den Enkelkanner esou w\u00e4ertvoll?<\/p>\n<p>Mat dem Tania Hemmer, \u00e9ducatrice gradu\u00e9e, experte en burn-out parental a coach parental syst\u00e9mique.<\/p>\n","protected":false},"excerpt":{"rendered":"<p>Grousseltere sinn \u2013 g\u00ebschter an haut. W\u00e9i eng Roll spille Grousselteren haut an eiser ver\u00e4nnerter Gesellschaft, eng Gesellschaft mat neien, anere Familljestrukturen? Wat g\u00ebtt vun hinnen erwaart? Wat sinn hir Erwaardungen u sech selwer? Firwat ass d\u2019Bez\u00e9iung zu den Enkelkanner esou w\u00e4ertvoll? Mat dem Tania Hemmer, \u00e9ducatrice gradu\u00e9e, experte en burn-out parental a coach parental [&hellip;]<\/p>\n","protected":false},"featured_media":0,"comment_status":"","ping_status":"closed","template":"","meta":{"_acf_changed":false,"inline_featured_image":false},"product_brand":[],"product_cat":[228],"product_tag":[203],"class_list":{"0":"post-10860","1":"product","2":"type-product","3":"status-publish","5":"product_cat-conference","6":"product_tag-connaissance-de-vie-senior","8":"first","9":"instock","10":"virtual","11":"purchasable","12":"product-type-simple"},"acf":[],"yoast_head":"<!-- This site is optimized with the Yoast SEO Premium plugin v26.5 (Yoast SEO v26.5) - https:\/\/yoast.com\/wordpress\/plugins\/seo\/ -->\n<title>Et g\u00ebtt een net als Grousseltere gebuer... - GERO<\/title>\n<meta name=\"robots\" content=\"index, follow, max-snippet:-1, max-image-preview:large, max-video-preview:-1\" \/>\n<link rel=\"canonical\" href=\"https:\/\/www.gero.lu\/de\/produit\/et-gett-een-net-als-grousseltere-gebuer\" \/>\n<meta property=\"og:locale\" content=\"de_DE\" \/>\n<meta property=\"og:type\" content=\"article\" \/>\n<meta property=\"og:title\" content=\"Et g\u00ebtt een net als Grousseltere gebuer...\" \/>\n<meta property=\"og:description\" content=\"Grousseltere sinn \u2013 g\u00ebschter an haut. W\u00e9i eng Roll spille Grousselteren haut an eiser ver\u00e4nnerter Gesellschaft, eng Gesellschaft mat neien, anere Familljestrukturen? Wat g\u00ebtt vun hinnen erwaart? Wat sinn hir Erwaardungen u sech selwer? Firwat ass d\u2019Bez\u00e9iung zu den Enkelkanner esou w\u00e4ertvoll? Mat dem Tania Hemmer, \u00e9ducatrice gradu\u00e9e, experte en burn-out parental a coach parental [&hellip;]\" \/>\n<meta property=\"og:url\" content=\"https:\/\/www.gero.lu\/de\/produit\/et-gett-een-net-als-grousseltere-gebuer\" \/>\n<meta property=\"og:site_name\" content=\"GERO\" \/>\n<meta property=\"article:publisher\" content=\"https:\/\/www.facebook.com\/Kompetenzzenter\/\" \/>\n<meta property=\"og:image\" content=\"https:\/\/www.gero.lu\/wp-content\/uploads\/2021\/08\/gettyimages-1135289130-2048x2048_RET-1.jpg\" \/>\n\t<meta property=\"og:image:width\" content=\"1227\" \/>\n\t<meta property=\"og:image:height\" content=\"802\" \/>\n\t<meta property=\"og:image:type\" content=\"image\/jpeg\" \/>\n<meta name=\"twitter:card\" content=\"summary_large_image\" \/>\n<script type=\"application\/ld+json\" class=\"yoast-schema-graph\">{\"@context\":\"https:\/\/schema.org\",\"@graph\":[{\"@type\":\"WebPage\",\"@id\":\"https:\/\/www.gero.lu\/de\/produit\/et-gett-een-net-als-grousseltere-gebuer\",\"url\":\"https:\/\/www.gero.lu\/de\/produit\/et-gett-een-net-als-grousseltere-gebuer\",\"name\":\"Et g\u00ebtt een net als Grousseltere gebuer... - GERO\",\"isPartOf\":{\"@id\":\"https:\/\/www.gero.lu\/de\/#website\"},\"datePublished\":\"2026-02-20T11:21:58+00:00\",\"breadcrumb\":{\"@id\":\"https:\/\/www.gero.lu\/de\/produit\/et-gett-een-net-als-grousseltere-gebuer#breadcrumb\"},\"inLanguage\":\"de\",\"potentialAction\":[{\"@type\":\"ReadAction\",\"target\":[[\"https:\/\/www.gero.lu\/de\/produit\/et-gett-een-net-als-grousseltere-gebuer\"]]}]},{\"@type\":\"BreadcrumbList\",\"@id\":\"https:\/\/www.gero.lu\/de\/produit\/et-gett-een-net-als-grousseltere-gebuer#breadcrumb\",\"itemListElement\":[{\"@type\":\"ListItem\",\"position\":1,\"name\":\"Accueil\",\"item\":\"https:\/\/www.gero.lu\/de\/\"},{\"@type\":\"ListItem\",\"position\":2,\"name\":\"Shop\",\"item\":\"https:\/\/www.gero.lu\/de\/shop\"},{\"@type\":\"ListItem\",\"position\":3,\"name\":\"Et g\u00ebtt een net als Grousseltere gebuer&#8230;\"}]},{\"@type\":\"WebSite\",\"@id\":\"https:\/\/www.gero.lu\/de\/#website\",\"url\":\"https:\/\/www.gero.lu\/de\/\",\"name\":\"Gero\",\"description\":\"Kompetenzzenter fir den Alter\",\"publisher\":{\"@id\":\"https:\/\/www.gero.lu\/de\/#organization\"},\"potentialAction\":[{\"@type\":\"SearchAction\",\"target\":{\"@type\":\"EntryPoint\",\"urlTemplate\":\"https:\/\/www.gero.lu\/de\/?s={search_term_string}\"},\"query-input\":{\"@type\":\"PropertyValueSpecification\",\"valueRequired\":true,\"valueName\":\"search_term_string\"}}],\"inLanguage\":\"de\"},{\"@type\":\"Organization\",\"@id\":\"https:\/\/www.gero.lu\/de\/#organization\",\"name\":\"Gero\",\"url\":\"https:\/\/www.gero.lu\/de\/\",\"logo\":{\"@type\":\"ImageObject\",\"inLanguage\":\"de\",\"@id\":\"https:\/\/www.gero.lu\/de\/#\/schema\/logo\/image\/\",\"url\":\"https:\/\/www.gero.lu\/wp-content\/uploads\/2024\/04\/logo.svg\",\"contentUrl\":\"https:\/\/www.gero.lu\/wp-content\/uploads\/2024\/04\/logo.svg\",\"width\":76,\"height\":30,\"caption\":\"Gero\"},\"image\":{\"@id\":\"https:\/\/www.gero.lu\/de\/#\/schema\/logo\/image\/\"},\"sameAs\":[\"https:\/\/www.facebook.com\/Kompetenzzenter\/\",\"https:\/\/www.instagram.com\/gero.kompetenzzenter\/\",\"https:\/\/linkedin.com\/company\/gero-kompetenzzenter-fir-den-alter\",\"https:\/\/www.youtube.com\/channel\/UCJvmJYSeHh3dYQsLHZupj-Q\"]}]}<\/script>\n<!-- \/ Yoast SEO Premium plugin. -->","yoast_head_json":{"title":"Et g\u00ebtt een net als Grousseltere gebuer... - GERO","robots":{"index":"index","follow":"follow","max-snippet":"max-snippet:-1","max-image-preview":"max-image-preview:large","max-video-preview":"max-video-preview:-1"},"canonical":"https:\/\/www.gero.lu\/de\/produit\/et-gett-een-net-als-grousseltere-gebuer","og_locale":"de_DE","og_type":"article","og_title":"Et g\u00ebtt een net als Grousseltere gebuer...","og_description":"Grousseltere sinn \u2013 g\u00ebschter an haut. W\u00e9i eng Roll spille Grousselteren haut an eiser ver\u00e4nnerter Gesellschaft, eng Gesellschaft mat neien, anere Familljestrukturen? Wat g\u00ebtt vun hinnen erwaart? Wat sinn hir Erwaardungen u sech selwer? Firwat ass d\u2019Bez\u00e9iung zu den Enkelkanner esou w\u00e4ertvoll? Mat dem Tania Hemmer, \u00e9ducatrice gradu\u00e9e, experte en burn-out parental a coach parental [&hellip;]","og_url":"https:\/\/www.gero.lu\/de\/produit\/et-gett-een-net-als-grousseltere-gebuer","og_site_name":"GERO","article_publisher":"https:\/\/www.facebook.com\/Kompetenzzenter\/","og_image":[{"width":1227,"height":802,"url":"https:\/\/www.gero.lu\/wp-content\/uploads\/2021\/08\/gettyimages-1135289130-2048x2048_RET-1.jpg","type":"image\/jpeg"}],"twitter_card":"summary_large_image","schema":{"@context":"https:\/\/schema.org","@graph":[{"@type":"WebPage","@id":"https:\/\/www.gero.lu\/de\/produit\/et-gett-een-net-als-grousseltere-gebuer","url":"https:\/\/www.gero.lu\/de\/produit\/et-gett-een-net-als-grousseltere-gebuer","name":"Et g\u00ebtt een net als Grousseltere gebuer... - GERO","isPartOf":{"@id":"https:\/\/www.gero.lu\/de\/#website"},"datePublished":"2026-02-20T11:21:58+00:00","breadcrumb":{"@id":"https:\/\/www.gero.lu\/de\/produit\/et-gett-een-net-als-grousseltere-gebuer#breadcrumb"},"inLanguage":"de","potentialAction":[{"@type":"ReadAction","target":[["https:\/\/www.gero.lu\/de\/produit\/et-gett-een-net-als-grousseltere-gebuer"]]}]},{"@type":"BreadcrumbList","@id":"https:\/\/www.gero.lu\/de\/produit\/et-gett-een-net-als-grousseltere-gebuer#breadcrumb","itemListElement":[{"@type":"ListItem","position":1,"name":"Accueil","item":"https:\/\/www.gero.lu\/de\/"},{"@type":"ListItem","position":2,"name":"Shop","item":"https:\/\/www.gero.lu\/de\/shop"},{"@type":"ListItem","position":3,"name":"Et g\u00ebtt een net als Grousseltere gebuer&#8230;"}]},{"@type":"WebSite","@id":"https:\/\/www.gero.lu\/de\/#website","url":"https:\/\/www.gero.lu\/de\/","name":"Gero","description":"Kompetenzzenter fir den Alter","publisher":{"@id":"https:\/\/www.gero.lu\/de\/#organization"},"potentialAction":[{"@type":"SearchAction","target":{"@type":"EntryPoint","urlTemplate":"https:\/\/www.gero.lu\/de\/?s={search_term_string}"},"query-input":{"@type":"PropertyValueSpecification","valueRequired":true,"valueName":"search_term_string"}}],"inLanguage":"de"},{"@type":"Organization","@id":"https:\/\/www.gero.lu\/de\/#organization","name":"Gero","url":"https:\/\/www.gero.lu\/de\/","logo":{"@type":"ImageObject","inLanguage":"de","@id":"https:\/\/www.gero.lu\/de\/#\/schema\/logo\/image\/","url":"https:\/\/www.gero.lu\/wp-content\/uploads\/2024\/04\/logo.svg","contentUrl":"https:\/\/www.gero.lu\/wp-content\/uploads\/2024\/04\/logo.svg","width":76,"height":30,"caption":"Gero"},"image":{"@id":"https:\/\/www.gero.lu\/de\/#\/schema\/logo\/image\/"},"sameAs":["https:\/\/www.facebook.com\/Kompetenzzenter\/","https:\/\/www.instagram.com\/gero.kompetenzzenter\/","https:\/\/linkedin.com\/company\/gero-kompetenzzenter-fir-den-alter","https:\/\/www.youtube.com\/channel\/UCJvmJYSeHh3dYQsLHZupj-Q"]}]}},"_links":{"self":[{"href":"https:\/\/www.gero.lu\/de\/wp-json\/wp\/v2\/product\/10860","targetHints":{"allow":["GET"]}}],"collection":[{"href":"https:\/\/www.gero.lu\/de\/wp-json\/wp\/v2\/product"}],"about":[{"href":"https:\/\/www.gero.lu\/de\/wp-json\/wp\/v2\/types\/product"}],"replies":[{"embeddable":true,"href":"https:\/\/www.gero.lu\/de\/wp-json\/wp\/v2\/comments?post=10860"}],"wp:attachment":[{"href":"https:\/\/www.gero.lu\/de\/wp-json\/wp\/v2\/media?parent=10860"}],"wp:term":[{"taxonomy":"product_brand","embeddable":true,"href":"https:\/\/www.gero.lu\/de\/wp-json\/wp\/v2\/product_brand?post=10860"},{"taxonomy":"product_cat","embeddable":true,"href":"https:\/\/www.gero.lu\/de\/wp-json\/wp\/v2\/product_cat?post=10860"},{"taxonomy":"product_tag","embeddable":true,"href":"https:\/\/www.gero.lu\/de\/wp-json\/wp\/v2\/product_tag?post=10860"}],"curies":[{"name":"wp","href":"https:\/\/api.w.org\/{rel}","templated":true}]}}