{"id":10858,"date":"2026-02-20T11:21:48","date_gmt":"2026-02-20T11:21:48","guid":{"rendered":"https:\/\/www.gero.lu\/produit\/eis-kleng-an-dei-nei-medien"},"modified":"2026-02-20T12:22:07","modified_gmt":"2026-02-20T12:22:07","slug":"eis-kleng-an-dei-nei-medien","status":"publish","type":"product","link":"https:\/\/www.gero.lu\/de\/produit\/eis-kleng-an-dei-nei-medien","title":{"rendered":"Eis Kleng an d\u00e9i nei Medien"},"content":{"rendered":"<p>Ginn eis Kanner besser an der digitaler Welt eens, wa si sech vu Klengem u mat Tablets asw. besch\u00e4ftegen? Oder solle mer d\u2019Warnunge vu villen Experten eescht huelen, d\u00e9i soen, dass Kanner, d\u00e9i ze fr\u00e9i d\u00ebse Medien ausgesat sinn, Problemer an hirer Entw\u00e9cklung kr\u00e9ie k\u00ebnnen. Warscheinlech l\u00e4it d\u2019Wourecht iergendwou dozw\u00ebschent. Zesumme gesi mer firwat d\u00e9i Kleng sou faszin\u00e9iert si vun Tablet an Handy an iwerlee\u00ebn, w\u00e9i a vu w\u00e9ini un et S\u00ebnn m\u00e9cht digital Medien bei klenge Kanner anzesetzen.<\/p>\n<p>Mat dem Siri Peiffer, \u00e9ducatrice gradu\u00e9e, coach parental syst\u00e9mique.<\/p>\n","protected":false},"excerpt":{"rendered":"<p>Ginn eis Kanner besser an der digitaler Welt eens, wa si sech vu Klengem u mat Tablets asw. besch\u00e4ftegen? Oder solle mer d\u2019Warnunge vu villen Experten eescht huelen, d\u00e9i soen, dass Kanner, d\u00e9i ze fr\u00e9i d\u00ebse Medien ausgesat sinn, Problemer an hirer Entw\u00e9cklung kr\u00e9ie k\u00ebnnen. Warscheinlech l\u00e4it d\u2019Wourecht iergendwou dozw\u00ebschent. Zesumme gesi mer firwat d\u00e9i [&hellip;]<\/p>\n","protected":false},"featured_media":0,"comment_status":"closed","ping_status":"closed","template":"","meta":{"_acf_changed":false,"inline_featured_image":false},"product_brand":[],"product_cat":[228],"product_tag":[203],"class_list":{"0":"post-10858","1":"product","2":"type-product","3":"status-publish","5":"product_cat-conference","6":"product_tag-connaissance-de-vie-senior","8":"first","9":"instock","10":"virtual","11":"purchasable","12":"product-type-simple"},"acf":[],"yoast_head":"<!-- This site is optimized with the Yoast SEO Premium plugin v26.5 (Yoast SEO v26.5) - https:\/\/yoast.com\/wordpress\/plugins\/seo\/ -->\n<title>Eis Kleng an d\u00e9i nei Medien - GERO<\/title>\n<meta name=\"robots\" content=\"index, follow, max-snippet:-1, max-image-preview:large, max-video-preview:-1\" \/>\n<link rel=\"canonical\" href=\"https:\/\/www.gero.lu\/de\/produit\/eis-kleng-an-dei-nei-medien\" \/>\n<meta property=\"og:locale\" content=\"de_DE\" \/>\n<meta property=\"og:type\" content=\"article\" \/>\n<meta property=\"og:title\" content=\"Eis Kleng an d\u00e9i nei Medien\" \/>\n<meta property=\"og:description\" content=\"Ginn eis Kanner besser an der digitaler Welt eens, wa si sech vu Klengem u mat Tablets asw. besch\u00e4ftegen? Oder solle mer d\u2019Warnunge vu villen Experten eescht huelen, d\u00e9i soen, dass Kanner, d\u00e9i ze fr\u00e9i d\u00ebse Medien ausgesat sinn, Problemer an hirer Entw\u00e9cklung kr\u00e9ie k\u00ebnnen. Warscheinlech l\u00e4it d\u2019Wourecht iergendwou dozw\u00ebschent. Zesumme gesi mer firwat d\u00e9i [&hellip;]\" \/>\n<meta property=\"og:url\" content=\"https:\/\/www.gero.lu\/de\/produit\/eis-kleng-an-dei-nei-medien\" \/>\n<meta property=\"og:site_name\" content=\"GERO\" \/>\n<meta property=\"article:publisher\" content=\"https:\/\/www.facebook.com\/Kompetenzzenter\/\" \/>\n<meta property=\"article:modified_time\" content=\"2026-02-20T12:22:07+00:00\" \/>\n<meta property=\"og:image\" content=\"https:\/\/www.gero.lu\/wp-content\/uploads\/2021\/08\/gettyimages-1135289130-2048x2048_RET-1.jpg\" \/>\n\t<meta property=\"og:image:width\" content=\"1227\" \/>\n\t<meta property=\"og:image:height\" content=\"802\" \/>\n\t<meta property=\"og:image:type\" content=\"image\/jpeg\" \/>\n<meta name=\"twitter:card\" content=\"summary_large_image\" \/>\n<meta name=\"twitter:label1\" content=\"Gesch\u00e4tzte Lesezeit\" \/>\n\t<meta name=\"twitter:data1\" content=\"1\u00a0Minute\" \/>\n<script type=\"application\/ld+json\" class=\"yoast-schema-graph\">{\"@context\":\"https:\/\/schema.org\",\"@graph\":[{\"@type\":\"WebPage\",\"@id\":\"https:\/\/www.gero.lu\/de\/produit\/eis-kleng-an-dei-nei-medien\",\"url\":\"https:\/\/www.gero.lu\/de\/produit\/eis-kleng-an-dei-nei-medien\",\"name\":\"Eis Kleng an d\u00e9i nei Medien - GERO\",\"isPartOf\":{\"@id\":\"https:\/\/www.gero.lu\/de\/#website\"},\"datePublished\":\"2026-02-20T11:21:48+00:00\",\"dateModified\":\"2026-02-20T12:22:07+00:00\",\"breadcrumb\":{\"@id\":\"https:\/\/www.gero.lu\/de\/produit\/eis-kleng-an-dei-nei-medien#breadcrumb\"},\"inLanguage\":\"de\",\"potentialAction\":[{\"@type\":\"ReadAction\",\"target\":[[\"https:\/\/www.gero.lu\/de\/produit\/eis-kleng-an-dei-nei-medien\"]]}]},{\"@type\":\"BreadcrumbList\",\"@id\":\"https:\/\/www.gero.lu\/de\/produit\/eis-kleng-an-dei-nei-medien#breadcrumb\",\"itemListElement\":[{\"@type\":\"ListItem\",\"position\":1,\"name\":\"Accueil\",\"item\":\"https:\/\/www.gero.lu\/de\/\"},{\"@type\":\"ListItem\",\"position\":2,\"name\":\"Shop\",\"item\":\"https:\/\/www.gero.lu\/de\/shop\"},{\"@type\":\"ListItem\",\"position\":3,\"name\":\"Eis Kleng an d\u00e9i nei Medien\"}]},{\"@type\":\"WebSite\",\"@id\":\"https:\/\/www.gero.lu\/de\/#website\",\"url\":\"https:\/\/www.gero.lu\/de\/\",\"name\":\"Gero\",\"description\":\"Kompetenzzenter fir den Alter\",\"publisher\":{\"@id\":\"https:\/\/www.gero.lu\/de\/#organization\"},\"potentialAction\":[{\"@type\":\"SearchAction\",\"target\":{\"@type\":\"EntryPoint\",\"urlTemplate\":\"https:\/\/www.gero.lu\/de\/?s={search_term_string}\"},\"query-input\":{\"@type\":\"PropertyValueSpecification\",\"valueRequired\":true,\"valueName\":\"search_term_string\"}}],\"inLanguage\":\"de\"},{\"@type\":\"Organization\",\"@id\":\"https:\/\/www.gero.lu\/de\/#organization\",\"name\":\"Gero\",\"url\":\"https:\/\/www.gero.lu\/de\/\",\"logo\":{\"@type\":\"ImageObject\",\"inLanguage\":\"de\",\"@id\":\"https:\/\/www.gero.lu\/de\/#\/schema\/logo\/image\/\",\"url\":\"https:\/\/www.gero.lu\/wp-content\/uploads\/2024\/04\/logo.svg\",\"contentUrl\":\"https:\/\/www.gero.lu\/wp-content\/uploads\/2024\/04\/logo.svg\",\"width\":76,\"height\":30,\"caption\":\"Gero\"},\"image\":{\"@id\":\"https:\/\/www.gero.lu\/de\/#\/schema\/logo\/image\/\"},\"sameAs\":[\"https:\/\/www.facebook.com\/Kompetenzzenter\/\",\"https:\/\/www.instagram.com\/gero.kompetenzzenter\/\",\"https:\/\/linkedin.com\/company\/gero-kompetenzzenter-fir-den-alter\",\"https:\/\/www.youtube.com\/channel\/UCJvmJYSeHh3dYQsLHZupj-Q\"]}]}<\/script>\n<!-- \/ Yoast SEO Premium plugin. -->","yoast_head_json":{"title":"Eis Kleng an d\u00e9i nei Medien - GERO","robots":{"index":"index","follow":"follow","max-snippet":"max-snippet:-1","max-image-preview":"max-image-preview:large","max-video-preview":"max-video-preview:-1"},"canonical":"https:\/\/www.gero.lu\/de\/produit\/eis-kleng-an-dei-nei-medien","og_locale":"de_DE","og_type":"article","og_title":"Eis Kleng an d\u00e9i nei Medien","og_description":"Ginn eis Kanner besser an der digitaler Welt eens, wa si sech vu Klengem u mat Tablets asw. besch\u00e4ftegen? Oder solle mer d\u2019Warnunge vu villen Experten eescht huelen, d\u00e9i soen, dass Kanner, d\u00e9i ze fr\u00e9i d\u00ebse Medien ausgesat sinn, Problemer an hirer Entw\u00e9cklung kr\u00e9ie k\u00ebnnen. Warscheinlech l\u00e4it d\u2019Wourecht iergendwou dozw\u00ebschent. Zesumme gesi mer firwat d\u00e9i [&hellip;]","og_url":"https:\/\/www.gero.lu\/de\/produit\/eis-kleng-an-dei-nei-medien","og_site_name":"GERO","article_publisher":"https:\/\/www.facebook.com\/Kompetenzzenter\/","article_modified_time":"2026-02-20T12:22:07+00:00","og_image":[{"width":1227,"height":802,"url":"https:\/\/www.gero.lu\/wp-content\/uploads\/2021\/08\/gettyimages-1135289130-2048x2048_RET-1.jpg","type":"image\/jpeg"}],"twitter_card":"summary_large_image","twitter_misc":{"Gesch\u00e4tzte Lesezeit":"1\u00a0Minute"},"schema":{"@context":"https:\/\/schema.org","@graph":[{"@type":"WebPage","@id":"https:\/\/www.gero.lu\/de\/produit\/eis-kleng-an-dei-nei-medien","url":"https:\/\/www.gero.lu\/de\/produit\/eis-kleng-an-dei-nei-medien","name":"Eis Kleng an d\u00e9i nei Medien - GERO","isPartOf":{"@id":"https:\/\/www.gero.lu\/de\/#website"},"datePublished":"2026-02-20T11:21:48+00:00","dateModified":"2026-02-20T12:22:07+00:00","breadcrumb":{"@id":"https:\/\/www.gero.lu\/de\/produit\/eis-kleng-an-dei-nei-medien#breadcrumb"},"inLanguage":"de","potentialAction":[{"@type":"ReadAction","target":[["https:\/\/www.gero.lu\/de\/produit\/eis-kleng-an-dei-nei-medien"]]}]},{"@type":"BreadcrumbList","@id":"https:\/\/www.gero.lu\/de\/produit\/eis-kleng-an-dei-nei-medien#breadcrumb","itemListElement":[{"@type":"ListItem","position":1,"name":"Accueil","item":"https:\/\/www.gero.lu\/de\/"},{"@type":"ListItem","position":2,"name":"Shop","item":"https:\/\/www.gero.lu\/de\/shop"},{"@type":"ListItem","position":3,"name":"Eis Kleng an d\u00e9i nei Medien"}]},{"@type":"WebSite","@id":"https:\/\/www.gero.lu\/de\/#website","url":"https:\/\/www.gero.lu\/de\/","name":"Gero","description":"Kompetenzzenter fir den Alter","publisher":{"@id":"https:\/\/www.gero.lu\/de\/#organization"},"potentialAction":[{"@type":"SearchAction","target":{"@type":"EntryPoint","urlTemplate":"https:\/\/www.gero.lu\/de\/?s={search_term_string}"},"query-input":{"@type":"PropertyValueSpecification","valueRequired":true,"valueName":"search_term_string"}}],"inLanguage":"de"},{"@type":"Organization","@id":"https:\/\/www.gero.lu\/de\/#organization","name":"Gero","url":"https:\/\/www.gero.lu\/de\/","logo":{"@type":"ImageObject","inLanguage":"de","@id":"https:\/\/www.gero.lu\/de\/#\/schema\/logo\/image\/","url":"https:\/\/www.gero.lu\/wp-content\/uploads\/2024\/04\/logo.svg","contentUrl":"https:\/\/www.gero.lu\/wp-content\/uploads\/2024\/04\/logo.svg","width":76,"height":30,"caption":"Gero"},"image":{"@id":"https:\/\/www.gero.lu\/de\/#\/schema\/logo\/image\/"},"sameAs":["https:\/\/www.facebook.com\/Kompetenzzenter\/","https:\/\/www.instagram.com\/gero.kompetenzzenter\/","https:\/\/linkedin.com\/company\/gero-kompetenzzenter-fir-den-alter","https:\/\/www.youtube.com\/channel\/UCJvmJYSeHh3dYQsLHZupj-Q"]}]}},"_links":{"self":[{"href":"https:\/\/www.gero.lu\/de\/wp-json\/wp\/v2\/product\/10858","targetHints":{"allow":["GET"]}}],"collection":[{"href":"https:\/\/www.gero.lu\/de\/wp-json\/wp\/v2\/product"}],"about":[{"href":"https:\/\/www.gero.lu\/de\/wp-json\/wp\/v2\/types\/product"}],"replies":[{"embeddable":true,"href":"https:\/\/www.gero.lu\/de\/wp-json\/wp\/v2\/comments?post=10858"}],"wp:attachment":[{"href":"https:\/\/www.gero.lu\/de\/wp-json\/wp\/v2\/media?parent=10858"}],"wp:term":[{"taxonomy":"product_brand","embeddable":true,"href":"https:\/\/www.gero.lu\/de\/wp-json\/wp\/v2\/product_brand?post=10858"},{"taxonomy":"product_cat","embeddable":true,"href":"https:\/\/www.gero.lu\/de\/wp-json\/wp\/v2\/product_cat?post=10858"},{"taxonomy":"product_tag","embeddable":true,"href":"https:\/\/www.gero.lu\/de\/wp-json\/wp\/v2\/product_tag?post=10858"}],"curies":[{"name":"wp","href":"https:\/\/api.w.org\/{rel}","templated":true}]}}