{"id":10847,"date":"2026-02-19T14:21:29","date_gmt":"2026-02-19T14:21:29","guid":{"rendered":"https:\/\/www.gero.lu\/produit\/humain-vs-machine-le-vrai-match-de-lintelligence"},"modified":"2026-02-19T15:21:35","modified_gmt":"2026-02-19T15:21:35","slug":"humain-vs-machine-le-vrai-match-de-lintelligence","status":"publish","type":"product","link":"https:\/\/www.gero.lu\/de\/produit\/humain-vs-machine-le-vrai-match-de-lintelligence","title":{"rendered":"Humain vs Machine: le vrai match de l&#8217;\u00eentelligence!"},"content":{"rendered":"<p>Les technologies \u00e9voluent plus vite que jamais, et l\u2019IA (l\u2019intelligence artificielle) est pr\u00e9sente dans tous les aspects de notre vie. Elle nous accompagne, nous simplifie certaines t\u00e2ches et transforme nos habitudes. Et pourtant, ce sont souvent nos \u00e9motions qui nous guident, nous permettent de comprendre, d\u2019influencer, de collaborer et de cr\u00e9er de la confiance avec les autres. Ce workshop, anim\u00e9 par Genevi\u00e8ve Muller, coach de vie et formatrice, met en lumi\u00e8re nos comp\u00e9tences \u00e9motionnelles et aide \u00e0 mieux comprendre comment elles s\u2019articulent avec les outils technologiques.<br \/>\nL\u2019objectif : renforcer notre aisance face au num\u00e9rique tout en valorisant ce qui fait notre force depuis toujours \u2013 notre exp\u00e9rience, notre sensibilit\u00e9 et notre capacit\u00e9 \u00e0 cr\u00e9er du lien.<\/p>\n","protected":false},"excerpt":{"rendered":"<p>Les technologies \u00e9voluent plus vite que jamais, et l\u2019IA (l\u2019intelligence artificielle) est pr\u00e9sente dans tous les aspects de notre vie. Elle nous accompagne, nous simplifie certaines t\u00e2ches et transforme nos habitudes. Et pourtant, ce sont souvent nos \u00e9motions qui nous guident, nous permettent de comprendre, d\u2019influencer, de collaborer et de cr\u00e9er de la confiance avec [&hellip;]<\/p>\n","protected":false},"featured_media":0,"comment_status":"closed","ping_status":"closed","template":"","meta":{"_acf_changed":false,"inline_featured_image":false},"product_brand":[],"product_cat":[229],"product_tag":[203],"class_list":{"0":"post-10847","1":"product","2":"type-product","3":"status-publish","5":"product_cat-workshop","6":"product_tag-connaissance-de-vie-senior","8":"first","9":"instock","10":"virtual","11":"purchasable","12":"product-type-simple"},"acf":[],"yoast_head":"<!-- This site is optimized with the Yoast SEO Premium plugin v27.4 (Yoast SEO v27.4) - https:\/\/yoast.com\/product\/yoast-seo-premium-wordpress\/ -->\n<title>Humain vs Machine: le vrai match de l&#039;\u00eentelligence! - GERO<\/title>\n<meta name=\"robots\" content=\"index, follow, max-snippet:-1, max-image-preview:large, max-video-preview:-1\" \/>\n<link rel=\"canonical\" href=\"https:\/\/www.gero.lu\/de\/produit\/humain-vs-machine-le-vrai-match-de-lintelligence\" \/>\n<meta property=\"og:locale\" content=\"de_DE\" \/>\n<meta property=\"og:type\" content=\"article\" \/>\n<meta property=\"og:title\" content=\"Humain vs Machine: le vrai match de l&#039;\u00eentelligence!\" \/>\n<meta property=\"og:description\" content=\"Les technologies \u00e9voluent plus vite que jamais, et l\u2019IA (l\u2019intelligence artificielle) est pr\u00e9sente dans tous les aspects de notre vie. Elle nous accompagne, nous simplifie certaines t\u00e2ches et transforme nos habitudes. Et pourtant, ce sont souvent nos \u00e9motions qui nous guident, nous permettent de comprendre, d\u2019influencer, de collaborer et de cr\u00e9er de la confiance avec [&hellip;]\" \/>\n<meta property=\"og:url\" content=\"https:\/\/www.gero.lu\/de\/produit\/humain-vs-machine-le-vrai-match-de-lintelligence\" \/>\n<meta property=\"og:site_name\" content=\"GERO\" \/>\n<meta property=\"article:publisher\" content=\"https:\/\/www.facebook.com\/Kompetenzzenter\/\" \/>\n<meta property=\"article:modified_time\" content=\"2026-02-19T15:21:35+00:00\" \/>\n<meta property=\"og:image\" content=\"https:\/\/www.gero.lu\/wp-content\/uploads\/2021\/08\/gettyimages-1135289130-2048x2048_RET-1.jpg\" \/>\n\t<meta property=\"og:image:width\" content=\"1227\" \/>\n\t<meta property=\"og:image:height\" content=\"802\" \/>\n\t<meta property=\"og:image:type\" content=\"image\/jpeg\" \/>\n<meta name=\"twitter:card\" content=\"summary_large_image\" \/>\n<meta name=\"twitter:label1\" content=\"Gesch\u00e4tzte Lesezeit\" \/>\n\t<meta name=\"twitter:data1\" content=\"1\u00a0Minute\" \/>\n<script type=\"application\/ld+json\" class=\"yoast-schema-graph\">{\"@context\":\"https:\\\/\\\/schema.org\",\"@graph\":[{\"@type\":\"WebPage\",\"@id\":\"https:\\\/\\\/www.gero.lu\\\/de\\\/produit\\\/humain-vs-machine-le-vrai-match-de-lintelligence\",\"url\":\"https:\\\/\\\/www.gero.lu\\\/de\\\/produit\\\/humain-vs-machine-le-vrai-match-de-lintelligence\",\"name\":\"Humain vs Machine: le vrai match de l'\u00eentelligence! - GERO\",\"isPartOf\":{\"@id\":\"https:\\\/\\\/www.gero.lu\\\/de\\\/#website\"},\"datePublished\":\"2026-02-19T14:21:29+00:00\",\"dateModified\":\"2026-02-19T15:21:35+00:00\",\"breadcrumb\":{\"@id\":\"https:\\\/\\\/www.gero.lu\\\/de\\\/produit\\\/humain-vs-machine-le-vrai-match-de-lintelligence#breadcrumb\"},\"inLanguage\":\"de\",\"potentialAction\":[{\"@type\":\"ReadAction\",\"target\":[[\"https:\\\/\\\/www.gero.lu\\\/de\\\/produit\\\/humain-vs-machine-le-vrai-match-de-lintelligence\"]]}]},{\"@type\":\"BreadcrumbList\",\"@id\":\"https:\\\/\\\/www.gero.lu\\\/de\\\/produit\\\/humain-vs-machine-le-vrai-match-de-lintelligence#breadcrumb\",\"itemListElement\":[{\"@type\":\"ListItem\",\"position\":1,\"name\":\"Accueil\",\"item\":\"https:\\\/\\\/www.gero.lu\\\/de\\\/\"},{\"@type\":\"ListItem\",\"position\":2,\"name\":\"Shop\",\"item\":\"https:\\\/\\\/www.gero.lu\\\/de\\\/shop\"},{\"@type\":\"ListItem\",\"position\":3,\"name\":\"Humain vs Machine: le vrai match de l&rsquo;\u00eentelligence!\"}]},{\"@type\":\"WebSite\",\"@id\":\"https:\\\/\\\/www.gero.lu\\\/de\\\/#website\",\"url\":\"https:\\\/\\\/www.gero.lu\\\/de\\\/\",\"name\":\"Gero\",\"description\":\"Kompetenzzenter fir den Alter\",\"publisher\":{\"@id\":\"https:\\\/\\\/www.gero.lu\\\/de\\\/#organization\"},\"potentialAction\":[{\"@type\":\"SearchAction\",\"target\":{\"@type\":\"EntryPoint\",\"urlTemplate\":\"https:\\\/\\\/www.gero.lu\\\/de\\\/?s={search_term_string}\"},\"query-input\":{\"@type\":\"PropertyValueSpecification\",\"valueRequired\":true,\"valueName\":\"search_term_string\"}}],\"inLanguage\":\"de\"},{\"@type\":\"Organization\",\"@id\":\"https:\\\/\\\/www.gero.lu\\\/de\\\/#organization\",\"name\":\"Gero\",\"url\":\"https:\\\/\\\/www.gero.lu\\\/de\\\/\",\"logo\":{\"@type\":\"ImageObject\",\"inLanguage\":\"de\",\"@id\":\"https:\\\/\\\/www.gero.lu\\\/de\\\/#\\\/schema\\\/logo\\\/image\\\/\",\"url\":\"https:\\\/\\\/www.gero.lu\\\/wp-content\\\/uploads\\\/2024\\\/04\\\/logo.svg\",\"contentUrl\":\"https:\\\/\\\/www.gero.lu\\\/wp-content\\\/uploads\\\/2024\\\/04\\\/logo.svg\",\"width\":76,\"height\":30,\"caption\":\"Gero\"},\"image\":{\"@id\":\"https:\\\/\\\/www.gero.lu\\\/de\\\/#\\\/schema\\\/logo\\\/image\\\/\"},\"sameAs\":[\"https:\\\/\\\/www.facebook.com\\\/Kompetenzzenter\\\/\",\"https:\\\/\\\/www.instagram.com\\\/gero.kompetenzzenter\\\/\",\"https:\\\/\\\/linkedin.com\\\/company\\\/gero-kompetenzzenter-fir-den-alter\",\"https:\\\/\\\/www.youtube.com\\\/channel\\\/UCJvmJYSeHh3dYQsLHZupj-Q\"]}]}<\/script>\n<!-- \/ Yoast SEO Premium plugin. -->","yoast_head_json":{"title":"Humain vs Machine: le vrai match de l'\u00eentelligence! - GERO","robots":{"index":"index","follow":"follow","max-snippet":"max-snippet:-1","max-image-preview":"max-image-preview:large","max-video-preview":"max-video-preview:-1"},"canonical":"https:\/\/www.gero.lu\/de\/produit\/humain-vs-machine-le-vrai-match-de-lintelligence","og_locale":"de_DE","og_type":"article","og_title":"Humain vs Machine: le vrai match de l'\u00eentelligence!","og_description":"Les technologies \u00e9voluent plus vite que jamais, et l\u2019IA (l\u2019intelligence artificielle) est pr\u00e9sente dans tous les aspects de notre vie. Elle nous accompagne, nous simplifie certaines t\u00e2ches et transforme nos habitudes. Et pourtant, ce sont souvent nos \u00e9motions qui nous guident, nous permettent de comprendre, d\u2019influencer, de collaborer et de cr\u00e9er de la confiance avec [&hellip;]","og_url":"https:\/\/www.gero.lu\/de\/produit\/humain-vs-machine-le-vrai-match-de-lintelligence","og_site_name":"GERO","article_publisher":"https:\/\/www.facebook.com\/Kompetenzzenter\/","article_modified_time":"2026-02-19T15:21:35+00:00","og_image":[{"width":1227,"height":802,"url":"https:\/\/www.gero.lu\/wp-content\/uploads\/2021\/08\/gettyimages-1135289130-2048x2048_RET-1.jpg","type":"image\/jpeg"}],"twitter_card":"summary_large_image","twitter_misc":{"Gesch\u00e4tzte Lesezeit":"1\u00a0Minute"},"schema":{"@context":"https:\/\/schema.org","@graph":[{"@type":"WebPage","@id":"https:\/\/www.gero.lu\/de\/produit\/humain-vs-machine-le-vrai-match-de-lintelligence","url":"https:\/\/www.gero.lu\/de\/produit\/humain-vs-machine-le-vrai-match-de-lintelligence","name":"Humain vs Machine: le vrai match de l'\u00eentelligence! - GERO","isPartOf":{"@id":"https:\/\/www.gero.lu\/de\/#website"},"datePublished":"2026-02-19T14:21:29+00:00","dateModified":"2026-02-19T15:21:35+00:00","breadcrumb":{"@id":"https:\/\/www.gero.lu\/de\/produit\/humain-vs-machine-le-vrai-match-de-lintelligence#breadcrumb"},"inLanguage":"de","potentialAction":[{"@type":"ReadAction","target":[["https:\/\/www.gero.lu\/de\/produit\/humain-vs-machine-le-vrai-match-de-lintelligence"]]}]},{"@type":"BreadcrumbList","@id":"https:\/\/www.gero.lu\/de\/produit\/humain-vs-machine-le-vrai-match-de-lintelligence#breadcrumb","itemListElement":[{"@type":"ListItem","position":1,"name":"Accueil","item":"https:\/\/www.gero.lu\/de\/"},{"@type":"ListItem","position":2,"name":"Shop","item":"https:\/\/www.gero.lu\/de\/shop"},{"@type":"ListItem","position":3,"name":"Humain vs Machine: le vrai match de l&rsquo;\u00eentelligence!"}]},{"@type":"WebSite","@id":"https:\/\/www.gero.lu\/de\/#website","url":"https:\/\/www.gero.lu\/de\/","name":"Gero","description":"Kompetenzzenter fir den Alter","publisher":{"@id":"https:\/\/www.gero.lu\/de\/#organization"},"potentialAction":[{"@type":"SearchAction","target":{"@type":"EntryPoint","urlTemplate":"https:\/\/www.gero.lu\/de\/?s={search_term_string}"},"query-input":{"@type":"PropertyValueSpecification","valueRequired":true,"valueName":"search_term_string"}}],"inLanguage":"de"},{"@type":"Organization","@id":"https:\/\/www.gero.lu\/de\/#organization","name":"Gero","url":"https:\/\/www.gero.lu\/de\/","logo":{"@type":"ImageObject","inLanguage":"de","@id":"https:\/\/www.gero.lu\/de\/#\/schema\/logo\/image\/","url":"https:\/\/www.gero.lu\/wp-content\/uploads\/2024\/04\/logo.svg","contentUrl":"https:\/\/www.gero.lu\/wp-content\/uploads\/2024\/04\/logo.svg","width":76,"height":30,"caption":"Gero"},"image":{"@id":"https:\/\/www.gero.lu\/de\/#\/schema\/logo\/image\/"},"sameAs":["https:\/\/www.facebook.com\/Kompetenzzenter\/","https:\/\/www.instagram.com\/gero.kompetenzzenter\/","https:\/\/linkedin.com\/company\/gero-kompetenzzenter-fir-den-alter","https:\/\/www.youtube.com\/channel\/UCJvmJYSeHh3dYQsLHZupj-Q"]}]}},"_links":{"self":[{"href":"https:\/\/www.gero.lu\/de\/wp-json\/wp\/v2\/product\/10847","targetHints":{"allow":["GET"]}}],"collection":[{"href":"https:\/\/www.gero.lu\/de\/wp-json\/wp\/v2\/product"}],"about":[{"href":"https:\/\/www.gero.lu\/de\/wp-json\/wp\/v2\/types\/product"}],"replies":[{"embeddable":true,"href":"https:\/\/www.gero.lu\/de\/wp-json\/wp\/v2\/comments?post=10847"}],"wp:attachment":[{"href":"https:\/\/www.gero.lu\/de\/wp-json\/wp\/v2\/media?parent=10847"}],"wp:term":[{"taxonomy":"product_brand","embeddable":true,"href":"https:\/\/www.gero.lu\/de\/wp-json\/wp\/v2\/product_brand?post=10847"},{"taxonomy":"product_cat","embeddable":true,"href":"https:\/\/www.gero.lu\/de\/wp-json\/wp\/v2\/product_cat?post=10847"},{"taxonomy":"product_tag","embeddable":true,"href":"https:\/\/www.gero.lu\/de\/wp-json\/wp\/v2\/product_tag?post=10847"}],"curies":[{"name":"wp","href":"https:\/\/api.w.org\/{rel}","templated":true}]}}