{"id":10844,"date":"2026-02-19T14:21:26","date_gmt":"2026-02-19T14:21:26","guid":{"rendered":"https:\/\/www.gero.lu\/produit\/beckenboden-training-fur-manner-und-frauen"},"modified":"2026-04-17T08:52:19","modified_gmt":"2026-04-17T08:52:19","slug":"beckenboden-training-fur-manner-und-frauen","status":"publish","type":"product","link":"https:\/\/www.gero.lu\/de\/produit\/beckenboden-training-fur-manner-und-frauen","title":{"rendered":"Beckenboden-Training f\u00fcr M\u00e4nner und Frauen"},"content":{"rendered":"<p>F\u00fcr viele Menschen ist der Beckenboden ein eher unbekannter, da versteckter Muskel. Seine zentrale Bedeutung f\u00fcr erh\u00f6hte Lebensqualit\u00e4t und besseres K\u00f6rpergef\u00fchl ist daher nicht immer ausreichend bekannt. Ein gezieltes Training ist wichtig, damit er seinen zahlreichen Aufgaben (z. B. Haltung und Sicherung der inneren Organe, Kontinenz, sexuelles Empfinden) bis ins hohe Alter gerecht werden kann.  Kursleiterin und Gesundheitstrainerin Heidi Willems erkl\u00e4rt, wie regelm\u00e4\u00dfige Beckenboden-\u00dcbungen im Sitzen sowie im Stehen ausgef\u00fchrt und jederzeit in den Alltag integriert werden k\u00f6nnen. Neben gezielten Anleitungen werden auch Hinweise zu einem bewussten Trinkverhalten sowie einer besseren K\u00f6rperwahrnehmung vermittelt.<\/p>\n","protected":false},"excerpt":{"rendered":"<p>F\u00fcr viele Menschen ist der Beckenboden ein eher unbekannter, da versteckter Muskel. Seine zentrale Bedeutung f\u00fcr erh\u00f6hte Lebensqualit\u00e4t und besseres K\u00f6rpergef\u00fchl ist daher nicht immer ausreichend bekannt. Ein gezieltes Training ist wichtig, damit er seinen zahlreichen Aufgaben (z. B. Haltung und Sicherung der inneren Organe, Kontinenz, sexuelles Empfinden) bis ins hohe Alter gerecht werden kann. [&hellip;]<\/p>\n","protected":false},"featured_media":0,"comment_status":"closed","ping_status":"closed","template":"","meta":{"_acf_changed":false,"inline_featured_image":false},"product_brand":[],"product_cat":[227],"product_tag":[200],"class_list":{"0":"post-10844","1":"product","2":"type-product","3":"status-publish","5":"product_cat-cours","6":"product_tag-sante-senior","8":"first","9":"outofstock","10":"virtual","11":"purchasable","12":"product-type-simple"},"acf":[],"yoast_head":"<!-- This site is optimized with the Yoast SEO Premium plugin v27.4 (Yoast SEO v27.4) - https:\/\/yoast.com\/product\/yoast-seo-premium-wordpress\/ -->\n<title>Beckenboden-Training f\u00fcr M\u00e4nner und Frauen - GERO<\/title>\n<meta name=\"robots\" content=\"index, follow, max-snippet:-1, max-image-preview:large, max-video-preview:-1\" \/>\n<link rel=\"canonical\" href=\"https:\/\/www.gero.lu\/de\/produit\/beckenboden-training-fur-manner-und-frauen\" \/>\n<meta property=\"og:locale\" content=\"de_DE\" \/>\n<meta property=\"og:type\" content=\"article\" \/>\n<meta property=\"og:title\" content=\"Beckenboden-Training f\u00fcr M\u00e4nner und Frauen\" \/>\n<meta property=\"og:description\" content=\"F\u00fcr viele Menschen ist der Beckenboden ein eher unbekannter, da versteckter Muskel. Seine zentrale Bedeutung f\u00fcr erh\u00f6hte Lebensqualit\u00e4t und besseres K\u00f6rpergef\u00fchl ist daher nicht immer ausreichend bekannt. Ein gezieltes Training ist wichtig, damit er seinen zahlreichen Aufgaben (z. B. Haltung und Sicherung der inneren Organe, Kontinenz, sexuelles Empfinden) bis ins hohe Alter gerecht werden kann. [&hellip;]\" \/>\n<meta property=\"og:url\" content=\"https:\/\/www.gero.lu\/de\/produit\/beckenboden-training-fur-manner-und-frauen\" \/>\n<meta property=\"og:site_name\" content=\"GERO\" \/>\n<meta property=\"article:publisher\" content=\"https:\/\/www.facebook.com\/Kompetenzzenter\/\" \/>\n<meta property=\"article:modified_time\" content=\"2026-04-17T08:52:19+00:00\" \/>\n<meta property=\"og:image\" content=\"https:\/\/www.gero.lu\/wp-content\/uploads\/2021\/08\/gettyimages-1135289130-2048x2048_RET-1.jpg\" \/>\n\t<meta property=\"og:image:width\" content=\"1227\" \/>\n\t<meta property=\"og:image:height\" content=\"802\" \/>\n\t<meta property=\"og:image:type\" content=\"image\/jpeg\" \/>\n<meta name=\"twitter:card\" content=\"summary_large_image\" \/>\n<meta name=\"twitter:label1\" content=\"Gesch\u00e4tzte Lesezeit\" \/>\n\t<meta name=\"twitter:data1\" content=\"1\u00a0Minute\" \/>\n<script type=\"application\/ld+json\" class=\"yoast-schema-graph\">{\"@context\":\"https:\\\/\\\/schema.org\",\"@graph\":[{\"@type\":\"WebPage\",\"@id\":\"https:\\\/\\\/www.gero.lu\\\/de\\\/produit\\\/beckenboden-training-fur-manner-und-frauen\",\"url\":\"https:\\\/\\\/www.gero.lu\\\/de\\\/produit\\\/beckenboden-training-fur-manner-und-frauen\",\"name\":\"Beckenboden-Training f\u00fcr M\u00e4nner und Frauen - GERO\",\"isPartOf\":{\"@id\":\"https:\\\/\\\/www.gero.lu\\\/de\\\/#website\"},\"datePublished\":\"2026-02-19T14:21:26+00:00\",\"dateModified\":\"2026-04-17T08:52:19+00:00\",\"breadcrumb\":{\"@id\":\"https:\\\/\\\/www.gero.lu\\\/de\\\/produit\\\/beckenboden-training-fur-manner-und-frauen#breadcrumb\"},\"inLanguage\":\"de\",\"potentialAction\":[{\"@type\":\"ReadAction\",\"target\":[[\"https:\\\/\\\/www.gero.lu\\\/de\\\/produit\\\/beckenboden-training-fur-manner-und-frauen\"]]}]},{\"@type\":\"BreadcrumbList\",\"@id\":\"https:\\\/\\\/www.gero.lu\\\/de\\\/produit\\\/beckenboden-training-fur-manner-und-frauen#breadcrumb\",\"itemListElement\":[{\"@type\":\"ListItem\",\"position\":1,\"name\":\"Accueil\",\"item\":\"https:\\\/\\\/www.gero.lu\\\/de\\\/\"},{\"@type\":\"ListItem\",\"position\":2,\"name\":\"Shop\",\"item\":\"https:\\\/\\\/www.gero.lu\\\/de\\\/shop\"},{\"@type\":\"ListItem\",\"position\":3,\"name\":\"Beckenboden-Training f\u00fcr M\u00e4nner und Frauen\"}]},{\"@type\":\"WebSite\",\"@id\":\"https:\\\/\\\/www.gero.lu\\\/de\\\/#website\",\"url\":\"https:\\\/\\\/www.gero.lu\\\/de\\\/\",\"name\":\"Gero\",\"description\":\"Kompetenzzenter fir den Alter\",\"publisher\":{\"@id\":\"https:\\\/\\\/www.gero.lu\\\/de\\\/#organization\"},\"potentialAction\":[{\"@type\":\"SearchAction\",\"target\":{\"@type\":\"EntryPoint\",\"urlTemplate\":\"https:\\\/\\\/www.gero.lu\\\/de\\\/?s={search_term_string}\"},\"query-input\":{\"@type\":\"PropertyValueSpecification\",\"valueRequired\":true,\"valueName\":\"search_term_string\"}}],\"inLanguage\":\"de\"},{\"@type\":\"Organization\",\"@id\":\"https:\\\/\\\/www.gero.lu\\\/de\\\/#organization\",\"name\":\"Gero\",\"url\":\"https:\\\/\\\/www.gero.lu\\\/de\\\/\",\"logo\":{\"@type\":\"ImageObject\",\"inLanguage\":\"de\",\"@id\":\"https:\\\/\\\/www.gero.lu\\\/de\\\/#\\\/schema\\\/logo\\\/image\\\/\",\"url\":\"https:\\\/\\\/www.gero.lu\\\/wp-content\\\/uploads\\\/2024\\\/04\\\/logo.svg\",\"contentUrl\":\"https:\\\/\\\/www.gero.lu\\\/wp-content\\\/uploads\\\/2024\\\/04\\\/logo.svg\",\"width\":76,\"height\":30,\"caption\":\"Gero\"},\"image\":{\"@id\":\"https:\\\/\\\/www.gero.lu\\\/de\\\/#\\\/schema\\\/logo\\\/image\\\/\"},\"sameAs\":[\"https:\\\/\\\/www.facebook.com\\\/Kompetenzzenter\\\/\",\"https:\\\/\\\/www.instagram.com\\\/gero.kompetenzzenter\\\/\",\"https:\\\/\\\/linkedin.com\\\/company\\\/gero-kompetenzzenter-fir-den-alter\",\"https:\\\/\\\/www.youtube.com\\\/channel\\\/UCJvmJYSeHh3dYQsLHZupj-Q\"]}]}<\/script>\n<!-- \/ Yoast SEO Premium plugin. -->","yoast_head_json":{"title":"Beckenboden-Training f\u00fcr M\u00e4nner und Frauen - GERO","robots":{"index":"index","follow":"follow","max-snippet":"max-snippet:-1","max-image-preview":"max-image-preview:large","max-video-preview":"max-video-preview:-1"},"canonical":"https:\/\/www.gero.lu\/de\/produit\/beckenboden-training-fur-manner-und-frauen","og_locale":"de_DE","og_type":"article","og_title":"Beckenboden-Training f\u00fcr M\u00e4nner und Frauen","og_description":"F\u00fcr viele Menschen ist der Beckenboden ein eher unbekannter, da versteckter Muskel. Seine zentrale Bedeutung f\u00fcr erh\u00f6hte Lebensqualit\u00e4t und besseres K\u00f6rpergef\u00fchl ist daher nicht immer ausreichend bekannt. Ein gezieltes Training ist wichtig, damit er seinen zahlreichen Aufgaben (z. B. Haltung und Sicherung der inneren Organe, Kontinenz, sexuelles Empfinden) bis ins hohe Alter gerecht werden kann. [&hellip;]","og_url":"https:\/\/www.gero.lu\/de\/produit\/beckenboden-training-fur-manner-und-frauen","og_site_name":"GERO","article_publisher":"https:\/\/www.facebook.com\/Kompetenzzenter\/","article_modified_time":"2026-04-17T08:52:19+00:00","og_image":[{"width":1227,"height":802,"url":"https:\/\/www.gero.lu\/wp-content\/uploads\/2021\/08\/gettyimages-1135289130-2048x2048_RET-1.jpg","type":"image\/jpeg"}],"twitter_card":"summary_large_image","twitter_misc":{"Gesch\u00e4tzte Lesezeit":"1\u00a0Minute"},"schema":{"@context":"https:\/\/schema.org","@graph":[{"@type":"WebPage","@id":"https:\/\/www.gero.lu\/de\/produit\/beckenboden-training-fur-manner-und-frauen","url":"https:\/\/www.gero.lu\/de\/produit\/beckenboden-training-fur-manner-und-frauen","name":"Beckenboden-Training f\u00fcr M\u00e4nner und Frauen - GERO","isPartOf":{"@id":"https:\/\/www.gero.lu\/de\/#website"},"datePublished":"2026-02-19T14:21:26+00:00","dateModified":"2026-04-17T08:52:19+00:00","breadcrumb":{"@id":"https:\/\/www.gero.lu\/de\/produit\/beckenboden-training-fur-manner-und-frauen#breadcrumb"},"inLanguage":"de","potentialAction":[{"@type":"ReadAction","target":[["https:\/\/www.gero.lu\/de\/produit\/beckenboden-training-fur-manner-und-frauen"]]}]},{"@type":"BreadcrumbList","@id":"https:\/\/www.gero.lu\/de\/produit\/beckenboden-training-fur-manner-und-frauen#breadcrumb","itemListElement":[{"@type":"ListItem","position":1,"name":"Accueil","item":"https:\/\/www.gero.lu\/de\/"},{"@type":"ListItem","position":2,"name":"Shop","item":"https:\/\/www.gero.lu\/de\/shop"},{"@type":"ListItem","position":3,"name":"Beckenboden-Training f\u00fcr M\u00e4nner und Frauen"}]},{"@type":"WebSite","@id":"https:\/\/www.gero.lu\/de\/#website","url":"https:\/\/www.gero.lu\/de\/","name":"Gero","description":"Kompetenzzenter fir den Alter","publisher":{"@id":"https:\/\/www.gero.lu\/de\/#organization"},"potentialAction":[{"@type":"SearchAction","target":{"@type":"EntryPoint","urlTemplate":"https:\/\/www.gero.lu\/de\/?s={search_term_string}"},"query-input":{"@type":"PropertyValueSpecification","valueRequired":true,"valueName":"search_term_string"}}],"inLanguage":"de"},{"@type":"Organization","@id":"https:\/\/www.gero.lu\/de\/#organization","name":"Gero","url":"https:\/\/www.gero.lu\/de\/","logo":{"@type":"ImageObject","inLanguage":"de","@id":"https:\/\/www.gero.lu\/de\/#\/schema\/logo\/image\/","url":"https:\/\/www.gero.lu\/wp-content\/uploads\/2024\/04\/logo.svg","contentUrl":"https:\/\/www.gero.lu\/wp-content\/uploads\/2024\/04\/logo.svg","width":76,"height":30,"caption":"Gero"},"image":{"@id":"https:\/\/www.gero.lu\/de\/#\/schema\/logo\/image\/"},"sameAs":["https:\/\/www.facebook.com\/Kompetenzzenter\/","https:\/\/www.instagram.com\/gero.kompetenzzenter\/","https:\/\/linkedin.com\/company\/gero-kompetenzzenter-fir-den-alter","https:\/\/www.youtube.com\/channel\/UCJvmJYSeHh3dYQsLHZupj-Q"]}]}},"_links":{"self":[{"href":"https:\/\/www.gero.lu\/de\/wp-json\/wp\/v2\/product\/10844","targetHints":{"allow":["GET"]}}],"collection":[{"href":"https:\/\/www.gero.lu\/de\/wp-json\/wp\/v2\/product"}],"about":[{"href":"https:\/\/www.gero.lu\/de\/wp-json\/wp\/v2\/types\/product"}],"replies":[{"embeddable":true,"href":"https:\/\/www.gero.lu\/de\/wp-json\/wp\/v2\/comments?post=10844"}],"wp:attachment":[{"href":"https:\/\/www.gero.lu\/de\/wp-json\/wp\/v2\/media?parent=10844"}],"wp:term":[{"taxonomy":"product_brand","embeddable":true,"href":"https:\/\/www.gero.lu\/de\/wp-json\/wp\/v2\/product_brand?post=10844"},{"taxonomy":"product_cat","embeddable":true,"href":"https:\/\/www.gero.lu\/de\/wp-json\/wp\/v2\/product_cat?post=10844"},{"taxonomy":"product_tag","embeddable":true,"href":"https:\/\/www.gero.lu\/de\/wp-json\/wp\/v2\/product_tag?post=10844"}],"curies":[{"name":"wp","href":"https:\/\/api.w.org\/{rel}","templated":true}]}}