{"id":10842,"date":"2026-02-19T11:21:26","date_gmt":"2026-02-19T11:21:26","guid":{"rendered":"https:\/\/www.gero.lu\/produit\/rv-sport-60"},"modified":"2026-02-19T11:21:26","modified_gmt":"2026-02-19T11:21:26","slug":"rv-sport-60","status":"publish","type":"product","link":"https:\/\/www.gero.lu\/de\/produit\/rv-sport-60","title":{"rendered":"RV Sport 60+"},"content":{"rendered":"<p>Jede Einheit beginnt mit Atem\u00fcbungen und sanfter Mobilisation. Im Hauptteil trainieren wir gezielt Kraft zur Verbesserung allt\u00e4glicher Bewegungen wie Aufstehen, Treppensteigen oder Tragen. Die \u00dcbungen werden individuell an den jeweiligen Fitnessstand sowie an m\u00f6gliche Verletzungen oder k\u00f6rperliche Einschr\u00e4nkungen angepasst. Erg\u00e4nzt wird das Training durch Koordinations- sowie stabilisierende \u00dcbungen f\u00fcr Rumpf und Gleichgewicht.<\/p>\n<p>Kursleiterin Ann-Sophie Goldschmidt ist ausgebildete Fitnesstrainerin und verf\u00fcgt \u00fcber viel Erfahrung mit unterschiedlichen Altersgruppen und Fitnesslevels. Als Bachelor-Studentin der Psychologie bringt sie zudem ein besonderes Verst\u00e4ndnis f\u00fcr Motivation, Sicherheit und individuelle Bed\u00fcrfnisse mit.<\/p>\n<p>Die Trainings finden ab dem 13. April immer montags statt. Weitere Anmeldungen sind immer f\u00fcnf Tage im Voraus f\u00fcr die folgende Einheit m\u00f6glich.<\/p>\n<p>Chaque s\u00e9ance commence par des exercices de respiration et une mobilisation douce. La partie principale est consacr\u00e9e au renforcement musculaire cibl\u00e9 sur les mouvements du quotidien et compl\u00e9t\u00e9e par des exercices de coordination et de stabilisation. L\u2019entra\u00eenement est adapt\u00e9 individuellement. La responsable du cours, Ann-Sophie Goldschmidt, est coach sportive dipl\u00f4m\u00e9e et \u00e9tudiante en psychologie.<\/p>\n<p>Les entra\u00eenements ont lieu \u00e0 partir du 13 avril, tous les lundis. Les inscriptions sont possibles cinq jours \u00e0 l\u2019avance pour la s\u00e9ance suivante.<\/p>\n","protected":false},"excerpt":{"rendered":"<p>Jede Einheit beginnt mit Atem\u00fcbungen und sanfter Mobilisation. Im Hauptteil trainieren wir gezielt Kraft zur Verbesserung allt\u00e4glicher Bewegungen wie Aufstehen, Treppensteigen oder Tragen. Die \u00dcbungen werden individuell an den jeweiligen Fitnessstand sowie an m\u00f6gliche Verletzungen oder k\u00f6rperliche Einschr\u00e4nkungen angepasst. Erg\u00e4nzt wird das Training durch Koordinations- sowie stabilisierende \u00dcbungen f\u00fcr Rumpf und Gleichgewicht. Kursleiterin Ann-Sophie Goldschmidt [&hellip;]<\/p>\n","protected":false},"featured_media":0,"comment_status":"","ping_status":"closed","template":"","meta":{"_acf_changed":false,"inline_featured_image":false},"product_brand":[],"product_cat":[229],"product_tag":[200],"class_list":{"0":"post-10842","1":"product","2":"type-product","3":"status-publish","5":"product_cat-workshop","6":"product_tag-sante-senior","8":"first","9":"outofstock","10":"virtual","11":"purchasable","12":"product-type-simple"},"acf":[],"yoast_head":"<!-- This site is optimized with the Yoast SEO Premium plugin v26.5 (Yoast SEO v26.5) - https:\/\/yoast.com\/wordpress\/plugins\/seo\/ -->\n<title>RV Sport 60+ - GERO<\/title>\n<meta name=\"robots\" content=\"index, follow, max-snippet:-1, max-image-preview:large, max-video-preview:-1\" \/>\n<link rel=\"canonical\" href=\"https:\/\/www.gero.lu\/de\/produit\/rv-sport-60\" \/>\n<meta property=\"og:locale\" content=\"de_DE\" \/>\n<meta property=\"og:type\" content=\"article\" \/>\n<meta property=\"og:title\" content=\"RV Sport 60+\" \/>\n<meta property=\"og:description\" content=\"Jede Einheit beginnt mit Atem\u00fcbungen und sanfter Mobilisation. Im Hauptteil trainieren wir gezielt Kraft zur Verbesserung allt\u00e4glicher Bewegungen wie Aufstehen, Treppensteigen oder Tragen. Die \u00dcbungen werden individuell an den jeweiligen Fitnessstand sowie an m\u00f6gliche Verletzungen oder k\u00f6rperliche Einschr\u00e4nkungen angepasst. Erg\u00e4nzt wird das Training durch Koordinations- sowie stabilisierende \u00dcbungen f\u00fcr Rumpf und Gleichgewicht. Kursleiterin Ann-Sophie Goldschmidt [&hellip;]\" \/>\n<meta property=\"og:url\" content=\"https:\/\/www.gero.lu\/de\/produit\/rv-sport-60\" \/>\n<meta property=\"og:site_name\" content=\"GERO\" \/>\n<meta property=\"article:publisher\" content=\"https:\/\/www.facebook.com\/Kompetenzzenter\/\" \/>\n<meta property=\"og:image\" content=\"https:\/\/www.gero.lu\/wp-content\/uploads\/2021\/08\/gettyimages-1135289130-2048x2048_RET-1.jpg\" \/>\n\t<meta property=\"og:image:width\" content=\"1227\" \/>\n\t<meta property=\"og:image:height\" content=\"802\" \/>\n\t<meta property=\"og:image:type\" content=\"image\/jpeg\" \/>\n<meta name=\"twitter:card\" content=\"summary_large_image\" \/>\n<meta name=\"twitter:label1\" content=\"Gesch\u00e4tzte Lesezeit\" \/>\n\t<meta name=\"twitter:data1\" content=\"1\u00a0Minute\" \/>\n<script type=\"application\/ld+json\" class=\"yoast-schema-graph\">{\"@context\":\"https:\/\/schema.org\",\"@graph\":[{\"@type\":\"WebPage\",\"@id\":\"https:\/\/www.gero.lu\/de\/produit\/rv-sport-60\",\"url\":\"https:\/\/www.gero.lu\/de\/produit\/rv-sport-60\",\"name\":\"RV Sport 60+ - GERO\",\"isPartOf\":{\"@id\":\"https:\/\/www.gero.lu\/de\/#website\"},\"datePublished\":\"2026-02-19T11:21:26+00:00\",\"breadcrumb\":{\"@id\":\"https:\/\/www.gero.lu\/de\/produit\/rv-sport-60#breadcrumb\"},\"inLanguage\":\"de\",\"potentialAction\":[{\"@type\":\"ReadAction\",\"target\":[[\"https:\/\/www.gero.lu\/de\/produit\/rv-sport-60\"]]}]},{\"@type\":\"BreadcrumbList\",\"@id\":\"https:\/\/www.gero.lu\/de\/produit\/rv-sport-60#breadcrumb\",\"itemListElement\":[{\"@type\":\"ListItem\",\"position\":1,\"name\":\"Accueil\",\"item\":\"https:\/\/www.gero.lu\/de\/\"},{\"@type\":\"ListItem\",\"position\":2,\"name\":\"Shop\",\"item\":\"https:\/\/www.gero.lu\/de\/shop\"},{\"@type\":\"ListItem\",\"position\":3,\"name\":\"RV Sport 60+\"}]},{\"@type\":\"WebSite\",\"@id\":\"https:\/\/www.gero.lu\/de\/#website\",\"url\":\"https:\/\/www.gero.lu\/de\/\",\"name\":\"Gero\",\"description\":\"Kompetenzzenter fir den Alter\",\"publisher\":{\"@id\":\"https:\/\/www.gero.lu\/de\/#organization\"},\"potentialAction\":[{\"@type\":\"SearchAction\",\"target\":{\"@type\":\"EntryPoint\",\"urlTemplate\":\"https:\/\/www.gero.lu\/de\/?s={search_term_string}\"},\"query-input\":{\"@type\":\"PropertyValueSpecification\",\"valueRequired\":true,\"valueName\":\"search_term_string\"}}],\"inLanguage\":\"de\"},{\"@type\":\"Organization\",\"@id\":\"https:\/\/www.gero.lu\/de\/#organization\",\"name\":\"Gero\",\"url\":\"https:\/\/www.gero.lu\/de\/\",\"logo\":{\"@type\":\"ImageObject\",\"inLanguage\":\"de\",\"@id\":\"https:\/\/www.gero.lu\/de\/#\/schema\/logo\/image\/\",\"url\":\"https:\/\/www.gero.lu\/wp-content\/uploads\/2024\/04\/logo.svg\",\"contentUrl\":\"https:\/\/www.gero.lu\/wp-content\/uploads\/2024\/04\/logo.svg\",\"width\":76,\"height\":30,\"caption\":\"Gero\"},\"image\":{\"@id\":\"https:\/\/www.gero.lu\/de\/#\/schema\/logo\/image\/\"},\"sameAs\":[\"https:\/\/www.facebook.com\/Kompetenzzenter\/\",\"https:\/\/www.instagram.com\/gero.kompetenzzenter\/\",\"https:\/\/linkedin.com\/company\/gero-kompetenzzenter-fir-den-alter\",\"https:\/\/www.youtube.com\/channel\/UCJvmJYSeHh3dYQsLHZupj-Q\"]}]}<\/script>\n<!-- \/ Yoast SEO Premium plugin. -->","yoast_head_json":{"title":"RV Sport 60+ - GERO","robots":{"index":"index","follow":"follow","max-snippet":"max-snippet:-1","max-image-preview":"max-image-preview:large","max-video-preview":"max-video-preview:-1"},"canonical":"https:\/\/www.gero.lu\/de\/produit\/rv-sport-60","og_locale":"de_DE","og_type":"article","og_title":"RV Sport 60+","og_description":"Jede Einheit beginnt mit Atem\u00fcbungen und sanfter Mobilisation. Im Hauptteil trainieren wir gezielt Kraft zur Verbesserung allt\u00e4glicher Bewegungen wie Aufstehen, Treppensteigen oder Tragen. Die \u00dcbungen werden individuell an den jeweiligen Fitnessstand sowie an m\u00f6gliche Verletzungen oder k\u00f6rperliche Einschr\u00e4nkungen angepasst. Erg\u00e4nzt wird das Training durch Koordinations- sowie stabilisierende \u00dcbungen f\u00fcr Rumpf und Gleichgewicht. Kursleiterin Ann-Sophie Goldschmidt [&hellip;]","og_url":"https:\/\/www.gero.lu\/de\/produit\/rv-sport-60","og_site_name":"GERO","article_publisher":"https:\/\/www.facebook.com\/Kompetenzzenter\/","og_image":[{"width":1227,"height":802,"url":"https:\/\/www.gero.lu\/wp-content\/uploads\/2021\/08\/gettyimages-1135289130-2048x2048_RET-1.jpg","type":"image\/jpeg"}],"twitter_card":"summary_large_image","twitter_misc":{"Gesch\u00e4tzte Lesezeit":"1\u00a0Minute"},"schema":{"@context":"https:\/\/schema.org","@graph":[{"@type":"WebPage","@id":"https:\/\/www.gero.lu\/de\/produit\/rv-sport-60","url":"https:\/\/www.gero.lu\/de\/produit\/rv-sport-60","name":"RV Sport 60+ - GERO","isPartOf":{"@id":"https:\/\/www.gero.lu\/de\/#website"},"datePublished":"2026-02-19T11:21:26+00:00","breadcrumb":{"@id":"https:\/\/www.gero.lu\/de\/produit\/rv-sport-60#breadcrumb"},"inLanguage":"de","potentialAction":[{"@type":"ReadAction","target":[["https:\/\/www.gero.lu\/de\/produit\/rv-sport-60"]]}]},{"@type":"BreadcrumbList","@id":"https:\/\/www.gero.lu\/de\/produit\/rv-sport-60#breadcrumb","itemListElement":[{"@type":"ListItem","position":1,"name":"Accueil","item":"https:\/\/www.gero.lu\/de\/"},{"@type":"ListItem","position":2,"name":"Shop","item":"https:\/\/www.gero.lu\/de\/shop"},{"@type":"ListItem","position":3,"name":"RV Sport 60+"}]},{"@type":"WebSite","@id":"https:\/\/www.gero.lu\/de\/#website","url":"https:\/\/www.gero.lu\/de\/","name":"Gero","description":"Kompetenzzenter fir den Alter","publisher":{"@id":"https:\/\/www.gero.lu\/de\/#organization"},"potentialAction":[{"@type":"SearchAction","target":{"@type":"EntryPoint","urlTemplate":"https:\/\/www.gero.lu\/de\/?s={search_term_string}"},"query-input":{"@type":"PropertyValueSpecification","valueRequired":true,"valueName":"search_term_string"}}],"inLanguage":"de"},{"@type":"Organization","@id":"https:\/\/www.gero.lu\/de\/#organization","name":"Gero","url":"https:\/\/www.gero.lu\/de\/","logo":{"@type":"ImageObject","inLanguage":"de","@id":"https:\/\/www.gero.lu\/de\/#\/schema\/logo\/image\/","url":"https:\/\/www.gero.lu\/wp-content\/uploads\/2024\/04\/logo.svg","contentUrl":"https:\/\/www.gero.lu\/wp-content\/uploads\/2024\/04\/logo.svg","width":76,"height":30,"caption":"Gero"},"image":{"@id":"https:\/\/www.gero.lu\/de\/#\/schema\/logo\/image\/"},"sameAs":["https:\/\/www.facebook.com\/Kompetenzzenter\/","https:\/\/www.instagram.com\/gero.kompetenzzenter\/","https:\/\/linkedin.com\/company\/gero-kompetenzzenter-fir-den-alter","https:\/\/www.youtube.com\/channel\/UCJvmJYSeHh3dYQsLHZupj-Q"]}]}},"_links":{"self":[{"href":"https:\/\/www.gero.lu\/de\/wp-json\/wp\/v2\/product\/10842","targetHints":{"allow":["GET"]}}],"collection":[{"href":"https:\/\/www.gero.lu\/de\/wp-json\/wp\/v2\/product"}],"about":[{"href":"https:\/\/www.gero.lu\/de\/wp-json\/wp\/v2\/types\/product"}],"replies":[{"embeddable":true,"href":"https:\/\/www.gero.lu\/de\/wp-json\/wp\/v2\/comments?post=10842"}],"wp:attachment":[{"href":"https:\/\/www.gero.lu\/de\/wp-json\/wp\/v2\/media?parent=10842"}],"wp:term":[{"taxonomy":"product_brand","embeddable":true,"href":"https:\/\/www.gero.lu\/de\/wp-json\/wp\/v2\/product_brand?post=10842"},{"taxonomy":"product_cat","embeddable":true,"href":"https:\/\/www.gero.lu\/de\/wp-json\/wp\/v2\/product_cat?post=10842"},{"taxonomy":"product_tag","embeddable":true,"href":"https:\/\/www.gero.lu\/de\/wp-json\/wp\/v2\/product_tag?post=10842"}],"curies":[{"name":"wp","href":"https:\/\/api.w.org\/{rel}","templated":true}]}}