{"id":10841,"date":"2026-02-19T11:21:22","date_gmt":"2026-02-19T11:21:22","guid":{"rendered":"https:\/\/www.gero.lu\/produit\/belval-fruher-und-heute"},"modified":"2026-03-13T13:21:36","modified_gmt":"2026-03-13T13:21:36","slug":"belval-fruher-und-heute","status":"publish","type":"product","link":"https:\/\/www.gero.lu\/de\/produit\/belval-fruher-und-heute","title":{"rendered":"Belval &#8211; Fr\u00fcher und heute"},"content":{"rendered":"<p>Erleben Sie einen besonderen Tagesausflug ins Herz der luxemburgischen Industriegeschichte. Bei unserem Ausflug entdecken Sie die faszinierende Welt der Stahlindustrie und gleichzeitig das moderne Gesicht des Viertels Belval.<\/p>\n<p>Im Spannungsfeld zwischen industriellem Erbe und urbaner Erneuerung erfahren Sie, wie sich der ehemalige Industriestandort zu einem dynamischen und innovativen Zentrum entwickelt hat. W\u00e4hrend der verschiedenen Aktivit\u00e4ten werden wir gemeinsam ein geselliges Mittagessen im URBAN Belval genie\u00dfen.<\/p>\n<p>Eine Men\u00fc-Auswahl wird Ihnen nach Ihrer Anmeldung zugeschickt.<\/p>\n","protected":false},"excerpt":{"rendered":"<p>Erleben Sie einen besonderen Tagesausflug ins Herz der luxemburgischen Industriegeschichte. Bei unserem Ausflug entdecken Sie die faszinierende Welt der Stahlindustrie und gleichzeitig das moderne Gesicht des Viertels Belval. Im Spannungsfeld zwischen industriellem Erbe und urbaner Erneuerung erfahren Sie, wie sich der ehemalige Industriestandort zu einem dynamischen und innovativen Zentrum entwickelt hat. W\u00e4hrend der verschiedenen Aktivit\u00e4ten [&hellip;]<\/p>\n","protected":false},"featured_media":0,"comment_status":"closed","ping_status":"closed","template":"","meta":{"_acf_changed":false,"inline_featured_image":false},"product_brand":[],"product_cat":[230],"product_tag":[199],"class_list":{"0":"post-10841","1":"product","2":"type-product","3":"status-publish","5":"product_cat-visite","6":"product_tag-culture-senior","8":"first","9":"instock","10":"virtual","11":"purchasable","12":"product-type-simple"},"acf":[],"yoast_head":"<!-- This site is optimized with the Yoast SEO Premium plugin v26.5 (Yoast SEO v26.5) - https:\/\/yoast.com\/wordpress\/plugins\/seo\/ -->\n<title>Belval - Fr\u00fcher und heute - GERO<\/title>\n<meta name=\"robots\" content=\"index, follow, max-snippet:-1, max-image-preview:large, max-video-preview:-1\" \/>\n<link rel=\"canonical\" href=\"https:\/\/www.gero.lu\/de\/produit\/belval-fruher-und-heute\" \/>\n<meta property=\"og:locale\" content=\"de_DE\" \/>\n<meta property=\"og:type\" content=\"article\" \/>\n<meta property=\"og:title\" content=\"Belval - Fr\u00fcher und heute\" \/>\n<meta property=\"og:description\" content=\"Erleben Sie einen besonderen Tagesausflug ins Herz der luxemburgischen Industriegeschichte. Bei unserem Ausflug entdecken Sie die faszinierende Welt der Stahlindustrie und gleichzeitig das moderne Gesicht des Viertels Belval. Im Spannungsfeld zwischen industriellem Erbe und urbaner Erneuerung erfahren Sie, wie sich der ehemalige Industriestandort zu einem dynamischen und innovativen Zentrum entwickelt hat. W\u00e4hrend der verschiedenen Aktivit\u00e4ten [&hellip;]\" \/>\n<meta property=\"og:url\" content=\"https:\/\/www.gero.lu\/de\/produit\/belval-fruher-und-heute\" \/>\n<meta property=\"og:site_name\" content=\"GERO\" \/>\n<meta property=\"article:publisher\" content=\"https:\/\/www.facebook.com\/Kompetenzzenter\/\" \/>\n<meta property=\"article:modified_time\" content=\"2026-03-13T13:21:36+00:00\" \/>\n<meta property=\"og:image\" content=\"https:\/\/www.gero.lu\/wp-content\/uploads\/2021\/08\/gettyimages-1135289130-2048x2048_RET-1.jpg\" \/>\n\t<meta property=\"og:image:width\" content=\"1227\" \/>\n\t<meta property=\"og:image:height\" content=\"802\" \/>\n\t<meta property=\"og:image:type\" content=\"image\/jpeg\" \/>\n<meta name=\"twitter:card\" content=\"summary_large_image\" \/>\n<script type=\"application\/ld+json\" class=\"yoast-schema-graph\">{\"@context\":\"https:\/\/schema.org\",\"@graph\":[{\"@type\":\"WebPage\",\"@id\":\"https:\/\/www.gero.lu\/de\/produit\/belval-fruher-und-heute\",\"url\":\"https:\/\/www.gero.lu\/de\/produit\/belval-fruher-und-heute\",\"name\":\"Belval - Fr\u00fcher und heute - GERO\",\"isPartOf\":{\"@id\":\"https:\/\/www.gero.lu\/de\/#website\"},\"datePublished\":\"2026-02-19T11:21:22+00:00\",\"dateModified\":\"2026-03-13T13:21:36+00:00\",\"breadcrumb\":{\"@id\":\"https:\/\/www.gero.lu\/de\/produit\/belval-fruher-und-heute#breadcrumb\"},\"inLanguage\":\"de\",\"potentialAction\":[{\"@type\":\"ReadAction\",\"target\":[[\"https:\/\/www.gero.lu\/de\/produit\/belval-fruher-und-heute\"]]}]},{\"@type\":\"BreadcrumbList\",\"@id\":\"https:\/\/www.gero.lu\/de\/produit\/belval-fruher-und-heute#breadcrumb\",\"itemListElement\":[{\"@type\":\"ListItem\",\"position\":1,\"name\":\"Accueil\",\"item\":\"https:\/\/www.gero.lu\/de\/\"},{\"@type\":\"ListItem\",\"position\":2,\"name\":\"Shop\",\"item\":\"https:\/\/www.gero.lu\/de\/shop\"},{\"@type\":\"ListItem\",\"position\":3,\"name\":\"Belval &#8211; Fr\u00fcher und heute\"}]},{\"@type\":\"WebSite\",\"@id\":\"https:\/\/www.gero.lu\/de\/#website\",\"url\":\"https:\/\/www.gero.lu\/de\/\",\"name\":\"Gero\",\"description\":\"Kompetenzzenter fir den Alter\",\"publisher\":{\"@id\":\"https:\/\/www.gero.lu\/de\/#organization\"},\"potentialAction\":[{\"@type\":\"SearchAction\",\"target\":{\"@type\":\"EntryPoint\",\"urlTemplate\":\"https:\/\/www.gero.lu\/de\/?s={search_term_string}\"},\"query-input\":{\"@type\":\"PropertyValueSpecification\",\"valueRequired\":true,\"valueName\":\"search_term_string\"}}],\"inLanguage\":\"de\"},{\"@type\":\"Organization\",\"@id\":\"https:\/\/www.gero.lu\/de\/#organization\",\"name\":\"Gero\",\"url\":\"https:\/\/www.gero.lu\/de\/\",\"logo\":{\"@type\":\"ImageObject\",\"inLanguage\":\"de\",\"@id\":\"https:\/\/www.gero.lu\/de\/#\/schema\/logo\/image\/\",\"url\":\"https:\/\/www.gero.lu\/wp-content\/uploads\/2024\/04\/logo.svg\",\"contentUrl\":\"https:\/\/www.gero.lu\/wp-content\/uploads\/2024\/04\/logo.svg\",\"width\":76,\"height\":30,\"caption\":\"Gero\"},\"image\":{\"@id\":\"https:\/\/www.gero.lu\/de\/#\/schema\/logo\/image\/\"},\"sameAs\":[\"https:\/\/www.facebook.com\/Kompetenzzenter\/\",\"https:\/\/www.instagram.com\/gero.kompetenzzenter\/\",\"https:\/\/linkedin.com\/company\/gero-kompetenzzenter-fir-den-alter\",\"https:\/\/www.youtube.com\/channel\/UCJvmJYSeHh3dYQsLHZupj-Q\"]}]}<\/script>\n<!-- \/ Yoast SEO Premium plugin. -->","yoast_head_json":{"title":"Belval - Fr\u00fcher und heute - GERO","robots":{"index":"index","follow":"follow","max-snippet":"max-snippet:-1","max-image-preview":"max-image-preview:large","max-video-preview":"max-video-preview:-1"},"canonical":"https:\/\/www.gero.lu\/de\/produit\/belval-fruher-und-heute","og_locale":"de_DE","og_type":"article","og_title":"Belval - Fr\u00fcher und heute","og_description":"Erleben Sie einen besonderen Tagesausflug ins Herz der luxemburgischen Industriegeschichte. Bei unserem Ausflug entdecken Sie die faszinierende Welt der Stahlindustrie und gleichzeitig das moderne Gesicht des Viertels Belval. Im Spannungsfeld zwischen industriellem Erbe und urbaner Erneuerung erfahren Sie, wie sich der ehemalige Industriestandort zu einem dynamischen und innovativen Zentrum entwickelt hat. W\u00e4hrend der verschiedenen Aktivit\u00e4ten [&hellip;]","og_url":"https:\/\/www.gero.lu\/de\/produit\/belval-fruher-und-heute","og_site_name":"GERO","article_publisher":"https:\/\/www.facebook.com\/Kompetenzzenter\/","article_modified_time":"2026-03-13T13:21:36+00:00","og_image":[{"width":1227,"height":802,"url":"https:\/\/www.gero.lu\/wp-content\/uploads\/2021\/08\/gettyimages-1135289130-2048x2048_RET-1.jpg","type":"image\/jpeg"}],"twitter_card":"summary_large_image","schema":{"@context":"https:\/\/schema.org","@graph":[{"@type":"WebPage","@id":"https:\/\/www.gero.lu\/de\/produit\/belval-fruher-und-heute","url":"https:\/\/www.gero.lu\/de\/produit\/belval-fruher-und-heute","name":"Belval - Fr\u00fcher und heute - GERO","isPartOf":{"@id":"https:\/\/www.gero.lu\/de\/#website"},"datePublished":"2026-02-19T11:21:22+00:00","dateModified":"2026-03-13T13:21:36+00:00","breadcrumb":{"@id":"https:\/\/www.gero.lu\/de\/produit\/belval-fruher-und-heute#breadcrumb"},"inLanguage":"de","potentialAction":[{"@type":"ReadAction","target":[["https:\/\/www.gero.lu\/de\/produit\/belval-fruher-und-heute"]]}]},{"@type":"BreadcrumbList","@id":"https:\/\/www.gero.lu\/de\/produit\/belval-fruher-und-heute#breadcrumb","itemListElement":[{"@type":"ListItem","position":1,"name":"Accueil","item":"https:\/\/www.gero.lu\/de\/"},{"@type":"ListItem","position":2,"name":"Shop","item":"https:\/\/www.gero.lu\/de\/shop"},{"@type":"ListItem","position":3,"name":"Belval &#8211; Fr\u00fcher und heute"}]},{"@type":"WebSite","@id":"https:\/\/www.gero.lu\/de\/#website","url":"https:\/\/www.gero.lu\/de\/","name":"Gero","description":"Kompetenzzenter fir den Alter","publisher":{"@id":"https:\/\/www.gero.lu\/de\/#organization"},"potentialAction":[{"@type":"SearchAction","target":{"@type":"EntryPoint","urlTemplate":"https:\/\/www.gero.lu\/de\/?s={search_term_string}"},"query-input":{"@type":"PropertyValueSpecification","valueRequired":true,"valueName":"search_term_string"}}],"inLanguage":"de"},{"@type":"Organization","@id":"https:\/\/www.gero.lu\/de\/#organization","name":"Gero","url":"https:\/\/www.gero.lu\/de\/","logo":{"@type":"ImageObject","inLanguage":"de","@id":"https:\/\/www.gero.lu\/de\/#\/schema\/logo\/image\/","url":"https:\/\/www.gero.lu\/wp-content\/uploads\/2024\/04\/logo.svg","contentUrl":"https:\/\/www.gero.lu\/wp-content\/uploads\/2024\/04\/logo.svg","width":76,"height":30,"caption":"Gero"},"image":{"@id":"https:\/\/www.gero.lu\/de\/#\/schema\/logo\/image\/"},"sameAs":["https:\/\/www.facebook.com\/Kompetenzzenter\/","https:\/\/www.instagram.com\/gero.kompetenzzenter\/","https:\/\/linkedin.com\/company\/gero-kompetenzzenter-fir-den-alter","https:\/\/www.youtube.com\/channel\/UCJvmJYSeHh3dYQsLHZupj-Q"]}]}},"_links":{"self":[{"href":"https:\/\/www.gero.lu\/de\/wp-json\/wp\/v2\/product\/10841","targetHints":{"allow":["GET"]}}],"collection":[{"href":"https:\/\/www.gero.lu\/de\/wp-json\/wp\/v2\/product"}],"about":[{"href":"https:\/\/www.gero.lu\/de\/wp-json\/wp\/v2\/types\/product"}],"replies":[{"embeddable":true,"href":"https:\/\/www.gero.lu\/de\/wp-json\/wp\/v2\/comments?post=10841"}],"wp:attachment":[{"href":"https:\/\/www.gero.lu\/de\/wp-json\/wp\/v2\/media?parent=10841"}],"wp:term":[{"taxonomy":"product_brand","embeddable":true,"href":"https:\/\/www.gero.lu\/de\/wp-json\/wp\/v2\/product_brand?post=10841"},{"taxonomy":"product_cat","embeddable":true,"href":"https:\/\/www.gero.lu\/de\/wp-json\/wp\/v2\/product_cat?post=10841"},{"taxonomy":"product_tag","embeddable":true,"href":"https:\/\/www.gero.lu\/de\/wp-json\/wp\/v2\/product_tag?post=10841"}],"curies":[{"name":"wp","href":"https:\/\/api.w.org\/{rel}","templated":true}]}}