{"id":10837,"date":"2026-02-18T16:21:49","date_gmt":"2026-02-18T16:21:49","guid":{"rendered":"https:\/\/www.gero.lu\/produit\/telecharger-le-certificat-dassurance-automobile"},"modified":"2026-04-17T08:52:33","modified_gmt":"2026-04-17T08:52:33","slug":"telecharger-le-certificat-dassurance-automobile","status":"publish","type":"product","link":"https:\/\/www.gero.lu\/de\/produit\/telecharger-le-certificat-dassurance-automobile","title":{"rendered":"T\u00e9l\u00e9charger le certificat d&#8217;assurance automobile"},"content":{"rendered":"<p>\u00c0 partir du 1er janvier 2026, les soci\u00e9t\u00e9s d\u2019assurances fourniront aux assur\u00e9s un certificat d\u2019assurance automobile (\u00ab carte verte \u00bb) en version \u00e9lectronique, en compl\u00e9ment du certificat actuel sur papier. La carte verte en papier reste n\u00e9anmoins valable. Le conducteur est libre de choisir le format de la carte verte qu&#8217;il souhaite utiliser. Vous apprendrez comment obtenir votre carte verte \u00e9lectronique, comment la t\u00e9l\u00e9charger et la sauvegarder sur votre smartphone ou votre tablette afin de la retrouver facilement en cas de contr\u00f4le.<\/p>\n","protected":false},"excerpt":{"rendered":"<p>\u00c0 partir du 1er janvier 2026, les soci\u00e9t\u00e9s d\u2019assurances fourniront aux assur\u00e9s un certificat d\u2019assurance automobile (\u00ab carte verte \u00bb) en version \u00e9lectronique, en compl\u00e9ment du certificat actuel sur papier. La carte verte en papier reste n\u00e9anmoins valable. Le conducteur est libre de choisir le format de la carte verte qu&#8217;il souhaite utiliser. Vous apprendrez [&hellip;]<\/p>\n","protected":false},"featured_media":0,"comment_status":"closed","ping_status":"closed","template":"","meta":{"_acf_changed":false,"inline_featured_image":false},"product_brand":[],"product_cat":[227],"product_tag":[202],"class_list":{"0":"post-10837","1":"product","2":"type-product","3":"status-publish","5":"product_cat-cours","6":"product_tag-monde-digital-senior","8":"first","9":"instock","10":"virtual","11":"purchasable","12":"product-type-simple"},"acf":[],"yoast_head":"<!-- This site is optimized with the Yoast SEO Premium plugin v27.4 (Yoast SEO v27.4) - https:\/\/yoast.com\/product\/yoast-seo-premium-wordpress\/ -->\n<title>T\u00e9l\u00e9charger le certificat d&#039;assurance automobile - GERO<\/title>\n<meta name=\"robots\" content=\"index, follow, max-snippet:-1, max-image-preview:large, max-video-preview:-1\" \/>\n<link rel=\"canonical\" href=\"https:\/\/www.gero.lu\/de\/produit\/telecharger-le-certificat-dassurance-automobile\" \/>\n<meta property=\"og:locale\" content=\"de_DE\" \/>\n<meta property=\"og:type\" content=\"article\" \/>\n<meta property=\"og:title\" content=\"T\u00e9l\u00e9charger le certificat d&#039;assurance automobile\" \/>\n<meta property=\"og:description\" content=\"\u00c0 partir du 1er janvier 2026, les soci\u00e9t\u00e9s d\u2019assurances fourniront aux assur\u00e9s un certificat d\u2019assurance automobile (\u00ab carte verte \u00bb) en version \u00e9lectronique, en compl\u00e9ment du certificat actuel sur papier. La carte verte en papier reste n\u00e9anmoins valable. Le conducteur est libre de choisir le format de la carte verte qu&#8217;il souhaite utiliser. Vous apprendrez [&hellip;]\" \/>\n<meta property=\"og:url\" content=\"https:\/\/www.gero.lu\/de\/produit\/telecharger-le-certificat-dassurance-automobile\" \/>\n<meta property=\"og:site_name\" content=\"GERO\" \/>\n<meta property=\"article:publisher\" content=\"https:\/\/www.facebook.com\/Kompetenzzenter\/\" \/>\n<meta property=\"article:modified_time\" content=\"2026-04-17T08:52:33+00:00\" \/>\n<meta property=\"og:image\" content=\"https:\/\/www.gero.lu\/wp-content\/uploads\/2021\/08\/gettyimages-1135289130-2048x2048_RET-1.jpg\" \/>\n\t<meta property=\"og:image:width\" content=\"1227\" \/>\n\t<meta property=\"og:image:height\" content=\"802\" \/>\n\t<meta property=\"og:image:type\" content=\"image\/jpeg\" \/>\n<meta name=\"twitter:card\" content=\"summary_large_image\" \/>\n<script type=\"application\/ld+json\" class=\"yoast-schema-graph\">{\"@context\":\"https:\\\/\\\/schema.org\",\"@graph\":[{\"@type\":\"WebPage\",\"@id\":\"https:\\\/\\\/www.gero.lu\\\/de\\\/produit\\\/telecharger-le-certificat-dassurance-automobile\",\"url\":\"https:\\\/\\\/www.gero.lu\\\/de\\\/produit\\\/telecharger-le-certificat-dassurance-automobile\",\"name\":\"T\u00e9l\u00e9charger le certificat d'assurance automobile - GERO\",\"isPartOf\":{\"@id\":\"https:\\\/\\\/www.gero.lu\\\/de\\\/#website\"},\"datePublished\":\"2026-02-18T16:21:49+00:00\",\"dateModified\":\"2026-04-17T08:52:33+00:00\",\"breadcrumb\":{\"@id\":\"https:\\\/\\\/www.gero.lu\\\/de\\\/produit\\\/telecharger-le-certificat-dassurance-automobile#breadcrumb\"},\"inLanguage\":\"de\",\"potentialAction\":[{\"@type\":\"ReadAction\",\"target\":[[\"https:\\\/\\\/www.gero.lu\\\/de\\\/produit\\\/telecharger-le-certificat-dassurance-automobile\"]]}]},{\"@type\":\"BreadcrumbList\",\"@id\":\"https:\\\/\\\/www.gero.lu\\\/de\\\/produit\\\/telecharger-le-certificat-dassurance-automobile#breadcrumb\",\"itemListElement\":[{\"@type\":\"ListItem\",\"position\":1,\"name\":\"Accueil\",\"item\":\"https:\\\/\\\/www.gero.lu\\\/de\\\/\"},{\"@type\":\"ListItem\",\"position\":2,\"name\":\"Shop\",\"item\":\"https:\\\/\\\/www.gero.lu\\\/de\\\/shop\"},{\"@type\":\"ListItem\",\"position\":3,\"name\":\"T\u00e9l\u00e9charger le certificat d&rsquo;assurance automobile\"}]},{\"@type\":\"WebSite\",\"@id\":\"https:\\\/\\\/www.gero.lu\\\/de\\\/#website\",\"url\":\"https:\\\/\\\/www.gero.lu\\\/de\\\/\",\"name\":\"Gero\",\"description\":\"Kompetenzzenter fir den Alter\",\"publisher\":{\"@id\":\"https:\\\/\\\/www.gero.lu\\\/de\\\/#organization\"},\"potentialAction\":[{\"@type\":\"SearchAction\",\"target\":{\"@type\":\"EntryPoint\",\"urlTemplate\":\"https:\\\/\\\/www.gero.lu\\\/de\\\/?s={search_term_string}\"},\"query-input\":{\"@type\":\"PropertyValueSpecification\",\"valueRequired\":true,\"valueName\":\"search_term_string\"}}],\"inLanguage\":\"de\"},{\"@type\":\"Organization\",\"@id\":\"https:\\\/\\\/www.gero.lu\\\/de\\\/#organization\",\"name\":\"Gero\",\"url\":\"https:\\\/\\\/www.gero.lu\\\/de\\\/\",\"logo\":{\"@type\":\"ImageObject\",\"inLanguage\":\"de\",\"@id\":\"https:\\\/\\\/www.gero.lu\\\/de\\\/#\\\/schema\\\/logo\\\/image\\\/\",\"url\":\"https:\\\/\\\/www.gero.lu\\\/wp-content\\\/uploads\\\/2024\\\/04\\\/logo.svg\",\"contentUrl\":\"https:\\\/\\\/www.gero.lu\\\/wp-content\\\/uploads\\\/2024\\\/04\\\/logo.svg\",\"width\":76,\"height\":30,\"caption\":\"Gero\"},\"image\":{\"@id\":\"https:\\\/\\\/www.gero.lu\\\/de\\\/#\\\/schema\\\/logo\\\/image\\\/\"},\"sameAs\":[\"https:\\\/\\\/www.facebook.com\\\/Kompetenzzenter\\\/\",\"https:\\\/\\\/www.instagram.com\\\/gero.kompetenzzenter\\\/\",\"https:\\\/\\\/linkedin.com\\\/company\\\/gero-kompetenzzenter-fir-den-alter\",\"https:\\\/\\\/www.youtube.com\\\/channel\\\/UCJvmJYSeHh3dYQsLHZupj-Q\"]}]}<\/script>\n<!-- \/ Yoast SEO Premium plugin. -->","yoast_head_json":{"title":"T\u00e9l\u00e9charger le certificat d'assurance automobile - GERO","robots":{"index":"index","follow":"follow","max-snippet":"max-snippet:-1","max-image-preview":"max-image-preview:large","max-video-preview":"max-video-preview:-1"},"canonical":"https:\/\/www.gero.lu\/de\/produit\/telecharger-le-certificat-dassurance-automobile","og_locale":"de_DE","og_type":"article","og_title":"T\u00e9l\u00e9charger le certificat d'assurance automobile","og_description":"\u00c0 partir du 1er janvier 2026, les soci\u00e9t\u00e9s d\u2019assurances fourniront aux assur\u00e9s un certificat d\u2019assurance automobile (\u00ab carte verte \u00bb) en version \u00e9lectronique, en compl\u00e9ment du certificat actuel sur papier. La carte verte en papier reste n\u00e9anmoins valable. Le conducteur est libre de choisir le format de la carte verte qu&#8217;il souhaite utiliser. Vous apprendrez [&hellip;]","og_url":"https:\/\/www.gero.lu\/de\/produit\/telecharger-le-certificat-dassurance-automobile","og_site_name":"GERO","article_publisher":"https:\/\/www.facebook.com\/Kompetenzzenter\/","article_modified_time":"2026-04-17T08:52:33+00:00","og_image":[{"width":1227,"height":802,"url":"https:\/\/www.gero.lu\/wp-content\/uploads\/2021\/08\/gettyimages-1135289130-2048x2048_RET-1.jpg","type":"image\/jpeg"}],"twitter_card":"summary_large_image","schema":{"@context":"https:\/\/schema.org","@graph":[{"@type":"WebPage","@id":"https:\/\/www.gero.lu\/de\/produit\/telecharger-le-certificat-dassurance-automobile","url":"https:\/\/www.gero.lu\/de\/produit\/telecharger-le-certificat-dassurance-automobile","name":"T\u00e9l\u00e9charger le certificat d'assurance automobile - GERO","isPartOf":{"@id":"https:\/\/www.gero.lu\/de\/#website"},"datePublished":"2026-02-18T16:21:49+00:00","dateModified":"2026-04-17T08:52:33+00:00","breadcrumb":{"@id":"https:\/\/www.gero.lu\/de\/produit\/telecharger-le-certificat-dassurance-automobile#breadcrumb"},"inLanguage":"de","potentialAction":[{"@type":"ReadAction","target":[["https:\/\/www.gero.lu\/de\/produit\/telecharger-le-certificat-dassurance-automobile"]]}]},{"@type":"BreadcrumbList","@id":"https:\/\/www.gero.lu\/de\/produit\/telecharger-le-certificat-dassurance-automobile#breadcrumb","itemListElement":[{"@type":"ListItem","position":1,"name":"Accueil","item":"https:\/\/www.gero.lu\/de\/"},{"@type":"ListItem","position":2,"name":"Shop","item":"https:\/\/www.gero.lu\/de\/shop"},{"@type":"ListItem","position":3,"name":"T\u00e9l\u00e9charger le certificat d&rsquo;assurance automobile"}]},{"@type":"WebSite","@id":"https:\/\/www.gero.lu\/de\/#website","url":"https:\/\/www.gero.lu\/de\/","name":"Gero","description":"Kompetenzzenter fir den Alter","publisher":{"@id":"https:\/\/www.gero.lu\/de\/#organization"},"potentialAction":[{"@type":"SearchAction","target":{"@type":"EntryPoint","urlTemplate":"https:\/\/www.gero.lu\/de\/?s={search_term_string}"},"query-input":{"@type":"PropertyValueSpecification","valueRequired":true,"valueName":"search_term_string"}}],"inLanguage":"de"},{"@type":"Organization","@id":"https:\/\/www.gero.lu\/de\/#organization","name":"Gero","url":"https:\/\/www.gero.lu\/de\/","logo":{"@type":"ImageObject","inLanguage":"de","@id":"https:\/\/www.gero.lu\/de\/#\/schema\/logo\/image\/","url":"https:\/\/www.gero.lu\/wp-content\/uploads\/2024\/04\/logo.svg","contentUrl":"https:\/\/www.gero.lu\/wp-content\/uploads\/2024\/04\/logo.svg","width":76,"height":30,"caption":"Gero"},"image":{"@id":"https:\/\/www.gero.lu\/de\/#\/schema\/logo\/image\/"},"sameAs":["https:\/\/www.facebook.com\/Kompetenzzenter\/","https:\/\/www.instagram.com\/gero.kompetenzzenter\/","https:\/\/linkedin.com\/company\/gero-kompetenzzenter-fir-den-alter","https:\/\/www.youtube.com\/channel\/UCJvmJYSeHh3dYQsLHZupj-Q"]}]}},"_links":{"self":[{"href":"https:\/\/www.gero.lu\/de\/wp-json\/wp\/v2\/product\/10837","targetHints":{"allow":["GET"]}}],"collection":[{"href":"https:\/\/www.gero.lu\/de\/wp-json\/wp\/v2\/product"}],"about":[{"href":"https:\/\/www.gero.lu\/de\/wp-json\/wp\/v2\/types\/product"}],"replies":[{"embeddable":true,"href":"https:\/\/www.gero.lu\/de\/wp-json\/wp\/v2\/comments?post=10837"}],"wp:attachment":[{"href":"https:\/\/www.gero.lu\/de\/wp-json\/wp\/v2\/media?parent=10837"}],"wp:term":[{"taxonomy":"product_brand","embeddable":true,"href":"https:\/\/www.gero.lu\/de\/wp-json\/wp\/v2\/product_brand?post=10837"},{"taxonomy":"product_cat","embeddable":true,"href":"https:\/\/www.gero.lu\/de\/wp-json\/wp\/v2\/product_cat?post=10837"},{"taxonomy":"product_tag","embeddable":true,"href":"https:\/\/www.gero.lu\/de\/wp-json\/wp\/v2\/product_tag?post=10837"}],"curies":[{"name":"wp","href":"https:\/\/api.w.org\/{rel}","templated":true}]}}