{"id":10836,"date":"2026-02-18T16:21:43","date_gmt":"2026-02-18T16:21:43","guid":{"rendered":"https:\/\/www.gero.lu\/produit\/comprendre-et-utiliser-la-plateforme-myguichet"},"modified":"2026-02-18T17:21:51","modified_gmt":"2026-02-18T17:21:51","slug":"comprendre-et-utiliser-la-plateforme-myguichet","status":"publish","type":"product","link":"https:\/\/www.gero.lu\/de\/produit\/comprendre-et-utiliser-la-plateforme-myguichet","title":{"rendered":"Comprendre et utiliser la plateforme MyGuichet"},"content":{"rendered":"<p>Le num\u00e9rique fait de plus en plus partie de notre quotidien. \u00c0 partir de 2025 par exemple, l\u2019ACD a donn\u00e9 la possibilit\u00e9 aux contribuables de remplir leur d\u00e9claration d\u2019imp\u00f4ts en ligne gr\u00e2ce \u00e0 la plateforme MyGuichet. Ce premier cours, dispens\u00e9 en fran\u00e7ais, avec la possibilit\u00e9 d&#8217;obtenir une documentation en allemand, introduira \u00e0 la plateforme MyGuichet dans un langage simple et peu technique.<\/p>\n<p>Pendant le deuxi\u00e8me cours, vous aurez l&#8217;occasion de vous exercer sur la plateforme MyGuichet pour effectuer vos d\u00e9marches administratives, et de poser vos questions \u00e0 la formatrice. Les participant\u00b7e\u00b7s doivent d\u00e9j\u00e0 avoir un compte MyGuichet activ\u00e9 et apporter leur propre appareil num\u00e9rique.<\/p>\n","protected":false},"excerpt":{"rendered":"<p>Le num\u00e9rique fait de plus en plus partie de notre quotidien. \u00c0 partir de 2025 par exemple, l\u2019ACD a donn\u00e9 la possibilit\u00e9 aux contribuables de remplir leur d\u00e9claration d\u2019imp\u00f4ts en ligne gr\u00e2ce \u00e0 la plateforme MyGuichet. Ce premier cours, dispens\u00e9 en fran\u00e7ais, avec la possibilit\u00e9 d&#8217;obtenir une documentation en allemand, introduira \u00e0 la plateforme MyGuichet [&hellip;]<\/p>\n","protected":false},"featured_media":0,"comment_status":"closed","ping_status":"closed","template":"","meta":{"_acf_changed":false,"inline_featured_image":false},"product_brand":[],"product_cat":[227],"product_tag":[202],"class_list":{"0":"post-10836","1":"product","2":"type-product","3":"status-publish","5":"product_cat-cours","6":"product_tag-monde-digital-senior","8":"first","9":"instock","10":"virtual","11":"purchasable","12":"product-type-simple"},"acf":[],"yoast_head":"<!-- This site is optimized with the Yoast SEO Premium plugin v27.4 (Yoast SEO v27.4) - https:\/\/yoast.com\/product\/yoast-seo-premium-wordpress\/ -->\n<title>Comprendre et utiliser la plateforme MyGuichet - GERO<\/title>\n<meta name=\"robots\" content=\"index, follow, max-snippet:-1, max-image-preview:large, max-video-preview:-1\" \/>\n<link rel=\"canonical\" href=\"https:\/\/www.gero.lu\/de\/produit\/comprendre-et-utiliser-la-plateforme-myguichet\" \/>\n<meta property=\"og:locale\" content=\"de_DE\" \/>\n<meta property=\"og:type\" content=\"article\" \/>\n<meta property=\"og:title\" content=\"Comprendre et utiliser la plateforme MyGuichet\" \/>\n<meta property=\"og:description\" content=\"Le num\u00e9rique fait de plus en plus partie de notre quotidien. \u00c0 partir de 2025 par exemple, l\u2019ACD a donn\u00e9 la possibilit\u00e9 aux contribuables de remplir leur d\u00e9claration d\u2019imp\u00f4ts en ligne gr\u00e2ce \u00e0 la plateforme MyGuichet. Ce premier cours, dispens\u00e9 en fran\u00e7ais, avec la possibilit\u00e9 d&#8217;obtenir une documentation en allemand, introduira \u00e0 la plateforme MyGuichet [&hellip;]\" \/>\n<meta property=\"og:url\" content=\"https:\/\/www.gero.lu\/de\/produit\/comprendre-et-utiliser-la-plateforme-myguichet\" \/>\n<meta property=\"og:site_name\" content=\"GERO\" \/>\n<meta property=\"article:publisher\" content=\"https:\/\/www.facebook.com\/Kompetenzzenter\/\" \/>\n<meta property=\"article:modified_time\" content=\"2026-02-18T17:21:51+00:00\" \/>\n<meta property=\"og:image\" content=\"https:\/\/www.gero.lu\/wp-content\/uploads\/2021\/08\/gettyimages-1135289130-2048x2048_RET-1.jpg\" \/>\n\t<meta property=\"og:image:width\" content=\"1227\" \/>\n\t<meta property=\"og:image:height\" content=\"802\" \/>\n\t<meta property=\"og:image:type\" content=\"image\/jpeg\" \/>\n<meta name=\"twitter:card\" content=\"summary_large_image\" \/>\n<meta name=\"twitter:label1\" content=\"Gesch\u00e4tzte Lesezeit\" \/>\n\t<meta name=\"twitter:data1\" content=\"1\u00a0Minute\" \/>\n<script type=\"application\/ld+json\" class=\"yoast-schema-graph\">{\"@context\":\"https:\\\/\\\/schema.org\",\"@graph\":[{\"@type\":\"WebPage\",\"@id\":\"https:\\\/\\\/www.gero.lu\\\/de\\\/produit\\\/comprendre-et-utiliser-la-plateforme-myguichet\",\"url\":\"https:\\\/\\\/www.gero.lu\\\/de\\\/produit\\\/comprendre-et-utiliser-la-plateforme-myguichet\",\"name\":\"Comprendre et utiliser la plateforme MyGuichet - GERO\",\"isPartOf\":{\"@id\":\"https:\\\/\\\/www.gero.lu\\\/de\\\/#website\"},\"datePublished\":\"2026-02-18T16:21:43+00:00\",\"dateModified\":\"2026-02-18T17:21:51+00:00\",\"breadcrumb\":{\"@id\":\"https:\\\/\\\/www.gero.lu\\\/de\\\/produit\\\/comprendre-et-utiliser-la-plateforme-myguichet#breadcrumb\"},\"inLanguage\":\"de\",\"potentialAction\":[{\"@type\":\"ReadAction\",\"target\":[[\"https:\\\/\\\/www.gero.lu\\\/de\\\/produit\\\/comprendre-et-utiliser-la-plateforme-myguichet\"]]}]},{\"@type\":\"BreadcrumbList\",\"@id\":\"https:\\\/\\\/www.gero.lu\\\/de\\\/produit\\\/comprendre-et-utiliser-la-plateforme-myguichet#breadcrumb\",\"itemListElement\":[{\"@type\":\"ListItem\",\"position\":1,\"name\":\"Accueil\",\"item\":\"https:\\\/\\\/www.gero.lu\\\/de\\\/\"},{\"@type\":\"ListItem\",\"position\":2,\"name\":\"Shop\",\"item\":\"https:\\\/\\\/www.gero.lu\\\/de\\\/shop\"},{\"@type\":\"ListItem\",\"position\":3,\"name\":\"Comprendre et utiliser la plateforme MyGuichet\"}]},{\"@type\":\"WebSite\",\"@id\":\"https:\\\/\\\/www.gero.lu\\\/de\\\/#website\",\"url\":\"https:\\\/\\\/www.gero.lu\\\/de\\\/\",\"name\":\"Gero\",\"description\":\"Kompetenzzenter fir den Alter\",\"publisher\":{\"@id\":\"https:\\\/\\\/www.gero.lu\\\/de\\\/#organization\"},\"potentialAction\":[{\"@type\":\"SearchAction\",\"target\":{\"@type\":\"EntryPoint\",\"urlTemplate\":\"https:\\\/\\\/www.gero.lu\\\/de\\\/?s={search_term_string}\"},\"query-input\":{\"@type\":\"PropertyValueSpecification\",\"valueRequired\":true,\"valueName\":\"search_term_string\"}}],\"inLanguage\":\"de\"},{\"@type\":\"Organization\",\"@id\":\"https:\\\/\\\/www.gero.lu\\\/de\\\/#organization\",\"name\":\"Gero\",\"url\":\"https:\\\/\\\/www.gero.lu\\\/de\\\/\",\"logo\":{\"@type\":\"ImageObject\",\"inLanguage\":\"de\",\"@id\":\"https:\\\/\\\/www.gero.lu\\\/de\\\/#\\\/schema\\\/logo\\\/image\\\/\",\"url\":\"https:\\\/\\\/www.gero.lu\\\/wp-content\\\/uploads\\\/2024\\\/04\\\/logo.svg\",\"contentUrl\":\"https:\\\/\\\/www.gero.lu\\\/wp-content\\\/uploads\\\/2024\\\/04\\\/logo.svg\",\"width\":76,\"height\":30,\"caption\":\"Gero\"},\"image\":{\"@id\":\"https:\\\/\\\/www.gero.lu\\\/de\\\/#\\\/schema\\\/logo\\\/image\\\/\"},\"sameAs\":[\"https:\\\/\\\/www.facebook.com\\\/Kompetenzzenter\\\/\",\"https:\\\/\\\/www.instagram.com\\\/gero.kompetenzzenter\\\/\",\"https:\\\/\\\/linkedin.com\\\/company\\\/gero-kompetenzzenter-fir-den-alter\",\"https:\\\/\\\/www.youtube.com\\\/channel\\\/UCJvmJYSeHh3dYQsLHZupj-Q\"]}]}<\/script>\n<!-- \/ Yoast SEO Premium plugin. -->","yoast_head_json":{"title":"Comprendre et utiliser la plateforme MyGuichet - GERO","robots":{"index":"index","follow":"follow","max-snippet":"max-snippet:-1","max-image-preview":"max-image-preview:large","max-video-preview":"max-video-preview:-1"},"canonical":"https:\/\/www.gero.lu\/de\/produit\/comprendre-et-utiliser-la-plateforme-myguichet","og_locale":"de_DE","og_type":"article","og_title":"Comprendre et utiliser la plateforme MyGuichet","og_description":"Le num\u00e9rique fait de plus en plus partie de notre quotidien. \u00c0 partir de 2025 par exemple, l\u2019ACD a donn\u00e9 la possibilit\u00e9 aux contribuables de remplir leur d\u00e9claration d\u2019imp\u00f4ts en ligne gr\u00e2ce \u00e0 la plateforme MyGuichet. Ce premier cours, dispens\u00e9 en fran\u00e7ais, avec la possibilit\u00e9 d&#8217;obtenir une documentation en allemand, introduira \u00e0 la plateforme MyGuichet [&hellip;]","og_url":"https:\/\/www.gero.lu\/de\/produit\/comprendre-et-utiliser-la-plateforme-myguichet","og_site_name":"GERO","article_publisher":"https:\/\/www.facebook.com\/Kompetenzzenter\/","article_modified_time":"2026-02-18T17:21:51+00:00","og_image":[{"width":1227,"height":802,"url":"https:\/\/www.gero.lu\/wp-content\/uploads\/2021\/08\/gettyimages-1135289130-2048x2048_RET-1.jpg","type":"image\/jpeg"}],"twitter_card":"summary_large_image","twitter_misc":{"Gesch\u00e4tzte Lesezeit":"1\u00a0Minute"},"schema":{"@context":"https:\/\/schema.org","@graph":[{"@type":"WebPage","@id":"https:\/\/www.gero.lu\/de\/produit\/comprendre-et-utiliser-la-plateforme-myguichet","url":"https:\/\/www.gero.lu\/de\/produit\/comprendre-et-utiliser-la-plateforme-myguichet","name":"Comprendre et utiliser la plateforme MyGuichet - GERO","isPartOf":{"@id":"https:\/\/www.gero.lu\/de\/#website"},"datePublished":"2026-02-18T16:21:43+00:00","dateModified":"2026-02-18T17:21:51+00:00","breadcrumb":{"@id":"https:\/\/www.gero.lu\/de\/produit\/comprendre-et-utiliser-la-plateforme-myguichet#breadcrumb"},"inLanguage":"de","potentialAction":[{"@type":"ReadAction","target":[["https:\/\/www.gero.lu\/de\/produit\/comprendre-et-utiliser-la-plateforme-myguichet"]]}]},{"@type":"BreadcrumbList","@id":"https:\/\/www.gero.lu\/de\/produit\/comprendre-et-utiliser-la-plateforme-myguichet#breadcrumb","itemListElement":[{"@type":"ListItem","position":1,"name":"Accueil","item":"https:\/\/www.gero.lu\/de\/"},{"@type":"ListItem","position":2,"name":"Shop","item":"https:\/\/www.gero.lu\/de\/shop"},{"@type":"ListItem","position":3,"name":"Comprendre et utiliser la plateforme MyGuichet"}]},{"@type":"WebSite","@id":"https:\/\/www.gero.lu\/de\/#website","url":"https:\/\/www.gero.lu\/de\/","name":"Gero","description":"Kompetenzzenter fir den Alter","publisher":{"@id":"https:\/\/www.gero.lu\/de\/#organization"},"potentialAction":[{"@type":"SearchAction","target":{"@type":"EntryPoint","urlTemplate":"https:\/\/www.gero.lu\/de\/?s={search_term_string}"},"query-input":{"@type":"PropertyValueSpecification","valueRequired":true,"valueName":"search_term_string"}}],"inLanguage":"de"},{"@type":"Organization","@id":"https:\/\/www.gero.lu\/de\/#organization","name":"Gero","url":"https:\/\/www.gero.lu\/de\/","logo":{"@type":"ImageObject","inLanguage":"de","@id":"https:\/\/www.gero.lu\/de\/#\/schema\/logo\/image\/","url":"https:\/\/www.gero.lu\/wp-content\/uploads\/2024\/04\/logo.svg","contentUrl":"https:\/\/www.gero.lu\/wp-content\/uploads\/2024\/04\/logo.svg","width":76,"height":30,"caption":"Gero"},"image":{"@id":"https:\/\/www.gero.lu\/de\/#\/schema\/logo\/image\/"},"sameAs":["https:\/\/www.facebook.com\/Kompetenzzenter\/","https:\/\/www.instagram.com\/gero.kompetenzzenter\/","https:\/\/linkedin.com\/company\/gero-kompetenzzenter-fir-den-alter","https:\/\/www.youtube.com\/channel\/UCJvmJYSeHh3dYQsLHZupj-Q"]}]}},"_links":{"self":[{"href":"https:\/\/www.gero.lu\/de\/wp-json\/wp\/v2\/product\/10836","targetHints":{"allow":["GET"]}}],"collection":[{"href":"https:\/\/www.gero.lu\/de\/wp-json\/wp\/v2\/product"}],"about":[{"href":"https:\/\/www.gero.lu\/de\/wp-json\/wp\/v2\/types\/product"}],"replies":[{"embeddable":true,"href":"https:\/\/www.gero.lu\/de\/wp-json\/wp\/v2\/comments?post=10836"}],"wp:attachment":[{"href":"https:\/\/www.gero.lu\/de\/wp-json\/wp\/v2\/media?parent=10836"}],"wp:term":[{"taxonomy":"product_brand","embeddable":true,"href":"https:\/\/www.gero.lu\/de\/wp-json\/wp\/v2\/product_brand?post=10836"},{"taxonomy":"product_cat","embeddable":true,"href":"https:\/\/www.gero.lu\/de\/wp-json\/wp\/v2\/product_cat?post=10836"},{"taxonomy":"product_tag","embeddable":true,"href":"https:\/\/www.gero.lu\/de\/wp-json\/wp\/v2\/product_tag?post=10836"}],"curies":[{"name":"wp","href":"https:\/\/api.w.org\/{rel}","templated":true}]}}