{"id":10834,"date":"2026-02-18T15:21:32","date_gmt":"2026-02-18T15:21:32","guid":{"rendered":"https:\/\/www.gero.lu\/produit\/superdreckskescht-konkret-erklart-2"},"modified":"2026-04-09T14:05:16","modified_gmt":"2026-04-09T14:05:16","slug":"superdreckskescht-konkret-erklart-2","status":"publish","type":"product","link":"https:\/\/www.gero.lu\/de\/produit\/superdreckskescht-konkret-erklart-2","title":{"rendered":"SuperDrecksK\u00ebscht &#8211; Konkret erkl\u00e4rt"},"content":{"rendered":"<p>Besuchen Sie mit uns den SDK-Standort in Colmar-Berg und blicken Sie hinter die Kulissen der SuperDrecksK\u00ebscht\u00ae. Bei zielgruppenorientierten F\u00fchrungen werden die Philosophie und Aktivit\u00e4ten der SDK beleuchtet, und es erfolgt eine Einf\u00fchrung in die Thematik der nachhaltigen Ressourcennutzung. Sie erhalten Einblick in das Gefahrenstofflager sowie Erl\u00e4uterungen, welche Produkte gesammelt werden und was danach mit ihnen geschieht. Ferner werden die Umsetzungskonzepte der Kreislaufwirtschaft genauer erkl\u00e4rt.<\/p>\n","protected":false},"excerpt":{"rendered":"<p>Besuchen Sie mit uns den SDK-Standort in Colmar-Berg und blicken Sie hinter die Kulissen der SuperDrecksK\u00ebscht\u00ae. Bei zielgruppenorientierten F\u00fchrungen werden die Philosophie und Aktivit\u00e4ten der SDK beleuchtet, und es erfolgt eine Einf\u00fchrung in die Thematik der nachhaltigen Ressourcennutzung. Sie erhalten Einblick in das Gefahrenstofflager sowie Erl\u00e4uterungen, welche Produkte gesammelt werden und was danach mit ihnen [&hellip;]<\/p>\n","protected":false},"featured_media":11153,"comment_status":"closed","ping_status":"closed","template":"","meta":{"_acf_changed":false,"inline_featured_image":false},"product_brand":[],"product_cat":[230],"product_tag":[341],"class_list":{"0":"post-10834","1":"product","2":"type-product","3":"status-publish","4":"has-post-thumbnail","6":"product_cat-visite","7":"product_tag-connaissance-de-vie","9":"first","10":"instock","11":"virtual","12":"purchasable","13":"product-type-simple"},"acf":[],"yoast_head":"<!-- This site is optimized with the Yoast SEO Premium plugin v26.5 (Yoast SEO v26.5) - https:\/\/yoast.com\/wordpress\/plugins\/seo\/ -->\n<title>SuperDrecksK\u00ebscht - Konkret erkl\u00e4rt - GERO<\/title>\n<meta name=\"robots\" content=\"index, follow, max-snippet:-1, max-image-preview:large, max-video-preview:-1\" \/>\n<link rel=\"canonical\" href=\"https:\/\/www.gero.lu\/de\/produit\/superdreckskescht-konkret-erklart-2\" \/>\n<meta property=\"og:locale\" content=\"de_DE\" \/>\n<meta property=\"og:type\" content=\"article\" \/>\n<meta property=\"og:title\" content=\"SuperDrecksK\u00ebscht - Konkret erkl\u00e4rt\" \/>\n<meta property=\"og:description\" content=\"Besuchen Sie mit uns den SDK-Standort in Colmar-Berg und blicken Sie hinter die Kulissen der SuperDrecksK\u00ebscht\u00ae. Bei zielgruppenorientierten F\u00fchrungen werden die Philosophie und Aktivit\u00e4ten der SDK beleuchtet, und es erfolgt eine Einf\u00fchrung in die Thematik der nachhaltigen Ressourcennutzung. Sie erhalten Einblick in das Gefahrenstofflager sowie Erl\u00e4uterungen, welche Produkte gesammelt werden und was danach mit ihnen [&hellip;]\" \/>\n<meta property=\"og:url\" content=\"https:\/\/www.gero.lu\/de\/produit\/superdreckskescht-konkret-erklart-2\" \/>\n<meta property=\"og:site_name\" content=\"GERO\" \/>\n<meta property=\"article:publisher\" content=\"https:\/\/www.facebook.com\/Kompetenzzenter\/\" \/>\n<meta property=\"article:modified_time\" content=\"2026-04-09T14:05:16+00:00\" \/>\n<meta property=\"og:image\" content=\"https:\/\/www.gero.lu\/wp-content\/uploads\/2026\/02\/Logo-farbig-SDK.jpg\" \/>\n\t<meta property=\"og:image:width\" content=\"1032\" \/>\n\t<meta property=\"og:image:height\" content=\"426\" \/>\n\t<meta property=\"og:image:type\" content=\"image\/jpeg\" \/>\n<meta name=\"twitter:card\" content=\"summary_large_image\" \/>\n<meta name=\"twitter:label1\" content=\"Gesch\u00e4tzte Lesezeit\" \/>\n\t<meta name=\"twitter:data1\" content=\"1\u00a0Minute\" \/>\n<script type=\"application\/ld+json\" class=\"yoast-schema-graph\">{\"@context\":\"https:\/\/schema.org\",\"@graph\":[{\"@type\":\"WebPage\",\"@id\":\"https:\/\/www.gero.lu\/de\/produit\/superdreckskescht-konkret-erklart-2\",\"url\":\"https:\/\/www.gero.lu\/de\/produit\/superdreckskescht-konkret-erklart-2\",\"name\":\"SuperDrecksK\u00ebscht - Konkret erkl\u00e4rt - GERO\",\"isPartOf\":{\"@id\":\"https:\/\/www.gero.lu\/de\/#website\"},\"primaryImageOfPage\":{\"@id\":\"https:\/\/www.gero.lu\/de\/produit\/superdreckskescht-konkret-erklart-2#primaryimage\"},\"image\":{\"@id\":\"https:\/\/www.gero.lu\/produit\/superdreckskescht-konkret-erklart-2#primaryimage\"},\"thumbnailUrl\":\"https:\/\/www.gero.lu\/wp-content\/uploads\/2026\/02\/Logo-farbig-SDK.jpg\",\"datePublished\":\"2026-02-18T15:21:32+00:00\",\"dateModified\":\"2026-04-09T14:05:16+00:00\",\"breadcrumb\":{\"@id\":\"https:\/\/www.gero.lu\/de\/produit\/superdreckskescht-konkret-erklart-2#breadcrumb\"},\"inLanguage\":\"de\",\"potentialAction\":[{\"@type\":\"ReadAction\",\"target\":[[\"https:\/\/www.gero.lu\/de\/produit\/superdreckskescht-konkret-erklart-2\"]]}]},{\"@type\":\"ImageObject\",\"inLanguage\":\"de\",\"@id\":\"https:\/\/www.gero.lu\/de\/produit\/superdreckskescht-konkret-erklart-2#primaryimage\",\"url\":\"https:\/\/www.gero.lu\/wp-content\/uploads\/2026\/02\/Logo-farbig-SDK.jpg\",\"contentUrl\":\"https:\/\/www.gero.lu\/wp-content\/uploads\/2026\/02\/Logo-farbig-SDK.jpg\",\"width\":1032,\"height\":426},{\"@type\":\"BreadcrumbList\",\"@id\":\"https:\/\/www.gero.lu\/de\/produit\/superdreckskescht-konkret-erklart-2#breadcrumb\",\"itemListElement\":[{\"@type\":\"ListItem\",\"position\":1,\"name\":\"Accueil\",\"item\":\"https:\/\/www.gero.lu\/de\/\"},{\"@type\":\"ListItem\",\"position\":2,\"name\":\"Shop\",\"item\":\"https:\/\/www.gero.lu\/de\/shop\"},{\"@type\":\"ListItem\",\"position\":3,\"name\":\"SuperDrecksK\u00ebscht &#8211; Konkret erkl\u00e4rt\"}]},{\"@type\":\"WebSite\",\"@id\":\"https:\/\/www.gero.lu\/de\/#website\",\"url\":\"https:\/\/www.gero.lu\/de\/\",\"name\":\"Gero\",\"description\":\"Kompetenzzenter fir den Alter\",\"publisher\":{\"@id\":\"https:\/\/www.gero.lu\/de\/#organization\"},\"potentialAction\":[{\"@type\":\"SearchAction\",\"target\":{\"@type\":\"EntryPoint\",\"urlTemplate\":\"https:\/\/www.gero.lu\/de\/?s={search_term_string}\"},\"query-input\":{\"@type\":\"PropertyValueSpecification\",\"valueRequired\":true,\"valueName\":\"search_term_string\"}}],\"inLanguage\":\"de\"},{\"@type\":\"Organization\",\"@id\":\"https:\/\/www.gero.lu\/de\/#organization\",\"name\":\"Gero\",\"url\":\"https:\/\/www.gero.lu\/de\/\",\"logo\":{\"@type\":\"ImageObject\",\"inLanguage\":\"de\",\"@id\":\"https:\/\/www.gero.lu\/de\/#\/schema\/logo\/image\/\",\"url\":\"https:\/\/www.gero.lu\/wp-content\/uploads\/2024\/04\/logo.svg\",\"contentUrl\":\"https:\/\/www.gero.lu\/wp-content\/uploads\/2024\/04\/logo.svg\",\"width\":76,\"height\":30,\"caption\":\"Gero\"},\"image\":{\"@id\":\"https:\/\/www.gero.lu\/de\/#\/schema\/logo\/image\/\"},\"sameAs\":[\"https:\/\/www.facebook.com\/Kompetenzzenter\/\",\"https:\/\/www.instagram.com\/gero.kompetenzzenter\/\",\"https:\/\/linkedin.com\/company\/gero-kompetenzzenter-fir-den-alter\",\"https:\/\/www.youtube.com\/channel\/UCJvmJYSeHh3dYQsLHZupj-Q\"]}]}<\/script>\n<!-- \/ Yoast SEO Premium plugin. -->","yoast_head_json":{"title":"SuperDrecksK\u00ebscht - Konkret erkl\u00e4rt - GERO","robots":{"index":"index","follow":"follow","max-snippet":"max-snippet:-1","max-image-preview":"max-image-preview:large","max-video-preview":"max-video-preview:-1"},"canonical":"https:\/\/www.gero.lu\/de\/produit\/superdreckskescht-konkret-erklart-2","og_locale":"de_DE","og_type":"article","og_title":"SuperDrecksK\u00ebscht - Konkret erkl\u00e4rt","og_description":"Besuchen Sie mit uns den SDK-Standort in Colmar-Berg und blicken Sie hinter die Kulissen der SuperDrecksK\u00ebscht\u00ae. Bei zielgruppenorientierten F\u00fchrungen werden die Philosophie und Aktivit\u00e4ten der SDK beleuchtet, und es erfolgt eine Einf\u00fchrung in die Thematik der nachhaltigen Ressourcennutzung. Sie erhalten Einblick in das Gefahrenstofflager sowie Erl\u00e4uterungen, welche Produkte gesammelt werden und was danach mit ihnen [&hellip;]","og_url":"https:\/\/www.gero.lu\/de\/produit\/superdreckskescht-konkret-erklart-2","og_site_name":"GERO","article_publisher":"https:\/\/www.facebook.com\/Kompetenzzenter\/","article_modified_time":"2026-04-09T14:05:16+00:00","og_image":[{"width":1032,"height":426,"url":"https:\/\/www.gero.lu\/wp-content\/uploads\/2026\/02\/Logo-farbig-SDK.jpg","type":"image\/jpeg"}],"twitter_card":"summary_large_image","twitter_misc":{"Gesch\u00e4tzte Lesezeit":"1\u00a0Minute"},"schema":{"@context":"https:\/\/schema.org","@graph":[{"@type":"WebPage","@id":"https:\/\/www.gero.lu\/de\/produit\/superdreckskescht-konkret-erklart-2","url":"https:\/\/www.gero.lu\/de\/produit\/superdreckskescht-konkret-erklart-2","name":"SuperDrecksK\u00ebscht - Konkret erkl\u00e4rt - GERO","isPartOf":{"@id":"https:\/\/www.gero.lu\/de\/#website"},"primaryImageOfPage":{"@id":"https:\/\/www.gero.lu\/de\/produit\/superdreckskescht-konkret-erklart-2#primaryimage"},"image":{"@id":"https:\/\/www.gero.lu\/produit\/superdreckskescht-konkret-erklart-2#primaryimage"},"thumbnailUrl":"https:\/\/www.gero.lu\/wp-content\/uploads\/2026\/02\/Logo-farbig-SDK.jpg","datePublished":"2026-02-18T15:21:32+00:00","dateModified":"2026-04-09T14:05:16+00:00","breadcrumb":{"@id":"https:\/\/www.gero.lu\/de\/produit\/superdreckskescht-konkret-erklart-2#breadcrumb"},"inLanguage":"de","potentialAction":[{"@type":"ReadAction","target":[["https:\/\/www.gero.lu\/de\/produit\/superdreckskescht-konkret-erklart-2"]]}]},{"@type":"ImageObject","inLanguage":"de","@id":"https:\/\/www.gero.lu\/de\/produit\/superdreckskescht-konkret-erklart-2#primaryimage","url":"https:\/\/www.gero.lu\/wp-content\/uploads\/2026\/02\/Logo-farbig-SDK.jpg","contentUrl":"https:\/\/www.gero.lu\/wp-content\/uploads\/2026\/02\/Logo-farbig-SDK.jpg","width":1032,"height":426},{"@type":"BreadcrumbList","@id":"https:\/\/www.gero.lu\/de\/produit\/superdreckskescht-konkret-erklart-2#breadcrumb","itemListElement":[{"@type":"ListItem","position":1,"name":"Accueil","item":"https:\/\/www.gero.lu\/de\/"},{"@type":"ListItem","position":2,"name":"Shop","item":"https:\/\/www.gero.lu\/de\/shop"},{"@type":"ListItem","position":3,"name":"SuperDrecksK\u00ebscht &#8211; Konkret erkl\u00e4rt"}]},{"@type":"WebSite","@id":"https:\/\/www.gero.lu\/de\/#website","url":"https:\/\/www.gero.lu\/de\/","name":"Gero","description":"Kompetenzzenter fir den Alter","publisher":{"@id":"https:\/\/www.gero.lu\/de\/#organization"},"potentialAction":[{"@type":"SearchAction","target":{"@type":"EntryPoint","urlTemplate":"https:\/\/www.gero.lu\/de\/?s={search_term_string}"},"query-input":{"@type":"PropertyValueSpecification","valueRequired":true,"valueName":"search_term_string"}}],"inLanguage":"de"},{"@type":"Organization","@id":"https:\/\/www.gero.lu\/de\/#organization","name":"Gero","url":"https:\/\/www.gero.lu\/de\/","logo":{"@type":"ImageObject","inLanguage":"de","@id":"https:\/\/www.gero.lu\/de\/#\/schema\/logo\/image\/","url":"https:\/\/www.gero.lu\/wp-content\/uploads\/2024\/04\/logo.svg","contentUrl":"https:\/\/www.gero.lu\/wp-content\/uploads\/2024\/04\/logo.svg","width":76,"height":30,"caption":"Gero"},"image":{"@id":"https:\/\/www.gero.lu\/de\/#\/schema\/logo\/image\/"},"sameAs":["https:\/\/www.facebook.com\/Kompetenzzenter\/","https:\/\/www.instagram.com\/gero.kompetenzzenter\/","https:\/\/linkedin.com\/company\/gero-kompetenzzenter-fir-den-alter","https:\/\/www.youtube.com\/channel\/UCJvmJYSeHh3dYQsLHZupj-Q"]}]}},"_links":{"self":[{"href":"https:\/\/www.gero.lu\/de\/wp-json\/wp\/v2\/product\/10834","targetHints":{"allow":["GET"]}}],"collection":[{"href":"https:\/\/www.gero.lu\/de\/wp-json\/wp\/v2\/product"}],"about":[{"href":"https:\/\/www.gero.lu\/de\/wp-json\/wp\/v2\/types\/product"}],"replies":[{"embeddable":true,"href":"https:\/\/www.gero.lu\/de\/wp-json\/wp\/v2\/comments?post=10834"}],"wp:featuredmedia":[{"embeddable":true,"href":"https:\/\/www.gero.lu\/de\/wp-json\/wp\/v2\/media\/11153"}],"wp:attachment":[{"href":"https:\/\/www.gero.lu\/de\/wp-json\/wp\/v2\/media?parent=10834"}],"wp:term":[{"taxonomy":"product_brand","embeddable":true,"href":"https:\/\/www.gero.lu\/de\/wp-json\/wp\/v2\/product_brand?post=10834"},{"taxonomy":"product_cat","embeddable":true,"href":"https:\/\/www.gero.lu\/de\/wp-json\/wp\/v2\/product_cat?post=10834"},{"taxonomy":"product_tag","embeddable":true,"href":"https:\/\/www.gero.lu\/de\/wp-json\/wp\/v2\/product_tag?post=10834"}],"curies":[{"name":"wp","href":"https:\/\/api.w.org\/{rel}","templated":true}]}}