{"id":10828,"date":"2026-02-18T14:22:21","date_gmt":"2026-02-18T14:22:21","guid":{"rendered":"https:\/\/www.gero.lu\/produit\/atelier-test-de-la-plateforme-infosenior-lu"},"modified":"2026-02-20T15:21:38","modified_gmt":"2026-02-20T15:21:38","slug":"atelier-test-de-la-plateforme-infosenior-lu","status":"publish","type":"product","link":"https:\/\/www.gero.lu\/de\/produit\/atelier-test-de-la-plateforme-infosenior-lu","title":{"rendered":"Atelier: Test de la plateforme Infosenior.lu"},"content":{"rendered":"<p>Le Conseil sup\u00e9rieur des personnes \u00e2g\u00e9es vous invite \u00e0 participer \u00e0 ses ateliers pour d\u00e9couvrir et tester la plateforme www.infosenior.lu. Les objectifs principaux : faire mieux conna\u00eetre la plateforme, tester la recherche d\u2019informations sur les services et h\u00e9bergements pour personnes \u00e2g\u00e9es et recueillir vos retours pour am\u00e9liorer la facilit\u00e9 d\u2019utilisation. Votre participation est volontaire et vos r\u00e9ponses restent anonymes. Vous pouvez utiliser un smartphone, une tablette ou un ordinateur, et toute personne peut participer, quel que soit son niveau de comp\u00e9tence informatique. Merci d\u2019apporter votre appareil.<\/p>\n","protected":false},"excerpt":{"rendered":"<p>Le Conseil sup\u00e9rieur des personnes \u00e2g\u00e9es vous invite \u00e0 participer \u00e0 ses ateliers pour d\u00e9couvrir et tester la plateforme www.infosenior.lu. Les objectifs principaux : faire mieux conna\u00eetre la plateforme, tester la recherche d\u2019informations sur les services et h\u00e9bergements pour personnes \u00e2g\u00e9es et recueillir vos retours pour am\u00e9liorer la facilit\u00e9 d\u2019utilisation. Votre participation est volontaire et [&hellip;]<\/p>\n","protected":false},"featured_media":0,"comment_status":"closed","ping_status":"closed","template":"","meta":{"_acf_changed":false,"inline_featured_image":false},"product_brand":[],"product_cat":[229],"product_tag":[203],"class_list":{"0":"post-10828","1":"product","2":"type-product","3":"status-publish","5":"product_cat-workshop","6":"product_tag-connaissance-de-vie-senior","8":"first","9":"instock","10":"virtual","11":"purchasable","12":"product-type-simple"},"acf":[],"yoast_head":"<!-- This site is optimized with the Yoast SEO Premium plugin v27.4 (Yoast SEO v27.4) - https:\/\/yoast.com\/product\/yoast-seo-premium-wordpress\/ -->\n<title>Atelier: Test de la plateforme Infosenior.lu - GERO<\/title>\n<meta name=\"robots\" content=\"index, follow, max-snippet:-1, max-image-preview:large, max-video-preview:-1\" \/>\n<link rel=\"canonical\" href=\"https:\/\/www.gero.lu\/de\/produit\/atelier-test-de-la-plateforme-infosenior-lu\" \/>\n<meta property=\"og:locale\" content=\"de_DE\" \/>\n<meta property=\"og:type\" content=\"article\" \/>\n<meta property=\"og:title\" content=\"Atelier: Test de la plateforme Infosenior.lu\" \/>\n<meta property=\"og:description\" content=\"Le Conseil sup\u00e9rieur des personnes \u00e2g\u00e9es vous invite \u00e0 participer \u00e0 ses ateliers pour d\u00e9couvrir et tester la plateforme www.infosenior.lu. Les objectifs principaux : faire mieux conna\u00eetre la plateforme, tester la recherche d\u2019informations sur les services et h\u00e9bergements pour personnes \u00e2g\u00e9es et recueillir vos retours pour am\u00e9liorer la facilit\u00e9 d\u2019utilisation. Votre participation est volontaire et [&hellip;]\" \/>\n<meta property=\"og:url\" content=\"https:\/\/www.gero.lu\/de\/produit\/atelier-test-de-la-plateforme-infosenior-lu\" \/>\n<meta property=\"og:site_name\" content=\"GERO\" \/>\n<meta property=\"article:publisher\" content=\"https:\/\/www.facebook.com\/Kompetenzzenter\/\" \/>\n<meta property=\"article:modified_time\" content=\"2026-02-20T15:21:38+00:00\" \/>\n<meta property=\"og:image\" content=\"https:\/\/www.gero.lu\/wp-content\/uploads\/2021\/08\/gettyimages-1135289130-2048x2048_RET-1.jpg\" \/>\n\t<meta property=\"og:image:width\" content=\"1227\" \/>\n\t<meta property=\"og:image:height\" content=\"802\" \/>\n\t<meta property=\"og:image:type\" content=\"image\/jpeg\" \/>\n<meta name=\"twitter:card\" content=\"summary_large_image\" \/>\n<script type=\"application\/ld+json\" class=\"yoast-schema-graph\">{\"@context\":\"https:\\\/\\\/schema.org\",\"@graph\":[{\"@type\":\"WebPage\",\"@id\":\"https:\\\/\\\/www.gero.lu\\\/de\\\/produit\\\/atelier-test-de-la-plateforme-infosenior-lu\",\"url\":\"https:\\\/\\\/www.gero.lu\\\/de\\\/produit\\\/atelier-test-de-la-plateforme-infosenior-lu\",\"name\":\"Atelier: Test de la plateforme Infosenior.lu - GERO\",\"isPartOf\":{\"@id\":\"https:\\\/\\\/www.gero.lu\\\/de\\\/#website\"},\"datePublished\":\"2026-02-18T14:22:21+00:00\",\"dateModified\":\"2026-02-20T15:21:38+00:00\",\"breadcrumb\":{\"@id\":\"https:\\\/\\\/www.gero.lu\\\/de\\\/produit\\\/atelier-test-de-la-plateforme-infosenior-lu#breadcrumb\"},\"inLanguage\":\"de\",\"potentialAction\":[{\"@type\":\"ReadAction\",\"target\":[[\"https:\\\/\\\/www.gero.lu\\\/de\\\/produit\\\/atelier-test-de-la-plateforme-infosenior-lu\"]]}]},{\"@type\":\"BreadcrumbList\",\"@id\":\"https:\\\/\\\/www.gero.lu\\\/de\\\/produit\\\/atelier-test-de-la-plateforme-infosenior-lu#breadcrumb\",\"itemListElement\":[{\"@type\":\"ListItem\",\"position\":1,\"name\":\"Accueil\",\"item\":\"https:\\\/\\\/www.gero.lu\\\/de\\\/\"},{\"@type\":\"ListItem\",\"position\":2,\"name\":\"Shop\",\"item\":\"https:\\\/\\\/www.gero.lu\\\/de\\\/shop\"},{\"@type\":\"ListItem\",\"position\":3,\"name\":\"Atelier: Test de la plateforme Infosenior.lu\"}]},{\"@type\":\"WebSite\",\"@id\":\"https:\\\/\\\/www.gero.lu\\\/de\\\/#website\",\"url\":\"https:\\\/\\\/www.gero.lu\\\/de\\\/\",\"name\":\"Gero\",\"description\":\"Kompetenzzenter fir den Alter\",\"publisher\":{\"@id\":\"https:\\\/\\\/www.gero.lu\\\/de\\\/#organization\"},\"potentialAction\":[{\"@type\":\"SearchAction\",\"target\":{\"@type\":\"EntryPoint\",\"urlTemplate\":\"https:\\\/\\\/www.gero.lu\\\/de\\\/?s={search_term_string}\"},\"query-input\":{\"@type\":\"PropertyValueSpecification\",\"valueRequired\":true,\"valueName\":\"search_term_string\"}}],\"inLanguage\":\"de\"},{\"@type\":\"Organization\",\"@id\":\"https:\\\/\\\/www.gero.lu\\\/de\\\/#organization\",\"name\":\"Gero\",\"url\":\"https:\\\/\\\/www.gero.lu\\\/de\\\/\",\"logo\":{\"@type\":\"ImageObject\",\"inLanguage\":\"de\",\"@id\":\"https:\\\/\\\/www.gero.lu\\\/de\\\/#\\\/schema\\\/logo\\\/image\\\/\",\"url\":\"https:\\\/\\\/www.gero.lu\\\/wp-content\\\/uploads\\\/2024\\\/04\\\/logo.svg\",\"contentUrl\":\"https:\\\/\\\/www.gero.lu\\\/wp-content\\\/uploads\\\/2024\\\/04\\\/logo.svg\",\"width\":76,\"height\":30,\"caption\":\"Gero\"},\"image\":{\"@id\":\"https:\\\/\\\/www.gero.lu\\\/de\\\/#\\\/schema\\\/logo\\\/image\\\/\"},\"sameAs\":[\"https:\\\/\\\/www.facebook.com\\\/Kompetenzzenter\\\/\",\"https:\\\/\\\/www.instagram.com\\\/gero.kompetenzzenter\\\/\",\"https:\\\/\\\/linkedin.com\\\/company\\\/gero-kompetenzzenter-fir-den-alter\",\"https:\\\/\\\/www.youtube.com\\\/channel\\\/UCJvmJYSeHh3dYQsLHZupj-Q\"]}]}<\/script>\n<!-- \/ Yoast SEO Premium plugin. -->","yoast_head_json":{"title":"Atelier: Test de la plateforme Infosenior.lu - GERO","robots":{"index":"index","follow":"follow","max-snippet":"max-snippet:-1","max-image-preview":"max-image-preview:large","max-video-preview":"max-video-preview:-1"},"canonical":"https:\/\/www.gero.lu\/de\/produit\/atelier-test-de-la-plateforme-infosenior-lu","og_locale":"de_DE","og_type":"article","og_title":"Atelier: Test de la plateforme Infosenior.lu","og_description":"Le Conseil sup\u00e9rieur des personnes \u00e2g\u00e9es vous invite \u00e0 participer \u00e0 ses ateliers pour d\u00e9couvrir et tester la plateforme www.infosenior.lu. Les objectifs principaux : faire mieux conna\u00eetre la plateforme, tester la recherche d\u2019informations sur les services et h\u00e9bergements pour personnes \u00e2g\u00e9es et recueillir vos retours pour am\u00e9liorer la facilit\u00e9 d\u2019utilisation. Votre participation est volontaire et [&hellip;]","og_url":"https:\/\/www.gero.lu\/de\/produit\/atelier-test-de-la-plateforme-infosenior-lu","og_site_name":"GERO","article_publisher":"https:\/\/www.facebook.com\/Kompetenzzenter\/","article_modified_time":"2026-02-20T15:21:38+00:00","og_image":[{"width":1227,"height":802,"url":"https:\/\/www.gero.lu\/wp-content\/uploads\/2021\/08\/gettyimages-1135289130-2048x2048_RET-1.jpg","type":"image\/jpeg"}],"twitter_card":"summary_large_image","schema":{"@context":"https:\/\/schema.org","@graph":[{"@type":"WebPage","@id":"https:\/\/www.gero.lu\/de\/produit\/atelier-test-de-la-plateforme-infosenior-lu","url":"https:\/\/www.gero.lu\/de\/produit\/atelier-test-de-la-plateforme-infosenior-lu","name":"Atelier: Test de la plateforme Infosenior.lu - GERO","isPartOf":{"@id":"https:\/\/www.gero.lu\/de\/#website"},"datePublished":"2026-02-18T14:22:21+00:00","dateModified":"2026-02-20T15:21:38+00:00","breadcrumb":{"@id":"https:\/\/www.gero.lu\/de\/produit\/atelier-test-de-la-plateforme-infosenior-lu#breadcrumb"},"inLanguage":"de","potentialAction":[{"@type":"ReadAction","target":[["https:\/\/www.gero.lu\/de\/produit\/atelier-test-de-la-plateforme-infosenior-lu"]]}]},{"@type":"BreadcrumbList","@id":"https:\/\/www.gero.lu\/de\/produit\/atelier-test-de-la-plateforme-infosenior-lu#breadcrumb","itemListElement":[{"@type":"ListItem","position":1,"name":"Accueil","item":"https:\/\/www.gero.lu\/de\/"},{"@type":"ListItem","position":2,"name":"Shop","item":"https:\/\/www.gero.lu\/de\/shop"},{"@type":"ListItem","position":3,"name":"Atelier: Test de la plateforme Infosenior.lu"}]},{"@type":"WebSite","@id":"https:\/\/www.gero.lu\/de\/#website","url":"https:\/\/www.gero.lu\/de\/","name":"Gero","description":"Kompetenzzenter fir den Alter","publisher":{"@id":"https:\/\/www.gero.lu\/de\/#organization"},"potentialAction":[{"@type":"SearchAction","target":{"@type":"EntryPoint","urlTemplate":"https:\/\/www.gero.lu\/de\/?s={search_term_string}"},"query-input":{"@type":"PropertyValueSpecification","valueRequired":true,"valueName":"search_term_string"}}],"inLanguage":"de"},{"@type":"Organization","@id":"https:\/\/www.gero.lu\/de\/#organization","name":"Gero","url":"https:\/\/www.gero.lu\/de\/","logo":{"@type":"ImageObject","inLanguage":"de","@id":"https:\/\/www.gero.lu\/de\/#\/schema\/logo\/image\/","url":"https:\/\/www.gero.lu\/wp-content\/uploads\/2024\/04\/logo.svg","contentUrl":"https:\/\/www.gero.lu\/wp-content\/uploads\/2024\/04\/logo.svg","width":76,"height":30,"caption":"Gero"},"image":{"@id":"https:\/\/www.gero.lu\/de\/#\/schema\/logo\/image\/"},"sameAs":["https:\/\/www.facebook.com\/Kompetenzzenter\/","https:\/\/www.instagram.com\/gero.kompetenzzenter\/","https:\/\/linkedin.com\/company\/gero-kompetenzzenter-fir-den-alter","https:\/\/www.youtube.com\/channel\/UCJvmJYSeHh3dYQsLHZupj-Q"]}]}},"_links":{"self":[{"href":"https:\/\/www.gero.lu\/de\/wp-json\/wp\/v2\/product\/10828","targetHints":{"allow":["GET"]}}],"collection":[{"href":"https:\/\/www.gero.lu\/de\/wp-json\/wp\/v2\/product"}],"about":[{"href":"https:\/\/www.gero.lu\/de\/wp-json\/wp\/v2\/types\/product"}],"replies":[{"embeddable":true,"href":"https:\/\/www.gero.lu\/de\/wp-json\/wp\/v2\/comments?post=10828"}],"wp:attachment":[{"href":"https:\/\/www.gero.lu\/de\/wp-json\/wp\/v2\/media?parent=10828"}],"wp:term":[{"taxonomy":"product_brand","embeddable":true,"href":"https:\/\/www.gero.lu\/de\/wp-json\/wp\/v2\/product_brand?post=10828"},{"taxonomy":"product_cat","embeddable":true,"href":"https:\/\/www.gero.lu\/de\/wp-json\/wp\/v2\/product_cat?post=10828"},{"taxonomy":"product_tag","embeddable":true,"href":"https:\/\/www.gero.lu\/de\/wp-json\/wp\/v2\/product_tag?post=10828"}],"curies":[{"name":"wp","href":"https:\/\/api.w.org\/{rel}","templated":true}]}}