{"id":10826,"date":"2026-02-18T14:22:17","date_gmt":"2026-02-18T14:22:17","guid":{"rendered":"https:\/\/www.gero.lu\/produit\/vorbereitung-auf-den-ruhestand-ideen-fur-eine-neue-lebensphase"},"modified":"2026-03-04T08:21:26","modified_gmt":"2026-03-04T08:21:26","slug":"vorbereitung-auf-den-ruhestand-ideen-fur-eine-neue-lebensphase","status":"publish","type":"product","link":"https:\/\/www.gero.lu\/de\/produit\/vorbereitung-auf-den-ruhestand-ideen-fur-eine-neue-lebensphase","title":{"rendered":"Vorbereitung auf den Ruhestand &#8211; Ideen f\u00fcr eine neue Lebensphase"},"content":{"rendered":"<p>Der Ruhestand ist ein neuer Lebensabschnitt \u2013 voller M\u00f6glichkeiten und Chancen. In diesem interaktiven Vortrag mit den ehrenamtlichen GERO-Pensionscoaches Christiane Biwer und Jean-Paul Greisch entdecken Sie neue Perspektiven f\u00fcr Ihre Zukunft. Sie erhalten interessante Informationen, wie Sie sich ganz pers\u00f6nlich auf die Pensionierung vorbereiten und die Zeit danach aktiv und erf\u00fcllt gestalten k\u00f6nnen. Der Vortrag geht nicht auf finanzielle oder administrative Aspekte ein. Weitere Fragen k\u00f6nnen weiter vertieft und gemeinsam diskutiert werden.<\/p>\n","protected":false},"excerpt":{"rendered":"<p>Der Ruhestand ist ein neuer Lebensabschnitt \u2013 voller M\u00f6glichkeiten und Chancen. In diesem interaktiven Vortrag mit den ehrenamtlichen GERO-Pensionscoaches Christiane Biwer und Jean-Paul Greisch entdecken Sie neue Perspektiven f\u00fcr Ihre Zukunft. Sie erhalten interessante Informationen, wie Sie sich ganz pers\u00f6nlich auf die Pensionierung vorbereiten und die Zeit danach aktiv und erf\u00fcllt gestalten k\u00f6nnen. Der Vortrag [&hellip;]<\/p>\n","protected":false},"featured_media":0,"comment_status":"closed","ping_status":"closed","template":"","meta":{"_acf_changed":false,"inline_featured_image":false},"product_brand":[],"product_cat":[229],"product_tag":[203],"class_list":{"0":"post-10826","1":"product","2":"type-product","3":"status-publish","5":"product_cat-workshop","6":"product_tag-connaissance-de-vie-senior","8":"first","9":"instock","10":"virtual","11":"purchasable","12":"product-type-simple"},"acf":[],"yoast_head":"<!-- This site is optimized with the Yoast SEO Premium plugin v26.5 (Yoast SEO v26.5) - https:\/\/yoast.com\/wordpress\/plugins\/seo\/ -->\n<title>Vorbereitung auf den Ruhestand - Ideen f\u00fcr eine neue Lebensphase - GERO<\/title>\n<meta name=\"robots\" content=\"index, follow, max-snippet:-1, max-image-preview:large, max-video-preview:-1\" \/>\n<link rel=\"canonical\" href=\"https:\/\/www.gero.lu\/de\/produit\/vorbereitung-auf-den-ruhestand-ideen-fur-eine-neue-lebensphase\" \/>\n<meta property=\"og:locale\" content=\"de_DE\" \/>\n<meta property=\"og:type\" content=\"article\" \/>\n<meta property=\"og:title\" content=\"Vorbereitung auf den Ruhestand - Ideen f\u00fcr eine neue Lebensphase\" \/>\n<meta property=\"og:description\" content=\"Der Ruhestand ist ein neuer Lebensabschnitt \u2013 voller M\u00f6glichkeiten und Chancen. In diesem interaktiven Vortrag mit den ehrenamtlichen GERO-Pensionscoaches Christiane Biwer und Jean-Paul Greisch entdecken Sie neue Perspektiven f\u00fcr Ihre Zukunft. Sie erhalten interessante Informationen, wie Sie sich ganz pers\u00f6nlich auf die Pensionierung vorbereiten und die Zeit danach aktiv und erf\u00fcllt gestalten k\u00f6nnen. Der Vortrag [&hellip;]\" \/>\n<meta property=\"og:url\" content=\"https:\/\/www.gero.lu\/de\/produit\/vorbereitung-auf-den-ruhestand-ideen-fur-eine-neue-lebensphase\" \/>\n<meta property=\"og:site_name\" content=\"GERO\" \/>\n<meta property=\"article:publisher\" content=\"https:\/\/www.facebook.com\/Kompetenzzenter\/\" \/>\n<meta property=\"article:modified_time\" content=\"2026-03-04T08:21:26+00:00\" \/>\n<meta property=\"og:image\" content=\"https:\/\/www.gero.lu\/wp-content\/uploads\/2021\/08\/gettyimages-1135289130-2048x2048_RET-1.jpg\" \/>\n\t<meta property=\"og:image:width\" content=\"1227\" \/>\n\t<meta property=\"og:image:height\" content=\"802\" \/>\n\t<meta property=\"og:image:type\" content=\"image\/jpeg\" \/>\n<meta name=\"twitter:card\" content=\"summary_large_image\" \/>\n<script type=\"application\/ld+json\" class=\"yoast-schema-graph\">{\"@context\":\"https:\/\/schema.org\",\"@graph\":[{\"@type\":\"WebPage\",\"@id\":\"https:\/\/www.gero.lu\/de\/produit\/vorbereitung-auf-den-ruhestand-ideen-fur-eine-neue-lebensphase\",\"url\":\"https:\/\/www.gero.lu\/de\/produit\/vorbereitung-auf-den-ruhestand-ideen-fur-eine-neue-lebensphase\",\"name\":\"Vorbereitung auf den Ruhestand - Ideen f\u00fcr eine neue Lebensphase - GERO\",\"isPartOf\":{\"@id\":\"https:\/\/www.gero.lu\/de\/#website\"},\"datePublished\":\"2026-02-18T14:22:17+00:00\",\"dateModified\":\"2026-03-04T08:21:26+00:00\",\"breadcrumb\":{\"@id\":\"https:\/\/www.gero.lu\/de\/produit\/vorbereitung-auf-den-ruhestand-ideen-fur-eine-neue-lebensphase#breadcrumb\"},\"inLanguage\":\"de\",\"potentialAction\":[{\"@type\":\"ReadAction\",\"target\":[[\"https:\/\/www.gero.lu\/de\/produit\/vorbereitung-auf-den-ruhestand-ideen-fur-eine-neue-lebensphase\"]]}]},{\"@type\":\"BreadcrumbList\",\"@id\":\"https:\/\/www.gero.lu\/de\/produit\/vorbereitung-auf-den-ruhestand-ideen-fur-eine-neue-lebensphase#breadcrumb\",\"itemListElement\":[{\"@type\":\"ListItem\",\"position\":1,\"name\":\"Accueil\",\"item\":\"https:\/\/www.gero.lu\/de\/\"},{\"@type\":\"ListItem\",\"position\":2,\"name\":\"Shop\",\"item\":\"https:\/\/www.gero.lu\/de\/shop\"},{\"@type\":\"ListItem\",\"position\":3,\"name\":\"Vorbereitung auf den Ruhestand &#8211; Ideen f\u00fcr eine neue Lebensphase\"}]},{\"@type\":\"WebSite\",\"@id\":\"https:\/\/www.gero.lu\/de\/#website\",\"url\":\"https:\/\/www.gero.lu\/de\/\",\"name\":\"Gero\",\"description\":\"Kompetenzzenter fir den Alter\",\"publisher\":{\"@id\":\"https:\/\/www.gero.lu\/de\/#organization\"},\"potentialAction\":[{\"@type\":\"SearchAction\",\"target\":{\"@type\":\"EntryPoint\",\"urlTemplate\":\"https:\/\/www.gero.lu\/de\/?s={search_term_string}\"},\"query-input\":{\"@type\":\"PropertyValueSpecification\",\"valueRequired\":true,\"valueName\":\"search_term_string\"}}],\"inLanguage\":\"de\"},{\"@type\":\"Organization\",\"@id\":\"https:\/\/www.gero.lu\/de\/#organization\",\"name\":\"Gero\",\"url\":\"https:\/\/www.gero.lu\/de\/\",\"logo\":{\"@type\":\"ImageObject\",\"inLanguage\":\"de\",\"@id\":\"https:\/\/www.gero.lu\/de\/#\/schema\/logo\/image\/\",\"url\":\"https:\/\/www.gero.lu\/wp-content\/uploads\/2024\/04\/logo.svg\",\"contentUrl\":\"https:\/\/www.gero.lu\/wp-content\/uploads\/2024\/04\/logo.svg\",\"width\":76,\"height\":30,\"caption\":\"Gero\"},\"image\":{\"@id\":\"https:\/\/www.gero.lu\/de\/#\/schema\/logo\/image\/\"},\"sameAs\":[\"https:\/\/www.facebook.com\/Kompetenzzenter\/\",\"https:\/\/www.instagram.com\/gero.kompetenzzenter\/\",\"https:\/\/linkedin.com\/company\/gero-kompetenzzenter-fir-den-alter\",\"https:\/\/www.youtube.com\/channel\/UCJvmJYSeHh3dYQsLHZupj-Q\"]}]}<\/script>\n<!-- \/ Yoast SEO Premium plugin. -->","yoast_head_json":{"title":"Vorbereitung auf den Ruhestand - Ideen f\u00fcr eine neue Lebensphase - GERO","robots":{"index":"index","follow":"follow","max-snippet":"max-snippet:-1","max-image-preview":"max-image-preview:large","max-video-preview":"max-video-preview:-1"},"canonical":"https:\/\/www.gero.lu\/de\/produit\/vorbereitung-auf-den-ruhestand-ideen-fur-eine-neue-lebensphase","og_locale":"de_DE","og_type":"article","og_title":"Vorbereitung auf den Ruhestand - Ideen f\u00fcr eine neue Lebensphase","og_description":"Der Ruhestand ist ein neuer Lebensabschnitt \u2013 voller M\u00f6glichkeiten und Chancen. In diesem interaktiven Vortrag mit den ehrenamtlichen GERO-Pensionscoaches Christiane Biwer und Jean-Paul Greisch entdecken Sie neue Perspektiven f\u00fcr Ihre Zukunft. Sie erhalten interessante Informationen, wie Sie sich ganz pers\u00f6nlich auf die Pensionierung vorbereiten und die Zeit danach aktiv und erf\u00fcllt gestalten k\u00f6nnen. Der Vortrag [&hellip;]","og_url":"https:\/\/www.gero.lu\/de\/produit\/vorbereitung-auf-den-ruhestand-ideen-fur-eine-neue-lebensphase","og_site_name":"GERO","article_publisher":"https:\/\/www.facebook.com\/Kompetenzzenter\/","article_modified_time":"2026-03-04T08:21:26+00:00","og_image":[{"width":1227,"height":802,"url":"https:\/\/www.gero.lu\/wp-content\/uploads\/2021\/08\/gettyimages-1135289130-2048x2048_RET-1.jpg","type":"image\/jpeg"}],"twitter_card":"summary_large_image","schema":{"@context":"https:\/\/schema.org","@graph":[{"@type":"WebPage","@id":"https:\/\/www.gero.lu\/de\/produit\/vorbereitung-auf-den-ruhestand-ideen-fur-eine-neue-lebensphase","url":"https:\/\/www.gero.lu\/de\/produit\/vorbereitung-auf-den-ruhestand-ideen-fur-eine-neue-lebensphase","name":"Vorbereitung auf den Ruhestand - Ideen f\u00fcr eine neue Lebensphase - GERO","isPartOf":{"@id":"https:\/\/www.gero.lu\/de\/#website"},"datePublished":"2026-02-18T14:22:17+00:00","dateModified":"2026-03-04T08:21:26+00:00","breadcrumb":{"@id":"https:\/\/www.gero.lu\/de\/produit\/vorbereitung-auf-den-ruhestand-ideen-fur-eine-neue-lebensphase#breadcrumb"},"inLanguage":"de","potentialAction":[{"@type":"ReadAction","target":[["https:\/\/www.gero.lu\/de\/produit\/vorbereitung-auf-den-ruhestand-ideen-fur-eine-neue-lebensphase"]]}]},{"@type":"BreadcrumbList","@id":"https:\/\/www.gero.lu\/de\/produit\/vorbereitung-auf-den-ruhestand-ideen-fur-eine-neue-lebensphase#breadcrumb","itemListElement":[{"@type":"ListItem","position":1,"name":"Accueil","item":"https:\/\/www.gero.lu\/de\/"},{"@type":"ListItem","position":2,"name":"Shop","item":"https:\/\/www.gero.lu\/de\/shop"},{"@type":"ListItem","position":3,"name":"Vorbereitung auf den Ruhestand &#8211; Ideen f\u00fcr eine neue Lebensphase"}]},{"@type":"WebSite","@id":"https:\/\/www.gero.lu\/de\/#website","url":"https:\/\/www.gero.lu\/de\/","name":"Gero","description":"Kompetenzzenter fir den Alter","publisher":{"@id":"https:\/\/www.gero.lu\/de\/#organization"},"potentialAction":[{"@type":"SearchAction","target":{"@type":"EntryPoint","urlTemplate":"https:\/\/www.gero.lu\/de\/?s={search_term_string}"},"query-input":{"@type":"PropertyValueSpecification","valueRequired":true,"valueName":"search_term_string"}}],"inLanguage":"de"},{"@type":"Organization","@id":"https:\/\/www.gero.lu\/de\/#organization","name":"Gero","url":"https:\/\/www.gero.lu\/de\/","logo":{"@type":"ImageObject","inLanguage":"de","@id":"https:\/\/www.gero.lu\/de\/#\/schema\/logo\/image\/","url":"https:\/\/www.gero.lu\/wp-content\/uploads\/2024\/04\/logo.svg","contentUrl":"https:\/\/www.gero.lu\/wp-content\/uploads\/2024\/04\/logo.svg","width":76,"height":30,"caption":"Gero"},"image":{"@id":"https:\/\/www.gero.lu\/de\/#\/schema\/logo\/image\/"},"sameAs":["https:\/\/www.facebook.com\/Kompetenzzenter\/","https:\/\/www.instagram.com\/gero.kompetenzzenter\/","https:\/\/linkedin.com\/company\/gero-kompetenzzenter-fir-den-alter","https:\/\/www.youtube.com\/channel\/UCJvmJYSeHh3dYQsLHZupj-Q"]}]}},"_links":{"self":[{"href":"https:\/\/www.gero.lu\/de\/wp-json\/wp\/v2\/product\/10826","targetHints":{"allow":["GET"]}}],"collection":[{"href":"https:\/\/www.gero.lu\/de\/wp-json\/wp\/v2\/product"}],"about":[{"href":"https:\/\/www.gero.lu\/de\/wp-json\/wp\/v2\/types\/product"}],"replies":[{"embeddable":true,"href":"https:\/\/www.gero.lu\/de\/wp-json\/wp\/v2\/comments?post=10826"}],"wp:attachment":[{"href":"https:\/\/www.gero.lu\/de\/wp-json\/wp\/v2\/media?parent=10826"}],"wp:term":[{"taxonomy":"product_brand","embeddable":true,"href":"https:\/\/www.gero.lu\/de\/wp-json\/wp\/v2\/product_brand?post=10826"},{"taxonomy":"product_cat","embeddable":true,"href":"https:\/\/www.gero.lu\/de\/wp-json\/wp\/v2\/product_cat?post=10826"},{"taxonomy":"product_tag","embeddable":true,"href":"https:\/\/www.gero.lu\/de\/wp-json\/wp\/v2\/product_tag?post=10826"}],"curies":[{"name":"wp","href":"https:\/\/api.w.org\/{rel}","templated":true}]}}