{"id":10825,"date":"2026-02-18T14:22:15","date_gmt":"2026-02-18T14:22:15","guid":{"rendered":"https:\/\/www.gero.lu\/produit\/prevention-contre-le-cancer-au-dela-de-60-ans"},"modified":"2026-03-09T09:22:00","modified_gmt":"2026-03-09T09:22:00","slug":"prevention-contre-le-cancer-au-dela-de-60-ans","status":"publish","type":"product","link":"https:\/\/www.gero.lu\/de\/produit\/prevention-contre-le-cancer-au-dela-de-60-ans","title":{"rendered":"Pr\u00e9vention contre le cancer au-del\u00e0 de 60 ans"},"content":{"rendered":"<p>Cette conf\u00e9rence en collaboration avec la Fondation Cancer propose un \u00e9clairage clair et concret sur les gestes du quotidien qui peuvent contribuer \u00e0 r\u00e9duire les risques de cancer. Activit\u00e9 physique, alimentation, d\u00e9pistage : des rep\u00e8res simples, r\u00e9alistes, et applicables \u00e0 chacun et chacune, sans culpabilisation. Les \u00e9changes s\u2019appuieront sur la derni\u00e8re version du Code europ\u00e9en contre le cancer et ses 14 recommandations.<\/p>\n","protected":false},"excerpt":{"rendered":"<p>Cette conf\u00e9rence en collaboration avec la Fondation Cancer propose un \u00e9clairage clair et concret sur les gestes du quotidien qui peuvent contribuer \u00e0 r\u00e9duire les risques de cancer. Activit\u00e9 physique, alimentation, d\u00e9pistage : des rep\u00e8res simples, r\u00e9alistes, et applicables \u00e0 chacun et chacune, sans culpabilisation. Les \u00e9changes s\u2019appuieront sur la derni\u00e8re version du Code europ\u00e9en [&hellip;]<\/p>\n","protected":false},"featured_media":0,"comment_status":"closed","ping_status":"closed","template":"","meta":{"_acf_changed":false,"inline_featured_image":false},"product_brand":[],"product_cat":[228],"product_tag":[200],"class_list":{"0":"post-10825","1":"product","2":"type-product","3":"status-publish","5":"product_cat-conference","6":"product_tag-sante-senior","8":"first","9":"instock","10":"virtual","11":"purchasable","12":"product-type-simple"},"acf":[],"yoast_head":"<!-- This site is optimized with the Yoast SEO Premium plugin v26.5 (Yoast SEO v26.5) - https:\/\/yoast.com\/wordpress\/plugins\/seo\/ -->\n<title>Pr\u00e9vention contre le cancer au-del\u00e0 de 60 ans - GERO<\/title>\n<meta name=\"robots\" content=\"index, follow, max-snippet:-1, max-image-preview:large, max-video-preview:-1\" \/>\n<link rel=\"canonical\" href=\"https:\/\/www.gero.lu\/de\/produit\/prevention-contre-le-cancer-au-dela-de-60-ans\" \/>\n<meta property=\"og:locale\" content=\"de_DE\" \/>\n<meta property=\"og:type\" content=\"article\" \/>\n<meta property=\"og:title\" content=\"Pr\u00e9vention contre le cancer au-del\u00e0 de 60 ans\" \/>\n<meta property=\"og:description\" content=\"Cette conf\u00e9rence en collaboration avec la Fondation Cancer propose un \u00e9clairage clair et concret sur les gestes du quotidien qui peuvent contribuer \u00e0 r\u00e9duire les risques de cancer. Activit\u00e9 physique, alimentation, d\u00e9pistage : des rep\u00e8res simples, r\u00e9alistes, et applicables \u00e0 chacun et chacune, sans culpabilisation. Les \u00e9changes s\u2019appuieront sur la derni\u00e8re version du Code europ\u00e9en [&hellip;]\" \/>\n<meta property=\"og:url\" content=\"https:\/\/www.gero.lu\/de\/produit\/prevention-contre-le-cancer-au-dela-de-60-ans\" \/>\n<meta property=\"og:site_name\" content=\"GERO\" \/>\n<meta property=\"article:publisher\" content=\"https:\/\/www.facebook.com\/Kompetenzzenter\/\" \/>\n<meta property=\"article:modified_time\" content=\"2026-03-09T09:22:00+00:00\" \/>\n<meta property=\"og:image\" content=\"https:\/\/www.gero.lu\/wp-content\/uploads\/2021\/08\/gettyimages-1135289130-2048x2048_RET-1.jpg\" \/>\n\t<meta property=\"og:image:width\" content=\"1227\" \/>\n\t<meta property=\"og:image:height\" content=\"802\" \/>\n\t<meta property=\"og:image:type\" content=\"image\/jpeg\" \/>\n<meta name=\"twitter:card\" content=\"summary_large_image\" \/>\n<script type=\"application\/ld+json\" class=\"yoast-schema-graph\">{\"@context\":\"https:\/\/schema.org\",\"@graph\":[{\"@type\":\"WebPage\",\"@id\":\"https:\/\/www.gero.lu\/de\/produit\/prevention-contre-le-cancer-au-dela-de-60-ans\",\"url\":\"https:\/\/www.gero.lu\/de\/produit\/prevention-contre-le-cancer-au-dela-de-60-ans\",\"name\":\"Pr\u00e9vention contre le cancer au-del\u00e0 de 60 ans - GERO\",\"isPartOf\":{\"@id\":\"https:\/\/www.gero.lu\/de\/#website\"},\"datePublished\":\"2026-02-18T14:22:15+00:00\",\"dateModified\":\"2026-03-09T09:22:00+00:00\",\"breadcrumb\":{\"@id\":\"https:\/\/www.gero.lu\/de\/produit\/prevention-contre-le-cancer-au-dela-de-60-ans#breadcrumb\"},\"inLanguage\":\"de\",\"potentialAction\":[{\"@type\":\"ReadAction\",\"target\":[[\"https:\/\/www.gero.lu\/de\/produit\/prevention-contre-le-cancer-au-dela-de-60-ans\"]]}]},{\"@type\":\"BreadcrumbList\",\"@id\":\"https:\/\/www.gero.lu\/de\/produit\/prevention-contre-le-cancer-au-dela-de-60-ans#breadcrumb\",\"itemListElement\":[{\"@type\":\"ListItem\",\"position\":1,\"name\":\"Accueil\",\"item\":\"https:\/\/www.gero.lu\/de\/\"},{\"@type\":\"ListItem\",\"position\":2,\"name\":\"Shop\",\"item\":\"https:\/\/www.gero.lu\/de\/shop\"},{\"@type\":\"ListItem\",\"position\":3,\"name\":\"Pr\u00e9vention contre le cancer au-del\u00e0 de 60 ans\"}]},{\"@type\":\"WebSite\",\"@id\":\"https:\/\/www.gero.lu\/de\/#website\",\"url\":\"https:\/\/www.gero.lu\/de\/\",\"name\":\"Gero\",\"description\":\"Kompetenzzenter fir den Alter\",\"publisher\":{\"@id\":\"https:\/\/www.gero.lu\/de\/#organization\"},\"potentialAction\":[{\"@type\":\"SearchAction\",\"target\":{\"@type\":\"EntryPoint\",\"urlTemplate\":\"https:\/\/www.gero.lu\/de\/?s={search_term_string}\"},\"query-input\":{\"@type\":\"PropertyValueSpecification\",\"valueRequired\":true,\"valueName\":\"search_term_string\"}}],\"inLanguage\":\"de\"},{\"@type\":\"Organization\",\"@id\":\"https:\/\/www.gero.lu\/de\/#organization\",\"name\":\"Gero\",\"url\":\"https:\/\/www.gero.lu\/de\/\",\"logo\":{\"@type\":\"ImageObject\",\"inLanguage\":\"de\",\"@id\":\"https:\/\/www.gero.lu\/de\/#\/schema\/logo\/image\/\",\"url\":\"https:\/\/www.gero.lu\/wp-content\/uploads\/2024\/04\/logo.svg\",\"contentUrl\":\"https:\/\/www.gero.lu\/wp-content\/uploads\/2024\/04\/logo.svg\",\"width\":76,\"height\":30,\"caption\":\"Gero\"},\"image\":{\"@id\":\"https:\/\/www.gero.lu\/de\/#\/schema\/logo\/image\/\"},\"sameAs\":[\"https:\/\/www.facebook.com\/Kompetenzzenter\/\",\"https:\/\/www.instagram.com\/gero.kompetenzzenter\/\",\"https:\/\/linkedin.com\/company\/gero-kompetenzzenter-fir-den-alter\",\"https:\/\/www.youtube.com\/channel\/UCJvmJYSeHh3dYQsLHZupj-Q\"]}]}<\/script>\n<!-- \/ Yoast SEO Premium plugin. -->","yoast_head_json":{"title":"Pr\u00e9vention contre le cancer au-del\u00e0 de 60 ans - GERO","robots":{"index":"index","follow":"follow","max-snippet":"max-snippet:-1","max-image-preview":"max-image-preview:large","max-video-preview":"max-video-preview:-1"},"canonical":"https:\/\/www.gero.lu\/de\/produit\/prevention-contre-le-cancer-au-dela-de-60-ans","og_locale":"de_DE","og_type":"article","og_title":"Pr\u00e9vention contre le cancer au-del\u00e0 de 60 ans","og_description":"Cette conf\u00e9rence en collaboration avec la Fondation Cancer propose un \u00e9clairage clair et concret sur les gestes du quotidien qui peuvent contribuer \u00e0 r\u00e9duire les risques de cancer. Activit\u00e9 physique, alimentation, d\u00e9pistage : des rep\u00e8res simples, r\u00e9alistes, et applicables \u00e0 chacun et chacune, sans culpabilisation. Les \u00e9changes s\u2019appuieront sur la derni\u00e8re version du Code europ\u00e9en [&hellip;]","og_url":"https:\/\/www.gero.lu\/de\/produit\/prevention-contre-le-cancer-au-dela-de-60-ans","og_site_name":"GERO","article_publisher":"https:\/\/www.facebook.com\/Kompetenzzenter\/","article_modified_time":"2026-03-09T09:22:00+00:00","og_image":[{"width":1227,"height":802,"url":"https:\/\/www.gero.lu\/wp-content\/uploads\/2021\/08\/gettyimages-1135289130-2048x2048_RET-1.jpg","type":"image\/jpeg"}],"twitter_card":"summary_large_image","schema":{"@context":"https:\/\/schema.org","@graph":[{"@type":"WebPage","@id":"https:\/\/www.gero.lu\/de\/produit\/prevention-contre-le-cancer-au-dela-de-60-ans","url":"https:\/\/www.gero.lu\/de\/produit\/prevention-contre-le-cancer-au-dela-de-60-ans","name":"Pr\u00e9vention contre le cancer au-del\u00e0 de 60 ans - GERO","isPartOf":{"@id":"https:\/\/www.gero.lu\/de\/#website"},"datePublished":"2026-02-18T14:22:15+00:00","dateModified":"2026-03-09T09:22:00+00:00","breadcrumb":{"@id":"https:\/\/www.gero.lu\/de\/produit\/prevention-contre-le-cancer-au-dela-de-60-ans#breadcrumb"},"inLanguage":"de","potentialAction":[{"@type":"ReadAction","target":[["https:\/\/www.gero.lu\/de\/produit\/prevention-contre-le-cancer-au-dela-de-60-ans"]]}]},{"@type":"BreadcrumbList","@id":"https:\/\/www.gero.lu\/de\/produit\/prevention-contre-le-cancer-au-dela-de-60-ans#breadcrumb","itemListElement":[{"@type":"ListItem","position":1,"name":"Accueil","item":"https:\/\/www.gero.lu\/de\/"},{"@type":"ListItem","position":2,"name":"Shop","item":"https:\/\/www.gero.lu\/de\/shop"},{"@type":"ListItem","position":3,"name":"Pr\u00e9vention contre le cancer au-del\u00e0 de 60 ans"}]},{"@type":"WebSite","@id":"https:\/\/www.gero.lu\/de\/#website","url":"https:\/\/www.gero.lu\/de\/","name":"Gero","description":"Kompetenzzenter fir den Alter","publisher":{"@id":"https:\/\/www.gero.lu\/de\/#organization"},"potentialAction":[{"@type":"SearchAction","target":{"@type":"EntryPoint","urlTemplate":"https:\/\/www.gero.lu\/de\/?s={search_term_string}"},"query-input":{"@type":"PropertyValueSpecification","valueRequired":true,"valueName":"search_term_string"}}],"inLanguage":"de"},{"@type":"Organization","@id":"https:\/\/www.gero.lu\/de\/#organization","name":"Gero","url":"https:\/\/www.gero.lu\/de\/","logo":{"@type":"ImageObject","inLanguage":"de","@id":"https:\/\/www.gero.lu\/de\/#\/schema\/logo\/image\/","url":"https:\/\/www.gero.lu\/wp-content\/uploads\/2024\/04\/logo.svg","contentUrl":"https:\/\/www.gero.lu\/wp-content\/uploads\/2024\/04\/logo.svg","width":76,"height":30,"caption":"Gero"},"image":{"@id":"https:\/\/www.gero.lu\/de\/#\/schema\/logo\/image\/"},"sameAs":["https:\/\/www.facebook.com\/Kompetenzzenter\/","https:\/\/www.instagram.com\/gero.kompetenzzenter\/","https:\/\/linkedin.com\/company\/gero-kompetenzzenter-fir-den-alter","https:\/\/www.youtube.com\/channel\/UCJvmJYSeHh3dYQsLHZupj-Q"]}]}},"_links":{"self":[{"href":"https:\/\/www.gero.lu\/de\/wp-json\/wp\/v2\/product\/10825","targetHints":{"allow":["GET"]}}],"collection":[{"href":"https:\/\/www.gero.lu\/de\/wp-json\/wp\/v2\/product"}],"about":[{"href":"https:\/\/www.gero.lu\/de\/wp-json\/wp\/v2\/types\/product"}],"replies":[{"embeddable":true,"href":"https:\/\/www.gero.lu\/de\/wp-json\/wp\/v2\/comments?post=10825"}],"wp:attachment":[{"href":"https:\/\/www.gero.lu\/de\/wp-json\/wp\/v2\/media?parent=10825"}],"wp:term":[{"taxonomy":"product_brand","embeddable":true,"href":"https:\/\/www.gero.lu\/de\/wp-json\/wp\/v2\/product_brand?post=10825"},{"taxonomy":"product_cat","embeddable":true,"href":"https:\/\/www.gero.lu\/de\/wp-json\/wp\/v2\/product_cat?post=10825"},{"taxonomy":"product_tag","embeddable":true,"href":"https:\/\/www.gero.lu\/de\/wp-json\/wp\/v2\/product_tag?post=10825"}],"curies":[{"name":"wp","href":"https:\/\/api.w.org\/{rel}","templated":true}]}}