{"id":10818,"date":"2026-02-17T11:21:21","date_gmt":"2026-02-17T11:21:21","guid":{"rendered":"https:\/\/www.gero.lu\/produit\/psychogeriatrie-pour-le-personnel-non-soignant"},"modified":"2026-02-17T11:21:21","modified_gmt":"2026-02-17T11:21:21","slug":"psychogeriatrie-pour-le-personnel-non-soignant","status":"publish","type":"product","link":"https:\/\/www.gero.lu\/de\/produit\/psychogeriatrie-pour-le-personnel-non-soignant","title":{"rendered":"Psychog\u00e9riatrie pour le personnel non-soignant"},"content":{"rendered":"<p>Rencontrer les personnes atteintes de d\u00e9mence avec empathie et comp\u00e9tence<\/p>\n<p>Ce cours s\u2019adresse \u00e0 toutes les personnes qui, dans leur quotidien professionnel, sont en contact avec des personnes atteintes de d\u00e9mence sans exercer une activit\u00e9 de soins. Il concerne notamment le personnel en charge de l\u2019accueil, de l\u2019administration, de l\u2019accompagnement, de la restauration et du service, de l\u2019entretien, du jardinage et de la distribution du courrier.  <\/p>\n<p>L\u2019objectif de cette formation est d\u2019acqu\u00e9rir plus d\u2019aisance dans l\u2019interaction avec les personnes atteintes de troubles neurocognitifs tout en d\u00e9couvrant des approches cr\u00e9atives pour enrichir leur quotidien. Vous apprendrez \u00e0 mieux comprendre les situations difficiles, \u00e0 y r\u00e9agir de mani\u00e8re adapt\u00e9e et \u00e0 instaurer une atmosph\u00e8re de confiance gr\u00e2ce \u00e0 une communication cibl\u00e9e.<\/p>\n<p>Outre des bases th\u00e9oriques, la formation met l\u2019accent sur des exercices interactifs et des inspirations cr\u00e9atives pour renforcer votre aisance au contact des personnes concern\u00e9es. D\u00e9couvrez comment de petits gestes et de nouvelles id\u00e9es peuvent transformer le quotidien. Laissez-vous inspirer, impliquez-vous activement et contribuez ensemble \u00e0 un environnement bienveillant et respectueux pour les personnes atteintes de d\u00e9mence !<\/p>\n<p>Au programme :<br \/>\n\u2022\tBases de la d\u00e9mence : causes, sympt\u00f4mes, \u00e9volutions<br \/>\n\u2022\tCommunication avec les personnes atteintes de d\u00e9mence : techniques verbales et non verbales<br \/>\n\u2022\tGestion des comportements difficiles : comprendre les causes, appliquer des strat\u00e9gies<br \/>\n\u2022\tImportance du travail biographique : r\u00e9pondre aux besoins individuels<br \/>\n\u2022\tApproches cr\u00e9atives et inclusives pour le quotidien<br \/>\n\u2022\tStructures de soutien et offres d\u2019accompagnement au Luxembourg<\/p>\n<p>Public cible :<br \/>\nToute personne n&#8217;ayant pas de formation dans les professions de la sant\u00e9 ou des soins<\/p>\n","protected":false},"excerpt":{"rendered":"<p>Rencontrer les personnes atteintes de d\u00e9mence avec empathie et comp\u00e9tence Ce cours s\u2019adresse \u00e0 toutes les personnes qui, dans leur quotidien professionnel, sont en contact avec des personnes atteintes de d\u00e9mence sans exercer une activit\u00e9 de soins. Il concerne notamment le personnel en charge de l\u2019accueil, de l\u2019administration, de l\u2019accompagnement, de la restauration et du [&hellip;]<\/p>\n","protected":false},"featured_media":0,"comment_status":"","ping_status":"closed","template":"","meta":{"_acf_changed":false,"inline_featured_image":false},"product_brand":[],"product_cat":[239],"product_tag":[235],"class_list":{"0":"post-10818","1":"product","2":"type-product","3":"status-publish","5":"product_cat-cours-pro","6":"product_tag-economie-domestique-pro","8":"first","9":"instock","10":"virtual","11":"purchasable","12":"product-type-simple"},"acf":[],"yoast_head":"<!-- This site is optimized with the Yoast SEO Premium plugin v26.5 (Yoast SEO v26.5) - https:\/\/yoast.com\/wordpress\/plugins\/seo\/ -->\n<title>Psychog\u00e9riatrie pour le personnel non-soignant - GERO<\/title>\n<meta name=\"robots\" content=\"index, follow, max-snippet:-1, max-image-preview:large, max-video-preview:-1\" \/>\n<link rel=\"canonical\" href=\"https:\/\/www.gero.lu\/de\/produit\/psychogeriatrie-pour-le-personnel-non-soignant\" \/>\n<meta property=\"og:locale\" content=\"de_DE\" \/>\n<meta property=\"og:type\" content=\"article\" \/>\n<meta property=\"og:title\" content=\"Psychog\u00e9riatrie pour le personnel non-soignant\" \/>\n<meta property=\"og:description\" content=\"Rencontrer les personnes atteintes de d\u00e9mence avec empathie et comp\u00e9tence Ce cours s\u2019adresse \u00e0 toutes les personnes qui, dans leur quotidien professionnel, sont en contact avec des personnes atteintes de d\u00e9mence sans exercer une activit\u00e9 de soins. Il concerne notamment le personnel en charge de l\u2019accueil, de l\u2019administration, de l\u2019accompagnement, de la restauration et du [&hellip;]\" \/>\n<meta property=\"og:url\" content=\"https:\/\/www.gero.lu\/de\/produit\/psychogeriatrie-pour-le-personnel-non-soignant\" \/>\n<meta property=\"og:site_name\" content=\"GERO\" \/>\n<meta property=\"article:publisher\" content=\"https:\/\/www.facebook.com\/Kompetenzzenter\/\" \/>\n<meta property=\"og:image\" content=\"https:\/\/www.gero.lu\/wp-content\/uploads\/2021\/08\/gettyimages-1135289130-2048x2048_RET-1.jpg\" \/>\n\t<meta property=\"og:image:width\" content=\"1227\" \/>\n\t<meta property=\"og:image:height\" content=\"802\" \/>\n\t<meta property=\"og:image:type\" content=\"image\/jpeg\" \/>\n<meta name=\"twitter:card\" content=\"summary_large_image\" \/>\n<meta name=\"twitter:label1\" content=\"Gesch\u00e4tzte Lesezeit\" \/>\n\t<meta name=\"twitter:data1\" content=\"1\u00a0Minute\" \/>\n<script type=\"application\/ld+json\" class=\"yoast-schema-graph\">{\"@context\":\"https:\/\/schema.org\",\"@graph\":[{\"@type\":\"WebPage\",\"@id\":\"https:\/\/www.gero.lu\/de\/produit\/psychogeriatrie-pour-le-personnel-non-soignant\",\"url\":\"https:\/\/www.gero.lu\/de\/produit\/psychogeriatrie-pour-le-personnel-non-soignant\",\"name\":\"Psychog\u00e9riatrie pour le personnel non-soignant - GERO\",\"isPartOf\":{\"@id\":\"https:\/\/www.gero.lu\/de\/#website\"},\"datePublished\":\"2026-02-17T11:21:21+00:00\",\"breadcrumb\":{\"@id\":\"https:\/\/www.gero.lu\/de\/produit\/psychogeriatrie-pour-le-personnel-non-soignant#breadcrumb\"},\"inLanguage\":\"de\",\"potentialAction\":[{\"@type\":\"ReadAction\",\"target\":[[\"https:\/\/www.gero.lu\/de\/produit\/psychogeriatrie-pour-le-personnel-non-soignant\"]]}]},{\"@type\":\"BreadcrumbList\",\"@id\":\"https:\/\/www.gero.lu\/de\/produit\/psychogeriatrie-pour-le-personnel-non-soignant#breadcrumb\",\"itemListElement\":[{\"@type\":\"ListItem\",\"position\":1,\"name\":\"Accueil\",\"item\":\"https:\/\/www.gero.lu\/de\/\"},{\"@type\":\"ListItem\",\"position\":2,\"name\":\"Shop\",\"item\":\"https:\/\/www.gero.lu\/de\/shop\"},{\"@type\":\"ListItem\",\"position\":3,\"name\":\"Psychog\u00e9riatrie pour le personnel non-soignant\"}]},{\"@type\":\"WebSite\",\"@id\":\"https:\/\/www.gero.lu\/de\/#website\",\"url\":\"https:\/\/www.gero.lu\/de\/\",\"name\":\"Gero\",\"description\":\"Kompetenzzenter fir den Alter\",\"publisher\":{\"@id\":\"https:\/\/www.gero.lu\/de\/#organization\"},\"potentialAction\":[{\"@type\":\"SearchAction\",\"target\":{\"@type\":\"EntryPoint\",\"urlTemplate\":\"https:\/\/www.gero.lu\/de\/?s={search_term_string}\"},\"query-input\":{\"@type\":\"PropertyValueSpecification\",\"valueRequired\":true,\"valueName\":\"search_term_string\"}}],\"inLanguage\":\"de\"},{\"@type\":\"Organization\",\"@id\":\"https:\/\/www.gero.lu\/de\/#organization\",\"name\":\"Gero\",\"url\":\"https:\/\/www.gero.lu\/de\/\",\"logo\":{\"@type\":\"ImageObject\",\"inLanguage\":\"de\",\"@id\":\"https:\/\/www.gero.lu\/de\/#\/schema\/logo\/image\/\",\"url\":\"https:\/\/www.gero.lu\/wp-content\/uploads\/2024\/04\/logo.svg\",\"contentUrl\":\"https:\/\/www.gero.lu\/wp-content\/uploads\/2024\/04\/logo.svg\",\"width\":76,\"height\":30,\"caption\":\"Gero\"},\"image\":{\"@id\":\"https:\/\/www.gero.lu\/de\/#\/schema\/logo\/image\/\"},\"sameAs\":[\"https:\/\/www.facebook.com\/Kompetenzzenter\/\",\"https:\/\/www.instagram.com\/gero.kompetenzzenter\/\",\"https:\/\/linkedin.com\/company\/gero-kompetenzzenter-fir-den-alter\",\"https:\/\/www.youtube.com\/channel\/UCJvmJYSeHh3dYQsLHZupj-Q\"]}]}<\/script>\n<!-- \/ Yoast SEO Premium plugin. -->","yoast_head_json":{"title":"Psychog\u00e9riatrie pour le personnel non-soignant - GERO","robots":{"index":"index","follow":"follow","max-snippet":"max-snippet:-1","max-image-preview":"max-image-preview:large","max-video-preview":"max-video-preview:-1"},"canonical":"https:\/\/www.gero.lu\/de\/produit\/psychogeriatrie-pour-le-personnel-non-soignant","og_locale":"de_DE","og_type":"article","og_title":"Psychog\u00e9riatrie pour le personnel non-soignant","og_description":"Rencontrer les personnes atteintes de d\u00e9mence avec empathie et comp\u00e9tence Ce cours s\u2019adresse \u00e0 toutes les personnes qui, dans leur quotidien professionnel, sont en contact avec des personnes atteintes de d\u00e9mence sans exercer une activit\u00e9 de soins. Il concerne notamment le personnel en charge de l\u2019accueil, de l\u2019administration, de l\u2019accompagnement, de la restauration et du [&hellip;]","og_url":"https:\/\/www.gero.lu\/de\/produit\/psychogeriatrie-pour-le-personnel-non-soignant","og_site_name":"GERO","article_publisher":"https:\/\/www.facebook.com\/Kompetenzzenter\/","og_image":[{"width":1227,"height":802,"url":"https:\/\/www.gero.lu\/wp-content\/uploads\/2021\/08\/gettyimages-1135289130-2048x2048_RET-1.jpg","type":"image\/jpeg"}],"twitter_card":"summary_large_image","twitter_misc":{"Gesch\u00e4tzte Lesezeit":"1\u00a0Minute"},"schema":{"@context":"https:\/\/schema.org","@graph":[{"@type":"WebPage","@id":"https:\/\/www.gero.lu\/de\/produit\/psychogeriatrie-pour-le-personnel-non-soignant","url":"https:\/\/www.gero.lu\/de\/produit\/psychogeriatrie-pour-le-personnel-non-soignant","name":"Psychog\u00e9riatrie pour le personnel non-soignant - GERO","isPartOf":{"@id":"https:\/\/www.gero.lu\/de\/#website"},"datePublished":"2026-02-17T11:21:21+00:00","breadcrumb":{"@id":"https:\/\/www.gero.lu\/de\/produit\/psychogeriatrie-pour-le-personnel-non-soignant#breadcrumb"},"inLanguage":"de","potentialAction":[{"@type":"ReadAction","target":[["https:\/\/www.gero.lu\/de\/produit\/psychogeriatrie-pour-le-personnel-non-soignant"]]}]},{"@type":"BreadcrumbList","@id":"https:\/\/www.gero.lu\/de\/produit\/psychogeriatrie-pour-le-personnel-non-soignant#breadcrumb","itemListElement":[{"@type":"ListItem","position":1,"name":"Accueil","item":"https:\/\/www.gero.lu\/de\/"},{"@type":"ListItem","position":2,"name":"Shop","item":"https:\/\/www.gero.lu\/de\/shop"},{"@type":"ListItem","position":3,"name":"Psychog\u00e9riatrie pour le personnel non-soignant"}]},{"@type":"WebSite","@id":"https:\/\/www.gero.lu\/de\/#website","url":"https:\/\/www.gero.lu\/de\/","name":"Gero","description":"Kompetenzzenter fir den Alter","publisher":{"@id":"https:\/\/www.gero.lu\/de\/#organization"},"potentialAction":[{"@type":"SearchAction","target":{"@type":"EntryPoint","urlTemplate":"https:\/\/www.gero.lu\/de\/?s={search_term_string}"},"query-input":{"@type":"PropertyValueSpecification","valueRequired":true,"valueName":"search_term_string"}}],"inLanguage":"de"},{"@type":"Organization","@id":"https:\/\/www.gero.lu\/de\/#organization","name":"Gero","url":"https:\/\/www.gero.lu\/de\/","logo":{"@type":"ImageObject","inLanguage":"de","@id":"https:\/\/www.gero.lu\/de\/#\/schema\/logo\/image\/","url":"https:\/\/www.gero.lu\/wp-content\/uploads\/2024\/04\/logo.svg","contentUrl":"https:\/\/www.gero.lu\/wp-content\/uploads\/2024\/04\/logo.svg","width":76,"height":30,"caption":"Gero"},"image":{"@id":"https:\/\/www.gero.lu\/de\/#\/schema\/logo\/image\/"},"sameAs":["https:\/\/www.facebook.com\/Kompetenzzenter\/","https:\/\/www.instagram.com\/gero.kompetenzzenter\/","https:\/\/linkedin.com\/company\/gero-kompetenzzenter-fir-den-alter","https:\/\/www.youtube.com\/channel\/UCJvmJYSeHh3dYQsLHZupj-Q"]}]}},"_links":{"self":[{"href":"https:\/\/www.gero.lu\/de\/wp-json\/wp\/v2\/product\/10818","targetHints":{"allow":["GET"]}}],"collection":[{"href":"https:\/\/www.gero.lu\/de\/wp-json\/wp\/v2\/product"}],"about":[{"href":"https:\/\/www.gero.lu\/de\/wp-json\/wp\/v2\/types\/product"}],"replies":[{"embeddable":true,"href":"https:\/\/www.gero.lu\/de\/wp-json\/wp\/v2\/comments?post=10818"}],"wp:attachment":[{"href":"https:\/\/www.gero.lu\/de\/wp-json\/wp\/v2\/media?parent=10818"}],"wp:term":[{"taxonomy":"product_brand","embeddable":true,"href":"https:\/\/www.gero.lu\/de\/wp-json\/wp\/v2\/product_brand?post=10818"},{"taxonomy":"product_cat","embeddable":true,"href":"https:\/\/www.gero.lu\/de\/wp-json\/wp\/v2\/product_cat?post=10818"},{"taxonomy":"product_tag","embeddable":true,"href":"https:\/\/www.gero.lu\/de\/wp-json\/wp\/v2\/product_tag?post=10818"}],"curies":[{"name":"wp","href":"https:\/\/api.w.org\/{rel}","templated":true}]}}