{"id":10817,"date":"2026-02-17T11:21:19","date_gmt":"2026-02-17T11:21:19","guid":{"rendered":"https:\/\/www.gero.lu\/produit\/mental-health-first-aid-mhfa"},"modified":"2026-02-25T09:21:26","modified_gmt":"2026-02-25T09:21:26","slug":"mental-health-first-aid-mhfa","status":"publish","type":"product","link":"https:\/\/www.gero.lu\/de\/produit\/mental-health-first-aid-mhfa","title":{"rendered":"Mental Health First Aid (MHFA)"},"content":{"rendered":"<p>Erste Hilfe f\u00fcr die Psyche<\/p>\n<p>Fast jede*r hat schon Situationen schwerer psychischer Belastung durchlebt oder kennt jemanden, der psychische Probleme hatte. Anders als bei k\u00f6rperlichen Verletzungen, bei denen wir nicht z\u00f6gern uns behandeln zu lassen, hadern wir bei seelischen Problemen meist, um Hilfe zu bitten. <\/p>\n<p>Vor dem Hintergrund der Entstigmatisierung psychischer St\u00f6rungen und der Selbstf\u00fcrsorge, bietet GERO den Ersthelferkurs f\u00fcr Mitarbeiter*innen sozialer Einrichtungen an. Denn auch am Arbeitsplatz kann erste Hilfe f\u00fcr die Seele erforderlich werden. <\/p>\n<p>Genau hier setzt der Kurs an: \u00dcber psychische Erkrankungen informieren und konkrete Schritte aufzeigen, um Menschen in Notsituationen zu helfen. Ganz wichtig: Ersthelfer erstellen keine Diagnosen und nehmen auch keine Behandlung vor. Vielmehr werden sie geschult, Probleme psychischer Gesundheit zu erkennen und richtig zu reagieren. <\/p>\n<p>Die Teilnehmenden lernen, Leitsymptome der h\u00e4ufigsten psychischen St\u00f6rungen zu erkennen und zu wissen, wie man darauf reagiert. Bei akuten Krisen helfen oft ganz einfache Leitfragen \u2013 und ganz wichtig: Ruhe bewahren. Genau diese Aspekte werden anhand von Rollenspielen und Fallbeispielen ge\u00fcbt. <\/p>\n<p>Was viele von uns untersch\u00e4tzen: Man kann unglaublich viel tun f\u00fcr jemanden, der in einer psychischen Krise steckt. In den praxisnahen Kursen werden einfache, aber wichtige Strategien vermittelt, um in Notsituationen handlungsf\u00e4hig zu sein.<\/p>\n<p>Auch Selbstf\u00fcrsorge spielt eine zentrale Rolle: Niemand muss sich allein verantwortlich f\u00fchlen f\u00fcr das Wohl eines psychisch kranken Menschen. Zur Ersten Hilfe geh\u00f6rt auch, Betroffene zu ermutigen, sich professionelle Hilfe zu suchen. Alle Teilnehmenden bekommen kursbegleitend das Erste-Hilfe Handbuch zum Nachlesen und Vertiefen der Inhalte. Nach Abschluss des Kurses erhalten sie das offizielle Zertifikat \u201eErsthelfer f\u00fcr psychische Gesundheit\u201c, ausgestellt vom Centre de Pr\u00e9vention der Ligue.<\/p>\n<p>Zielgruppe:<br \/>\nAlle, die interessiert sind<\/p>\n","protected":false},"excerpt":{"rendered":"<p>Erste Hilfe f\u00fcr die Psyche Fast jede*r hat schon Situationen schwerer psychischer Belastung durchlebt oder kennt jemanden, der psychische Probleme hatte. Anders als bei k\u00f6rperlichen Verletzungen, bei denen wir nicht z\u00f6gern uns behandeln zu lassen, hadern wir bei seelischen Problemen meist, um Hilfe zu bitten. Vor dem Hintergrund der Entstigmatisierung psychischer St\u00f6rungen und der Selbstf\u00fcrsorge, [&hellip;]<\/p>\n","protected":false},"featured_media":0,"comment_status":"closed","ping_status":"closed","template":"","meta":{"_acf_changed":false,"inline_featured_image":false},"product_brand":[],"product_cat":[239],"product_tag":[236],"class_list":{"0":"post-10817","1":"product","2":"type-product","3":"status-publish","5":"product_cat-cours-pro","6":"product_tag-sante-et-securite-au-travail-pro","8":"first","9":"instock","10":"virtual","11":"purchasable","12":"product-type-simple"},"acf":[],"yoast_head":"<!-- This site is optimized with the Yoast SEO Premium plugin v26.5 (Yoast SEO v26.5) - https:\/\/yoast.com\/wordpress\/plugins\/seo\/ -->\n<title>Mental Health First Aid (MHFA) - GERO<\/title>\n<meta name=\"robots\" content=\"index, follow, max-snippet:-1, max-image-preview:large, max-video-preview:-1\" \/>\n<link rel=\"canonical\" href=\"https:\/\/www.gero.lu\/de\/produit\/mental-health-first-aid-mhfa\" \/>\n<meta property=\"og:locale\" content=\"de_DE\" \/>\n<meta property=\"og:type\" content=\"article\" \/>\n<meta property=\"og:title\" content=\"Mental Health First Aid (MHFA)\" \/>\n<meta property=\"og:description\" content=\"Erste Hilfe f\u00fcr die Psyche Fast jede*r hat schon Situationen schwerer psychischer Belastung durchlebt oder kennt jemanden, der psychische Probleme hatte. Anders als bei k\u00f6rperlichen Verletzungen, bei denen wir nicht z\u00f6gern uns behandeln zu lassen, hadern wir bei seelischen Problemen meist, um Hilfe zu bitten. Vor dem Hintergrund der Entstigmatisierung psychischer St\u00f6rungen und der Selbstf\u00fcrsorge, [&hellip;]\" \/>\n<meta property=\"og:url\" content=\"https:\/\/www.gero.lu\/de\/produit\/mental-health-first-aid-mhfa\" \/>\n<meta property=\"og:site_name\" content=\"GERO\" \/>\n<meta property=\"article:publisher\" content=\"https:\/\/www.facebook.com\/Kompetenzzenter\/\" \/>\n<meta property=\"article:modified_time\" content=\"2026-02-25T09:21:26+00:00\" \/>\n<meta property=\"og:image\" content=\"https:\/\/www.gero.lu\/wp-content\/uploads\/2021\/08\/gettyimages-1135289130-2048x2048_RET-1.jpg\" \/>\n\t<meta property=\"og:image:width\" content=\"1227\" \/>\n\t<meta property=\"og:image:height\" content=\"802\" \/>\n\t<meta property=\"og:image:type\" content=\"image\/jpeg\" \/>\n<meta name=\"twitter:card\" content=\"summary_large_image\" \/>\n<meta name=\"twitter:label1\" content=\"Gesch\u00e4tzte Lesezeit\" \/>\n\t<meta name=\"twitter:data1\" content=\"1\u00a0Minute\" \/>\n<script type=\"application\/ld+json\" class=\"yoast-schema-graph\">{\"@context\":\"https:\/\/schema.org\",\"@graph\":[{\"@type\":\"WebPage\",\"@id\":\"https:\/\/www.gero.lu\/de\/produit\/mental-health-first-aid-mhfa\",\"url\":\"https:\/\/www.gero.lu\/de\/produit\/mental-health-first-aid-mhfa\",\"name\":\"Mental Health First Aid (MHFA) - GERO\",\"isPartOf\":{\"@id\":\"https:\/\/www.gero.lu\/de\/#website\"},\"datePublished\":\"2026-02-17T11:21:19+00:00\",\"dateModified\":\"2026-02-25T09:21:26+00:00\",\"breadcrumb\":{\"@id\":\"https:\/\/www.gero.lu\/de\/produit\/mental-health-first-aid-mhfa#breadcrumb\"},\"inLanguage\":\"de\",\"potentialAction\":[{\"@type\":\"ReadAction\",\"target\":[[\"https:\/\/www.gero.lu\/de\/produit\/mental-health-first-aid-mhfa\"]]}]},{\"@type\":\"BreadcrumbList\",\"@id\":\"https:\/\/www.gero.lu\/de\/produit\/mental-health-first-aid-mhfa#breadcrumb\",\"itemListElement\":[{\"@type\":\"ListItem\",\"position\":1,\"name\":\"Accueil\",\"item\":\"https:\/\/www.gero.lu\/de\/\"},{\"@type\":\"ListItem\",\"position\":2,\"name\":\"Shop\",\"item\":\"https:\/\/www.gero.lu\/de\/shop\"},{\"@type\":\"ListItem\",\"position\":3,\"name\":\"Mental Health First Aid (MHFA)\"}]},{\"@type\":\"WebSite\",\"@id\":\"https:\/\/www.gero.lu\/de\/#website\",\"url\":\"https:\/\/www.gero.lu\/de\/\",\"name\":\"Gero\",\"description\":\"Kompetenzzenter fir den Alter\",\"publisher\":{\"@id\":\"https:\/\/www.gero.lu\/de\/#organization\"},\"potentialAction\":[{\"@type\":\"SearchAction\",\"target\":{\"@type\":\"EntryPoint\",\"urlTemplate\":\"https:\/\/www.gero.lu\/de\/?s={search_term_string}\"},\"query-input\":{\"@type\":\"PropertyValueSpecification\",\"valueRequired\":true,\"valueName\":\"search_term_string\"}}],\"inLanguage\":\"de\"},{\"@type\":\"Organization\",\"@id\":\"https:\/\/www.gero.lu\/de\/#organization\",\"name\":\"Gero\",\"url\":\"https:\/\/www.gero.lu\/de\/\",\"logo\":{\"@type\":\"ImageObject\",\"inLanguage\":\"de\",\"@id\":\"https:\/\/www.gero.lu\/de\/#\/schema\/logo\/image\/\",\"url\":\"https:\/\/www.gero.lu\/wp-content\/uploads\/2024\/04\/logo.svg\",\"contentUrl\":\"https:\/\/www.gero.lu\/wp-content\/uploads\/2024\/04\/logo.svg\",\"width\":76,\"height\":30,\"caption\":\"Gero\"},\"image\":{\"@id\":\"https:\/\/www.gero.lu\/de\/#\/schema\/logo\/image\/\"},\"sameAs\":[\"https:\/\/www.facebook.com\/Kompetenzzenter\/\",\"https:\/\/www.instagram.com\/gero.kompetenzzenter\/\",\"https:\/\/linkedin.com\/company\/gero-kompetenzzenter-fir-den-alter\",\"https:\/\/www.youtube.com\/channel\/UCJvmJYSeHh3dYQsLHZupj-Q\"]}]}<\/script>\n<!-- \/ Yoast SEO Premium plugin. -->","yoast_head_json":{"title":"Mental Health First Aid (MHFA) - GERO","robots":{"index":"index","follow":"follow","max-snippet":"max-snippet:-1","max-image-preview":"max-image-preview:large","max-video-preview":"max-video-preview:-1"},"canonical":"https:\/\/www.gero.lu\/de\/produit\/mental-health-first-aid-mhfa","og_locale":"de_DE","og_type":"article","og_title":"Mental Health First Aid (MHFA)","og_description":"Erste Hilfe f\u00fcr die Psyche Fast jede*r hat schon Situationen schwerer psychischer Belastung durchlebt oder kennt jemanden, der psychische Probleme hatte. Anders als bei k\u00f6rperlichen Verletzungen, bei denen wir nicht z\u00f6gern uns behandeln zu lassen, hadern wir bei seelischen Problemen meist, um Hilfe zu bitten. Vor dem Hintergrund der Entstigmatisierung psychischer St\u00f6rungen und der Selbstf\u00fcrsorge, [&hellip;]","og_url":"https:\/\/www.gero.lu\/de\/produit\/mental-health-first-aid-mhfa","og_site_name":"GERO","article_publisher":"https:\/\/www.facebook.com\/Kompetenzzenter\/","article_modified_time":"2026-02-25T09:21:26+00:00","og_image":[{"width":1227,"height":802,"url":"https:\/\/www.gero.lu\/wp-content\/uploads\/2021\/08\/gettyimages-1135289130-2048x2048_RET-1.jpg","type":"image\/jpeg"}],"twitter_card":"summary_large_image","twitter_misc":{"Gesch\u00e4tzte Lesezeit":"1\u00a0Minute"},"schema":{"@context":"https:\/\/schema.org","@graph":[{"@type":"WebPage","@id":"https:\/\/www.gero.lu\/de\/produit\/mental-health-first-aid-mhfa","url":"https:\/\/www.gero.lu\/de\/produit\/mental-health-first-aid-mhfa","name":"Mental Health First Aid (MHFA) - GERO","isPartOf":{"@id":"https:\/\/www.gero.lu\/de\/#website"},"datePublished":"2026-02-17T11:21:19+00:00","dateModified":"2026-02-25T09:21:26+00:00","breadcrumb":{"@id":"https:\/\/www.gero.lu\/de\/produit\/mental-health-first-aid-mhfa#breadcrumb"},"inLanguage":"de","potentialAction":[{"@type":"ReadAction","target":[["https:\/\/www.gero.lu\/de\/produit\/mental-health-first-aid-mhfa"]]}]},{"@type":"BreadcrumbList","@id":"https:\/\/www.gero.lu\/de\/produit\/mental-health-first-aid-mhfa#breadcrumb","itemListElement":[{"@type":"ListItem","position":1,"name":"Accueil","item":"https:\/\/www.gero.lu\/de\/"},{"@type":"ListItem","position":2,"name":"Shop","item":"https:\/\/www.gero.lu\/de\/shop"},{"@type":"ListItem","position":3,"name":"Mental Health First Aid (MHFA)"}]},{"@type":"WebSite","@id":"https:\/\/www.gero.lu\/de\/#website","url":"https:\/\/www.gero.lu\/de\/","name":"Gero","description":"Kompetenzzenter fir den Alter","publisher":{"@id":"https:\/\/www.gero.lu\/de\/#organization"},"potentialAction":[{"@type":"SearchAction","target":{"@type":"EntryPoint","urlTemplate":"https:\/\/www.gero.lu\/de\/?s={search_term_string}"},"query-input":{"@type":"PropertyValueSpecification","valueRequired":true,"valueName":"search_term_string"}}],"inLanguage":"de"},{"@type":"Organization","@id":"https:\/\/www.gero.lu\/de\/#organization","name":"Gero","url":"https:\/\/www.gero.lu\/de\/","logo":{"@type":"ImageObject","inLanguage":"de","@id":"https:\/\/www.gero.lu\/de\/#\/schema\/logo\/image\/","url":"https:\/\/www.gero.lu\/wp-content\/uploads\/2024\/04\/logo.svg","contentUrl":"https:\/\/www.gero.lu\/wp-content\/uploads\/2024\/04\/logo.svg","width":76,"height":30,"caption":"Gero"},"image":{"@id":"https:\/\/www.gero.lu\/de\/#\/schema\/logo\/image\/"},"sameAs":["https:\/\/www.facebook.com\/Kompetenzzenter\/","https:\/\/www.instagram.com\/gero.kompetenzzenter\/","https:\/\/linkedin.com\/company\/gero-kompetenzzenter-fir-den-alter","https:\/\/www.youtube.com\/channel\/UCJvmJYSeHh3dYQsLHZupj-Q"]}]}},"_links":{"self":[{"href":"https:\/\/www.gero.lu\/de\/wp-json\/wp\/v2\/product\/10817","targetHints":{"allow":["GET"]}}],"collection":[{"href":"https:\/\/www.gero.lu\/de\/wp-json\/wp\/v2\/product"}],"about":[{"href":"https:\/\/www.gero.lu\/de\/wp-json\/wp\/v2\/types\/product"}],"replies":[{"embeddable":true,"href":"https:\/\/www.gero.lu\/de\/wp-json\/wp\/v2\/comments?post=10817"}],"wp:attachment":[{"href":"https:\/\/www.gero.lu\/de\/wp-json\/wp\/v2\/media?parent=10817"}],"wp:term":[{"taxonomy":"product_brand","embeddable":true,"href":"https:\/\/www.gero.lu\/de\/wp-json\/wp\/v2\/product_brand?post=10817"},{"taxonomy":"product_cat","embeddable":true,"href":"https:\/\/www.gero.lu\/de\/wp-json\/wp\/v2\/product_cat?post=10817"},{"taxonomy":"product_tag","embeddable":true,"href":"https:\/\/www.gero.lu\/de\/wp-json\/wp\/v2\/product_tag?post=10817"}],"curies":[{"name":"wp","href":"https:\/\/api.w.org\/{rel}","templated":true}]}}