{"id":10799,"date":"2026-02-11T15:21:24","date_gmt":"2026-02-11T15:21:24","guid":{"rendered":"https:\/\/www.gero.lu\/produit\/senior-drivers-day-2026"},"modified":"2026-03-13T16:21:26","modified_gmt":"2026-03-13T16:21:26","slug":"senior-drivers-day-2026","status":"publish","type":"product","link":"https:\/\/www.gero.lu\/de\/produit\/senior-drivers-day-2026","title":{"rendered":"Senior Drivers Day 2026"},"content":{"rendered":"<p>Verbessern Sie Ihre Sicherheit im Stra\u00dfenverkehr durch praktische Fahr\u00fcbungen f\u00fcr Senior*innen im \u201eCentre de Formation pour Conducteurs\u201c. <\/p>\n<p>Zum Abschluss erhalten Sie, voraussichtlich in Anwesenheit von Familienminister Max Hahn sowie Yuriko Backes, Ministerin f\u00fcr Mobilit\u00e4t und \u00f6ffentliche Arbeiten, ein offizielles Zertifikat.<\/p>\n<p>Bitte beachten Sie, dass Sie mit Ihrem eigenen Fahrzeug teilnehmen m\u00fcssen und nur jeweils eine Person pro PKW vorgesehen ist. <\/p>\n<p>Bei der Anmeldung bitte eine Kopie der g\u00fcltigen Versicherung und des F\u00fchrerscheins beif\u00fcgen. <\/p>\n<p>Am\u00e9liorez votre s\u00e9curit\u00e9 routi\u00e8re par des exercices pratiques, destin\u00e9s \u00e0 des seniors au Centre de Formation pour Conducteurs. <\/p>\n<p>A la fin de la journ\u00e9e, un certificat officiel vous sera remis, pr\u00e9vu en pr\u00e9sence du ministre de la Famille Max Hahn ainsi que de Yuriko Backes, ministre de la Mobilit\u00e9 et des Travaux publics.<\/p>\n<p>Veuillez noter que vous devez participer avec votre propre v\u00e9hicule et qu&#8217;une seule personne par voiture est pr\u00e9vue. Lors de l&#8217;inscription, veuillez joindre une copie de votre assurance et de votre permis de conduire.<\/p>\n","protected":false},"excerpt":{"rendered":"<p>Verbessern Sie Ihre Sicherheit im Stra\u00dfenverkehr durch praktische Fahr\u00fcbungen f\u00fcr Senior*innen im \u201eCentre de Formation pour Conducteurs\u201c. Zum Abschluss erhalten Sie, voraussichtlich in Anwesenheit von Familienminister Max Hahn sowie Yuriko Backes, Ministerin f\u00fcr Mobilit\u00e4t und \u00f6ffentliche Arbeiten, ein offizielles Zertifikat. Bitte beachten Sie, dass Sie mit Ihrem eigenen Fahrzeug teilnehmen m\u00fcssen und nur jeweils eine [&hellip;]<\/p>\n","protected":false},"featured_media":0,"comment_status":"closed","ping_status":"closed","template":"","meta":{"_acf_changed":false,"inline_featured_image":false},"product_brand":[],"product_cat":[229],"product_tag":[203],"class_list":{"0":"post-10799","1":"product","2":"type-product","3":"status-publish","5":"product_cat-workshop","6":"product_tag-connaissance-de-vie-senior","8":"first","9":"instock","10":"virtual","11":"purchasable","12":"product-type-simple"},"acf":[],"yoast_head":"<!-- This site is optimized with the Yoast SEO Premium plugin v26.5 (Yoast SEO v26.5) - https:\/\/yoast.com\/wordpress\/plugins\/seo\/ -->\n<title>Senior Drivers Day 2026 - GERO<\/title>\n<meta name=\"robots\" content=\"index, follow, max-snippet:-1, max-image-preview:large, max-video-preview:-1\" \/>\n<link rel=\"canonical\" href=\"https:\/\/www.gero.lu\/de\/produit\/senior-drivers-day-2026\" \/>\n<meta property=\"og:locale\" content=\"de_DE\" \/>\n<meta property=\"og:type\" content=\"article\" \/>\n<meta property=\"og:title\" content=\"Senior Drivers Day 2026\" \/>\n<meta property=\"og:description\" content=\"Verbessern Sie Ihre Sicherheit im Stra\u00dfenverkehr durch praktische Fahr\u00fcbungen f\u00fcr Senior*innen im \u201eCentre de Formation pour Conducteurs\u201c. Zum Abschluss erhalten Sie, voraussichtlich in Anwesenheit von Familienminister Max Hahn sowie Yuriko Backes, Ministerin f\u00fcr Mobilit\u00e4t und \u00f6ffentliche Arbeiten, ein offizielles Zertifikat. Bitte beachten Sie, dass Sie mit Ihrem eigenen Fahrzeug teilnehmen m\u00fcssen und nur jeweils eine [&hellip;]\" \/>\n<meta property=\"og:url\" content=\"https:\/\/www.gero.lu\/de\/produit\/senior-drivers-day-2026\" \/>\n<meta property=\"og:site_name\" content=\"GERO\" \/>\n<meta property=\"article:publisher\" content=\"https:\/\/www.facebook.com\/Kompetenzzenter\/\" \/>\n<meta property=\"article:modified_time\" content=\"2026-03-13T16:21:26+00:00\" \/>\n<meta property=\"og:image\" content=\"https:\/\/www.gero.lu\/wp-content\/uploads\/2021\/08\/gettyimages-1135289130-2048x2048_RET-1.jpg\" \/>\n\t<meta property=\"og:image:width\" content=\"1227\" \/>\n\t<meta property=\"og:image:height\" content=\"802\" \/>\n\t<meta property=\"og:image:type\" content=\"image\/jpeg\" \/>\n<meta name=\"twitter:card\" content=\"summary_large_image\" \/>\n<meta name=\"twitter:label1\" content=\"Gesch\u00e4tzte Lesezeit\" \/>\n\t<meta name=\"twitter:data1\" content=\"1\u00a0Minute\" \/>\n<script type=\"application\/ld+json\" class=\"yoast-schema-graph\">{\"@context\":\"https:\/\/schema.org\",\"@graph\":[{\"@type\":\"WebPage\",\"@id\":\"https:\/\/www.gero.lu\/de\/produit\/senior-drivers-day-2026\",\"url\":\"https:\/\/www.gero.lu\/de\/produit\/senior-drivers-day-2026\",\"name\":\"Senior Drivers Day 2026 - GERO\",\"isPartOf\":{\"@id\":\"https:\/\/www.gero.lu\/de\/#website\"},\"datePublished\":\"2026-02-11T15:21:24+00:00\",\"dateModified\":\"2026-03-13T16:21:26+00:00\",\"breadcrumb\":{\"@id\":\"https:\/\/www.gero.lu\/de\/produit\/senior-drivers-day-2026#breadcrumb\"},\"inLanguage\":\"de\",\"potentialAction\":[{\"@type\":\"ReadAction\",\"target\":[[\"https:\/\/www.gero.lu\/de\/produit\/senior-drivers-day-2026\"]]}]},{\"@type\":\"BreadcrumbList\",\"@id\":\"https:\/\/www.gero.lu\/de\/produit\/senior-drivers-day-2026#breadcrumb\",\"itemListElement\":[{\"@type\":\"ListItem\",\"position\":1,\"name\":\"Accueil\",\"item\":\"https:\/\/www.gero.lu\/de\/\"},{\"@type\":\"ListItem\",\"position\":2,\"name\":\"Shop\",\"item\":\"https:\/\/www.gero.lu\/de\/shop\"},{\"@type\":\"ListItem\",\"position\":3,\"name\":\"Senior Drivers Day 2026\"}]},{\"@type\":\"WebSite\",\"@id\":\"https:\/\/www.gero.lu\/de\/#website\",\"url\":\"https:\/\/www.gero.lu\/de\/\",\"name\":\"Gero\",\"description\":\"Kompetenzzenter fir den Alter\",\"publisher\":{\"@id\":\"https:\/\/www.gero.lu\/de\/#organization\"},\"potentialAction\":[{\"@type\":\"SearchAction\",\"target\":{\"@type\":\"EntryPoint\",\"urlTemplate\":\"https:\/\/www.gero.lu\/de\/?s={search_term_string}\"},\"query-input\":{\"@type\":\"PropertyValueSpecification\",\"valueRequired\":true,\"valueName\":\"search_term_string\"}}],\"inLanguage\":\"de\"},{\"@type\":\"Organization\",\"@id\":\"https:\/\/www.gero.lu\/de\/#organization\",\"name\":\"Gero\",\"url\":\"https:\/\/www.gero.lu\/de\/\",\"logo\":{\"@type\":\"ImageObject\",\"inLanguage\":\"de\",\"@id\":\"https:\/\/www.gero.lu\/de\/#\/schema\/logo\/image\/\",\"url\":\"https:\/\/www.gero.lu\/wp-content\/uploads\/2024\/04\/logo.svg\",\"contentUrl\":\"https:\/\/www.gero.lu\/wp-content\/uploads\/2024\/04\/logo.svg\",\"width\":76,\"height\":30,\"caption\":\"Gero\"},\"image\":{\"@id\":\"https:\/\/www.gero.lu\/de\/#\/schema\/logo\/image\/\"},\"sameAs\":[\"https:\/\/www.facebook.com\/Kompetenzzenter\/\",\"https:\/\/www.instagram.com\/gero.kompetenzzenter\/\",\"https:\/\/linkedin.com\/company\/gero-kompetenzzenter-fir-den-alter\",\"https:\/\/www.youtube.com\/channel\/UCJvmJYSeHh3dYQsLHZupj-Q\"]}]}<\/script>\n<!-- \/ Yoast SEO Premium plugin. -->","yoast_head_json":{"title":"Senior Drivers Day 2026 - GERO","robots":{"index":"index","follow":"follow","max-snippet":"max-snippet:-1","max-image-preview":"max-image-preview:large","max-video-preview":"max-video-preview:-1"},"canonical":"https:\/\/www.gero.lu\/de\/produit\/senior-drivers-day-2026","og_locale":"de_DE","og_type":"article","og_title":"Senior Drivers Day 2026","og_description":"Verbessern Sie Ihre Sicherheit im Stra\u00dfenverkehr durch praktische Fahr\u00fcbungen f\u00fcr Senior*innen im \u201eCentre de Formation pour Conducteurs\u201c. Zum Abschluss erhalten Sie, voraussichtlich in Anwesenheit von Familienminister Max Hahn sowie Yuriko Backes, Ministerin f\u00fcr Mobilit\u00e4t und \u00f6ffentliche Arbeiten, ein offizielles Zertifikat. Bitte beachten Sie, dass Sie mit Ihrem eigenen Fahrzeug teilnehmen m\u00fcssen und nur jeweils eine [&hellip;]","og_url":"https:\/\/www.gero.lu\/de\/produit\/senior-drivers-day-2026","og_site_name":"GERO","article_publisher":"https:\/\/www.facebook.com\/Kompetenzzenter\/","article_modified_time":"2026-03-13T16:21:26+00:00","og_image":[{"width":1227,"height":802,"url":"https:\/\/www.gero.lu\/wp-content\/uploads\/2021\/08\/gettyimages-1135289130-2048x2048_RET-1.jpg","type":"image\/jpeg"}],"twitter_card":"summary_large_image","twitter_misc":{"Gesch\u00e4tzte Lesezeit":"1\u00a0Minute"},"schema":{"@context":"https:\/\/schema.org","@graph":[{"@type":"WebPage","@id":"https:\/\/www.gero.lu\/de\/produit\/senior-drivers-day-2026","url":"https:\/\/www.gero.lu\/de\/produit\/senior-drivers-day-2026","name":"Senior Drivers Day 2026 - GERO","isPartOf":{"@id":"https:\/\/www.gero.lu\/de\/#website"},"datePublished":"2026-02-11T15:21:24+00:00","dateModified":"2026-03-13T16:21:26+00:00","breadcrumb":{"@id":"https:\/\/www.gero.lu\/de\/produit\/senior-drivers-day-2026#breadcrumb"},"inLanguage":"de","potentialAction":[{"@type":"ReadAction","target":[["https:\/\/www.gero.lu\/de\/produit\/senior-drivers-day-2026"]]}]},{"@type":"BreadcrumbList","@id":"https:\/\/www.gero.lu\/de\/produit\/senior-drivers-day-2026#breadcrumb","itemListElement":[{"@type":"ListItem","position":1,"name":"Accueil","item":"https:\/\/www.gero.lu\/de\/"},{"@type":"ListItem","position":2,"name":"Shop","item":"https:\/\/www.gero.lu\/de\/shop"},{"@type":"ListItem","position":3,"name":"Senior Drivers Day 2026"}]},{"@type":"WebSite","@id":"https:\/\/www.gero.lu\/de\/#website","url":"https:\/\/www.gero.lu\/de\/","name":"Gero","description":"Kompetenzzenter fir den Alter","publisher":{"@id":"https:\/\/www.gero.lu\/de\/#organization"},"potentialAction":[{"@type":"SearchAction","target":{"@type":"EntryPoint","urlTemplate":"https:\/\/www.gero.lu\/de\/?s={search_term_string}"},"query-input":{"@type":"PropertyValueSpecification","valueRequired":true,"valueName":"search_term_string"}}],"inLanguage":"de"},{"@type":"Organization","@id":"https:\/\/www.gero.lu\/de\/#organization","name":"Gero","url":"https:\/\/www.gero.lu\/de\/","logo":{"@type":"ImageObject","inLanguage":"de","@id":"https:\/\/www.gero.lu\/de\/#\/schema\/logo\/image\/","url":"https:\/\/www.gero.lu\/wp-content\/uploads\/2024\/04\/logo.svg","contentUrl":"https:\/\/www.gero.lu\/wp-content\/uploads\/2024\/04\/logo.svg","width":76,"height":30,"caption":"Gero"},"image":{"@id":"https:\/\/www.gero.lu\/de\/#\/schema\/logo\/image\/"},"sameAs":["https:\/\/www.facebook.com\/Kompetenzzenter\/","https:\/\/www.instagram.com\/gero.kompetenzzenter\/","https:\/\/linkedin.com\/company\/gero-kompetenzzenter-fir-den-alter","https:\/\/www.youtube.com\/channel\/UCJvmJYSeHh3dYQsLHZupj-Q"]}]}},"_links":{"self":[{"href":"https:\/\/www.gero.lu\/de\/wp-json\/wp\/v2\/product\/10799","targetHints":{"allow":["GET"]}}],"collection":[{"href":"https:\/\/www.gero.lu\/de\/wp-json\/wp\/v2\/product"}],"about":[{"href":"https:\/\/www.gero.lu\/de\/wp-json\/wp\/v2\/types\/product"}],"replies":[{"embeddable":true,"href":"https:\/\/www.gero.lu\/de\/wp-json\/wp\/v2\/comments?post=10799"}],"wp:attachment":[{"href":"https:\/\/www.gero.lu\/de\/wp-json\/wp\/v2\/media?parent=10799"}],"wp:term":[{"taxonomy":"product_brand","embeddable":true,"href":"https:\/\/www.gero.lu\/de\/wp-json\/wp\/v2\/product_brand?post=10799"},{"taxonomy":"product_cat","embeddable":true,"href":"https:\/\/www.gero.lu\/de\/wp-json\/wp\/v2\/product_cat?post=10799"},{"taxonomy":"product_tag","embeddable":true,"href":"https:\/\/www.gero.lu\/de\/wp-json\/wp\/v2\/product_tag?post=10799"}],"curies":[{"name":"wp","href":"https:\/\/api.w.org\/{rel}","templated":true}]}}