{"id":10675,"date":"2026-01-14T10:24:53","date_gmt":"2026-01-14T10:24:53","guid":{"rendered":"https:\/\/www.gero.lu\/?post_type=product&#038;p=10675"},"modified":"2026-01-14T10:26:08","modified_gmt":"2026-01-14T10:26:08","slug":"anormal-la-sante-mentale-tous-concernes","status":"publish","type":"product","link":"https:\/\/www.gero.lu\/de\/produit\/anormal-la-sante-mentale-tous-concernes","title":{"rendered":"A|Normal &#8211; Mentale Gesundheit geht uns alle an ! &#8211; Zum Herunterladen"},"content":{"rendered":"","protected":false},"excerpt":{"rendered":"<p><span data-teams=\"true\">Was bedeutet eigentlich NORMAL? Diese Frage stand im Mittelpunkt des zweit\u00e4gigen Kongresses, der anl\u00e4sslich des 60. Jubil\u00e4ums der D\u2019Ligue in den R\u00e4umlichkeiten der Universit\u00e4t Luxemburg stattfand. Es war ein Kongress der besonderen Art. Ein Kongress, der zum Mitdenken, Nachdenken und Umdenken anregte. Ein Kongress, der die Normalit\u00e4t \u2013 oder das, was man gelegentlich daf\u00fcr h\u00e4lt \u2013 in ein anderes Licht r\u00fcckte und den Trialog zwischen Experten aus Erfahrung, Angeh\u00f6rigen und Professionellen aus dem Gesundheitsbereich anregte. Diese Publikation enth\u00e4lt ausgew\u00e4hlte, vertiefende Kongressbeitr\u00e4ge.\u00a0<\/span><\/p>\n","protected":false},"featured_media":10677,"comment_status":"closed","ping_status":"closed","template":"","meta":{"_acf_changed":false,"inline_featured_image":false},"product_brand":[],"product_cat":[306,53],"product_tag":[],"class_list":{"0":"post-10675","1":"product","2":"type-product","3":"status-publish","4":"has-post-thumbnail","6":"product_cat-journal","7":"product_cat-produits","9":"first","10":"instock","11":"downloadable","12":"virtual","13":"purchasable","14":"product-type-simple"},"acf":[],"yoast_head":"<!-- This site is optimized with the Yoast SEO Premium plugin v27.4 (Yoast SEO v27.4) - https:\/\/yoast.com\/product\/yoast-seo-premium-wordpress\/ -->\n<title>A|Normal - Mentale Gesundheit geht uns alle an ! - Zum Herunterladen - GERO<\/title>\n<meta name=\"robots\" content=\"index, follow, max-snippet:-1, max-image-preview:large, max-video-preview:-1\" \/>\n<link rel=\"canonical\" href=\"https:\/\/www.gero.lu\/de\/produit\/anormal-la-sante-mentale-tous-concernes\" \/>\n<meta property=\"og:locale\" content=\"de_DE\" \/>\n<meta property=\"og:type\" content=\"article\" \/>\n<meta property=\"og:title\" content=\"A|Normal - Mentale Gesundheit geht uns alle an ! - Zum Herunterladen\" \/>\n<meta property=\"og:description\" content=\"Was bedeutet eigentlich NORMAL? Diese Frage stand im Mittelpunkt des zweit\u00e4gigen Kongresses, der anl\u00e4sslich des 60. Jubil\u00e4ums der D\u2019Ligue in den R\u00e4umlichkeiten der Universit\u00e4t Luxemburg stattfand. Es war ein Kongress der besonderen Art. Ein Kongress, der zum Mitdenken, Nachdenken und Umdenken anregte. Ein Kongress, der die Normalit\u00e4t \u2013 oder das, was man gelegentlich daf\u00fcr h\u00e4lt \u2013 in ein anderes Licht r\u00fcckte und den Trialog zwischen Experten aus Erfahrung, Angeh\u00f6rigen und Professionellen aus dem Gesundheitsbereich anregte. Diese Publikation enth\u00e4lt ausgew\u00e4hlte, vertiefende Kongressbeitr\u00e4ge.\u00a0\" \/>\n<meta property=\"og:url\" content=\"https:\/\/www.gero.lu\/de\/produit\/anormal-la-sante-mentale-tous-concernes\" \/>\n<meta property=\"og:site_name\" content=\"GERO\" \/>\n<meta property=\"article:publisher\" content=\"https:\/\/www.facebook.com\/Kompetenzzenter\/\" \/>\n<meta property=\"article:modified_time\" content=\"2026-01-14T10:26:08+00:00\" \/>\n<meta property=\"og:image\" content=\"https:\/\/www.gero.lu\/wp-content\/uploads\/2026\/01\/Cover-ANormal.jpg\" \/>\n\t<meta property=\"og:image:width\" content=\"960\" \/>\n\t<meta property=\"og:image:height\" content=\"1213\" \/>\n\t<meta property=\"og:image:type\" content=\"image\/jpeg\" \/>\n<meta name=\"twitter:card\" content=\"summary_large_image\" \/>\n<meta name=\"twitter:label1\" content=\"Gesch\u00e4tzte Lesezeit\" \/>\n\t<meta name=\"twitter:data1\" content=\"1\u00a0Minute\" \/>\n<script type=\"application\/ld+json\" class=\"yoast-schema-graph\">{\"@context\":\"https:\\\/\\\/schema.org\",\"@graph\":[{\"@type\":\"WebPage\",\"@id\":\"https:\\\/\\\/www.gero.lu\\\/de\\\/produit\\\/anormal-la-sante-mentale-tous-concernes\",\"url\":\"https:\\\/\\\/www.gero.lu\\\/de\\\/produit\\\/anormal-la-sante-mentale-tous-concernes\",\"name\":\"A|Normal - Mentale Gesundheit geht uns alle an ! - Zum Herunterladen - GERO\",\"isPartOf\":{\"@id\":\"https:\\\/\\\/www.gero.lu\\\/de\\\/#website\"},\"primaryImageOfPage\":{\"@id\":\"https:\\\/\\\/www.gero.lu\\\/de\\\/produit\\\/anormal-la-sante-mentale-tous-concernes#primaryimage\"},\"image\":{\"@id\":\"https:\\\/\\\/www.gero.lu\\\/produit\\\/anormal-la-sante-mentale-tous-concernes#primaryimage\"},\"thumbnailUrl\":\"https:\\\/\\\/www.gero.lu\\\/wp-content\\\/uploads\\\/2026\\\/01\\\/Cover-ANormal.jpg\",\"datePublished\":\"2026-01-14T10:24:53+00:00\",\"dateModified\":\"2026-01-14T10:26:08+00:00\",\"breadcrumb\":{\"@id\":\"https:\\\/\\\/www.gero.lu\\\/de\\\/produit\\\/anormal-la-sante-mentale-tous-concernes#breadcrumb\"},\"inLanguage\":\"de\",\"potentialAction\":[{\"@type\":\"ReadAction\",\"target\":[[\"https:\\\/\\\/www.gero.lu\\\/de\\\/produit\\\/anormal-la-sante-mentale-tous-concernes\"]]}]},{\"@type\":\"ImageObject\",\"inLanguage\":\"de\",\"@id\":\"https:\\\/\\\/www.gero.lu\\\/de\\\/produit\\\/anormal-la-sante-mentale-tous-concernes#primaryimage\",\"url\":\"https:\\\/\\\/www.gero.lu\\\/wp-content\\\/uploads\\\/2026\\\/01\\\/Cover-ANormal.jpg\",\"contentUrl\":\"https:\\\/\\\/www.gero.lu\\\/wp-content\\\/uploads\\\/2026\\\/01\\\/Cover-ANormal.jpg\",\"width\":960,\"height\":1213},{\"@type\":\"BreadcrumbList\",\"@id\":\"https:\\\/\\\/www.gero.lu\\\/de\\\/produit\\\/anormal-la-sante-mentale-tous-concernes#breadcrumb\",\"itemListElement\":[{\"@type\":\"ListItem\",\"position\":1,\"name\":\"Accueil\",\"item\":\"https:\\\/\\\/www.gero.lu\\\/de\\\/\"},{\"@type\":\"ListItem\",\"position\":2,\"name\":\"Shop\",\"item\":\"https:\\\/\\\/www.gero.lu\\\/de\\\/shop\"},{\"@type\":\"ListItem\",\"position\":3,\"name\":\"A|Normal &#8211; La sant\u00e9 mentale, tous concern\u00e9s! &#8211; \u00e0 t\u00e9l\u00e9charger\"}]},{\"@type\":\"WebSite\",\"@id\":\"https:\\\/\\\/www.gero.lu\\\/de\\\/#website\",\"url\":\"https:\\\/\\\/www.gero.lu\\\/de\\\/\",\"name\":\"Gero\",\"description\":\"Kompetenzzenter fir den Alter\",\"publisher\":{\"@id\":\"https:\\\/\\\/www.gero.lu\\\/de\\\/#organization\"},\"potentialAction\":[{\"@type\":\"SearchAction\",\"target\":{\"@type\":\"EntryPoint\",\"urlTemplate\":\"https:\\\/\\\/www.gero.lu\\\/de\\\/?s={search_term_string}\"},\"query-input\":{\"@type\":\"PropertyValueSpecification\",\"valueRequired\":true,\"valueName\":\"search_term_string\"}}],\"inLanguage\":\"de\"},{\"@type\":\"Organization\",\"@id\":\"https:\\\/\\\/www.gero.lu\\\/de\\\/#organization\",\"name\":\"Gero\",\"url\":\"https:\\\/\\\/www.gero.lu\\\/de\\\/\",\"logo\":{\"@type\":\"ImageObject\",\"inLanguage\":\"de\",\"@id\":\"https:\\\/\\\/www.gero.lu\\\/de\\\/#\\\/schema\\\/logo\\\/image\\\/\",\"url\":\"https:\\\/\\\/www.gero.lu\\\/wp-content\\\/uploads\\\/2024\\\/04\\\/logo.svg\",\"contentUrl\":\"https:\\\/\\\/www.gero.lu\\\/wp-content\\\/uploads\\\/2024\\\/04\\\/logo.svg\",\"width\":76,\"height\":30,\"caption\":\"Gero\"},\"image\":{\"@id\":\"https:\\\/\\\/www.gero.lu\\\/de\\\/#\\\/schema\\\/logo\\\/image\\\/\"},\"sameAs\":[\"https:\\\/\\\/www.facebook.com\\\/Kompetenzzenter\\\/\",\"https:\\\/\\\/www.instagram.com\\\/gero.kompetenzzenter\\\/\",\"https:\\\/\\\/linkedin.com\\\/company\\\/gero-kompetenzzenter-fir-den-alter\",\"https:\\\/\\\/www.youtube.com\\\/channel\\\/UCJvmJYSeHh3dYQsLHZupj-Q\"]}]}<\/script>\n<!-- \/ Yoast SEO Premium plugin. -->","yoast_head_json":{"title":"A|Normal - Mentale Gesundheit geht uns alle an ! - Zum Herunterladen - GERO","robots":{"index":"index","follow":"follow","max-snippet":"max-snippet:-1","max-image-preview":"max-image-preview:large","max-video-preview":"max-video-preview:-1"},"canonical":"https:\/\/www.gero.lu\/de\/produit\/anormal-la-sante-mentale-tous-concernes","og_locale":"de_DE","og_type":"article","og_title":"A|Normal - Mentale Gesundheit geht uns alle an ! - Zum Herunterladen","og_description":"Was bedeutet eigentlich NORMAL? Diese Frage stand im Mittelpunkt des zweit\u00e4gigen Kongresses, der anl\u00e4sslich des 60. Jubil\u00e4ums der D\u2019Ligue in den R\u00e4umlichkeiten der Universit\u00e4t Luxemburg stattfand. Es war ein Kongress der besonderen Art. Ein Kongress, der zum Mitdenken, Nachdenken und Umdenken anregte. Ein Kongress, der die Normalit\u00e4t \u2013 oder das, was man gelegentlich daf\u00fcr h\u00e4lt \u2013 in ein anderes Licht r\u00fcckte und den Trialog zwischen Experten aus Erfahrung, Angeh\u00f6rigen und Professionellen aus dem Gesundheitsbereich anregte. Diese Publikation enth\u00e4lt ausgew\u00e4hlte, vertiefende Kongressbeitr\u00e4ge.\u00a0","og_url":"https:\/\/www.gero.lu\/de\/produit\/anormal-la-sante-mentale-tous-concernes","og_site_name":"GERO","article_publisher":"https:\/\/www.facebook.com\/Kompetenzzenter\/","article_modified_time":"2026-01-14T10:26:08+00:00","og_image":[{"width":960,"height":1213,"url":"https:\/\/www.gero.lu\/wp-content\/uploads\/2026\/01\/Cover-ANormal.jpg","type":"image\/jpeg"}],"twitter_card":"summary_large_image","twitter_misc":{"Gesch\u00e4tzte Lesezeit":"1\u00a0Minute"},"schema":{"@context":"https:\/\/schema.org","@graph":[{"@type":"WebPage","@id":"https:\/\/www.gero.lu\/de\/produit\/anormal-la-sante-mentale-tous-concernes","url":"https:\/\/www.gero.lu\/de\/produit\/anormal-la-sante-mentale-tous-concernes","name":"A|Normal - Mentale Gesundheit geht uns alle an ! - Zum Herunterladen - GERO","isPartOf":{"@id":"https:\/\/www.gero.lu\/de\/#website"},"primaryImageOfPage":{"@id":"https:\/\/www.gero.lu\/de\/produit\/anormal-la-sante-mentale-tous-concernes#primaryimage"},"image":{"@id":"https:\/\/www.gero.lu\/produit\/anormal-la-sante-mentale-tous-concernes#primaryimage"},"thumbnailUrl":"https:\/\/www.gero.lu\/wp-content\/uploads\/2026\/01\/Cover-ANormal.jpg","datePublished":"2026-01-14T10:24:53+00:00","dateModified":"2026-01-14T10:26:08+00:00","breadcrumb":{"@id":"https:\/\/www.gero.lu\/de\/produit\/anormal-la-sante-mentale-tous-concernes#breadcrumb"},"inLanguage":"de","potentialAction":[{"@type":"ReadAction","target":[["https:\/\/www.gero.lu\/de\/produit\/anormal-la-sante-mentale-tous-concernes"]]}]},{"@type":"ImageObject","inLanguage":"de","@id":"https:\/\/www.gero.lu\/de\/produit\/anormal-la-sante-mentale-tous-concernes#primaryimage","url":"https:\/\/www.gero.lu\/wp-content\/uploads\/2026\/01\/Cover-ANormal.jpg","contentUrl":"https:\/\/www.gero.lu\/wp-content\/uploads\/2026\/01\/Cover-ANormal.jpg","width":960,"height":1213},{"@type":"BreadcrumbList","@id":"https:\/\/www.gero.lu\/de\/produit\/anormal-la-sante-mentale-tous-concernes#breadcrumb","itemListElement":[{"@type":"ListItem","position":1,"name":"Accueil","item":"https:\/\/www.gero.lu\/de\/"},{"@type":"ListItem","position":2,"name":"Shop","item":"https:\/\/www.gero.lu\/de\/shop"},{"@type":"ListItem","position":3,"name":"A|Normal &#8211; La sant\u00e9 mentale, tous concern\u00e9s! &#8211; \u00e0 t\u00e9l\u00e9charger"}]},{"@type":"WebSite","@id":"https:\/\/www.gero.lu\/de\/#website","url":"https:\/\/www.gero.lu\/de\/","name":"Gero","description":"Kompetenzzenter fir den Alter","publisher":{"@id":"https:\/\/www.gero.lu\/de\/#organization"},"potentialAction":[{"@type":"SearchAction","target":{"@type":"EntryPoint","urlTemplate":"https:\/\/www.gero.lu\/de\/?s={search_term_string}"},"query-input":{"@type":"PropertyValueSpecification","valueRequired":true,"valueName":"search_term_string"}}],"inLanguage":"de"},{"@type":"Organization","@id":"https:\/\/www.gero.lu\/de\/#organization","name":"Gero","url":"https:\/\/www.gero.lu\/de\/","logo":{"@type":"ImageObject","inLanguage":"de","@id":"https:\/\/www.gero.lu\/de\/#\/schema\/logo\/image\/","url":"https:\/\/www.gero.lu\/wp-content\/uploads\/2024\/04\/logo.svg","contentUrl":"https:\/\/www.gero.lu\/wp-content\/uploads\/2024\/04\/logo.svg","width":76,"height":30,"caption":"Gero"},"image":{"@id":"https:\/\/www.gero.lu\/de\/#\/schema\/logo\/image\/"},"sameAs":["https:\/\/www.facebook.com\/Kompetenzzenter\/","https:\/\/www.instagram.com\/gero.kompetenzzenter\/","https:\/\/linkedin.com\/company\/gero-kompetenzzenter-fir-den-alter","https:\/\/www.youtube.com\/channel\/UCJvmJYSeHh3dYQsLHZupj-Q"]}]}},"_links":{"self":[{"href":"https:\/\/www.gero.lu\/de\/wp-json\/wp\/v2\/product\/10675","targetHints":{"allow":["GET"]}}],"collection":[{"href":"https:\/\/www.gero.lu\/de\/wp-json\/wp\/v2\/product"}],"about":[{"href":"https:\/\/www.gero.lu\/de\/wp-json\/wp\/v2\/types\/product"}],"replies":[{"embeddable":true,"href":"https:\/\/www.gero.lu\/de\/wp-json\/wp\/v2\/comments?post=10675"}],"wp:featuredmedia":[{"embeddable":true,"href":"https:\/\/www.gero.lu\/de\/wp-json\/wp\/v2\/media\/10677"}],"wp:attachment":[{"href":"https:\/\/www.gero.lu\/de\/wp-json\/wp\/v2\/media?parent=10675"}],"wp:term":[{"taxonomy":"product_brand","embeddable":true,"href":"https:\/\/www.gero.lu\/de\/wp-json\/wp\/v2\/product_brand?post=10675"},{"taxonomy":"product_cat","embeddable":true,"href":"https:\/\/www.gero.lu\/de\/wp-json\/wp\/v2\/product_cat?post=10675"},{"taxonomy":"product_tag","embeddable":true,"href":"https:\/\/www.gero.lu\/de\/wp-json\/wp\/v2\/product_tag?post=10675"}],"curies":[{"name":"wp","href":"https:\/\/api.w.org\/{rel}","templated":true}]}}