{"id":10670,"date":"2026-01-13T10:21:24","date_gmt":"2026-01-13T10:21:24","guid":{"rendered":"https:\/\/www.gero.lu\/produit\/visite-bienvenue-a-la-villa"},"modified":"2026-04-29T10:00:25","modified_gmt":"2026-04-29T10:00:25","slug":"visite-bienvenue-a-la-villa","status":"publish","type":"product","link":"https:\/\/www.gero.lu\/de\/produit\/visite-bienvenue-a-la-villa","title":{"rendered":"Visite: Bienvenue \u00e0 la Villa!"},"content":{"rendered":"<p>Nous vous proposons, gr\u00e2ce \u00e0 la collaboration avec la Fondation EME, une visite \u00e0 la Villa Vauban d\u2019un autre genre. En effet, vous aurez l\u2019occasion de visiter une s\u00e9lection d\u2019\u0153uvres d\u2019art de l\u2019exposition \u00ab Bienvenue \u00e0 la Villa ! \u00bb, tout en b\u00e9n\u00e9ficiant d\u2019un accompagnement de pi\u00e8ces musicales interpr\u00e9t\u00e9es par deux des violonistes de la Philharmonie. Cette exposition pr\u00e9sente une s\u00e9lection d\u2019\u0153uvres d\u2019art luxembourgeois, de l\u2019\u00e9poque moderne classique jusqu\u2019au tournant du mill\u00e9naire, y compris de nombreuses acquisitions r\u00e9centes et donations. Une surprise vous attend \u00e0 la fin de la visite !<\/p>\n","protected":false},"excerpt":{"rendered":"<p>Nous vous proposons, gr\u00e2ce \u00e0 la collaboration avec la Fondation EME, une visite \u00e0 la Villa Vauban d\u2019un autre genre. En effet, vous aurez l\u2019occasion de visiter une s\u00e9lection d\u2019\u0153uvres d\u2019art de l\u2019exposition \u00ab Bienvenue \u00e0 la Villa ! \u00bb, tout en b\u00e9n\u00e9ficiant d\u2019un accompagnement de pi\u00e8ces musicales interpr\u00e9t\u00e9es par deux des violonistes de la [&hellip;]<\/p>\n","protected":false},"featured_media":0,"comment_status":"closed","ping_status":"closed","template":"","meta":{"_acf_changed":false,"inline_featured_image":false},"product_brand":[],"product_cat":[230],"product_tag":[199],"class_list":{"0":"post-10670","1":"product","2":"type-product","3":"status-publish","5":"product_cat-visite","6":"product_tag-culture-senior","8":"first","9":"outofstock","10":"virtual","11":"purchasable","12":"product-type-simple"},"acf":[],"yoast_head":"<!-- This site is optimized with the Yoast SEO Premium plugin v27.4 (Yoast SEO v27.5) - https:\/\/yoast.com\/product\/yoast-seo-premium-wordpress\/ -->\n<title>Visite: Bienvenue \u00e0 la Villa! - GERO<\/title>\n<meta name=\"robots\" content=\"index, follow, max-snippet:-1, max-image-preview:large, max-video-preview:-1\" \/>\n<link rel=\"canonical\" href=\"https:\/\/www.gero.lu\/de\/produit\/visite-bienvenue-a-la-villa\" \/>\n<meta property=\"og:locale\" content=\"de_DE\" \/>\n<meta property=\"og:type\" content=\"article\" \/>\n<meta property=\"og:title\" content=\"Visite: Bienvenue \u00e0 la Villa!\" \/>\n<meta property=\"og:description\" content=\"Nous vous proposons, gr\u00e2ce \u00e0 la collaboration avec la Fondation EME, une visite \u00e0 la Villa Vauban d\u2019un autre genre. En effet, vous aurez l\u2019occasion de visiter une s\u00e9lection d\u2019\u0153uvres d\u2019art de l\u2019exposition \u00ab Bienvenue \u00e0 la Villa ! \u00bb, tout en b\u00e9n\u00e9ficiant d\u2019un accompagnement de pi\u00e8ces musicales interpr\u00e9t\u00e9es par deux des violonistes de la [&hellip;]\" \/>\n<meta property=\"og:url\" content=\"https:\/\/www.gero.lu\/de\/produit\/visite-bienvenue-a-la-villa\" \/>\n<meta property=\"og:site_name\" content=\"GERO\" \/>\n<meta property=\"article:publisher\" content=\"https:\/\/www.facebook.com\/Kompetenzzenter\/\" \/>\n<meta property=\"article:modified_time\" content=\"2026-04-29T10:00:25+00:00\" \/>\n<meta property=\"og:image\" content=\"https:\/\/www.gero.lu\/wp-content\/uploads\/2021\/08\/gettyimages-1135289130-2048x2048_RET-1.jpg\" \/>\n\t<meta property=\"og:image:width\" content=\"1227\" \/>\n\t<meta property=\"og:image:height\" content=\"802\" \/>\n\t<meta property=\"og:image:type\" content=\"image\/jpeg\" \/>\n<meta name=\"twitter:card\" content=\"summary_large_image\" \/>\n<meta name=\"twitter:label1\" content=\"Gesch\u00e4tzte Lesezeit\" \/>\n\t<meta name=\"twitter:data1\" content=\"1\u00a0Minute\" \/>\n<script type=\"application\/ld+json\" class=\"yoast-schema-graph\">{\"@context\":\"https:\\\/\\\/schema.org\",\"@graph\":[{\"@type\":\"WebPage\",\"@id\":\"https:\\\/\\\/www.gero.lu\\\/de\\\/produit\\\/visite-bienvenue-a-la-villa\",\"url\":\"https:\\\/\\\/www.gero.lu\\\/de\\\/produit\\\/visite-bienvenue-a-la-villa\",\"name\":\"Visite: Bienvenue \u00e0 la Villa! - GERO\",\"isPartOf\":{\"@id\":\"https:\\\/\\\/www.gero.lu\\\/de\\\/#website\"},\"datePublished\":\"2026-01-13T10:21:24+00:00\",\"dateModified\":\"2026-04-29T10:00:25+00:00\",\"breadcrumb\":{\"@id\":\"https:\\\/\\\/www.gero.lu\\\/de\\\/produit\\\/visite-bienvenue-a-la-villa#breadcrumb\"},\"inLanguage\":\"de\",\"potentialAction\":[{\"@type\":\"ReadAction\",\"target\":[[\"https:\\\/\\\/www.gero.lu\\\/de\\\/produit\\\/visite-bienvenue-a-la-villa\"]]}]},{\"@type\":\"BreadcrumbList\",\"@id\":\"https:\\\/\\\/www.gero.lu\\\/de\\\/produit\\\/visite-bienvenue-a-la-villa#breadcrumb\",\"itemListElement\":[{\"@type\":\"ListItem\",\"position\":1,\"name\":\"Accueil\",\"item\":\"https:\\\/\\\/www.gero.lu\\\/de\\\/\"},{\"@type\":\"ListItem\",\"position\":2,\"name\":\"Shop\",\"item\":\"https:\\\/\\\/www.gero.lu\\\/de\\\/shop\"},{\"@type\":\"ListItem\",\"position\":3,\"name\":\"Visite: Bienvenue \u00e0 la Villa!\"}]},{\"@type\":\"WebSite\",\"@id\":\"https:\\\/\\\/www.gero.lu\\\/de\\\/#website\",\"url\":\"https:\\\/\\\/www.gero.lu\\\/de\\\/\",\"name\":\"Gero\",\"description\":\"Kompetenzzenter fir den Alter\",\"publisher\":{\"@id\":\"https:\\\/\\\/www.gero.lu\\\/de\\\/#organization\"},\"potentialAction\":[{\"@type\":\"SearchAction\",\"target\":{\"@type\":\"EntryPoint\",\"urlTemplate\":\"https:\\\/\\\/www.gero.lu\\\/de\\\/?s={search_term_string}\"},\"query-input\":{\"@type\":\"PropertyValueSpecification\",\"valueRequired\":true,\"valueName\":\"search_term_string\"}}],\"inLanguage\":\"de\"},{\"@type\":\"Organization\",\"@id\":\"https:\\\/\\\/www.gero.lu\\\/de\\\/#organization\",\"name\":\"Gero\",\"url\":\"https:\\\/\\\/www.gero.lu\\\/de\\\/\",\"logo\":{\"@type\":\"ImageObject\",\"inLanguage\":\"de\",\"@id\":\"https:\\\/\\\/www.gero.lu\\\/de\\\/#\\\/schema\\\/logo\\\/image\\\/\",\"url\":\"https:\\\/\\\/www.gero.lu\\\/wp-content\\\/uploads\\\/2024\\\/04\\\/logo.svg\",\"contentUrl\":\"https:\\\/\\\/www.gero.lu\\\/wp-content\\\/uploads\\\/2024\\\/04\\\/logo.svg\",\"width\":76,\"height\":30,\"caption\":\"Gero\"},\"image\":{\"@id\":\"https:\\\/\\\/www.gero.lu\\\/de\\\/#\\\/schema\\\/logo\\\/image\\\/\"},\"sameAs\":[\"https:\\\/\\\/www.facebook.com\\\/Kompetenzzenter\\\/\",\"https:\\\/\\\/www.instagram.com\\\/gero.kompetenzzenter\\\/\",\"https:\\\/\\\/linkedin.com\\\/company\\\/gero-kompetenzzenter-fir-den-alter\",\"https:\\\/\\\/www.youtube.com\\\/channel\\\/UCJvmJYSeHh3dYQsLHZupj-Q\"]}]}<\/script>\n<!-- \/ Yoast SEO Premium plugin. -->","yoast_head_json":{"title":"Visite: Bienvenue \u00e0 la Villa! - GERO","robots":{"index":"index","follow":"follow","max-snippet":"max-snippet:-1","max-image-preview":"max-image-preview:large","max-video-preview":"max-video-preview:-1"},"canonical":"https:\/\/www.gero.lu\/de\/produit\/visite-bienvenue-a-la-villa","og_locale":"de_DE","og_type":"article","og_title":"Visite: Bienvenue \u00e0 la Villa!","og_description":"Nous vous proposons, gr\u00e2ce \u00e0 la collaboration avec la Fondation EME, une visite \u00e0 la Villa Vauban d\u2019un autre genre. En effet, vous aurez l\u2019occasion de visiter une s\u00e9lection d\u2019\u0153uvres d\u2019art de l\u2019exposition \u00ab Bienvenue \u00e0 la Villa ! \u00bb, tout en b\u00e9n\u00e9ficiant d\u2019un accompagnement de pi\u00e8ces musicales interpr\u00e9t\u00e9es par deux des violonistes de la [&hellip;]","og_url":"https:\/\/www.gero.lu\/de\/produit\/visite-bienvenue-a-la-villa","og_site_name":"GERO","article_publisher":"https:\/\/www.facebook.com\/Kompetenzzenter\/","article_modified_time":"2026-04-29T10:00:25+00:00","og_image":[{"width":1227,"height":802,"url":"https:\/\/www.gero.lu\/wp-content\/uploads\/2021\/08\/gettyimages-1135289130-2048x2048_RET-1.jpg","type":"image\/jpeg"}],"twitter_card":"summary_large_image","twitter_misc":{"Gesch\u00e4tzte Lesezeit":"1\u00a0Minute"},"schema":{"@context":"https:\/\/schema.org","@graph":[{"@type":"WebPage","@id":"https:\/\/www.gero.lu\/de\/produit\/visite-bienvenue-a-la-villa","url":"https:\/\/www.gero.lu\/de\/produit\/visite-bienvenue-a-la-villa","name":"Visite: Bienvenue \u00e0 la Villa! - GERO","isPartOf":{"@id":"https:\/\/www.gero.lu\/de\/#website"},"datePublished":"2026-01-13T10:21:24+00:00","dateModified":"2026-04-29T10:00:25+00:00","breadcrumb":{"@id":"https:\/\/www.gero.lu\/de\/produit\/visite-bienvenue-a-la-villa#breadcrumb"},"inLanguage":"de","potentialAction":[{"@type":"ReadAction","target":[["https:\/\/www.gero.lu\/de\/produit\/visite-bienvenue-a-la-villa"]]}]},{"@type":"BreadcrumbList","@id":"https:\/\/www.gero.lu\/de\/produit\/visite-bienvenue-a-la-villa#breadcrumb","itemListElement":[{"@type":"ListItem","position":1,"name":"Accueil","item":"https:\/\/www.gero.lu\/de\/"},{"@type":"ListItem","position":2,"name":"Shop","item":"https:\/\/www.gero.lu\/de\/shop"},{"@type":"ListItem","position":3,"name":"Visite: Bienvenue \u00e0 la Villa!"}]},{"@type":"WebSite","@id":"https:\/\/www.gero.lu\/de\/#website","url":"https:\/\/www.gero.lu\/de\/","name":"Gero","description":"Kompetenzzenter fir den Alter","publisher":{"@id":"https:\/\/www.gero.lu\/de\/#organization"},"potentialAction":[{"@type":"SearchAction","target":{"@type":"EntryPoint","urlTemplate":"https:\/\/www.gero.lu\/de\/?s={search_term_string}"},"query-input":{"@type":"PropertyValueSpecification","valueRequired":true,"valueName":"search_term_string"}}],"inLanguage":"de"},{"@type":"Organization","@id":"https:\/\/www.gero.lu\/de\/#organization","name":"Gero","url":"https:\/\/www.gero.lu\/de\/","logo":{"@type":"ImageObject","inLanguage":"de","@id":"https:\/\/www.gero.lu\/de\/#\/schema\/logo\/image\/","url":"https:\/\/www.gero.lu\/wp-content\/uploads\/2024\/04\/logo.svg","contentUrl":"https:\/\/www.gero.lu\/wp-content\/uploads\/2024\/04\/logo.svg","width":76,"height":30,"caption":"Gero"},"image":{"@id":"https:\/\/www.gero.lu\/de\/#\/schema\/logo\/image\/"},"sameAs":["https:\/\/www.facebook.com\/Kompetenzzenter\/","https:\/\/www.instagram.com\/gero.kompetenzzenter\/","https:\/\/linkedin.com\/company\/gero-kompetenzzenter-fir-den-alter","https:\/\/www.youtube.com\/channel\/UCJvmJYSeHh3dYQsLHZupj-Q"]}]}},"_links":{"self":[{"href":"https:\/\/www.gero.lu\/de\/wp-json\/wp\/v2\/product\/10670","targetHints":{"allow":["GET"]}}],"collection":[{"href":"https:\/\/www.gero.lu\/de\/wp-json\/wp\/v2\/product"}],"about":[{"href":"https:\/\/www.gero.lu\/de\/wp-json\/wp\/v2\/types\/product"}],"replies":[{"embeddable":true,"href":"https:\/\/www.gero.lu\/de\/wp-json\/wp\/v2\/comments?post=10670"}],"wp:attachment":[{"href":"https:\/\/www.gero.lu\/de\/wp-json\/wp\/v2\/media?parent=10670"}],"wp:term":[{"taxonomy":"product_brand","embeddable":true,"href":"https:\/\/www.gero.lu\/de\/wp-json\/wp\/v2\/product_brand?post=10670"},{"taxonomy":"product_cat","embeddable":true,"href":"https:\/\/www.gero.lu\/de\/wp-json\/wp\/v2\/product_cat?post=10670"},{"taxonomy":"product_tag","embeddable":true,"href":"https:\/\/www.gero.lu\/de\/wp-json\/wp\/v2\/product_tag?post=10670"}],"curies":[{"name":"wp","href":"https:\/\/api.w.org\/{rel}","templated":true}]}}