{"id":10535,"date":"2025-12-15T14:22:44","date_gmt":"2025-12-15T14:22:44","guid":{"rendered":"https:\/\/www.gero.lu\/produit\/wirksam-leiten-im-sandwich-welche-kompetenzen-brauchen-fuhrungskrafte-der-zweiten-ebene"},"modified":"2026-02-04T08:21:24","modified_gmt":"2026-02-04T08:21:24","slug":"wirksam-leiten-im-sandwich-welche-kompetenzen-brauchen-fuhrungskrafte-der-zweiten-ebene","status":"publish","type":"product","link":"https:\/\/www.gero.lu\/de\/produit\/wirksam-leiten-im-sandwich-welche-kompetenzen-brauchen-fuhrungskrafte-der-zweiten-ebene","title":{"rendered":"Wirksam Leiten im Sandwich &#8211; Welche Kompetenzen brauchen F\u00fchrungskr\u00e4fte der zweiten Ebene?"},"content":{"rendered":"<p>In vielen Pflegeteams m\u00fcssen Pflegende der mittleren F\u00fchrungsebene mehrere Rollen zugleich \u00fcbernehmen: Sie koordinieren die Teamarbeit und tragen Verantwortung f\u00fcr Qualit\u00e4t, Personalplanung und Kommunikation. Gleichzeitig arbeiten sie regelm\u00e4\u00dfig bei der pflegerischen Versorgung der Bewohnerinnen und Bewohner mit. Dieses Seminar m\u00f6chte F\u00fchrungskr\u00e4fte der zweiten Ebene darin unterst\u00fctzen, trotz dieses \u201eSandwich Dilemmas\u201c wirksam zu f\u00fchren. <\/p>\n<p>Die Teilnehmenden lernen, sich bewusster in ihrer Rolle als F\u00fchrungskraft wahrzunehmen, welche F\u00fchrungsaufgaben in diesem Spannungsfeld besonders relevant sind und welche Praxistools dabei helfen. Anhand des Trainer-Inputs und im kollegialen Austausch erarbeiten sie neue Perspektiven und L\u00f6sungen. Ziel ist es, die eigene Handlungsf\u00e4higkeit zu erh\u00f6hen \u2013 f\u00fcr eine gute Teamkultur und die pers\u00f6nliche Arbeitszufriedenheit. <\/p>\n<p>Inhalte:<br \/>\n\uf02d\tKollege oder Vorgesetzte, pflegen oder f\u00fchren? Das eigene Selbstverst\u00e4ndnis kl\u00e4ren<br \/>\n\uf02d\tVerantwortlich leiten: Die angemessene Position im Unternehmen finden<br \/>\n\uf02d\tMiteinander statt gegeneinander: Elemente der Teamentwicklung<br \/>\n\uf02d\tErfolgsfaktor Kommunikation: Konstruktiv Konflikte l\u00f6sen<br \/>\n\uf02d\tBlick in den Handwerkskasten: Was braucht man noch, um wirksam zu f\u00fchren?<br \/>\n\uf02d\tLernwerkstatt: Den eigenen Umgang mit der \u201eSandwich-Rolle\u201c reflektieren und daf\u00fcr individuelle L\u00f6sungen entwickeln <\/p>\n<p>Zielgruppe :<br \/>\nF\u00fchrungskr\u00e4fte\/Teamleiter*innen und solche, die es werden wollen<\/p>\n","protected":false},"excerpt":{"rendered":"<p>In vielen Pflegeteams m\u00fcssen Pflegende der mittleren F\u00fchrungsebene mehrere Rollen zugleich \u00fcbernehmen: Sie koordinieren die Teamarbeit und tragen Verantwortung f\u00fcr Qualit\u00e4t, Personalplanung und Kommunikation. Gleichzeitig arbeiten sie regelm\u00e4\u00dfig bei der pflegerischen Versorgung der Bewohnerinnen und Bewohner mit. Dieses Seminar m\u00f6chte F\u00fchrungskr\u00e4fte der zweiten Ebene darin unterst\u00fctzen, trotz dieses \u201eSandwich Dilemmas\u201c wirksam zu f\u00fchren. Die Teilnehmenden [&hellip;]<\/p>\n","protected":false},"featured_media":0,"comment_status":"closed","ping_status":"closed","template":"","meta":{"_acf_changed":false,"inline_featured_image":false},"product_brand":[],"product_cat":[239],"product_tag":[233],"class_list":{"0":"post-10535","1":"product","2":"type-product","3":"status-publish","5":"product_cat-cours-pro","6":"product_tag-management-leadership-pro","8":"first","9":"instock","10":"virtual","11":"purchasable","12":"product-type-simple"},"acf":[],"yoast_head":"<!-- This site is optimized with the Yoast SEO Premium plugin v26.5 (Yoast SEO v26.5) - https:\/\/yoast.com\/wordpress\/plugins\/seo\/ -->\n<title>Wirksam Leiten im Sandwich - Welche Kompetenzen brauchen F\u00fchrungskr\u00e4fte der zweiten Ebene? - GERO<\/title>\n<meta name=\"robots\" content=\"index, follow, max-snippet:-1, max-image-preview:large, max-video-preview:-1\" \/>\n<link rel=\"canonical\" href=\"https:\/\/www.gero.lu\/de\/produit\/wirksam-leiten-im-sandwich-welche-kompetenzen-brauchen-fuhrungskrafte-der-zweiten-ebene\" \/>\n<meta property=\"og:locale\" content=\"de_DE\" \/>\n<meta property=\"og:type\" content=\"article\" \/>\n<meta property=\"og:title\" content=\"Wirksam Leiten im Sandwich - Welche Kompetenzen brauchen F\u00fchrungskr\u00e4fte der zweiten Ebene?\" \/>\n<meta property=\"og:description\" content=\"In vielen Pflegeteams m\u00fcssen Pflegende der mittleren F\u00fchrungsebene mehrere Rollen zugleich \u00fcbernehmen: Sie koordinieren die Teamarbeit und tragen Verantwortung f\u00fcr Qualit\u00e4t, Personalplanung und Kommunikation. Gleichzeitig arbeiten sie regelm\u00e4\u00dfig bei der pflegerischen Versorgung der Bewohnerinnen und Bewohner mit. Dieses Seminar m\u00f6chte F\u00fchrungskr\u00e4fte der zweiten Ebene darin unterst\u00fctzen, trotz dieses \u201eSandwich Dilemmas\u201c wirksam zu f\u00fchren. Die Teilnehmenden [&hellip;]\" \/>\n<meta property=\"og:url\" content=\"https:\/\/www.gero.lu\/de\/produit\/wirksam-leiten-im-sandwich-welche-kompetenzen-brauchen-fuhrungskrafte-der-zweiten-ebene\" \/>\n<meta property=\"og:site_name\" content=\"GERO\" \/>\n<meta property=\"article:publisher\" content=\"https:\/\/www.facebook.com\/Kompetenzzenter\/\" \/>\n<meta property=\"article:modified_time\" content=\"2026-02-04T08:21:24+00:00\" \/>\n<meta property=\"og:image\" content=\"https:\/\/www.gero.lu\/wp-content\/uploads\/2021\/08\/gettyimages-1135289130-2048x2048_RET-1.jpg\" \/>\n\t<meta property=\"og:image:width\" content=\"1227\" \/>\n\t<meta property=\"og:image:height\" content=\"802\" \/>\n\t<meta property=\"og:image:type\" content=\"image\/jpeg\" \/>\n<meta name=\"twitter:card\" content=\"summary_large_image\" \/>\n<meta name=\"twitter:label1\" content=\"Gesch\u00e4tzte Lesezeit\" \/>\n\t<meta name=\"twitter:data1\" content=\"1\u00a0Minute\" \/>\n<script type=\"application\/ld+json\" class=\"yoast-schema-graph\">{\"@context\":\"https:\/\/schema.org\",\"@graph\":[{\"@type\":\"WebPage\",\"@id\":\"https:\/\/www.gero.lu\/de\/produit\/wirksam-leiten-im-sandwich-welche-kompetenzen-brauchen-fuhrungskrafte-der-zweiten-ebene\",\"url\":\"https:\/\/www.gero.lu\/de\/produit\/wirksam-leiten-im-sandwich-welche-kompetenzen-brauchen-fuhrungskrafte-der-zweiten-ebene\",\"name\":\"Wirksam Leiten im Sandwich - Welche Kompetenzen brauchen F\u00fchrungskr\u00e4fte der zweiten Ebene? - GERO\",\"isPartOf\":{\"@id\":\"https:\/\/www.gero.lu\/de\/#website\"},\"datePublished\":\"2025-12-15T14:22:44+00:00\",\"dateModified\":\"2026-02-04T08:21:24+00:00\",\"breadcrumb\":{\"@id\":\"https:\/\/www.gero.lu\/de\/produit\/wirksam-leiten-im-sandwich-welche-kompetenzen-brauchen-fuhrungskrafte-der-zweiten-ebene#breadcrumb\"},\"inLanguage\":\"de\",\"potentialAction\":[{\"@type\":\"ReadAction\",\"target\":[[\"https:\/\/www.gero.lu\/de\/produit\/wirksam-leiten-im-sandwich-welche-kompetenzen-brauchen-fuhrungskrafte-der-zweiten-ebene\"]]}]},{\"@type\":\"BreadcrumbList\",\"@id\":\"https:\/\/www.gero.lu\/de\/produit\/wirksam-leiten-im-sandwich-welche-kompetenzen-brauchen-fuhrungskrafte-der-zweiten-ebene#breadcrumb\",\"itemListElement\":[{\"@type\":\"ListItem\",\"position\":1,\"name\":\"Accueil\",\"item\":\"https:\/\/www.gero.lu\/de\/\"},{\"@type\":\"ListItem\",\"position\":2,\"name\":\"Shop\",\"item\":\"https:\/\/www.gero.lu\/de\/shop\"},{\"@type\":\"ListItem\",\"position\":3,\"name\":\"Wirksam Leiten im Sandwich &#8211; Welche Kompetenzen brauchen F\u00fchrungskr\u00e4fte der zweiten Ebene?\"}]},{\"@type\":\"WebSite\",\"@id\":\"https:\/\/www.gero.lu\/de\/#website\",\"url\":\"https:\/\/www.gero.lu\/de\/\",\"name\":\"Gero\",\"description\":\"Kompetenzzenter fir den Alter\",\"publisher\":{\"@id\":\"https:\/\/www.gero.lu\/de\/#organization\"},\"potentialAction\":[{\"@type\":\"SearchAction\",\"target\":{\"@type\":\"EntryPoint\",\"urlTemplate\":\"https:\/\/www.gero.lu\/de\/?s={search_term_string}\"},\"query-input\":{\"@type\":\"PropertyValueSpecification\",\"valueRequired\":true,\"valueName\":\"search_term_string\"}}],\"inLanguage\":\"de\"},{\"@type\":\"Organization\",\"@id\":\"https:\/\/www.gero.lu\/de\/#organization\",\"name\":\"Gero\",\"url\":\"https:\/\/www.gero.lu\/de\/\",\"logo\":{\"@type\":\"ImageObject\",\"inLanguage\":\"de\",\"@id\":\"https:\/\/www.gero.lu\/de\/#\/schema\/logo\/image\/\",\"url\":\"https:\/\/www.gero.lu\/wp-content\/uploads\/2024\/04\/logo.svg\",\"contentUrl\":\"https:\/\/www.gero.lu\/wp-content\/uploads\/2024\/04\/logo.svg\",\"width\":76,\"height\":30,\"caption\":\"Gero\"},\"image\":{\"@id\":\"https:\/\/www.gero.lu\/de\/#\/schema\/logo\/image\/\"},\"sameAs\":[\"https:\/\/www.facebook.com\/Kompetenzzenter\/\",\"https:\/\/www.instagram.com\/gero.kompetenzzenter\/\",\"https:\/\/linkedin.com\/company\/gero-kompetenzzenter-fir-den-alter\",\"https:\/\/www.youtube.com\/channel\/UCJvmJYSeHh3dYQsLHZupj-Q\"]}]}<\/script>\n<!-- \/ Yoast SEO Premium plugin. -->","yoast_head_json":{"title":"Wirksam Leiten im Sandwich - Welche Kompetenzen brauchen F\u00fchrungskr\u00e4fte der zweiten Ebene? - GERO","robots":{"index":"index","follow":"follow","max-snippet":"max-snippet:-1","max-image-preview":"max-image-preview:large","max-video-preview":"max-video-preview:-1"},"canonical":"https:\/\/www.gero.lu\/de\/produit\/wirksam-leiten-im-sandwich-welche-kompetenzen-brauchen-fuhrungskrafte-der-zweiten-ebene","og_locale":"de_DE","og_type":"article","og_title":"Wirksam Leiten im Sandwich - Welche Kompetenzen brauchen F\u00fchrungskr\u00e4fte der zweiten Ebene?","og_description":"In vielen Pflegeteams m\u00fcssen Pflegende der mittleren F\u00fchrungsebene mehrere Rollen zugleich \u00fcbernehmen: Sie koordinieren die Teamarbeit und tragen Verantwortung f\u00fcr Qualit\u00e4t, Personalplanung und Kommunikation. Gleichzeitig arbeiten sie regelm\u00e4\u00dfig bei der pflegerischen Versorgung der Bewohnerinnen und Bewohner mit. Dieses Seminar m\u00f6chte F\u00fchrungskr\u00e4fte der zweiten Ebene darin unterst\u00fctzen, trotz dieses \u201eSandwich Dilemmas\u201c wirksam zu f\u00fchren. Die Teilnehmenden [&hellip;]","og_url":"https:\/\/www.gero.lu\/de\/produit\/wirksam-leiten-im-sandwich-welche-kompetenzen-brauchen-fuhrungskrafte-der-zweiten-ebene","og_site_name":"GERO","article_publisher":"https:\/\/www.facebook.com\/Kompetenzzenter\/","article_modified_time":"2026-02-04T08:21:24+00:00","og_image":[{"width":1227,"height":802,"url":"https:\/\/www.gero.lu\/wp-content\/uploads\/2021\/08\/gettyimages-1135289130-2048x2048_RET-1.jpg","type":"image\/jpeg"}],"twitter_card":"summary_large_image","twitter_misc":{"Gesch\u00e4tzte Lesezeit":"1\u00a0Minute"},"schema":{"@context":"https:\/\/schema.org","@graph":[{"@type":"WebPage","@id":"https:\/\/www.gero.lu\/de\/produit\/wirksam-leiten-im-sandwich-welche-kompetenzen-brauchen-fuhrungskrafte-der-zweiten-ebene","url":"https:\/\/www.gero.lu\/de\/produit\/wirksam-leiten-im-sandwich-welche-kompetenzen-brauchen-fuhrungskrafte-der-zweiten-ebene","name":"Wirksam Leiten im Sandwich - Welche Kompetenzen brauchen F\u00fchrungskr\u00e4fte der zweiten Ebene? - GERO","isPartOf":{"@id":"https:\/\/www.gero.lu\/de\/#website"},"datePublished":"2025-12-15T14:22:44+00:00","dateModified":"2026-02-04T08:21:24+00:00","breadcrumb":{"@id":"https:\/\/www.gero.lu\/de\/produit\/wirksam-leiten-im-sandwich-welche-kompetenzen-brauchen-fuhrungskrafte-der-zweiten-ebene#breadcrumb"},"inLanguage":"de","potentialAction":[{"@type":"ReadAction","target":[["https:\/\/www.gero.lu\/de\/produit\/wirksam-leiten-im-sandwich-welche-kompetenzen-brauchen-fuhrungskrafte-der-zweiten-ebene"]]}]},{"@type":"BreadcrumbList","@id":"https:\/\/www.gero.lu\/de\/produit\/wirksam-leiten-im-sandwich-welche-kompetenzen-brauchen-fuhrungskrafte-der-zweiten-ebene#breadcrumb","itemListElement":[{"@type":"ListItem","position":1,"name":"Accueil","item":"https:\/\/www.gero.lu\/de\/"},{"@type":"ListItem","position":2,"name":"Shop","item":"https:\/\/www.gero.lu\/de\/shop"},{"@type":"ListItem","position":3,"name":"Wirksam Leiten im Sandwich &#8211; Welche Kompetenzen brauchen F\u00fchrungskr\u00e4fte der zweiten Ebene?"}]},{"@type":"WebSite","@id":"https:\/\/www.gero.lu\/de\/#website","url":"https:\/\/www.gero.lu\/de\/","name":"Gero","description":"Kompetenzzenter fir den Alter","publisher":{"@id":"https:\/\/www.gero.lu\/de\/#organization"},"potentialAction":[{"@type":"SearchAction","target":{"@type":"EntryPoint","urlTemplate":"https:\/\/www.gero.lu\/de\/?s={search_term_string}"},"query-input":{"@type":"PropertyValueSpecification","valueRequired":true,"valueName":"search_term_string"}}],"inLanguage":"de"},{"@type":"Organization","@id":"https:\/\/www.gero.lu\/de\/#organization","name":"Gero","url":"https:\/\/www.gero.lu\/de\/","logo":{"@type":"ImageObject","inLanguage":"de","@id":"https:\/\/www.gero.lu\/de\/#\/schema\/logo\/image\/","url":"https:\/\/www.gero.lu\/wp-content\/uploads\/2024\/04\/logo.svg","contentUrl":"https:\/\/www.gero.lu\/wp-content\/uploads\/2024\/04\/logo.svg","width":76,"height":30,"caption":"Gero"},"image":{"@id":"https:\/\/www.gero.lu\/de\/#\/schema\/logo\/image\/"},"sameAs":["https:\/\/www.facebook.com\/Kompetenzzenter\/","https:\/\/www.instagram.com\/gero.kompetenzzenter\/","https:\/\/linkedin.com\/company\/gero-kompetenzzenter-fir-den-alter","https:\/\/www.youtube.com\/channel\/UCJvmJYSeHh3dYQsLHZupj-Q"]}]}},"_links":{"self":[{"href":"https:\/\/www.gero.lu\/de\/wp-json\/wp\/v2\/product\/10535","targetHints":{"allow":["GET"]}}],"collection":[{"href":"https:\/\/www.gero.lu\/de\/wp-json\/wp\/v2\/product"}],"about":[{"href":"https:\/\/www.gero.lu\/de\/wp-json\/wp\/v2\/types\/product"}],"replies":[{"embeddable":true,"href":"https:\/\/www.gero.lu\/de\/wp-json\/wp\/v2\/comments?post=10535"}],"wp:attachment":[{"href":"https:\/\/www.gero.lu\/de\/wp-json\/wp\/v2\/media?parent=10535"}],"wp:term":[{"taxonomy":"product_brand","embeddable":true,"href":"https:\/\/www.gero.lu\/de\/wp-json\/wp\/v2\/product_brand?post=10535"},{"taxonomy":"product_cat","embeddable":true,"href":"https:\/\/www.gero.lu\/de\/wp-json\/wp\/v2\/product_cat?post=10535"},{"taxonomy":"product_tag","embeddable":true,"href":"https:\/\/www.gero.lu\/de\/wp-json\/wp\/v2\/product_tag?post=10535"}],"curies":[{"name":"wp","href":"https:\/\/api.w.org\/{rel}","templated":true}]}}