{"id":10365,"date":"2025-11-26T10:21:29","date_gmt":"2025-11-26T10:21:29","guid":{"rendered":"https:\/\/www.gero.lu\/produit\/visite-europa-experience-luxembourg"},"modified":"2026-04-30T07:00:25","modified_gmt":"2026-04-30T07:00:25","slug":"visite-europa-experience-luxembourg","status":"publish","type":"product","link":"https:\/\/www.gero.lu\/de\/produit\/visite-europa-experience-luxembourg","title":{"rendered":"Besichtigung Erlebnis Europa"},"content":{"rendered":"<p>Entdecken Sie Europa im Herzen des Luxemburger Europaviertels. Erleben Sie in dieser interaktiven, multimedialen Ausstellung, wie die EU funktioniert und wie sich die Beschl\u00fcsse des Europ\u00e4ischen Parlaments, der Kommission und des Rates konkret auswirken. H\u00f6ren Sie sich an, welche Geschichten B\u00fcrgerinnen und B\u00fcrger zu erz\u00e4hlen haben und wie die EU-Politik ihren Alltag pr\u00e4gt. Erfahren Sie, wie auch Sie mitreden und etwas bewirken k\u00f6nnen. Ein g\u00fcltiges Ausweisdokument (Personalausweis oder Reisepass) ist f\u00fcr den Eintritt erforderlich.<\/p>\n","protected":false},"excerpt":{"rendered":"<p>Entdecken Sie Europa im Herzen des Luxemburger Europaviertels. Erleben Sie in dieser interaktiven, multimedialen Ausstellung, wie die EU funktioniert und wie sich die Beschl\u00fcsse des Europ\u00e4ischen Parlaments, der Kommission und des Rates konkret auswirken. H\u00f6ren Sie sich an, welche Geschichten B\u00fcrgerinnen und B\u00fcrger zu erz\u00e4hlen haben und wie die EU-Politik ihren Alltag pr\u00e4gt. Erfahren Sie, [&hellip;]<\/p>\n","protected":false},"featured_media":0,"comment_status":"closed","ping_status":"closed","template":"","meta":{"_acf_changed":false,"inline_featured_image":false},"product_brand":[],"product_cat":[230],"product_tag":[203],"class_list":{"0":"post-10365","1":"product","2":"type-product","3":"status-publish","5":"product_cat-visite","6":"product_tag-connaissance-de-vie-senior","8":"first","9":"instock","10":"virtual","11":"purchasable","12":"product-type-simple"},"acf":[],"yoast_head":"<!-- This site is optimized with the Yoast SEO Premium plugin v27.4 (Yoast SEO v27.5) - https:\/\/yoast.com\/product\/yoast-seo-premium-wordpress\/ -->\n<title>Besichtigung Erlebnis Europa - GERO<\/title>\n<meta name=\"robots\" content=\"index, follow, max-snippet:-1, max-image-preview:large, max-video-preview:-1\" \/>\n<link rel=\"canonical\" href=\"https:\/\/www.gero.lu\/de\/produit\/visite-europa-experience-luxembourg\" \/>\n<meta property=\"og:locale\" content=\"de_DE\" \/>\n<meta property=\"og:type\" content=\"article\" \/>\n<meta property=\"og:title\" content=\"Besichtigung Erlebnis Europa\" \/>\n<meta property=\"og:description\" content=\"Entdecken Sie Europa im Herzen des Luxemburger Europaviertels. Erleben Sie in dieser interaktiven, multimedialen Ausstellung, wie die EU funktioniert und wie sich die Beschl\u00fcsse des Europ\u00e4ischen Parlaments, der Kommission und des Rates konkret auswirken. H\u00f6ren Sie sich an, welche Geschichten B\u00fcrgerinnen und B\u00fcrger zu erz\u00e4hlen haben und wie die EU-Politik ihren Alltag pr\u00e4gt. Erfahren Sie, [&hellip;]\" \/>\n<meta property=\"og:url\" content=\"https:\/\/www.gero.lu\/de\/produit\/visite-europa-experience-luxembourg\" \/>\n<meta property=\"og:site_name\" content=\"GERO\" \/>\n<meta property=\"article:publisher\" content=\"https:\/\/www.facebook.com\/Kompetenzzenter\/\" \/>\n<meta property=\"article:modified_time\" content=\"2026-04-30T07:00:25+00:00\" \/>\n<meta property=\"og:image\" content=\"https:\/\/www.gero.lu\/wp-content\/uploads\/2021\/08\/gettyimages-1135289130-2048x2048_RET-1.jpg\" \/>\n\t<meta property=\"og:image:width\" content=\"1227\" \/>\n\t<meta property=\"og:image:height\" content=\"802\" \/>\n\t<meta property=\"og:image:type\" content=\"image\/jpeg\" \/>\n<meta name=\"twitter:card\" content=\"summary_large_image\" \/>\n<script type=\"application\/ld+json\" class=\"yoast-schema-graph\">{\"@context\":\"https:\\\/\\\/schema.org\",\"@graph\":[{\"@type\":\"WebPage\",\"@id\":\"https:\\\/\\\/www.gero.lu\\\/de\\\/produit\\\/visite-europa-experience-luxembourg\",\"url\":\"https:\\\/\\\/www.gero.lu\\\/de\\\/produit\\\/visite-europa-experience-luxembourg\",\"name\":\"Besichtigung Erlebnis Europa - GERO\",\"isPartOf\":{\"@id\":\"https:\\\/\\\/www.gero.lu\\\/de\\\/#website\"},\"datePublished\":\"2025-11-26T10:21:29+00:00\",\"dateModified\":\"2026-04-30T07:00:25+00:00\",\"breadcrumb\":{\"@id\":\"https:\\\/\\\/www.gero.lu\\\/de\\\/produit\\\/visite-europa-experience-luxembourg#breadcrumb\"},\"inLanguage\":\"de\",\"potentialAction\":[{\"@type\":\"ReadAction\",\"target\":[[\"https:\\\/\\\/www.gero.lu\\\/de\\\/produit\\\/visite-europa-experience-luxembourg\"]]}]},{\"@type\":\"BreadcrumbList\",\"@id\":\"https:\\\/\\\/www.gero.lu\\\/de\\\/produit\\\/visite-europa-experience-luxembourg#breadcrumb\",\"itemListElement\":[{\"@type\":\"ListItem\",\"position\":1,\"name\":\"Accueil\",\"item\":\"https:\\\/\\\/www.gero.lu\\\/de\\\/\"},{\"@type\":\"ListItem\",\"position\":2,\"name\":\"Shop\",\"item\":\"https:\\\/\\\/www.gero.lu\\\/de\\\/shop\"},{\"@type\":\"ListItem\",\"position\":3,\"name\":\"Visite: Europa Exp\u00e9rience Luxembourg\"}]},{\"@type\":\"WebSite\",\"@id\":\"https:\\\/\\\/www.gero.lu\\\/de\\\/#website\",\"url\":\"https:\\\/\\\/www.gero.lu\\\/de\\\/\",\"name\":\"Gero\",\"description\":\"Kompetenzzenter fir den Alter\",\"publisher\":{\"@id\":\"https:\\\/\\\/www.gero.lu\\\/de\\\/#organization\"},\"potentialAction\":[{\"@type\":\"SearchAction\",\"target\":{\"@type\":\"EntryPoint\",\"urlTemplate\":\"https:\\\/\\\/www.gero.lu\\\/de\\\/?s={search_term_string}\"},\"query-input\":{\"@type\":\"PropertyValueSpecification\",\"valueRequired\":true,\"valueName\":\"search_term_string\"}}],\"inLanguage\":\"de\"},{\"@type\":\"Organization\",\"@id\":\"https:\\\/\\\/www.gero.lu\\\/de\\\/#organization\",\"name\":\"Gero\",\"url\":\"https:\\\/\\\/www.gero.lu\\\/de\\\/\",\"logo\":{\"@type\":\"ImageObject\",\"inLanguage\":\"de\",\"@id\":\"https:\\\/\\\/www.gero.lu\\\/de\\\/#\\\/schema\\\/logo\\\/image\\\/\",\"url\":\"https:\\\/\\\/www.gero.lu\\\/wp-content\\\/uploads\\\/2024\\\/04\\\/logo.svg\",\"contentUrl\":\"https:\\\/\\\/www.gero.lu\\\/wp-content\\\/uploads\\\/2024\\\/04\\\/logo.svg\",\"width\":76,\"height\":30,\"caption\":\"Gero\"},\"image\":{\"@id\":\"https:\\\/\\\/www.gero.lu\\\/de\\\/#\\\/schema\\\/logo\\\/image\\\/\"},\"sameAs\":[\"https:\\\/\\\/www.facebook.com\\\/Kompetenzzenter\\\/\",\"https:\\\/\\\/www.instagram.com\\\/gero.kompetenzzenter\\\/\",\"https:\\\/\\\/linkedin.com\\\/company\\\/gero-kompetenzzenter-fir-den-alter\",\"https:\\\/\\\/www.youtube.com\\\/channel\\\/UCJvmJYSeHh3dYQsLHZupj-Q\"]}]}<\/script>\n<!-- \/ Yoast SEO Premium plugin. -->","yoast_head_json":{"title":"Besichtigung Erlebnis Europa - GERO","robots":{"index":"index","follow":"follow","max-snippet":"max-snippet:-1","max-image-preview":"max-image-preview:large","max-video-preview":"max-video-preview:-1"},"canonical":"https:\/\/www.gero.lu\/de\/produit\/visite-europa-experience-luxembourg","og_locale":"de_DE","og_type":"article","og_title":"Besichtigung Erlebnis Europa","og_description":"Entdecken Sie Europa im Herzen des Luxemburger Europaviertels. Erleben Sie in dieser interaktiven, multimedialen Ausstellung, wie die EU funktioniert und wie sich die Beschl\u00fcsse des Europ\u00e4ischen Parlaments, der Kommission und des Rates konkret auswirken. H\u00f6ren Sie sich an, welche Geschichten B\u00fcrgerinnen und B\u00fcrger zu erz\u00e4hlen haben und wie die EU-Politik ihren Alltag pr\u00e4gt. Erfahren Sie, [&hellip;]","og_url":"https:\/\/www.gero.lu\/de\/produit\/visite-europa-experience-luxembourg","og_site_name":"GERO","article_publisher":"https:\/\/www.facebook.com\/Kompetenzzenter\/","article_modified_time":"2026-04-30T07:00:25+00:00","og_image":[{"width":1227,"height":802,"url":"https:\/\/www.gero.lu\/wp-content\/uploads\/2021\/08\/gettyimages-1135289130-2048x2048_RET-1.jpg","type":"image\/jpeg"}],"twitter_card":"summary_large_image","schema":{"@context":"https:\/\/schema.org","@graph":[{"@type":"WebPage","@id":"https:\/\/www.gero.lu\/de\/produit\/visite-europa-experience-luxembourg","url":"https:\/\/www.gero.lu\/de\/produit\/visite-europa-experience-luxembourg","name":"Besichtigung Erlebnis Europa - GERO","isPartOf":{"@id":"https:\/\/www.gero.lu\/de\/#website"},"datePublished":"2025-11-26T10:21:29+00:00","dateModified":"2026-04-30T07:00:25+00:00","breadcrumb":{"@id":"https:\/\/www.gero.lu\/de\/produit\/visite-europa-experience-luxembourg#breadcrumb"},"inLanguage":"de","potentialAction":[{"@type":"ReadAction","target":[["https:\/\/www.gero.lu\/de\/produit\/visite-europa-experience-luxembourg"]]}]},{"@type":"BreadcrumbList","@id":"https:\/\/www.gero.lu\/de\/produit\/visite-europa-experience-luxembourg#breadcrumb","itemListElement":[{"@type":"ListItem","position":1,"name":"Accueil","item":"https:\/\/www.gero.lu\/de\/"},{"@type":"ListItem","position":2,"name":"Shop","item":"https:\/\/www.gero.lu\/de\/shop"},{"@type":"ListItem","position":3,"name":"Visite: Europa Exp\u00e9rience Luxembourg"}]},{"@type":"WebSite","@id":"https:\/\/www.gero.lu\/de\/#website","url":"https:\/\/www.gero.lu\/de\/","name":"Gero","description":"Kompetenzzenter fir den Alter","publisher":{"@id":"https:\/\/www.gero.lu\/de\/#organization"},"potentialAction":[{"@type":"SearchAction","target":{"@type":"EntryPoint","urlTemplate":"https:\/\/www.gero.lu\/de\/?s={search_term_string}"},"query-input":{"@type":"PropertyValueSpecification","valueRequired":true,"valueName":"search_term_string"}}],"inLanguage":"de"},{"@type":"Organization","@id":"https:\/\/www.gero.lu\/de\/#organization","name":"Gero","url":"https:\/\/www.gero.lu\/de\/","logo":{"@type":"ImageObject","inLanguage":"de","@id":"https:\/\/www.gero.lu\/de\/#\/schema\/logo\/image\/","url":"https:\/\/www.gero.lu\/wp-content\/uploads\/2024\/04\/logo.svg","contentUrl":"https:\/\/www.gero.lu\/wp-content\/uploads\/2024\/04\/logo.svg","width":76,"height":30,"caption":"Gero"},"image":{"@id":"https:\/\/www.gero.lu\/de\/#\/schema\/logo\/image\/"},"sameAs":["https:\/\/www.facebook.com\/Kompetenzzenter\/","https:\/\/www.instagram.com\/gero.kompetenzzenter\/","https:\/\/linkedin.com\/company\/gero-kompetenzzenter-fir-den-alter","https:\/\/www.youtube.com\/channel\/UCJvmJYSeHh3dYQsLHZupj-Q"]}]}},"_links":{"self":[{"href":"https:\/\/www.gero.lu\/de\/wp-json\/wp\/v2\/product\/10365","targetHints":{"allow":["GET"]}}],"collection":[{"href":"https:\/\/www.gero.lu\/de\/wp-json\/wp\/v2\/product"}],"about":[{"href":"https:\/\/www.gero.lu\/de\/wp-json\/wp\/v2\/types\/product"}],"replies":[{"embeddable":true,"href":"https:\/\/www.gero.lu\/de\/wp-json\/wp\/v2\/comments?post=10365"}],"wp:attachment":[{"href":"https:\/\/www.gero.lu\/de\/wp-json\/wp\/v2\/media?parent=10365"}],"wp:term":[{"taxonomy":"product_brand","embeddable":true,"href":"https:\/\/www.gero.lu\/de\/wp-json\/wp\/v2\/product_brand?post=10365"},{"taxonomy":"product_cat","embeddable":true,"href":"https:\/\/www.gero.lu\/de\/wp-json\/wp\/v2\/product_cat?post=10365"},{"taxonomy":"product_tag","embeddable":true,"href":"https:\/\/www.gero.lu\/de\/wp-json\/wp\/v2\/product_tag?post=10365"}],"curies":[{"name":"wp","href":"https:\/\/api.w.org\/{rel}","templated":true}]}}