{"id":10334,"date":"2025-11-24T12:22:09","date_gmt":"2025-11-24T12:22:09","guid":{"rendered":"https:\/\/www.gero.lu\/produit\/simpa-neuer-informationsdienst"},"modified":"2026-01-14T07:21:53","modified_gmt":"2026-01-14T07:21:53","slug":"simpa-neuer-informationsdienst","status":"publish","type":"product","link":"https:\/\/www.gero.lu\/de\/produit\/simpa-neuer-informationsdienst","title":{"rendered":"SIMPA: Neuer Informationsdienst"},"content":{"rendered":"<p>SIMPA ist der nationale Informations- und Mediationsdienst f\u00fcr \u00e4ltere Menschen, Angeh\u00f6rige und Dienstleister. Das SIMPA-Team informiert, ber\u00e4t und orientiert Sie \u00fcber alle verf\u00fcgbaren und zugelassenen Versorgungsangebote. Bei Konflikten mit einer Einrichtung bietet der Mediationsdienst konkrete und kostenlose Unterst\u00fctzung.<\/p>\n<p>Im Rahmen des Vortrags werden die verschiedenen Angebote dieses neuen Dienstes vom SIMPA-Team vorgestellt.<\/p>\n","protected":false},"excerpt":{"rendered":"<p>SIMPA ist der nationale Informations- und Mediationsdienst f\u00fcr \u00e4ltere Menschen, Angeh\u00f6rige und Dienstleister. Das SIMPA-Team informiert, ber\u00e4t und orientiert Sie \u00fcber alle verf\u00fcgbaren und zugelassenen Versorgungsangebote. Bei Konflikten mit einer Einrichtung bietet der Mediationsdienst konkrete und kostenlose Unterst\u00fctzung. Im Rahmen des Vortrags werden die verschiedenen Angebote dieses neuen Dienstes vom SIMPA-Team vorgestellt.<\/p>\n","protected":false},"featured_media":0,"comment_status":"closed","ping_status":"closed","template":"","meta":{"_acf_changed":false,"inline_featured_image":false},"product_brand":[],"product_cat":[228],"product_tag":[203],"class_list":{"0":"post-10334","1":"product","2":"type-product","3":"status-publish","5":"product_cat-conference","6":"product_tag-connaissance-de-vie-senior","8":"first","9":"instock","10":"virtual","11":"purchasable","12":"product-type-simple"},"acf":[],"yoast_head":"<!-- This site is optimized with the Yoast SEO Premium plugin v27.4 (Yoast SEO v27.5) - https:\/\/yoast.com\/product\/yoast-seo-premium-wordpress\/ -->\n<title>SIMPA: Neuer Informationsdienst - GERO<\/title>\n<meta name=\"robots\" content=\"index, follow, max-snippet:-1, max-image-preview:large, max-video-preview:-1\" \/>\n<link rel=\"canonical\" href=\"https:\/\/www.gero.lu\/de\/produit\/simpa-neuer-informationsdienst\" \/>\n<meta property=\"og:locale\" content=\"de_DE\" \/>\n<meta property=\"og:type\" content=\"article\" \/>\n<meta property=\"og:title\" content=\"SIMPA: Neuer Informationsdienst\" \/>\n<meta property=\"og:description\" content=\"SIMPA ist der nationale Informations- und Mediationsdienst f\u00fcr \u00e4ltere Menschen, Angeh\u00f6rige und Dienstleister. Das SIMPA-Team informiert, ber\u00e4t und orientiert Sie \u00fcber alle verf\u00fcgbaren und zugelassenen Versorgungsangebote. Bei Konflikten mit einer Einrichtung bietet der Mediationsdienst konkrete und kostenlose Unterst\u00fctzung. Im Rahmen des Vortrags werden die verschiedenen Angebote dieses neuen Dienstes vom SIMPA-Team vorgestellt.\" \/>\n<meta property=\"og:url\" content=\"https:\/\/www.gero.lu\/de\/produit\/simpa-neuer-informationsdienst\" \/>\n<meta property=\"og:site_name\" content=\"GERO\" \/>\n<meta property=\"article:publisher\" content=\"https:\/\/www.facebook.com\/Kompetenzzenter\/\" \/>\n<meta property=\"article:modified_time\" content=\"2026-01-14T07:21:53+00:00\" \/>\n<meta property=\"og:image\" content=\"https:\/\/www.gero.lu\/wp-content\/uploads\/2021\/08\/gettyimages-1135289130-2048x2048_RET-1.jpg\" \/>\n\t<meta property=\"og:image:width\" content=\"1227\" \/>\n\t<meta property=\"og:image:height\" content=\"802\" \/>\n\t<meta property=\"og:image:type\" content=\"image\/jpeg\" \/>\n<meta name=\"twitter:card\" content=\"summary_large_image\" \/>\n<script type=\"application\/ld+json\" class=\"yoast-schema-graph\">{\"@context\":\"https:\\\/\\\/schema.org\",\"@graph\":[{\"@type\":\"WebPage\",\"@id\":\"https:\\\/\\\/www.gero.lu\\\/de\\\/produit\\\/simpa-neuer-informationsdienst\",\"url\":\"https:\\\/\\\/www.gero.lu\\\/de\\\/produit\\\/simpa-neuer-informationsdienst\",\"name\":\"SIMPA: Neuer Informationsdienst - GERO\",\"isPartOf\":{\"@id\":\"https:\\\/\\\/www.gero.lu\\\/de\\\/#website\"},\"datePublished\":\"2025-11-24T12:22:09+00:00\",\"dateModified\":\"2026-01-14T07:21:53+00:00\",\"breadcrumb\":{\"@id\":\"https:\\\/\\\/www.gero.lu\\\/de\\\/produit\\\/simpa-neuer-informationsdienst#breadcrumb\"},\"inLanguage\":\"de\",\"potentialAction\":[{\"@type\":\"ReadAction\",\"target\":[[\"https:\\\/\\\/www.gero.lu\\\/de\\\/produit\\\/simpa-neuer-informationsdienst\"]]}]},{\"@type\":\"BreadcrumbList\",\"@id\":\"https:\\\/\\\/www.gero.lu\\\/de\\\/produit\\\/simpa-neuer-informationsdienst#breadcrumb\",\"itemListElement\":[{\"@type\":\"ListItem\",\"position\":1,\"name\":\"Accueil\",\"item\":\"https:\\\/\\\/www.gero.lu\\\/de\\\/\"},{\"@type\":\"ListItem\",\"position\":2,\"name\":\"Shop\",\"item\":\"https:\\\/\\\/www.gero.lu\\\/de\\\/shop\"},{\"@type\":\"ListItem\",\"position\":3,\"name\":\"SIMPA: Neuer Informationsdienst\"}]},{\"@type\":\"WebSite\",\"@id\":\"https:\\\/\\\/www.gero.lu\\\/de\\\/#website\",\"url\":\"https:\\\/\\\/www.gero.lu\\\/de\\\/\",\"name\":\"Gero\",\"description\":\"Kompetenzzenter fir den Alter\",\"publisher\":{\"@id\":\"https:\\\/\\\/www.gero.lu\\\/de\\\/#organization\"},\"potentialAction\":[{\"@type\":\"SearchAction\",\"target\":{\"@type\":\"EntryPoint\",\"urlTemplate\":\"https:\\\/\\\/www.gero.lu\\\/de\\\/?s={search_term_string}\"},\"query-input\":{\"@type\":\"PropertyValueSpecification\",\"valueRequired\":true,\"valueName\":\"search_term_string\"}}],\"inLanguage\":\"de\"},{\"@type\":\"Organization\",\"@id\":\"https:\\\/\\\/www.gero.lu\\\/de\\\/#organization\",\"name\":\"Gero\",\"url\":\"https:\\\/\\\/www.gero.lu\\\/de\\\/\",\"logo\":{\"@type\":\"ImageObject\",\"inLanguage\":\"de\",\"@id\":\"https:\\\/\\\/www.gero.lu\\\/de\\\/#\\\/schema\\\/logo\\\/image\\\/\",\"url\":\"https:\\\/\\\/www.gero.lu\\\/wp-content\\\/uploads\\\/2024\\\/04\\\/logo.svg\",\"contentUrl\":\"https:\\\/\\\/www.gero.lu\\\/wp-content\\\/uploads\\\/2024\\\/04\\\/logo.svg\",\"width\":76,\"height\":30,\"caption\":\"Gero\"},\"image\":{\"@id\":\"https:\\\/\\\/www.gero.lu\\\/de\\\/#\\\/schema\\\/logo\\\/image\\\/\"},\"sameAs\":[\"https:\\\/\\\/www.facebook.com\\\/Kompetenzzenter\\\/\",\"https:\\\/\\\/www.instagram.com\\\/gero.kompetenzzenter\\\/\",\"https:\\\/\\\/linkedin.com\\\/company\\\/gero-kompetenzzenter-fir-den-alter\",\"https:\\\/\\\/www.youtube.com\\\/channel\\\/UCJvmJYSeHh3dYQsLHZupj-Q\"]}]}<\/script>\n<!-- \/ Yoast SEO Premium plugin. -->","yoast_head_json":{"title":"SIMPA: Neuer Informationsdienst - GERO","robots":{"index":"index","follow":"follow","max-snippet":"max-snippet:-1","max-image-preview":"max-image-preview:large","max-video-preview":"max-video-preview:-1"},"canonical":"https:\/\/www.gero.lu\/de\/produit\/simpa-neuer-informationsdienst","og_locale":"de_DE","og_type":"article","og_title":"SIMPA: Neuer Informationsdienst","og_description":"SIMPA ist der nationale Informations- und Mediationsdienst f\u00fcr \u00e4ltere Menschen, Angeh\u00f6rige und Dienstleister. Das SIMPA-Team informiert, ber\u00e4t und orientiert Sie \u00fcber alle verf\u00fcgbaren und zugelassenen Versorgungsangebote. Bei Konflikten mit einer Einrichtung bietet der Mediationsdienst konkrete und kostenlose Unterst\u00fctzung. Im Rahmen des Vortrags werden die verschiedenen Angebote dieses neuen Dienstes vom SIMPA-Team vorgestellt.","og_url":"https:\/\/www.gero.lu\/de\/produit\/simpa-neuer-informationsdienst","og_site_name":"GERO","article_publisher":"https:\/\/www.facebook.com\/Kompetenzzenter\/","article_modified_time":"2026-01-14T07:21:53+00:00","og_image":[{"width":1227,"height":802,"url":"https:\/\/www.gero.lu\/wp-content\/uploads\/2021\/08\/gettyimages-1135289130-2048x2048_RET-1.jpg","type":"image\/jpeg"}],"twitter_card":"summary_large_image","schema":{"@context":"https:\/\/schema.org","@graph":[{"@type":"WebPage","@id":"https:\/\/www.gero.lu\/de\/produit\/simpa-neuer-informationsdienst","url":"https:\/\/www.gero.lu\/de\/produit\/simpa-neuer-informationsdienst","name":"SIMPA: Neuer Informationsdienst - GERO","isPartOf":{"@id":"https:\/\/www.gero.lu\/de\/#website"},"datePublished":"2025-11-24T12:22:09+00:00","dateModified":"2026-01-14T07:21:53+00:00","breadcrumb":{"@id":"https:\/\/www.gero.lu\/de\/produit\/simpa-neuer-informationsdienst#breadcrumb"},"inLanguage":"de","potentialAction":[{"@type":"ReadAction","target":[["https:\/\/www.gero.lu\/de\/produit\/simpa-neuer-informationsdienst"]]}]},{"@type":"BreadcrumbList","@id":"https:\/\/www.gero.lu\/de\/produit\/simpa-neuer-informationsdienst#breadcrumb","itemListElement":[{"@type":"ListItem","position":1,"name":"Accueil","item":"https:\/\/www.gero.lu\/de\/"},{"@type":"ListItem","position":2,"name":"Shop","item":"https:\/\/www.gero.lu\/de\/shop"},{"@type":"ListItem","position":3,"name":"SIMPA: Neuer Informationsdienst"}]},{"@type":"WebSite","@id":"https:\/\/www.gero.lu\/de\/#website","url":"https:\/\/www.gero.lu\/de\/","name":"Gero","description":"Kompetenzzenter fir den Alter","publisher":{"@id":"https:\/\/www.gero.lu\/de\/#organization"},"potentialAction":[{"@type":"SearchAction","target":{"@type":"EntryPoint","urlTemplate":"https:\/\/www.gero.lu\/de\/?s={search_term_string}"},"query-input":{"@type":"PropertyValueSpecification","valueRequired":true,"valueName":"search_term_string"}}],"inLanguage":"de"},{"@type":"Organization","@id":"https:\/\/www.gero.lu\/de\/#organization","name":"Gero","url":"https:\/\/www.gero.lu\/de\/","logo":{"@type":"ImageObject","inLanguage":"de","@id":"https:\/\/www.gero.lu\/de\/#\/schema\/logo\/image\/","url":"https:\/\/www.gero.lu\/wp-content\/uploads\/2024\/04\/logo.svg","contentUrl":"https:\/\/www.gero.lu\/wp-content\/uploads\/2024\/04\/logo.svg","width":76,"height":30,"caption":"Gero"},"image":{"@id":"https:\/\/www.gero.lu\/de\/#\/schema\/logo\/image\/"},"sameAs":["https:\/\/www.facebook.com\/Kompetenzzenter\/","https:\/\/www.instagram.com\/gero.kompetenzzenter\/","https:\/\/linkedin.com\/company\/gero-kompetenzzenter-fir-den-alter","https:\/\/www.youtube.com\/channel\/UCJvmJYSeHh3dYQsLHZupj-Q"]}]}},"_links":{"self":[{"href":"https:\/\/www.gero.lu\/de\/wp-json\/wp\/v2\/product\/10334","targetHints":{"allow":["GET"]}}],"collection":[{"href":"https:\/\/www.gero.lu\/de\/wp-json\/wp\/v2\/product"}],"about":[{"href":"https:\/\/www.gero.lu\/de\/wp-json\/wp\/v2\/types\/product"}],"replies":[{"embeddable":true,"href":"https:\/\/www.gero.lu\/de\/wp-json\/wp\/v2\/comments?post=10334"}],"wp:attachment":[{"href":"https:\/\/www.gero.lu\/de\/wp-json\/wp\/v2\/media?parent=10334"}],"wp:term":[{"taxonomy":"product_brand","embeddable":true,"href":"https:\/\/www.gero.lu\/de\/wp-json\/wp\/v2\/product_brand?post=10334"},{"taxonomy":"product_cat","embeddable":true,"href":"https:\/\/www.gero.lu\/de\/wp-json\/wp\/v2\/product_cat?post=10334"},{"taxonomy":"product_tag","embeddable":true,"href":"https:\/\/www.gero.lu\/de\/wp-json\/wp\/v2\/product_tag?post=10334"}],"curies":[{"name":"wp","href":"https:\/\/api.w.org\/{rel}","templated":true}]}}