{"id":10332,"date":"2025-11-24T12:22:07","date_gmt":"2025-11-24T12:22:07","guid":{"rendered":"https:\/\/www.gero.lu\/produit\/kunstliche-intelligenz-chancen-und-risiken"},"modified":"2026-01-15T10:21:35","modified_gmt":"2026-01-15T10:21:35","slug":"kunstliche-intelligenz-chancen-und-risiken","status":"publish","type":"product","link":"https:\/\/www.gero.lu\/de\/produit\/kunstliche-intelligenz-chancen-und-risiken","title":{"rendered":"K\u00fcnstliche Intelligenz &#8211; Chancen und Risiken"},"content":{"rendered":"<p>Der Vortrag von Laura Bernardy, PhD Studentin der Informatik am SnT, Interdisciplinary Centre for Security, Reliability and Trust, der Uni Luxembourg, gibt eine gut verst\u00e4ndliche Einf\u00fchrung in das Thema K\u00fcnstliche Intelligenz. Er zeigt, wo sie uns im Alltag begegnet, und beleuchtet Risiken im Hinblick auf Datenschutz und Internetsicherheit. Zudem erfahren Sie, wie Sie sich am besten sch\u00fctzen und KI sicher als n\u00fctzliches Werkzeug einsetzen k\u00f6nnen.<\/p>\n","protected":false},"excerpt":{"rendered":"<p>Der Vortrag von Laura Bernardy, PhD Studentin der Informatik am SnT, Interdisciplinary Centre for Security, Reliability and Trust, der Uni Luxembourg, gibt eine gut verst\u00e4ndliche Einf\u00fchrung in das Thema K\u00fcnstliche Intelligenz. Er zeigt, wo sie uns im Alltag begegnet, und beleuchtet Risiken im Hinblick auf Datenschutz und Internetsicherheit. Zudem erfahren Sie, wie Sie sich am [&hellip;]<\/p>\n","protected":false},"featured_media":0,"comment_status":"closed","ping_status":"closed","template":"","meta":{"_acf_changed":false,"inline_featured_image":false},"product_brand":[],"product_cat":[228],"product_tag":[202],"class_list":{"0":"post-10332","1":"product","2":"type-product","3":"status-publish","5":"product_cat-conference","6":"product_tag-monde-digital-senior","8":"first","9":"outofstock","10":"virtual","11":"purchasable","12":"product-type-simple"},"acf":[],"yoast_head":"<!-- This site is optimized with the Yoast SEO Premium plugin v27.4 (Yoast SEO v27.5) - https:\/\/yoast.com\/product\/yoast-seo-premium-wordpress\/ -->\n<title>K\u00fcnstliche Intelligenz - Chancen und Risiken - GERO<\/title>\n<meta name=\"robots\" content=\"index, follow, max-snippet:-1, max-image-preview:large, max-video-preview:-1\" \/>\n<link rel=\"canonical\" href=\"https:\/\/www.gero.lu\/de\/produit\/kunstliche-intelligenz-chancen-und-risiken\" \/>\n<meta property=\"og:locale\" content=\"de_DE\" \/>\n<meta property=\"og:type\" content=\"article\" \/>\n<meta property=\"og:title\" content=\"K\u00fcnstliche Intelligenz - Chancen und Risiken\" \/>\n<meta property=\"og:description\" content=\"Der Vortrag von Laura Bernardy, PhD Studentin der Informatik am SnT, Interdisciplinary Centre for Security, Reliability and Trust, der Uni Luxembourg, gibt eine gut verst\u00e4ndliche Einf\u00fchrung in das Thema K\u00fcnstliche Intelligenz. Er zeigt, wo sie uns im Alltag begegnet, und beleuchtet Risiken im Hinblick auf Datenschutz und Internetsicherheit. Zudem erfahren Sie, wie Sie sich am [&hellip;]\" \/>\n<meta property=\"og:url\" content=\"https:\/\/www.gero.lu\/de\/produit\/kunstliche-intelligenz-chancen-und-risiken\" \/>\n<meta property=\"og:site_name\" content=\"GERO\" \/>\n<meta property=\"article:publisher\" content=\"https:\/\/www.facebook.com\/Kompetenzzenter\/\" \/>\n<meta property=\"article:modified_time\" content=\"2026-01-15T10:21:35+00:00\" \/>\n<meta property=\"og:image\" content=\"https:\/\/www.gero.lu\/wp-content\/uploads\/2021\/08\/gettyimages-1135289130-2048x2048_RET-1.jpg\" \/>\n\t<meta property=\"og:image:width\" content=\"1227\" \/>\n\t<meta property=\"og:image:height\" content=\"802\" \/>\n\t<meta property=\"og:image:type\" content=\"image\/jpeg\" \/>\n<meta name=\"twitter:card\" content=\"summary_large_image\" \/>\n<script type=\"application\/ld+json\" class=\"yoast-schema-graph\">{\"@context\":\"https:\\\/\\\/schema.org\",\"@graph\":[{\"@type\":\"WebPage\",\"@id\":\"https:\\\/\\\/www.gero.lu\\\/de\\\/produit\\\/kunstliche-intelligenz-chancen-und-risiken\",\"url\":\"https:\\\/\\\/www.gero.lu\\\/de\\\/produit\\\/kunstliche-intelligenz-chancen-und-risiken\",\"name\":\"K\u00fcnstliche Intelligenz - Chancen und Risiken - GERO\",\"isPartOf\":{\"@id\":\"https:\\\/\\\/www.gero.lu\\\/de\\\/#website\"},\"datePublished\":\"2025-11-24T12:22:07+00:00\",\"dateModified\":\"2026-01-15T10:21:35+00:00\",\"breadcrumb\":{\"@id\":\"https:\\\/\\\/www.gero.lu\\\/de\\\/produit\\\/kunstliche-intelligenz-chancen-und-risiken#breadcrumb\"},\"inLanguage\":\"de\",\"potentialAction\":[{\"@type\":\"ReadAction\",\"target\":[[\"https:\\\/\\\/www.gero.lu\\\/de\\\/produit\\\/kunstliche-intelligenz-chancen-und-risiken\"]]}]},{\"@type\":\"BreadcrumbList\",\"@id\":\"https:\\\/\\\/www.gero.lu\\\/de\\\/produit\\\/kunstliche-intelligenz-chancen-und-risiken#breadcrumb\",\"itemListElement\":[{\"@type\":\"ListItem\",\"position\":1,\"name\":\"Accueil\",\"item\":\"https:\\\/\\\/www.gero.lu\\\/de\\\/\"},{\"@type\":\"ListItem\",\"position\":2,\"name\":\"Shop\",\"item\":\"https:\\\/\\\/www.gero.lu\\\/de\\\/shop\"},{\"@type\":\"ListItem\",\"position\":3,\"name\":\"K\u00fcnstliche Intelligenz &#8211; Chancen und Risiken\"}]},{\"@type\":\"WebSite\",\"@id\":\"https:\\\/\\\/www.gero.lu\\\/de\\\/#website\",\"url\":\"https:\\\/\\\/www.gero.lu\\\/de\\\/\",\"name\":\"Gero\",\"description\":\"Kompetenzzenter fir den Alter\",\"publisher\":{\"@id\":\"https:\\\/\\\/www.gero.lu\\\/de\\\/#organization\"},\"potentialAction\":[{\"@type\":\"SearchAction\",\"target\":{\"@type\":\"EntryPoint\",\"urlTemplate\":\"https:\\\/\\\/www.gero.lu\\\/de\\\/?s={search_term_string}\"},\"query-input\":{\"@type\":\"PropertyValueSpecification\",\"valueRequired\":true,\"valueName\":\"search_term_string\"}}],\"inLanguage\":\"de\"},{\"@type\":\"Organization\",\"@id\":\"https:\\\/\\\/www.gero.lu\\\/de\\\/#organization\",\"name\":\"Gero\",\"url\":\"https:\\\/\\\/www.gero.lu\\\/de\\\/\",\"logo\":{\"@type\":\"ImageObject\",\"inLanguage\":\"de\",\"@id\":\"https:\\\/\\\/www.gero.lu\\\/de\\\/#\\\/schema\\\/logo\\\/image\\\/\",\"url\":\"https:\\\/\\\/www.gero.lu\\\/wp-content\\\/uploads\\\/2024\\\/04\\\/logo.svg\",\"contentUrl\":\"https:\\\/\\\/www.gero.lu\\\/wp-content\\\/uploads\\\/2024\\\/04\\\/logo.svg\",\"width\":76,\"height\":30,\"caption\":\"Gero\"},\"image\":{\"@id\":\"https:\\\/\\\/www.gero.lu\\\/de\\\/#\\\/schema\\\/logo\\\/image\\\/\"},\"sameAs\":[\"https:\\\/\\\/www.facebook.com\\\/Kompetenzzenter\\\/\",\"https:\\\/\\\/www.instagram.com\\\/gero.kompetenzzenter\\\/\",\"https:\\\/\\\/linkedin.com\\\/company\\\/gero-kompetenzzenter-fir-den-alter\",\"https:\\\/\\\/www.youtube.com\\\/channel\\\/UCJvmJYSeHh3dYQsLHZupj-Q\"]}]}<\/script>\n<!-- \/ Yoast SEO Premium plugin. -->","yoast_head_json":{"title":"K\u00fcnstliche Intelligenz - Chancen und Risiken - GERO","robots":{"index":"index","follow":"follow","max-snippet":"max-snippet:-1","max-image-preview":"max-image-preview:large","max-video-preview":"max-video-preview:-1"},"canonical":"https:\/\/www.gero.lu\/de\/produit\/kunstliche-intelligenz-chancen-und-risiken","og_locale":"de_DE","og_type":"article","og_title":"K\u00fcnstliche Intelligenz - Chancen und Risiken","og_description":"Der Vortrag von Laura Bernardy, PhD Studentin der Informatik am SnT, Interdisciplinary Centre for Security, Reliability and Trust, der Uni Luxembourg, gibt eine gut verst\u00e4ndliche Einf\u00fchrung in das Thema K\u00fcnstliche Intelligenz. Er zeigt, wo sie uns im Alltag begegnet, und beleuchtet Risiken im Hinblick auf Datenschutz und Internetsicherheit. Zudem erfahren Sie, wie Sie sich am [&hellip;]","og_url":"https:\/\/www.gero.lu\/de\/produit\/kunstliche-intelligenz-chancen-und-risiken","og_site_name":"GERO","article_publisher":"https:\/\/www.facebook.com\/Kompetenzzenter\/","article_modified_time":"2026-01-15T10:21:35+00:00","og_image":[{"width":1227,"height":802,"url":"https:\/\/www.gero.lu\/wp-content\/uploads\/2021\/08\/gettyimages-1135289130-2048x2048_RET-1.jpg","type":"image\/jpeg"}],"twitter_card":"summary_large_image","schema":{"@context":"https:\/\/schema.org","@graph":[{"@type":"WebPage","@id":"https:\/\/www.gero.lu\/de\/produit\/kunstliche-intelligenz-chancen-und-risiken","url":"https:\/\/www.gero.lu\/de\/produit\/kunstliche-intelligenz-chancen-und-risiken","name":"K\u00fcnstliche Intelligenz - Chancen und Risiken - GERO","isPartOf":{"@id":"https:\/\/www.gero.lu\/de\/#website"},"datePublished":"2025-11-24T12:22:07+00:00","dateModified":"2026-01-15T10:21:35+00:00","breadcrumb":{"@id":"https:\/\/www.gero.lu\/de\/produit\/kunstliche-intelligenz-chancen-und-risiken#breadcrumb"},"inLanguage":"de","potentialAction":[{"@type":"ReadAction","target":[["https:\/\/www.gero.lu\/de\/produit\/kunstliche-intelligenz-chancen-und-risiken"]]}]},{"@type":"BreadcrumbList","@id":"https:\/\/www.gero.lu\/de\/produit\/kunstliche-intelligenz-chancen-und-risiken#breadcrumb","itemListElement":[{"@type":"ListItem","position":1,"name":"Accueil","item":"https:\/\/www.gero.lu\/de\/"},{"@type":"ListItem","position":2,"name":"Shop","item":"https:\/\/www.gero.lu\/de\/shop"},{"@type":"ListItem","position":3,"name":"K\u00fcnstliche Intelligenz &#8211; Chancen und Risiken"}]},{"@type":"WebSite","@id":"https:\/\/www.gero.lu\/de\/#website","url":"https:\/\/www.gero.lu\/de\/","name":"Gero","description":"Kompetenzzenter fir den Alter","publisher":{"@id":"https:\/\/www.gero.lu\/de\/#organization"},"potentialAction":[{"@type":"SearchAction","target":{"@type":"EntryPoint","urlTemplate":"https:\/\/www.gero.lu\/de\/?s={search_term_string}"},"query-input":{"@type":"PropertyValueSpecification","valueRequired":true,"valueName":"search_term_string"}}],"inLanguage":"de"},{"@type":"Organization","@id":"https:\/\/www.gero.lu\/de\/#organization","name":"Gero","url":"https:\/\/www.gero.lu\/de\/","logo":{"@type":"ImageObject","inLanguage":"de","@id":"https:\/\/www.gero.lu\/de\/#\/schema\/logo\/image\/","url":"https:\/\/www.gero.lu\/wp-content\/uploads\/2024\/04\/logo.svg","contentUrl":"https:\/\/www.gero.lu\/wp-content\/uploads\/2024\/04\/logo.svg","width":76,"height":30,"caption":"Gero"},"image":{"@id":"https:\/\/www.gero.lu\/de\/#\/schema\/logo\/image\/"},"sameAs":["https:\/\/www.facebook.com\/Kompetenzzenter\/","https:\/\/www.instagram.com\/gero.kompetenzzenter\/","https:\/\/linkedin.com\/company\/gero-kompetenzzenter-fir-den-alter","https:\/\/www.youtube.com\/channel\/UCJvmJYSeHh3dYQsLHZupj-Q"]}]}},"_links":{"self":[{"href":"https:\/\/www.gero.lu\/de\/wp-json\/wp\/v2\/product\/10332","targetHints":{"allow":["GET"]}}],"collection":[{"href":"https:\/\/www.gero.lu\/de\/wp-json\/wp\/v2\/product"}],"about":[{"href":"https:\/\/www.gero.lu\/de\/wp-json\/wp\/v2\/types\/product"}],"replies":[{"embeddable":true,"href":"https:\/\/www.gero.lu\/de\/wp-json\/wp\/v2\/comments?post=10332"}],"wp:attachment":[{"href":"https:\/\/www.gero.lu\/de\/wp-json\/wp\/v2\/media?parent=10332"}],"wp:term":[{"taxonomy":"product_brand","embeddable":true,"href":"https:\/\/www.gero.lu\/de\/wp-json\/wp\/v2\/product_brand?post=10332"},{"taxonomy":"product_cat","embeddable":true,"href":"https:\/\/www.gero.lu\/de\/wp-json\/wp\/v2\/product_cat?post=10332"},{"taxonomy":"product_tag","embeddable":true,"href":"https:\/\/www.gero.lu\/de\/wp-json\/wp\/v2\/product_tag?post=10332"}],"curies":[{"name":"wp","href":"https:\/\/api.w.org\/{rel}","templated":true}]}}