{"id":10322,"date":"2025-11-24T12:21:55","date_gmt":"2025-11-24T12:21:55","guid":{"rendered":"https:\/\/www.gero.lu\/produit\/smarttalk-daten-und-gerate-schutzen"},"modified":"2026-04-20T07:10:38","modified_gmt":"2026-04-20T07:10:38","slug":"smarttalk-daten-und-gerate-schutzen","status":"publish","type":"product","link":"https:\/\/www.gero.lu\/de\/produit\/smarttalk-daten-und-gerate-schutzen","title":{"rendered":"SmartTalk: Daten und Ger\u00e4te sch\u00fctzen"},"content":{"rendered":"<p>In diesem Vortrag unter Leitung von GoldenMe asbl geht es um konkrete Schutzma\u00dfnahmen zur Pr\u00e4vention von Betrug im Internet. Sie lernen verschiedene Schutzsoftware und -dienste (z. B. Antivirus) sowie deren Vor- und Nachteile kennen. Au\u00dferdem erfahren Sie, warum es wichtig ist, Betriebssysteme und Anwendungen immer auf dem neuesten Stand zu halten und verstehen die Grundlagen der Datensicherheit sowie Methoden, wie sich Fotos, Videos, Dokumente etc. am besten sichern lassen.<\/p>\n","protected":false},"excerpt":{"rendered":"<p>In diesem Vortrag unter Leitung von GoldenMe asbl geht es um konkrete Schutzma\u00dfnahmen zur Pr\u00e4vention von Betrug im Internet. Sie lernen verschiedene Schutzsoftware und -dienste (z. B. Antivirus) sowie deren Vor- und Nachteile kennen. Au\u00dferdem erfahren Sie, warum es wichtig ist, Betriebssysteme und Anwendungen immer auf dem neuesten Stand zu halten und verstehen die Grundlagen [&hellip;]<\/p>\n","protected":false},"featured_media":0,"comment_status":"closed","ping_status":"closed","template":"","meta":{"_acf_changed":false,"inline_featured_image":false},"product_brand":[],"product_cat":[228],"product_tag":[202],"class_list":{"0":"post-10322","1":"product","2":"type-product","3":"status-publish","5":"product_cat-conference","6":"product_tag-monde-digital-senior","8":"first","9":"outofstock","10":"virtual","11":"purchasable","12":"product-type-simple"},"acf":[],"yoast_head":"<!-- This site is optimized with the Yoast SEO Premium plugin v27.4 (Yoast SEO v27.5) - https:\/\/yoast.com\/product\/yoast-seo-premium-wordpress\/ -->\n<title>SmartTalk: Daten und Ger\u00e4te sch\u00fctzen - GERO<\/title>\n<meta name=\"robots\" content=\"index, follow, max-snippet:-1, max-image-preview:large, max-video-preview:-1\" \/>\n<link rel=\"canonical\" href=\"https:\/\/www.gero.lu\/de\/produit\/smarttalk-daten-und-gerate-schutzen\" \/>\n<meta property=\"og:locale\" content=\"de_DE\" \/>\n<meta property=\"og:type\" content=\"article\" \/>\n<meta property=\"og:title\" content=\"SmartTalk: Daten und Ger\u00e4te sch\u00fctzen\" \/>\n<meta property=\"og:description\" content=\"In diesem Vortrag unter Leitung von GoldenMe asbl geht es um konkrete Schutzma\u00dfnahmen zur Pr\u00e4vention von Betrug im Internet. Sie lernen verschiedene Schutzsoftware und -dienste (z. B. Antivirus) sowie deren Vor- und Nachteile kennen. Au\u00dferdem erfahren Sie, warum es wichtig ist, Betriebssysteme und Anwendungen immer auf dem neuesten Stand zu halten und verstehen die Grundlagen [&hellip;]\" \/>\n<meta property=\"og:url\" content=\"https:\/\/www.gero.lu\/de\/produit\/smarttalk-daten-und-gerate-schutzen\" \/>\n<meta property=\"og:site_name\" content=\"GERO\" \/>\n<meta property=\"article:publisher\" content=\"https:\/\/www.facebook.com\/Kompetenzzenter\/\" \/>\n<meta property=\"article:modified_time\" content=\"2026-04-20T07:10:38+00:00\" \/>\n<meta property=\"og:image\" content=\"https:\/\/www.gero.lu\/wp-content\/uploads\/2021\/08\/gettyimages-1135289130-2048x2048_RET-1.jpg\" \/>\n\t<meta property=\"og:image:width\" content=\"1227\" \/>\n\t<meta property=\"og:image:height\" content=\"802\" \/>\n\t<meta property=\"og:image:type\" content=\"image\/jpeg\" \/>\n<meta name=\"twitter:card\" content=\"summary_large_image\" \/>\n<script type=\"application\/ld+json\" class=\"yoast-schema-graph\">{\"@context\":\"https:\\\/\\\/schema.org\",\"@graph\":[{\"@type\":\"WebPage\",\"@id\":\"https:\\\/\\\/www.gero.lu\\\/de\\\/produit\\\/smarttalk-daten-und-gerate-schutzen\",\"url\":\"https:\\\/\\\/www.gero.lu\\\/de\\\/produit\\\/smarttalk-daten-und-gerate-schutzen\",\"name\":\"SmartTalk: Daten und Ger\u00e4te sch\u00fctzen - GERO\",\"isPartOf\":{\"@id\":\"https:\\\/\\\/www.gero.lu\\\/de\\\/#website\"},\"datePublished\":\"2025-11-24T12:21:55+00:00\",\"dateModified\":\"2026-04-20T07:10:38+00:00\",\"breadcrumb\":{\"@id\":\"https:\\\/\\\/www.gero.lu\\\/de\\\/produit\\\/smarttalk-daten-und-gerate-schutzen#breadcrumb\"},\"inLanguage\":\"de\",\"potentialAction\":[{\"@type\":\"ReadAction\",\"target\":[[\"https:\\\/\\\/www.gero.lu\\\/de\\\/produit\\\/smarttalk-daten-und-gerate-schutzen\"]]}]},{\"@type\":\"BreadcrumbList\",\"@id\":\"https:\\\/\\\/www.gero.lu\\\/de\\\/produit\\\/smarttalk-daten-und-gerate-schutzen#breadcrumb\",\"itemListElement\":[{\"@type\":\"ListItem\",\"position\":1,\"name\":\"Accueil\",\"item\":\"https:\\\/\\\/www.gero.lu\\\/de\\\/\"},{\"@type\":\"ListItem\",\"position\":2,\"name\":\"Shop\",\"item\":\"https:\\\/\\\/www.gero.lu\\\/de\\\/shop\"},{\"@type\":\"ListItem\",\"position\":3,\"name\":\"SmartTalk: Daten und Ger\u00e4te sch\u00fctzen\"}]},{\"@type\":\"WebSite\",\"@id\":\"https:\\\/\\\/www.gero.lu\\\/de\\\/#website\",\"url\":\"https:\\\/\\\/www.gero.lu\\\/de\\\/\",\"name\":\"Gero\",\"description\":\"Kompetenzzenter fir den Alter\",\"publisher\":{\"@id\":\"https:\\\/\\\/www.gero.lu\\\/de\\\/#organization\"},\"potentialAction\":[{\"@type\":\"SearchAction\",\"target\":{\"@type\":\"EntryPoint\",\"urlTemplate\":\"https:\\\/\\\/www.gero.lu\\\/de\\\/?s={search_term_string}\"},\"query-input\":{\"@type\":\"PropertyValueSpecification\",\"valueRequired\":true,\"valueName\":\"search_term_string\"}}],\"inLanguage\":\"de\"},{\"@type\":\"Organization\",\"@id\":\"https:\\\/\\\/www.gero.lu\\\/de\\\/#organization\",\"name\":\"Gero\",\"url\":\"https:\\\/\\\/www.gero.lu\\\/de\\\/\",\"logo\":{\"@type\":\"ImageObject\",\"inLanguage\":\"de\",\"@id\":\"https:\\\/\\\/www.gero.lu\\\/de\\\/#\\\/schema\\\/logo\\\/image\\\/\",\"url\":\"https:\\\/\\\/www.gero.lu\\\/wp-content\\\/uploads\\\/2024\\\/04\\\/logo.svg\",\"contentUrl\":\"https:\\\/\\\/www.gero.lu\\\/wp-content\\\/uploads\\\/2024\\\/04\\\/logo.svg\",\"width\":76,\"height\":30,\"caption\":\"Gero\"},\"image\":{\"@id\":\"https:\\\/\\\/www.gero.lu\\\/de\\\/#\\\/schema\\\/logo\\\/image\\\/\"},\"sameAs\":[\"https:\\\/\\\/www.facebook.com\\\/Kompetenzzenter\\\/\",\"https:\\\/\\\/www.instagram.com\\\/gero.kompetenzzenter\\\/\",\"https:\\\/\\\/linkedin.com\\\/company\\\/gero-kompetenzzenter-fir-den-alter\",\"https:\\\/\\\/www.youtube.com\\\/channel\\\/UCJvmJYSeHh3dYQsLHZupj-Q\"]}]}<\/script>\n<!-- \/ Yoast SEO Premium plugin. -->","yoast_head_json":{"title":"SmartTalk: Daten und Ger\u00e4te sch\u00fctzen - GERO","robots":{"index":"index","follow":"follow","max-snippet":"max-snippet:-1","max-image-preview":"max-image-preview:large","max-video-preview":"max-video-preview:-1"},"canonical":"https:\/\/www.gero.lu\/de\/produit\/smarttalk-daten-und-gerate-schutzen","og_locale":"de_DE","og_type":"article","og_title":"SmartTalk: Daten und Ger\u00e4te sch\u00fctzen","og_description":"In diesem Vortrag unter Leitung von GoldenMe asbl geht es um konkrete Schutzma\u00dfnahmen zur Pr\u00e4vention von Betrug im Internet. Sie lernen verschiedene Schutzsoftware und -dienste (z. B. Antivirus) sowie deren Vor- und Nachteile kennen. Au\u00dferdem erfahren Sie, warum es wichtig ist, Betriebssysteme und Anwendungen immer auf dem neuesten Stand zu halten und verstehen die Grundlagen [&hellip;]","og_url":"https:\/\/www.gero.lu\/de\/produit\/smarttalk-daten-und-gerate-schutzen","og_site_name":"GERO","article_publisher":"https:\/\/www.facebook.com\/Kompetenzzenter\/","article_modified_time":"2026-04-20T07:10:38+00:00","og_image":[{"width":1227,"height":802,"url":"https:\/\/www.gero.lu\/wp-content\/uploads\/2021\/08\/gettyimages-1135289130-2048x2048_RET-1.jpg","type":"image\/jpeg"}],"twitter_card":"summary_large_image","schema":{"@context":"https:\/\/schema.org","@graph":[{"@type":"WebPage","@id":"https:\/\/www.gero.lu\/de\/produit\/smarttalk-daten-und-gerate-schutzen","url":"https:\/\/www.gero.lu\/de\/produit\/smarttalk-daten-und-gerate-schutzen","name":"SmartTalk: Daten und Ger\u00e4te sch\u00fctzen - GERO","isPartOf":{"@id":"https:\/\/www.gero.lu\/de\/#website"},"datePublished":"2025-11-24T12:21:55+00:00","dateModified":"2026-04-20T07:10:38+00:00","breadcrumb":{"@id":"https:\/\/www.gero.lu\/de\/produit\/smarttalk-daten-und-gerate-schutzen#breadcrumb"},"inLanguage":"de","potentialAction":[{"@type":"ReadAction","target":[["https:\/\/www.gero.lu\/de\/produit\/smarttalk-daten-und-gerate-schutzen"]]}]},{"@type":"BreadcrumbList","@id":"https:\/\/www.gero.lu\/de\/produit\/smarttalk-daten-und-gerate-schutzen#breadcrumb","itemListElement":[{"@type":"ListItem","position":1,"name":"Accueil","item":"https:\/\/www.gero.lu\/de\/"},{"@type":"ListItem","position":2,"name":"Shop","item":"https:\/\/www.gero.lu\/de\/shop"},{"@type":"ListItem","position":3,"name":"SmartTalk: Daten und Ger\u00e4te sch\u00fctzen"}]},{"@type":"WebSite","@id":"https:\/\/www.gero.lu\/de\/#website","url":"https:\/\/www.gero.lu\/de\/","name":"Gero","description":"Kompetenzzenter fir den Alter","publisher":{"@id":"https:\/\/www.gero.lu\/de\/#organization"},"potentialAction":[{"@type":"SearchAction","target":{"@type":"EntryPoint","urlTemplate":"https:\/\/www.gero.lu\/de\/?s={search_term_string}"},"query-input":{"@type":"PropertyValueSpecification","valueRequired":true,"valueName":"search_term_string"}}],"inLanguage":"de"},{"@type":"Organization","@id":"https:\/\/www.gero.lu\/de\/#organization","name":"Gero","url":"https:\/\/www.gero.lu\/de\/","logo":{"@type":"ImageObject","inLanguage":"de","@id":"https:\/\/www.gero.lu\/de\/#\/schema\/logo\/image\/","url":"https:\/\/www.gero.lu\/wp-content\/uploads\/2024\/04\/logo.svg","contentUrl":"https:\/\/www.gero.lu\/wp-content\/uploads\/2024\/04\/logo.svg","width":76,"height":30,"caption":"Gero"},"image":{"@id":"https:\/\/www.gero.lu\/de\/#\/schema\/logo\/image\/"},"sameAs":["https:\/\/www.facebook.com\/Kompetenzzenter\/","https:\/\/www.instagram.com\/gero.kompetenzzenter\/","https:\/\/linkedin.com\/company\/gero-kompetenzzenter-fir-den-alter","https:\/\/www.youtube.com\/channel\/UCJvmJYSeHh3dYQsLHZupj-Q"]}]}},"_links":{"self":[{"href":"https:\/\/www.gero.lu\/de\/wp-json\/wp\/v2\/product\/10322","targetHints":{"allow":["GET"]}}],"collection":[{"href":"https:\/\/www.gero.lu\/de\/wp-json\/wp\/v2\/product"}],"about":[{"href":"https:\/\/www.gero.lu\/de\/wp-json\/wp\/v2\/types\/product"}],"replies":[{"embeddable":true,"href":"https:\/\/www.gero.lu\/de\/wp-json\/wp\/v2\/comments?post=10322"}],"wp:attachment":[{"href":"https:\/\/www.gero.lu\/de\/wp-json\/wp\/v2\/media?parent=10322"}],"wp:term":[{"taxonomy":"product_brand","embeddable":true,"href":"https:\/\/www.gero.lu\/de\/wp-json\/wp\/v2\/product_brand?post=10322"},{"taxonomy":"product_cat","embeddable":true,"href":"https:\/\/www.gero.lu\/de\/wp-json\/wp\/v2\/product_cat?post=10322"},{"taxonomy":"product_tag","embeddable":true,"href":"https:\/\/www.gero.lu\/de\/wp-json\/wp\/v2\/product_tag?post=10322"}],"curies":[{"name":"wp","href":"https:\/\/api.w.org\/{rel}","templated":true}]}}