{"id":10319,"date":"2025-11-24T09:21:20","date_gmt":"2025-11-24T09:21:20","guid":{"rendered":"https:\/\/www.gero.lu\/produit\/christmas-special-danz-am-setzen-4"},"modified":"2026-02-25T12:21:40","modified_gmt":"2026-02-25T12:21:40","slug":"christmas-special-danz-am-setzen-4","status":"publish","type":"product","link":"https:\/\/www.gero.lu\/de\/produit\/christmas-special-danz-am-setzen-4","title":{"rendered":"Christmas Special &#8211; Danz am S\u00ebtzen"},"content":{"rendered":"<p>Tanz im Sitzen ist eine eigenst\u00e4ndige Tanzform, die speziell auf die k\u00f6rperlichen, geistigen, psychischen und sozialen Gegebenheiten \u00e4lterer Menschen abgestimmt ist. Im Vordergrund steht die Freude an der Bewegung nach Musik mit dem Ziel, das allgemeine Wohlbefinden zu steigern.<\/p>\n<p>Auch in Luxemburg erfreut sich \u201eDanz am S\u00ebtzen\u201c gro\u00dfer Beliebtheit, wie die zahlreichen Absolvent*innen der entsprechenden Weiterbildungskurse beweisen. F\u00fcr all diejenigen, die Freude an dieser Tanzform haben und \u00fcber gewisse Grundkenntnisse verf\u00fcgen, bietet GERO zur Vorweihnachtszeit wieder einen Christmas Special-Workshop an, um gemeinsam mit den Bewohner*innen die Adventszeit zu versch\u00f6nern.<\/p>\n<p>Der Kurs basiert auf dem neuen GERO-Buch \u201eSangen, Danzen, Diskut\u00e9ieren\u201c (Band 3), das neben Texten und Noten auch interessante Hintergrundinformationen und pers\u00f6nliche Anekdoten enth\u00e4lt. Diese eignen sich f\u00fcr biografieorientierte Einleitungen oder Abschl\u00fcsse. Die Sitztanzchoreografien wurden eigens von den Kursleiterinnen Claudine Menghi &amp; Edm\u00e9e Hoffmann entwickelt.<\/p>\n<p>Inhalte:<br \/>\n\u2022\tWie k\u00f6nnen Weihnachtslieder f\u00fcr T\u00e4nze, Feste und Gottesdienste eingesetzt werden?<br \/>\n\u2022\tWie lassen sich Bewohner*innen gezielt einbinden, um Konzentration und Erfolgserlebnisse zu verst\u00e4rken?<\/p>\n<p>Zielgruppe: Aide Socio-Familiale, Auxiliaire de Vie, Ergotherapeut*in, Erzieher*in, Krankenpfleger*in, Krankenpflegerhelfer*in, Physiotherapeut*in, Psycholog*in und andere relevante Berufsgruppen<\/p>\n","protected":false},"excerpt":{"rendered":"<p>Tanz im Sitzen ist eine eigenst\u00e4ndige Tanzform, die speziell auf die k\u00f6rperlichen, geistigen, psychischen und sozialen Gegebenheiten \u00e4lterer Menschen abgestimmt ist. Im Vordergrund steht die Freude an der Bewegung nach Musik mit dem Ziel, das allgemeine Wohlbefinden zu steigern. Auch in Luxemburg erfreut sich \u201eDanz am S\u00ebtzen\u201c gro\u00dfer Beliebtheit, wie die zahlreichen Absolvent*innen der entsprechenden [&hellip;]<\/p>\n","protected":false},"featured_media":0,"comment_status":"closed","ping_status":"closed","template":"","meta":{"_acf_changed":false,"inline_featured_image":false},"product_brand":[],"product_cat":[241],"product_tag":[237],"class_list":{"0":"post-10319","1":"product","2":"type-product","3":"status-publish","5":"product_cat-workshop-pro","6":"product_tag-soins-encadrement-therapie-pro","8":"first","9":"instock","10":"virtual","11":"purchasable","12":"product-type-simple"},"acf":[],"yoast_head":"<!-- This site is optimized with the Yoast SEO Premium plugin v26.5 (Yoast SEO v26.5) - https:\/\/yoast.com\/wordpress\/plugins\/seo\/ -->\n<title>Christmas Special - Danz am S\u00ebtzen - GERO<\/title>\n<meta name=\"robots\" content=\"index, follow, max-snippet:-1, max-image-preview:large, max-video-preview:-1\" \/>\n<link rel=\"canonical\" href=\"https:\/\/www.gero.lu\/de\/produit\/christmas-special-danz-am-setzen-4\" \/>\n<meta property=\"og:locale\" content=\"de_DE\" \/>\n<meta property=\"og:type\" content=\"article\" \/>\n<meta property=\"og:title\" content=\"Christmas Special - Danz am S\u00ebtzen\" \/>\n<meta property=\"og:description\" content=\"Tanz im Sitzen ist eine eigenst\u00e4ndige Tanzform, die speziell auf die k\u00f6rperlichen, geistigen, psychischen und sozialen Gegebenheiten \u00e4lterer Menschen abgestimmt ist. Im Vordergrund steht die Freude an der Bewegung nach Musik mit dem Ziel, das allgemeine Wohlbefinden zu steigern. Auch in Luxemburg erfreut sich \u201eDanz am S\u00ebtzen\u201c gro\u00dfer Beliebtheit, wie die zahlreichen Absolvent*innen der entsprechenden [&hellip;]\" \/>\n<meta property=\"og:url\" content=\"https:\/\/www.gero.lu\/de\/produit\/christmas-special-danz-am-setzen-4\" \/>\n<meta property=\"og:site_name\" content=\"GERO\" \/>\n<meta property=\"article:publisher\" content=\"https:\/\/www.facebook.com\/Kompetenzzenter\/\" \/>\n<meta property=\"article:modified_time\" content=\"2026-02-25T12:21:40+00:00\" \/>\n<meta property=\"og:image\" content=\"https:\/\/www.gero.lu\/wp-content\/uploads\/2021\/08\/gettyimages-1135289130-2048x2048_RET-1.jpg\" \/>\n\t<meta property=\"og:image:width\" content=\"1227\" \/>\n\t<meta property=\"og:image:height\" content=\"802\" \/>\n\t<meta property=\"og:image:type\" content=\"image\/jpeg\" \/>\n<meta name=\"twitter:card\" content=\"summary_large_image\" \/>\n<meta name=\"twitter:label1\" content=\"Gesch\u00e4tzte Lesezeit\" \/>\n\t<meta name=\"twitter:data1\" content=\"1\u00a0Minute\" \/>\n<script type=\"application\/ld+json\" class=\"yoast-schema-graph\">{\"@context\":\"https:\/\/schema.org\",\"@graph\":[{\"@type\":\"WebPage\",\"@id\":\"https:\/\/www.gero.lu\/de\/produit\/christmas-special-danz-am-setzen-4\",\"url\":\"https:\/\/www.gero.lu\/de\/produit\/christmas-special-danz-am-setzen-4\",\"name\":\"Christmas Special - Danz am S\u00ebtzen - GERO\",\"isPartOf\":{\"@id\":\"https:\/\/www.gero.lu\/de\/#website\"},\"datePublished\":\"2025-11-24T09:21:20+00:00\",\"dateModified\":\"2026-02-25T12:21:40+00:00\",\"breadcrumb\":{\"@id\":\"https:\/\/www.gero.lu\/de\/produit\/christmas-special-danz-am-setzen-4#breadcrumb\"},\"inLanguage\":\"de\",\"potentialAction\":[{\"@type\":\"ReadAction\",\"target\":[[\"https:\/\/www.gero.lu\/de\/produit\/christmas-special-danz-am-setzen-4\"]]}]},{\"@type\":\"BreadcrumbList\",\"@id\":\"https:\/\/www.gero.lu\/de\/produit\/christmas-special-danz-am-setzen-4#breadcrumb\",\"itemListElement\":[{\"@type\":\"ListItem\",\"position\":1,\"name\":\"Accueil\",\"item\":\"https:\/\/www.gero.lu\/de\/\"},{\"@type\":\"ListItem\",\"position\":2,\"name\":\"Shop\",\"item\":\"https:\/\/www.gero.lu\/de\/shop\"},{\"@type\":\"ListItem\",\"position\":3,\"name\":\"Christmas Special &#8211; Danz am S\u00ebtzen\"}]},{\"@type\":\"WebSite\",\"@id\":\"https:\/\/www.gero.lu\/de\/#website\",\"url\":\"https:\/\/www.gero.lu\/de\/\",\"name\":\"Gero\",\"description\":\"Kompetenzzenter fir den Alter\",\"publisher\":{\"@id\":\"https:\/\/www.gero.lu\/de\/#organization\"},\"potentialAction\":[{\"@type\":\"SearchAction\",\"target\":{\"@type\":\"EntryPoint\",\"urlTemplate\":\"https:\/\/www.gero.lu\/de\/?s={search_term_string}\"},\"query-input\":{\"@type\":\"PropertyValueSpecification\",\"valueRequired\":true,\"valueName\":\"search_term_string\"}}],\"inLanguage\":\"de\"},{\"@type\":\"Organization\",\"@id\":\"https:\/\/www.gero.lu\/de\/#organization\",\"name\":\"Gero\",\"url\":\"https:\/\/www.gero.lu\/de\/\",\"logo\":{\"@type\":\"ImageObject\",\"inLanguage\":\"de\",\"@id\":\"https:\/\/www.gero.lu\/de\/#\/schema\/logo\/image\/\",\"url\":\"https:\/\/www.gero.lu\/wp-content\/uploads\/2024\/04\/logo.svg\",\"contentUrl\":\"https:\/\/www.gero.lu\/wp-content\/uploads\/2024\/04\/logo.svg\",\"width\":76,\"height\":30,\"caption\":\"Gero\"},\"image\":{\"@id\":\"https:\/\/www.gero.lu\/de\/#\/schema\/logo\/image\/\"},\"sameAs\":[\"https:\/\/www.facebook.com\/Kompetenzzenter\/\",\"https:\/\/www.instagram.com\/gero.kompetenzzenter\/\",\"https:\/\/linkedin.com\/company\/gero-kompetenzzenter-fir-den-alter\",\"https:\/\/www.youtube.com\/channel\/UCJvmJYSeHh3dYQsLHZupj-Q\"]}]}<\/script>\n<!-- \/ Yoast SEO Premium plugin. -->","yoast_head_json":{"title":"Christmas Special - Danz am S\u00ebtzen - GERO","robots":{"index":"index","follow":"follow","max-snippet":"max-snippet:-1","max-image-preview":"max-image-preview:large","max-video-preview":"max-video-preview:-1"},"canonical":"https:\/\/www.gero.lu\/de\/produit\/christmas-special-danz-am-setzen-4","og_locale":"de_DE","og_type":"article","og_title":"Christmas Special - Danz am S\u00ebtzen","og_description":"Tanz im Sitzen ist eine eigenst\u00e4ndige Tanzform, die speziell auf die k\u00f6rperlichen, geistigen, psychischen und sozialen Gegebenheiten \u00e4lterer Menschen abgestimmt ist. Im Vordergrund steht die Freude an der Bewegung nach Musik mit dem Ziel, das allgemeine Wohlbefinden zu steigern. Auch in Luxemburg erfreut sich \u201eDanz am S\u00ebtzen\u201c gro\u00dfer Beliebtheit, wie die zahlreichen Absolvent*innen der entsprechenden [&hellip;]","og_url":"https:\/\/www.gero.lu\/de\/produit\/christmas-special-danz-am-setzen-4","og_site_name":"GERO","article_publisher":"https:\/\/www.facebook.com\/Kompetenzzenter\/","article_modified_time":"2026-02-25T12:21:40+00:00","og_image":[{"width":1227,"height":802,"url":"https:\/\/www.gero.lu\/wp-content\/uploads\/2021\/08\/gettyimages-1135289130-2048x2048_RET-1.jpg","type":"image\/jpeg"}],"twitter_card":"summary_large_image","twitter_misc":{"Gesch\u00e4tzte Lesezeit":"1\u00a0Minute"},"schema":{"@context":"https:\/\/schema.org","@graph":[{"@type":"WebPage","@id":"https:\/\/www.gero.lu\/de\/produit\/christmas-special-danz-am-setzen-4","url":"https:\/\/www.gero.lu\/de\/produit\/christmas-special-danz-am-setzen-4","name":"Christmas Special - Danz am S\u00ebtzen - GERO","isPartOf":{"@id":"https:\/\/www.gero.lu\/de\/#website"},"datePublished":"2025-11-24T09:21:20+00:00","dateModified":"2026-02-25T12:21:40+00:00","breadcrumb":{"@id":"https:\/\/www.gero.lu\/de\/produit\/christmas-special-danz-am-setzen-4#breadcrumb"},"inLanguage":"de","potentialAction":[{"@type":"ReadAction","target":[["https:\/\/www.gero.lu\/de\/produit\/christmas-special-danz-am-setzen-4"]]}]},{"@type":"BreadcrumbList","@id":"https:\/\/www.gero.lu\/de\/produit\/christmas-special-danz-am-setzen-4#breadcrumb","itemListElement":[{"@type":"ListItem","position":1,"name":"Accueil","item":"https:\/\/www.gero.lu\/de\/"},{"@type":"ListItem","position":2,"name":"Shop","item":"https:\/\/www.gero.lu\/de\/shop"},{"@type":"ListItem","position":3,"name":"Christmas Special &#8211; Danz am S\u00ebtzen"}]},{"@type":"WebSite","@id":"https:\/\/www.gero.lu\/de\/#website","url":"https:\/\/www.gero.lu\/de\/","name":"Gero","description":"Kompetenzzenter fir den Alter","publisher":{"@id":"https:\/\/www.gero.lu\/de\/#organization"},"potentialAction":[{"@type":"SearchAction","target":{"@type":"EntryPoint","urlTemplate":"https:\/\/www.gero.lu\/de\/?s={search_term_string}"},"query-input":{"@type":"PropertyValueSpecification","valueRequired":true,"valueName":"search_term_string"}}],"inLanguage":"de"},{"@type":"Organization","@id":"https:\/\/www.gero.lu\/de\/#organization","name":"Gero","url":"https:\/\/www.gero.lu\/de\/","logo":{"@type":"ImageObject","inLanguage":"de","@id":"https:\/\/www.gero.lu\/de\/#\/schema\/logo\/image\/","url":"https:\/\/www.gero.lu\/wp-content\/uploads\/2024\/04\/logo.svg","contentUrl":"https:\/\/www.gero.lu\/wp-content\/uploads\/2024\/04\/logo.svg","width":76,"height":30,"caption":"Gero"},"image":{"@id":"https:\/\/www.gero.lu\/de\/#\/schema\/logo\/image\/"},"sameAs":["https:\/\/www.facebook.com\/Kompetenzzenter\/","https:\/\/www.instagram.com\/gero.kompetenzzenter\/","https:\/\/linkedin.com\/company\/gero-kompetenzzenter-fir-den-alter","https:\/\/www.youtube.com\/channel\/UCJvmJYSeHh3dYQsLHZupj-Q"]}]}},"_links":{"self":[{"href":"https:\/\/www.gero.lu\/de\/wp-json\/wp\/v2\/product\/10319","targetHints":{"allow":["GET"]}}],"collection":[{"href":"https:\/\/www.gero.lu\/de\/wp-json\/wp\/v2\/product"}],"about":[{"href":"https:\/\/www.gero.lu\/de\/wp-json\/wp\/v2\/types\/product"}],"replies":[{"embeddable":true,"href":"https:\/\/www.gero.lu\/de\/wp-json\/wp\/v2\/comments?post=10319"}],"wp:attachment":[{"href":"https:\/\/www.gero.lu\/de\/wp-json\/wp\/v2\/media?parent=10319"}],"wp:term":[{"taxonomy":"product_brand","embeddable":true,"href":"https:\/\/www.gero.lu\/de\/wp-json\/wp\/v2\/product_brand?post=10319"},{"taxonomy":"product_cat","embeddable":true,"href":"https:\/\/www.gero.lu\/de\/wp-json\/wp\/v2\/product_cat?post=10319"},{"taxonomy":"product_tag","embeddable":true,"href":"https:\/\/www.gero.lu\/de\/wp-json\/wp\/v2\/product_tag?post=10319"}],"curies":[{"name":"wp","href":"https:\/\/api.w.org\/{rel}","templated":true}]}}