{"id":10045,"date":"2025-10-01T08:28:52","date_gmt":"2025-10-01T08:28:52","guid":{"rendered":"https:\/\/www.gero.lu\/produit\/pre-deuil-et-deuil-comprendre-communiquer-et-accompagner-agrement-2025-agr-01-002"},"modified":"2026-02-26T16:22:27","modified_gmt":"2026-02-26T16:22:27","slug":"pre-deuil-et-deuil-comprendre-communiquer-et-accompagner-agrement-2025-agr-01-002","status":"publish","type":"product","link":"https:\/\/www.gero.lu\/de\/produit\/pre-deuil-et-deuil-comprendre-communiquer-et-accompagner-agrement-2025-agr-01-002","title":{"rendered":"Pr\u00e9-Deuil et Deuil : comprendre, communiquer et accompagner (Agr\u00e9ment: 2025-AGR-12-003)"},"content":{"rendered":"<p>Formation continue agr\u00e9\u00e9 conform\u00e9ment \u00e0 l&#8217;article 12 de la loi modifi\u00e9e du 26 mars 1992 sur l&#8217;exercice et la revalorisation de certaines professions de sant\u00e9. Agr\u00e9ment MISA : Agr\u00e9ment: 2025-AGR-12-003<\/p>\n<p>Les professionnels de sant\u00e9 sont ou seront tous un jour expos\u00e9s \u00e0 la mort d\u2019un r\u00e9sident\/patient et au deuil de ses proches. Pour la plupart, leur formation initiale a tr\u00e8s peu abord\u00e9 ce sujet et ils se sentent bien d\u00e9munis et parfois m\u00eame maladroits dans de telles situations. Cette formation leur apporte les connaissances th\u00e9oriques et pratiques pour comprendre ce qui se joue pour les endeuill\u00e9s et en eux et pour communiquer avec plus d\u2019aisance. <\/p>\n<p>Contenu :<br \/>\n\uf02d\tComprendre le deuil blanc et le pr\u00e9 deuil : focus sur ce qui se joue pour le r\u00e9sident vieillissant et\/ou malade qui d\u00e9cline progressivement, pour sa famille et pour les encadrants.<br \/>\n\uf02d\tComprendre le processus et le travail de deuil des adultes en g\u00e9n\u00e9ral (focus sur les premiers temps du deuil)<br \/>\n\uf02d\tR\u00e9fl\u00e9chir ensemble et explorer les sp\u00e9cificit\u00e9s du deuil du professionnel de sant\u00e9<br \/>\n\uf02d\tSavoir mieux communiquer avec les familles\/proches du patient d\u00e9c\u00e9d\u00e9 (ou en FDV) &amp; r\u00f4le et impact des soignants dans le processus de deuil des familles<br \/>\n\uf02d\tD\u00e9velopper une approche compassionnelle pour soi et pour l\u2019autre<\/p>\n<p>Public cible :<br \/>\nAide-soignant\u00b7e, Aide socio-familiale, Auxiliaire de vie, \u00c9ducateur\u00b7rice, Ergoth\u00e9rapeute, Infirmier\u00b7\u00e8re, Kin\u00e9sith\u00e9rapeute, Psychologue et autres professions pertinentes<\/p>\n","protected":false},"excerpt":{"rendered":"<p>Formation continue agr\u00e9\u00e9 conform\u00e9ment \u00e0 l&#8217;article 12 de la loi modifi\u00e9e du 26 mars 1992 sur l&#8217;exercice et la revalorisation de certaines professions de sant\u00e9. Agr\u00e9ment MISA : Agr\u00e9ment: 2025-AGR-12-003 Les professionnels de sant\u00e9 sont ou seront tous un jour expos\u00e9s \u00e0 la mort d\u2019un r\u00e9sident\/patient et au deuil de ses proches. Pour la plupart, [&hellip;]<\/p>\n","protected":false},"featured_media":0,"comment_status":"closed","ping_status":"closed","template":"","meta":{"_acf_changed":false,"inline_featured_image":false},"product_brand":[],"product_cat":[239],"product_tag":[237],"class_list":{"0":"post-10045","1":"product","2":"type-product","3":"status-publish","5":"product_cat-cours-pro","6":"product_tag-soins-encadrement-therapie-pro","8":"first","9":"instock","10":"virtual","11":"purchasable","12":"product-type-simple"},"acf":[],"yoast_head":"<!-- This site is optimized with the Yoast SEO Premium plugin v26.5 (Yoast SEO v26.5) - https:\/\/yoast.com\/wordpress\/plugins\/seo\/ -->\n<title>Pr\u00e9-Deuil et Deuil : comprendre, communiquer et accompagner (Agr\u00e9ment: 2025-AGR-12-003) - GERO<\/title>\n<meta name=\"robots\" content=\"index, follow, max-snippet:-1, max-image-preview:large, max-video-preview:-1\" \/>\n<link rel=\"canonical\" href=\"https:\/\/www.gero.lu\/de\/produit\/pre-deuil-et-deuil-comprendre-communiquer-et-accompagner-agrement-2025-agr-01-002\" \/>\n<meta property=\"og:locale\" content=\"de_DE\" \/>\n<meta property=\"og:type\" content=\"article\" \/>\n<meta property=\"og:title\" content=\"Pr\u00e9-Deuil et Deuil : comprendre, communiquer et accompagner (Agr\u00e9ment: 2025-AGR-12-003)\" \/>\n<meta property=\"og:description\" content=\"Formation continue agr\u00e9\u00e9 conform\u00e9ment \u00e0 l&#8217;article 12 de la loi modifi\u00e9e du 26 mars 1992 sur l&#8217;exercice et la revalorisation de certaines professions de sant\u00e9. Agr\u00e9ment MISA : Agr\u00e9ment: 2025-AGR-12-003 Les professionnels de sant\u00e9 sont ou seront tous un jour expos\u00e9s \u00e0 la mort d\u2019un r\u00e9sident\/patient et au deuil de ses proches. Pour la plupart, [&hellip;]\" \/>\n<meta property=\"og:url\" content=\"https:\/\/www.gero.lu\/de\/produit\/pre-deuil-et-deuil-comprendre-communiquer-et-accompagner-agrement-2025-agr-01-002\" \/>\n<meta property=\"og:site_name\" content=\"GERO\" \/>\n<meta property=\"article:publisher\" content=\"https:\/\/www.facebook.com\/Kompetenzzenter\/\" \/>\n<meta property=\"article:modified_time\" content=\"2026-02-26T16:22:27+00:00\" \/>\n<meta property=\"og:image\" content=\"https:\/\/www.gero.lu\/wp-content\/uploads\/2021\/08\/gettyimages-1135289130-2048x2048_RET-1.jpg\" \/>\n\t<meta property=\"og:image:width\" content=\"1227\" \/>\n\t<meta property=\"og:image:height\" content=\"802\" \/>\n\t<meta property=\"og:image:type\" content=\"image\/jpeg\" \/>\n<meta name=\"twitter:card\" content=\"summary_large_image\" \/>\n<meta name=\"twitter:label1\" content=\"Gesch\u00e4tzte Lesezeit\" \/>\n\t<meta name=\"twitter:data1\" content=\"1\u00a0Minute\" \/>\n<script type=\"application\/ld+json\" class=\"yoast-schema-graph\">{\"@context\":\"https:\/\/schema.org\",\"@graph\":[{\"@type\":\"WebPage\",\"@id\":\"https:\/\/www.gero.lu\/de\/produit\/pre-deuil-et-deuil-comprendre-communiquer-et-accompagner-agrement-2025-agr-01-002\",\"url\":\"https:\/\/www.gero.lu\/de\/produit\/pre-deuil-et-deuil-comprendre-communiquer-et-accompagner-agrement-2025-agr-01-002\",\"name\":\"Pr\u00e9-Deuil et Deuil : comprendre, communiquer et accompagner (Agr\u00e9ment: 2025-AGR-12-003) - GERO\",\"isPartOf\":{\"@id\":\"https:\/\/www.gero.lu\/de\/#website\"},\"datePublished\":\"2025-10-01T08:28:52+00:00\",\"dateModified\":\"2026-02-26T16:22:27+00:00\",\"breadcrumb\":{\"@id\":\"https:\/\/www.gero.lu\/de\/produit\/pre-deuil-et-deuil-comprendre-communiquer-et-accompagner-agrement-2025-agr-01-002#breadcrumb\"},\"inLanguage\":\"de\",\"potentialAction\":[{\"@type\":\"ReadAction\",\"target\":[[\"https:\/\/www.gero.lu\/de\/produit\/pre-deuil-et-deuil-comprendre-communiquer-et-accompagner-agrement-2025-agr-01-002\"]]}]},{\"@type\":\"BreadcrumbList\",\"@id\":\"https:\/\/www.gero.lu\/de\/produit\/pre-deuil-et-deuil-comprendre-communiquer-et-accompagner-agrement-2025-agr-01-002#breadcrumb\",\"itemListElement\":[{\"@type\":\"ListItem\",\"position\":1,\"name\":\"Accueil\",\"item\":\"https:\/\/www.gero.lu\/de\/\"},{\"@type\":\"ListItem\",\"position\":2,\"name\":\"Shop\",\"item\":\"https:\/\/www.gero.lu\/de\/shop\"},{\"@type\":\"ListItem\",\"position\":3,\"name\":\"Pr\u00e9-Deuil et Deuil : comprendre, communiquer et accompagner (Agr\u00e9ment : 2025-AGR-01-002)\"}]},{\"@type\":\"WebSite\",\"@id\":\"https:\/\/www.gero.lu\/de\/#website\",\"url\":\"https:\/\/www.gero.lu\/de\/\",\"name\":\"Gero\",\"description\":\"Kompetenzzenter fir den Alter\",\"publisher\":{\"@id\":\"https:\/\/www.gero.lu\/de\/#organization\"},\"potentialAction\":[{\"@type\":\"SearchAction\",\"target\":{\"@type\":\"EntryPoint\",\"urlTemplate\":\"https:\/\/www.gero.lu\/de\/?s={search_term_string}\"},\"query-input\":{\"@type\":\"PropertyValueSpecification\",\"valueRequired\":true,\"valueName\":\"search_term_string\"}}],\"inLanguage\":\"de\"},{\"@type\":\"Organization\",\"@id\":\"https:\/\/www.gero.lu\/de\/#organization\",\"name\":\"Gero\",\"url\":\"https:\/\/www.gero.lu\/de\/\",\"logo\":{\"@type\":\"ImageObject\",\"inLanguage\":\"de\",\"@id\":\"https:\/\/www.gero.lu\/de\/#\/schema\/logo\/image\/\",\"url\":\"https:\/\/www.gero.lu\/wp-content\/uploads\/2024\/04\/logo.svg\",\"contentUrl\":\"https:\/\/www.gero.lu\/wp-content\/uploads\/2024\/04\/logo.svg\",\"width\":76,\"height\":30,\"caption\":\"Gero\"},\"image\":{\"@id\":\"https:\/\/www.gero.lu\/de\/#\/schema\/logo\/image\/\"},\"sameAs\":[\"https:\/\/www.facebook.com\/Kompetenzzenter\/\",\"https:\/\/www.instagram.com\/gero.kompetenzzenter\/\",\"https:\/\/linkedin.com\/company\/gero-kompetenzzenter-fir-den-alter\",\"https:\/\/www.youtube.com\/channel\/UCJvmJYSeHh3dYQsLHZupj-Q\"]}]}<\/script>\n<!-- \/ Yoast SEO Premium plugin. -->","yoast_head_json":{"title":"Pr\u00e9-Deuil et Deuil : comprendre, communiquer et accompagner (Agr\u00e9ment: 2025-AGR-12-003) - GERO","robots":{"index":"index","follow":"follow","max-snippet":"max-snippet:-1","max-image-preview":"max-image-preview:large","max-video-preview":"max-video-preview:-1"},"canonical":"https:\/\/www.gero.lu\/de\/produit\/pre-deuil-et-deuil-comprendre-communiquer-et-accompagner-agrement-2025-agr-01-002","og_locale":"de_DE","og_type":"article","og_title":"Pr\u00e9-Deuil et Deuil : comprendre, communiquer et accompagner (Agr\u00e9ment: 2025-AGR-12-003)","og_description":"Formation continue agr\u00e9\u00e9 conform\u00e9ment \u00e0 l&#8217;article 12 de la loi modifi\u00e9e du 26 mars 1992 sur l&#8217;exercice et la revalorisation de certaines professions de sant\u00e9. Agr\u00e9ment MISA : Agr\u00e9ment: 2025-AGR-12-003 Les professionnels de sant\u00e9 sont ou seront tous un jour expos\u00e9s \u00e0 la mort d\u2019un r\u00e9sident\/patient et au deuil de ses proches. Pour la plupart, [&hellip;]","og_url":"https:\/\/www.gero.lu\/de\/produit\/pre-deuil-et-deuil-comprendre-communiquer-et-accompagner-agrement-2025-agr-01-002","og_site_name":"GERO","article_publisher":"https:\/\/www.facebook.com\/Kompetenzzenter\/","article_modified_time":"2026-02-26T16:22:27+00:00","og_image":[{"width":1227,"height":802,"url":"https:\/\/www.gero.lu\/wp-content\/uploads\/2021\/08\/gettyimages-1135289130-2048x2048_RET-1.jpg","type":"image\/jpeg"}],"twitter_card":"summary_large_image","twitter_misc":{"Gesch\u00e4tzte Lesezeit":"1\u00a0Minute"},"schema":{"@context":"https:\/\/schema.org","@graph":[{"@type":"WebPage","@id":"https:\/\/www.gero.lu\/de\/produit\/pre-deuil-et-deuil-comprendre-communiquer-et-accompagner-agrement-2025-agr-01-002","url":"https:\/\/www.gero.lu\/de\/produit\/pre-deuil-et-deuil-comprendre-communiquer-et-accompagner-agrement-2025-agr-01-002","name":"Pr\u00e9-Deuil et Deuil : comprendre, communiquer et accompagner (Agr\u00e9ment: 2025-AGR-12-003) - GERO","isPartOf":{"@id":"https:\/\/www.gero.lu\/de\/#website"},"datePublished":"2025-10-01T08:28:52+00:00","dateModified":"2026-02-26T16:22:27+00:00","breadcrumb":{"@id":"https:\/\/www.gero.lu\/de\/produit\/pre-deuil-et-deuil-comprendre-communiquer-et-accompagner-agrement-2025-agr-01-002#breadcrumb"},"inLanguage":"de","potentialAction":[{"@type":"ReadAction","target":[["https:\/\/www.gero.lu\/de\/produit\/pre-deuil-et-deuil-comprendre-communiquer-et-accompagner-agrement-2025-agr-01-002"]]}]},{"@type":"BreadcrumbList","@id":"https:\/\/www.gero.lu\/de\/produit\/pre-deuil-et-deuil-comprendre-communiquer-et-accompagner-agrement-2025-agr-01-002#breadcrumb","itemListElement":[{"@type":"ListItem","position":1,"name":"Accueil","item":"https:\/\/www.gero.lu\/de\/"},{"@type":"ListItem","position":2,"name":"Shop","item":"https:\/\/www.gero.lu\/de\/shop"},{"@type":"ListItem","position":3,"name":"Pr\u00e9-Deuil et Deuil : comprendre, communiquer et accompagner (Agr\u00e9ment : 2025-AGR-01-002)"}]},{"@type":"WebSite","@id":"https:\/\/www.gero.lu\/de\/#website","url":"https:\/\/www.gero.lu\/de\/","name":"Gero","description":"Kompetenzzenter fir den Alter","publisher":{"@id":"https:\/\/www.gero.lu\/de\/#organization"},"potentialAction":[{"@type":"SearchAction","target":{"@type":"EntryPoint","urlTemplate":"https:\/\/www.gero.lu\/de\/?s={search_term_string}"},"query-input":{"@type":"PropertyValueSpecification","valueRequired":true,"valueName":"search_term_string"}}],"inLanguage":"de"},{"@type":"Organization","@id":"https:\/\/www.gero.lu\/de\/#organization","name":"Gero","url":"https:\/\/www.gero.lu\/de\/","logo":{"@type":"ImageObject","inLanguage":"de","@id":"https:\/\/www.gero.lu\/de\/#\/schema\/logo\/image\/","url":"https:\/\/www.gero.lu\/wp-content\/uploads\/2024\/04\/logo.svg","contentUrl":"https:\/\/www.gero.lu\/wp-content\/uploads\/2024\/04\/logo.svg","width":76,"height":30,"caption":"Gero"},"image":{"@id":"https:\/\/www.gero.lu\/de\/#\/schema\/logo\/image\/"},"sameAs":["https:\/\/www.facebook.com\/Kompetenzzenter\/","https:\/\/www.instagram.com\/gero.kompetenzzenter\/","https:\/\/linkedin.com\/company\/gero-kompetenzzenter-fir-den-alter","https:\/\/www.youtube.com\/channel\/UCJvmJYSeHh3dYQsLHZupj-Q"]}]}},"_links":{"self":[{"href":"https:\/\/www.gero.lu\/de\/wp-json\/wp\/v2\/product\/10045","targetHints":{"allow":["GET"]}}],"collection":[{"href":"https:\/\/www.gero.lu\/de\/wp-json\/wp\/v2\/product"}],"about":[{"href":"https:\/\/www.gero.lu\/de\/wp-json\/wp\/v2\/types\/product"}],"replies":[{"embeddable":true,"href":"https:\/\/www.gero.lu\/de\/wp-json\/wp\/v2\/comments?post=10045"}],"wp:attachment":[{"href":"https:\/\/www.gero.lu\/de\/wp-json\/wp\/v2\/media?parent=10045"}],"wp:term":[{"taxonomy":"product_brand","embeddable":true,"href":"https:\/\/www.gero.lu\/de\/wp-json\/wp\/v2\/product_brand?post=10045"},{"taxonomy":"product_cat","embeddable":true,"href":"https:\/\/www.gero.lu\/de\/wp-json\/wp\/v2\/product_cat?post=10045"},{"taxonomy":"product_tag","embeddable":true,"href":"https:\/\/www.gero.lu\/de\/wp-json\/wp\/v2\/product_tag?post=10045"}],"curies":[{"name":"wp","href":"https:\/\/api.w.org\/{rel}","templated":true}]}}