{"id":10003,"date":"2025-09-25T11:22:38","date_gmt":"2025-09-25T11:22:38","guid":{"rendered":"https:\/\/www.gero.lu\/produit\/lart-de-la-motivation-dans-un-temps-difficile"},"modified":"2026-01-08T14:21:45","modified_gmt":"2026-01-08T14:21:45","slug":"lart-de-la-motivation-dans-un-temps-difficile","status":"publish","type":"product","link":"https:\/\/www.gero.lu\/de\/produit\/lart-de-la-motivation-dans-un-temps-difficile","title":{"rendered":"L\u2019art de la motivation \u2013 dans un temps difficile"},"content":{"rendered":"<p>Dans le dernier temps, la question de la motivation des employ\u00e9s se pose avec toujours plus d\u2019urgence. L\u2019accueil et l\u2019int\u00e9gration des jeunes, assurer la qualit\u00e9 du travail au quotidien et l\u2019\u00e9nergie des employ\u00e9s avec une grande anciennet\u00e9 basculent syst\u00e9matiquement entre une vraie passion pour le m\u00e9tier et les ph\u00e9nom\u00e8nes d\u2019absent\u00e9isme jusqu\u2019au burn-out. Ce n\u2019est pas facile pour tous ceux qui jouent le r\u00f4le du responsable dans ce contexte donn\u00e9. Comment motiver ses \u00e9quipes \u00e0 faire un travail de qualit\u00e9, voire d\u2019excellence pour les b\u00e9n\u00e9ficiaires qui m\u00e9ritent le meilleur de nous ? L\u2019objectif de cette formation est d\u2019apporter \u00e0 la fois des connaissances solides sur la psychologie de la motivation, de permettre de comprendre comment cr\u00e9er un cadre de travail motivant et de r\u00e9fl\u00e9chir aux leviers concrets pour favoriser la motivation dans le contexte exigeant de la continuit\u00e9 et des projets de changement.<\/p>\n<p>Au programme : <\/p>\n<p>&#8211;\tLes d\u00e9finitions et le terme \u00ab motivation \u00bb :  cherchez surtout de ne pas d\u00e9motiver !<br \/>\n&#8211;\tLes mod\u00e8les les plus utiles : de la pyramide des besoins jusqu\u2019au neurosciences appliqu\u00e9es (approche du neuro-leadership)<br \/>\n&#8211;\tLadite \u201er\u00e9sistance\u201c : analyse critique et adieu \u00e0 un ph\u00e9nom\u00e8ne tr\u00e8s connu&#8230; !?<br \/>\n&#8211;\tSoyez exigeant ! Comment motiver avec l\u2019outil de des objectifs et des r\u00e9sultats ?<br \/>\n&#8211;\tMotiver pour un travail de continuit\u00e9 (attitude de service au \u00ab client \u00bb, \u2018Dienstleister sein\u2019)<br \/>\n&#8211;\tSe reconnecter avec la passion pour les beaux m\u00e9tiers du domaine des soins<br \/>\n&#8211;\tLa motivation : c\u2019est finalement un art tr\u00e8s individuel&#8230;<\/p>\n<p>Public cible :<br \/>\nCadres\/responsables d\u2019\u00e9quipe et ceux qui aspirent \u00e0 le devenir<\/p>\n","protected":false},"excerpt":{"rendered":"<p>Dans le dernier temps, la question de la motivation des employ\u00e9s se pose avec toujours plus d\u2019urgence. L\u2019accueil et l\u2019int\u00e9gration des jeunes, assurer la qualit\u00e9 du travail au quotidien et l\u2019\u00e9nergie des employ\u00e9s avec une grande anciennet\u00e9 basculent syst\u00e9matiquement entre une vraie passion pour le m\u00e9tier et les ph\u00e9nom\u00e8nes d\u2019absent\u00e9isme jusqu\u2019au burn-out. Ce n\u2019est pas [&hellip;]<\/p>\n","protected":false},"featured_media":0,"comment_status":"closed","ping_status":"closed","template":"","meta":{"_acf_changed":false,"inline_featured_image":false},"product_brand":[],"product_cat":[239],"product_tag":[233],"class_list":{"0":"post-10003","1":"product","2":"type-product","3":"status-publish","5":"product_cat-cours-pro","6":"product_tag-management-leadership-pro","8":"first","9":"instock","10":"virtual","11":"purchasable","12":"product-type-simple"},"acf":[],"yoast_head":"<!-- This site is optimized with the Yoast SEO Premium plugin v26.5 (Yoast SEO v26.5) - https:\/\/yoast.com\/wordpress\/plugins\/seo\/ -->\n<title>L\u2019art de la motivation \u2013 dans un temps difficile - GERO<\/title>\n<meta name=\"robots\" content=\"index, follow, max-snippet:-1, max-image-preview:large, max-video-preview:-1\" \/>\n<link rel=\"canonical\" href=\"https:\/\/www.gero.lu\/de\/produit\/lart-de-la-motivation-dans-un-temps-difficile\" \/>\n<meta property=\"og:locale\" content=\"de_DE\" \/>\n<meta property=\"og:type\" content=\"article\" \/>\n<meta property=\"og:title\" content=\"L\u2019art de la motivation \u2013 dans un temps difficile\" \/>\n<meta property=\"og:description\" content=\"Dans le dernier temps, la question de la motivation des employ\u00e9s se pose avec toujours plus d\u2019urgence. L\u2019accueil et l\u2019int\u00e9gration des jeunes, assurer la qualit\u00e9 du travail au quotidien et l\u2019\u00e9nergie des employ\u00e9s avec une grande anciennet\u00e9 basculent syst\u00e9matiquement entre une vraie passion pour le m\u00e9tier et les ph\u00e9nom\u00e8nes d\u2019absent\u00e9isme jusqu\u2019au burn-out. Ce n\u2019est pas [&hellip;]\" \/>\n<meta property=\"og:url\" content=\"https:\/\/www.gero.lu\/de\/produit\/lart-de-la-motivation-dans-un-temps-difficile\" \/>\n<meta property=\"og:site_name\" content=\"GERO\" \/>\n<meta property=\"article:publisher\" content=\"https:\/\/www.facebook.com\/Kompetenzzenter\/\" \/>\n<meta property=\"article:modified_time\" content=\"2026-01-08T14:21:45+00:00\" \/>\n<meta property=\"og:image\" content=\"https:\/\/www.gero.lu\/wp-content\/uploads\/2021\/08\/gettyimages-1135289130-2048x2048_RET-1.jpg\" \/>\n\t<meta property=\"og:image:width\" content=\"1227\" \/>\n\t<meta property=\"og:image:height\" content=\"802\" \/>\n\t<meta property=\"og:image:type\" content=\"image\/jpeg\" \/>\n<meta name=\"twitter:card\" content=\"summary_large_image\" \/>\n<meta name=\"twitter:label1\" content=\"Gesch\u00e4tzte Lesezeit\" \/>\n\t<meta name=\"twitter:data1\" content=\"1\u00a0Minute\" \/>\n<script type=\"application\/ld+json\" class=\"yoast-schema-graph\">{\"@context\":\"https:\/\/schema.org\",\"@graph\":[{\"@type\":\"WebPage\",\"@id\":\"https:\/\/www.gero.lu\/de\/produit\/lart-de-la-motivation-dans-un-temps-difficile\",\"url\":\"https:\/\/www.gero.lu\/de\/produit\/lart-de-la-motivation-dans-un-temps-difficile\",\"name\":\"L\u2019art de la motivation \u2013 dans un temps difficile - GERO\",\"isPartOf\":{\"@id\":\"https:\/\/www.gero.lu\/de\/#website\"},\"datePublished\":\"2025-09-25T11:22:38+00:00\",\"dateModified\":\"2026-01-08T14:21:45+00:00\",\"breadcrumb\":{\"@id\":\"https:\/\/www.gero.lu\/de\/produit\/lart-de-la-motivation-dans-un-temps-difficile#breadcrumb\"},\"inLanguage\":\"de\",\"potentialAction\":[{\"@type\":\"ReadAction\",\"target\":[[\"https:\/\/www.gero.lu\/de\/produit\/lart-de-la-motivation-dans-un-temps-difficile\"]]}]},{\"@type\":\"BreadcrumbList\",\"@id\":\"https:\/\/www.gero.lu\/de\/produit\/lart-de-la-motivation-dans-un-temps-difficile#breadcrumb\",\"itemListElement\":[{\"@type\":\"ListItem\",\"position\":1,\"name\":\"Accueil\",\"item\":\"https:\/\/www.gero.lu\/de\/\"},{\"@type\":\"ListItem\",\"position\":2,\"name\":\"Shop\",\"item\":\"https:\/\/www.gero.lu\/de\/shop\"},{\"@type\":\"ListItem\",\"position\":3,\"name\":\"L\u2019art de la motivation \u2013 dans un temps difficile\"}]},{\"@type\":\"WebSite\",\"@id\":\"https:\/\/www.gero.lu\/de\/#website\",\"url\":\"https:\/\/www.gero.lu\/de\/\",\"name\":\"Gero\",\"description\":\"Kompetenzzenter fir den Alter\",\"publisher\":{\"@id\":\"https:\/\/www.gero.lu\/de\/#organization\"},\"potentialAction\":[{\"@type\":\"SearchAction\",\"target\":{\"@type\":\"EntryPoint\",\"urlTemplate\":\"https:\/\/www.gero.lu\/de\/?s={search_term_string}\"},\"query-input\":{\"@type\":\"PropertyValueSpecification\",\"valueRequired\":true,\"valueName\":\"search_term_string\"}}],\"inLanguage\":\"de\"},{\"@type\":\"Organization\",\"@id\":\"https:\/\/www.gero.lu\/de\/#organization\",\"name\":\"Gero\",\"url\":\"https:\/\/www.gero.lu\/de\/\",\"logo\":{\"@type\":\"ImageObject\",\"inLanguage\":\"de\",\"@id\":\"https:\/\/www.gero.lu\/de\/#\/schema\/logo\/image\/\",\"url\":\"https:\/\/www.gero.lu\/wp-content\/uploads\/2024\/04\/logo.svg\",\"contentUrl\":\"https:\/\/www.gero.lu\/wp-content\/uploads\/2024\/04\/logo.svg\",\"width\":76,\"height\":30,\"caption\":\"Gero\"},\"image\":{\"@id\":\"https:\/\/www.gero.lu\/de\/#\/schema\/logo\/image\/\"},\"sameAs\":[\"https:\/\/www.facebook.com\/Kompetenzzenter\/\",\"https:\/\/www.instagram.com\/gero.kompetenzzenter\/\",\"https:\/\/linkedin.com\/company\/gero-kompetenzzenter-fir-den-alter\",\"https:\/\/www.youtube.com\/channel\/UCJvmJYSeHh3dYQsLHZupj-Q\"]}]}<\/script>\n<!-- \/ Yoast SEO Premium plugin. -->","yoast_head_json":{"title":"L\u2019art de la motivation \u2013 dans un temps difficile - GERO","robots":{"index":"index","follow":"follow","max-snippet":"max-snippet:-1","max-image-preview":"max-image-preview:large","max-video-preview":"max-video-preview:-1"},"canonical":"https:\/\/www.gero.lu\/de\/produit\/lart-de-la-motivation-dans-un-temps-difficile","og_locale":"de_DE","og_type":"article","og_title":"L\u2019art de la motivation \u2013 dans un temps difficile","og_description":"Dans le dernier temps, la question de la motivation des employ\u00e9s se pose avec toujours plus d\u2019urgence. L\u2019accueil et l\u2019int\u00e9gration des jeunes, assurer la qualit\u00e9 du travail au quotidien et l\u2019\u00e9nergie des employ\u00e9s avec une grande anciennet\u00e9 basculent syst\u00e9matiquement entre une vraie passion pour le m\u00e9tier et les ph\u00e9nom\u00e8nes d\u2019absent\u00e9isme jusqu\u2019au burn-out. Ce n\u2019est pas [&hellip;]","og_url":"https:\/\/www.gero.lu\/de\/produit\/lart-de-la-motivation-dans-un-temps-difficile","og_site_name":"GERO","article_publisher":"https:\/\/www.facebook.com\/Kompetenzzenter\/","article_modified_time":"2026-01-08T14:21:45+00:00","og_image":[{"width":1227,"height":802,"url":"https:\/\/www.gero.lu\/wp-content\/uploads\/2021\/08\/gettyimages-1135289130-2048x2048_RET-1.jpg","type":"image\/jpeg"}],"twitter_card":"summary_large_image","twitter_misc":{"Gesch\u00e4tzte Lesezeit":"1\u00a0Minute"},"schema":{"@context":"https:\/\/schema.org","@graph":[{"@type":"WebPage","@id":"https:\/\/www.gero.lu\/de\/produit\/lart-de-la-motivation-dans-un-temps-difficile","url":"https:\/\/www.gero.lu\/de\/produit\/lart-de-la-motivation-dans-un-temps-difficile","name":"L\u2019art de la motivation \u2013 dans un temps difficile - GERO","isPartOf":{"@id":"https:\/\/www.gero.lu\/de\/#website"},"datePublished":"2025-09-25T11:22:38+00:00","dateModified":"2026-01-08T14:21:45+00:00","breadcrumb":{"@id":"https:\/\/www.gero.lu\/de\/produit\/lart-de-la-motivation-dans-un-temps-difficile#breadcrumb"},"inLanguage":"de","potentialAction":[{"@type":"ReadAction","target":[["https:\/\/www.gero.lu\/de\/produit\/lart-de-la-motivation-dans-un-temps-difficile"]]}]},{"@type":"BreadcrumbList","@id":"https:\/\/www.gero.lu\/de\/produit\/lart-de-la-motivation-dans-un-temps-difficile#breadcrumb","itemListElement":[{"@type":"ListItem","position":1,"name":"Accueil","item":"https:\/\/www.gero.lu\/de\/"},{"@type":"ListItem","position":2,"name":"Shop","item":"https:\/\/www.gero.lu\/de\/shop"},{"@type":"ListItem","position":3,"name":"L\u2019art de la motivation \u2013 dans un temps difficile"}]},{"@type":"WebSite","@id":"https:\/\/www.gero.lu\/de\/#website","url":"https:\/\/www.gero.lu\/de\/","name":"Gero","description":"Kompetenzzenter fir den Alter","publisher":{"@id":"https:\/\/www.gero.lu\/de\/#organization"},"potentialAction":[{"@type":"SearchAction","target":{"@type":"EntryPoint","urlTemplate":"https:\/\/www.gero.lu\/de\/?s={search_term_string}"},"query-input":{"@type":"PropertyValueSpecification","valueRequired":true,"valueName":"search_term_string"}}],"inLanguage":"de"},{"@type":"Organization","@id":"https:\/\/www.gero.lu\/de\/#organization","name":"Gero","url":"https:\/\/www.gero.lu\/de\/","logo":{"@type":"ImageObject","inLanguage":"de","@id":"https:\/\/www.gero.lu\/de\/#\/schema\/logo\/image\/","url":"https:\/\/www.gero.lu\/wp-content\/uploads\/2024\/04\/logo.svg","contentUrl":"https:\/\/www.gero.lu\/wp-content\/uploads\/2024\/04\/logo.svg","width":76,"height":30,"caption":"Gero"},"image":{"@id":"https:\/\/www.gero.lu\/de\/#\/schema\/logo\/image\/"},"sameAs":["https:\/\/www.facebook.com\/Kompetenzzenter\/","https:\/\/www.instagram.com\/gero.kompetenzzenter\/","https:\/\/linkedin.com\/company\/gero-kompetenzzenter-fir-den-alter","https:\/\/www.youtube.com\/channel\/UCJvmJYSeHh3dYQsLHZupj-Q"]}]}},"_links":{"self":[{"href":"https:\/\/www.gero.lu\/de\/wp-json\/wp\/v2\/product\/10003","targetHints":{"allow":["GET"]}}],"collection":[{"href":"https:\/\/www.gero.lu\/de\/wp-json\/wp\/v2\/product"}],"about":[{"href":"https:\/\/www.gero.lu\/de\/wp-json\/wp\/v2\/types\/product"}],"replies":[{"embeddable":true,"href":"https:\/\/www.gero.lu\/de\/wp-json\/wp\/v2\/comments?post=10003"}],"wp:attachment":[{"href":"https:\/\/www.gero.lu\/de\/wp-json\/wp\/v2\/media?parent=10003"}],"wp:term":[{"taxonomy":"product_brand","embeddable":true,"href":"https:\/\/www.gero.lu\/de\/wp-json\/wp\/v2\/product_brand?post=10003"},{"taxonomy":"product_cat","embeddable":true,"href":"https:\/\/www.gero.lu\/de\/wp-json\/wp\/v2\/product_cat?post=10003"},{"taxonomy":"product_tag","embeddable":true,"href":"https:\/\/www.gero.lu\/de\/wp-json\/wp\/v2\/product_tag?post=10003"}],"curies":[{"name":"wp","href":"https:\/\/api.w.org\/{rel}","templated":true}]}}