{"id":10002,"date":"2025-09-25T11:22:33","date_gmt":"2025-09-25T11:22:33","guid":{"rendered":"https:\/\/www.gero.lu\/produit\/leadership-emotions-bonheur-ou-combat"},"modified":"2026-04-17T08:52:08","modified_gmt":"2026-04-17T08:52:08","slug":"leadership-emotions-bonheur-ou-combat","status":"publish","type":"product","link":"https:\/\/www.gero.lu\/de\/produit\/leadership-emotions-bonheur-ou-combat","title":{"rendered":"Leadership &amp; \u00e9motions: Bonheur ou combat ?"},"content":{"rendered":"<p>Plein de th\u00e9ories du leadership parlent du grand bonheur du leader : manager les RH, mod\u00e9liser des projets, motiver ses employ\u00e9s, d\u00e9velopper le potentiel de l\u2019autre, r\u00e9aliser des strat\u00e9gies, vivre le succ\u00e8s et bien plus encore, comme s\u2019il n\u2019y avait rien de mieux dans une carri\u00e8re professionnelle ! <\/p>\n<p>Souvent, la r\u00e9alit\u00e9 nous fait vivre en revanche exactement le contraire : r\u00e9p\u00e9tition, agression, r\u00e9sistance, absence, confusion, frustration\u2026 les \u00e9checs ne manquent pas. S\u2019il est tellement exigeant (ou impossible ?) d\u2019\u00eatre un bon leader, beaucoup des experts sont d\u2019accord sur le fait que tout se passe dans la relation humaine, plus pr\u00e9cis\u00e9ment dans la gestion des \u00e9motions. Mais comment s\u2019y prendre ? Cette formation a pour objectif de mettre l\u2019accent sur le r\u00f4le central des \u00e9motions dans le leadership, de comprendre les enjeux li\u00e9s aux \u00e9motions positives comme n\u00e9gatives, d\u2019apprendre \u00e0 les accepter dans toute leur diversit\u00e9 en identifiant les besoins humains sous-jacents, et enfin de d\u00e9velopper des approches permettant de g\u00e9rer les \u00e9nergies tant au niveau individuel que collectif.<\/p>\n<p>Au programme : <\/p>\n<p>&#8211;\tDiff\u00e9rents mod\u00e8les des \u00e9motions et des besoins humains<br \/>\n&#8211;\tD\u00e9couvrir, sentir et reconna\u00eetre la sensibilit\u00e9 de l\u2019autre<br \/>\n&#8211;\tLib\u00e9rer le potentiel des comp\u00e9tences<br \/>\n&#8211;\tComment cr\u00e9er un climat \u00e9motionnel positif, motivant et s\u00e9curisant ?<br \/>\n&#8211;\tFaire face \u00e0 des \u00e9motions fortes dans la gestion des conflits<br \/>\n&#8211;\t\u00ab \u00c9go state \u00bb : comment retrouver son \u00e9quilibre et sa s\u00e9r\u00e9nit\u00e9 int\u00e9rieure ?<br \/>\n&#8211;\tD\u00e9velopper une atmosph\u00e8re de bienveillance dans un cadre clair<\/p>\n<p>Public cible :<br \/>\nCadres\/responsables d\u2019\u00e9quipe et ceux qui aspirent \u00e0 le devenir<\/p>\n","protected":false},"excerpt":{"rendered":"<p>Plein de th\u00e9ories du leadership parlent du grand bonheur du leader : manager les RH, mod\u00e9liser des projets, motiver ses employ\u00e9s, d\u00e9velopper le potentiel de l\u2019autre, r\u00e9aliser des strat\u00e9gies, vivre le succ\u00e8s et bien plus encore, comme s\u2019il n\u2019y avait rien de mieux dans une carri\u00e8re professionnelle ! Souvent, la r\u00e9alit\u00e9 nous fait vivre en [&hellip;]<\/p>\n","protected":false},"featured_media":0,"comment_status":"closed","ping_status":"closed","template":"","meta":{"_acf_changed":false,"inline_featured_image":false},"product_brand":[],"product_cat":[239],"product_tag":[233],"class_list":{"0":"post-10002","1":"product","2":"type-product","3":"status-publish","5":"product_cat-cours-pro","6":"product_tag-management-leadership-pro","8":"first","9":"instock","10":"virtual","11":"purchasable","12":"product-type-simple"},"acf":[],"yoast_head":"<!-- This site is optimized with the Yoast SEO Premium plugin v27.4 (Yoast SEO v27.5) - https:\/\/yoast.com\/product\/yoast-seo-premium-wordpress\/ -->\n<title>Leadership &amp; \u00e9motions: Bonheur ou combat ? - GERO<\/title>\n<meta name=\"robots\" content=\"index, follow, max-snippet:-1, max-image-preview:large, max-video-preview:-1\" \/>\n<link rel=\"canonical\" href=\"https:\/\/www.gero.lu\/de\/produit\/leadership-emotions-bonheur-ou-combat\" \/>\n<meta property=\"og:locale\" content=\"de_DE\" \/>\n<meta property=\"og:type\" content=\"article\" \/>\n<meta property=\"og:title\" content=\"Leadership &amp; \u00e9motions: Bonheur ou combat ?\" \/>\n<meta property=\"og:description\" content=\"Plein de th\u00e9ories du leadership parlent du grand bonheur du leader : manager les RH, mod\u00e9liser des projets, motiver ses employ\u00e9s, d\u00e9velopper le potentiel de l\u2019autre, r\u00e9aliser des strat\u00e9gies, vivre le succ\u00e8s et bien plus encore, comme s\u2019il n\u2019y avait rien de mieux dans une carri\u00e8re professionnelle ! Souvent, la r\u00e9alit\u00e9 nous fait vivre en [&hellip;]\" \/>\n<meta property=\"og:url\" content=\"https:\/\/www.gero.lu\/de\/produit\/leadership-emotions-bonheur-ou-combat\" \/>\n<meta property=\"og:site_name\" content=\"GERO\" \/>\n<meta property=\"article:publisher\" content=\"https:\/\/www.facebook.com\/Kompetenzzenter\/\" \/>\n<meta property=\"article:modified_time\" content=\"2026-04-17T08:52:08+00:00\" \/>\n<meta property=\"og:image\" content=\"https:\/\/www.gero.lu\/wp-content\/uploads\/2021\/08\/gettyimages-1135289130-2048x2048_RET-1.jpg\" \/>\n\t<meta property=\"og:image:width\" content=\"1227\" \/>\n\t<meta property=\"og:image:height\" content=\"802\" \/>\n\t<meta property=\"og:image:type\" content=\"image\/jpeg\" \/>\n<meta name=\"twitter:card\" content=\"summary_large_image\" \/>\n<meta name=\"twitter:label1\" content=\"Gesch\u00e4tzte Lesezeit\" \/>\n\t<meta name=\"twitter:data1\" content=\"1\u00a0Minute\" \/>\n<script type=\"application\/ld+json\" class=\"yoast-schema-graph\">{\"@context\":\"https:\\\/\\\/schema.org\",\"@graph\":[{\"@type\":\"WebPage\",\"@id\":\"https:\\\/\\\/www.gero.lu\\\/de\\\/produit\\\/leadership-emotions-bonheur-ou-combat\",\"url\":\"https:\\\/\\\/www.gero.lu\\\/de\\\/produit\\\/leadership-emotions-bonheur-ou-combat\",\"name\":\"Leadership &amp; \u00e9motions: Bonheur ou combat ? - GERO\",\"isPartOf\":{\"@id\":\"https:\\\/\\\/www.gero.lu\\\/de\\\/#website\"},\"datePublished\":\"2025-09-25T11:22:33+00:00\",\"dateModified\":\"2026-04-17T08:52:08+00:00\",\"breadcrumb\":{\"@id\":\"https:\\\/\\\/www.gero.lu\\\/de\\\/produit\\\/leadership-emotions-bonheur-ou-combat#breadcrumb\"},\"inLanguage\":\"de\",\"potentialAction\":[{\"@type\":\"ReadAction\",\"target\":[[\"https:\\\/\\\/www.gero.lu\\\/de\\\/produit\\\/leadership-emotions-bonheur-ou-combat\"]]}]},{\"@type\":\"BreadcrumbList\",\"@id\":\"https:\\\/\\\/www.gero.lu\\\/de\\\/produit\\\/leadership-emotions-bonheur-ou-combat#breadcrumb\",\"itemListElement\":[{\"@type\":\"ListItem\",\"position\":1,\"name\":\"Accueil\",\"item\":\"https:\\\/\\\/www.gero.lu\\\/de\\\/\"},{\"@type\":\"ListItem\",\"position\":2,\"name\":\"Shop\",\"item\":\"https:\\\/\\\/www.gero.lu\\\/de\\\/shop\"},{\"@type\":\"ListItem\",\"position\":3,\"name\":\"Leadership &amp; \u00e9motions: Bonheur ou combat ?\"}]},{\"@type\":\"WebSite\",\"@id\":\"https:\\\/\\\/www.gero.lu\\\/de\\\/#website\",\"url\":\"https:\\\/\\\/www.gero.lu\\\/de\\\/\",\"name\":\"Gero\",\"description\":\"Kompetenzzenter fir den Alter\",\"publisher\":{\"@id\":\"https:\\\/\\\/www.gero.lu\\\/de\\\/#organization\"},\"potentialAction\":[{\"@type\":\"SearchAction\",\"target\":{\"@type\":\"EntryPoint\",\"urlTemplate\":\"https:\\\/\\\/www.gero.lu\\\/de\\\/?s={search_term_string}\"},\"query-input\":{\"@type\":\"PropertyValueSpecification\",\"valueRequired\":true,\"valueName\":\"search_term_string\"}}],\"inLanguage\":\"de\"},{\"@type\":\"Organization\",\"@id\":\"https:\\\/\\\/www.gero.lu\\\/de\\\/#organization\",\"name\":\"Gero\",\"url\":\"https:\\\/\\\/www.gero.lu\\\/de\\\/\",\"logo\":{\"@type\":\"ImageObject\",\"inLanguage\":\"de\",\"@id\":\"https:\\\/\\\/www.gero.lu\\\/de\\\/#\\\/schema\\\/logo\\\/image\\\/\",\"url\":\"https:\\\/\\\/www.gero.lu\\\/wp-content\\\/uploads\\\/2024\\\/04\\\/logo.svg\",\"contentUrl\":\"https:\\\/\\\/www.gero.lu\\\/wp-content\\\/uploads\\\/2024\\\/04\\\/logo.svg\",\"width\":76,\"height\":30,\"caption\":\"Gero\"},\"image\":{\"@id\":\"https:\\\/\\\/www.gero.lu\\\/de\\\/#\\\/schema\\\/logo\\\/image\\\/\"},\"sameAs\":[\"https:\\\/\\\/www.facebook.com\\\/Kompetenzzenter\\\/\",\"https:\\\/\\\/www.instagram.com\\\/gero.kompetenzzenter\\\/\",\"https:\\\/\\\/linkedin.com\\\/company\\\/gero-kompetenzzenter-fir-den-alter\",\"https:\\\/\\\/www.youtube.com\\\/channel\\\/UCJvmJYSeHh3dYQsLHZupj-Q\"]}]}<\/script>\n<!-- \/ Yoast SEO Premium plugin. -->","yoast_head_json":{"title":"Leadership &amp; \u00e9motions: Bonheur ou combat ? - GERO","robots":{"index":"index","follow":"follow","max-snippet":"max-snippet:-1","max-image-preview":"max-image-preview:large","max-video-preview":"max-video-preview:-1"},"canonical":"https:\/\/www.gero.lu\/de\/produit\/leadership-emotions-bonheur-ou-combat","og_locale":"de_DE","og_type":"article","og_title":"Leadership &amp; \u00e9motions: Bonheur ou combat ?","og_description":"Plein de th\u00e9ories du leadership parlent du grand bonheur du leader : manager les RH, mod\u00e9liser des projets, motiver ses employ\u00e9s, d\u00e9velopper le potentiel de l\u2019autre, r\u00e9aliser des strat\u00e9gies, vivre le succ\u00e8s et bien plus encore, comme s\u2019il n\u2019y avait rien de mieux dans une carri\u00e8re professionnelle ! Souvent, la r\u00e9alit\u00e9 nous fait vivre en [&hellip;]","og_url":"https:\/\/www.gero.lu\/de\/produit\/leadership-emotions-bonheur-ou-combat","og_site_name":"GERO","article_publisher":"https:\/\/www.facebook.com\/Kompetenzzenter\/","article_modified_time":"2026-04-17T08:52:08+00:00","og_image":[{"width":1227,"height":802,"url":"https:\/\/www.gero.lu\/wp-content\/uploads\/2021\/08\/gettyimages-1135289130-2048x2048_RET-1.jpg","type":"image\/jpeg"}],"twitter_card":"summary_large_image","twitter_misc":{"Gesch\u00e4tzte Lesezeit":"1\u00a0Minute"},"schema":{"@context":"https:\/\/schema.org","@graph":[{"@type":"WebPage","@id":"https:\/\/www.gero.lu\/de\/produit\/leadership-emotions-bonheur-ou-combat","url":"https:\/\/www.gero.lu\/de\/produit\/leadership-emotions-bonheur-ou-combat","name":"Leadership &amp; \u00e9motions: Bonheur ou combat ? - GERO","isPartOf":{"@id":"https:\/\/www.gero.lu\/de\/#website"},"datePublished":"2025-09-25T11:22:33+00:00","dateModified":"2026-04-17T08:52:08+00:00","breadcrumb":{"@id":"https:\/\/www.gero.lu\/de\/produit\/leadership-emotions-bonheur-ou-combat#breadcrumb"},"inLanguage":"de","potentialAction":[{"@type":"ReadAction","target":[["https:\/\/www.gero.lu\/de\/produit\/leadership-emotions-bonheur-ou-combat"]]}]},{"@type":"BreadcrumbList","@id":"https:\/\/www.gero.lu\/de\/produit\/leadership-emotions-bonheur-ou-combat#breadcrumb","itemListElement":[{"@type":"ListItem","position":1,"name":"Accueil","item":"https:\/\/www.gero.lu\/de\/"},{"@type":"ListItem","position":2,"name":"Shop","item":"https:\/\/www.gero.lu\/de\/shop"},{"@type":"ListItem","position":3,"name":"Leadership &amp; \u00e9motions: Bonheur ou combat ?"}]},{"@type":"WebSite","@id":"https:\/\/www.gero.lu\/de\/#website","url":"https:\/\/www.gero.lu\/de\/","name":"Gero","description":"Kompetenzzenter fir den Alter","publisher":{"@id":"https:\/\/www.gero.lu\/de\/#organization"},"potentialAction":[{"@type":"SearchAction","target":{"@type":"EntryPoint","urlTemplate":"https:\/\/www.gero.lu\/de\/?s={search_term_string}"},"query-input":{"@type":"PropertyValueSpecification","valueRequired":true,"valueName":"search_term_string"}}],"inLanguage":"de"},{"@type":"Organization","@id":"https:\/\/www.gero.lu\/de\/#organization","name":"Gero","url":"https:\/\/www.gero.lu\/de\/","logo":{"@type":"ImageObject","inLanguage":"de","@id":"https:\/\/www.gero.lu\/de\/#\/schema\/logo\/image\/","url":"https:\/\/www.gero.lu\/wp-content\/uploads\/2024\/04\/logo.svg","contentUrl":"https:\/\/www.gero.lu\/wp-content\/uploads\/2024\/04\/logo.svg","width":76,"height":30,"caption":"Gero"},"image":{"@id":"https:\/\/www.gero.lu\/de\/#\/schema\/logo\/image\/"},"sameAs":["https:\/\/www.facebook.com\/Kompetenzzenter\/","https:\/\/www.instagram.com\/gero.kompetenzzenter\/","https:\/\/linkedin.com\/company\/gero-kompetenzzenter-fir-den-alter","https:\/\/www.youtube.com\/channel\/UCJvmJYSeHh3dYQsLHZupj-Q"]}]}},"_links":{"self":[{"href":"https:\/\/www.gero.lu\/de\/wp-json\/wp\/v2\/product\/10002","targetHints":{"allow":["GET"]}}],"collection":[{"href":"https:\/\/www.gero.lu\/de\/wp-json\/wp\/v2\/product"}],"about":[{"href":"https:\/\/www.gero.lu\/de\/wp-json\/wp\/v2\/types\/product"}],"replies":[{"embeddable":true,"href":"https:\/\/www.gero.lu\/de\/wp-json\/wp\/v2\/comments?post=10002"}],"wp:attachment":[{"href":"https:\/\/www.gero.lu\/de\/wp-json\/wp\/v2\/media?parent=10002"}],"wp:term":[{"taxonomy":"product_brand","embeddable":true,"href":"https:\/\/www.gero.lu\/de\/wp-json\/wp\/v2\/product_brand?post=10002"},{"taxonomy":"product_cat","embeddable":true,"href":"https:\/\/www.gero.lu\/de\/wp-json\/wp\/v2\/product_cat?post=10002"},{"taxonomy":"product_tag","embeddable":true,"href":"https:\/\/www.gero.lu\/de\/wp-json\/wp\/v2\/product_tag?post=10002"}],"curies":[{"name":"wp","href":"https:\/\/api.w.org\/{rel}","templated":true}]}}